{"id":26355,"date":"2021-01-04T19:09:14","date_gmt":"2021-01-04T18:09:14","guid":{"rendered":"https:\/\/rap-webshop.nl\/product\/akkuschlitten-phylion-wall-e-s-fuer-xh370-akku-farbe-schwarz\/"},"modified":"2025-10-08T14:44:25","modified_gmt":"2025-10-08T12:44:25","slug":"akkuschlitten-phylion-wall-e-s-fuer-xh370-akku-farbe-schwarz","status":"publish","type":"product","link":"https:\/\/rap-webshop.nl\/de\/produkt\/akkuschlitten-phylion-wall-e-s-fuer-xh370-akku-farbe-schwarz\/","title":{"rendered":"Akkuschlitten Phylion (Wall-E-S) f\u00fcr XH370 Akku (Farbe schwarz)"},"content":{"rendered":"<p>Zorg voor een veilige montage van je accu met onze accuschlitten voor Phylion.<\/p>\n<p><strong>BESCHREIBUNG:<\/strong><\/p>\n<p>Original Phylion Akkutr\u00e4ger zur Montage des XH370 Wall-E-S Fahrradakkus in einem geeigneten Gep\u00e4cktr\u00e4ger. Der Batterieschlitten ist mit einer Controllerbox zur Aufnahme des Computers ausgestattet und kann mit einem passenden Schloss versehen werden, das die Batterie auf dem Batterieschlitten verriegelt. Der Schlitten selbst wird \u00fcber 5 Befestigungspunkte auf dem Tr\u00e4ger montiert.<\/p>\n<p><strong style=\"font-size: 16px;\"><br \/>\nSPEZIFIKATIONEN:<\/strong><\/p>\n<ul class=\"liste\">\n<li><span style=\"font-size: 16px;\">Geeignet f\u00fcr Phylion Batterien mit der Modellnummer XH370- aus der Wall-E-S Serie<\/span><\/li>\n<li>Integriertes Geh\u00e4use zur Unterbringung von Controller\/Computer<\/li>\n<li>Controllerbox geeignet f\u00fcr den Einbau eines 2- oder 6-poligen Batteriesteckers<\/li>\n<li>Geeignet f\u00fcr die Montage eines Batterieschlosses mit 4 Schl\u00fcsseln<\/li>\n<li>NICHT geeignet f\u00fcr Tr\u00e4gerakkus der Joycube-Serie mit der Modellnummer SF03 oder RC1701<\/li>\n<\/ul>\n<p>OPTIONAL:<\/p>\n<ul>\n<li>Batterieschloss mit 4 Schl\u00fcsseln<\/li>\n<li>Batterieanschluss 6-polig<\/li>\n<\/ul>\n","protected":false},"excerpt":{"rendered":"<p>Zorg voor een veilige montage van je accu met onze accuschlitten voor Phylion. BESCHREIBUNG: Original Phylion Akkutr\u00e4ger zur Montage des XH370 Wall-E-S Fahrradakkus in einem geeigneten Gep\u00e4cktr\u00e4ger. Der Batterieschlitten ist mit einer Controllerbox zur Aufnahme des Computers ausgestattet und kann mit einem passenden Schloss versehen werden, das die Batterie auf dem Batterieschlitten verriegelt. Der Schlitten [&hellip;]<\/p>\n","protected":false},"featured_media":23128,"comment_status":"closed","ping_status":"open","template":"","meta":{"_acf_changed":false},"product_brand":[],"product_cat":[358],"product_tag":[],"class_list":{"0":"post-26355","1":"product","2":"type-product","3":"status-publish","4":"has-post-thumbnail","6":"product_cat-zubehor","8":"first","9":"instock","10":"sale","11":"taxable","12":"shipping-taxable","13":"purchasable","14":"product-type-simple"},"acf":[],"yoast_head":"<!-- This site is optimized with the Yoast SEO plugin v27.3 - https:\/\/yoast.com\/product\/yoast-seo-wordpress\/ -->\n<title>Accuschlitten Phylion (Wall-E-S) voor XH370 - RAP elektrische fietsen<\/title>\n<meta name=\"description\" content=\"Zorg voor een veilige montage van je accu met onze accuschlitten voor Phylion. Veilig en betrouwbaar!\" \/>\n<meta name=\"robots\" content=\"index, follow, max-snippet:-1, max-image-preview:large, max-video-preview:-1\" \/>\n<link rel=\"canonical\" href=\"https:\/\/rap-webshop.nl\/de\/produkt\/akkuschlitten-phylion-wall-e-s-fuer-xh370-akku-farbe-schwarz\/\" \/>\n<meta property=\"og:locale\" content=\"de_DE\" \/>\n<meta property=\"og:type\" content=\"article\" \/>\n<meta property=\"og:title\" content=\"Veilig je accu monteren met accuschlitten!\" \/>\n<meta property=\"og:description\" content=\"Beveilig je Phylion accu met onze accuschlitten. Bestel vandaag nog!\" \/>\n<meta property=\"og:url\" content=\"https:\/\/rap-webshop.nl\/de\/produkt\/akkuschlitten-phylion-wall-e-s-fuer-xh370-akku-farbe-schwarz\/\" \/>\n<meta property=\"og:site_name\" content=\"RAP elektrische fietsen\" \/>\n<meta property=\"article:modified_time\" content=\"2025-10-08T12:44:25+00:00\" \/>\n<meta property=\"og:image\" content=\"https:\/\/rap-webshop.nl\/wp-content\/uploads\/2025\/10\/Phylion-XH370-Wall-E-S-accuslede-1-2.jpg\" \/>\n\t<meta property=\"og:image:width\" content=\"1280\" \/>\n\t<meta property=\"og:image:height\" content=\"720\" \/>\n\t<meta property=\"og:image:type\" content=\"image\/jpeg\" \/>\n<meta name=\"twitter:card\" content=\"summary_large_image\" \/>\n<meta name=\"twitter:title\" content=\"Veilig je accu monteren met accuschlitten!\" \/>\n<meta name=\"twitter:description\" content=\"Beveilig je Phylion accu met onze accuschlitten. Bestel vandaag nog!\" \/>\n<meta name=\"twitter:label1\" content=\"Preis\" \/>\n\t<meta name=\"twitter:data1\" content=\"&euro;49,00\" \/>\n\t<meta name=\"twitter:label2\" content=\"Verf\u00fcgbarkeit\" \/>\n\t<meta name=\"twitter:data2\" content=\"Auf Lager\" \/>\n<script type=\"application\/ld+json\" class=\"yoast-schema-graph\">{\"@context\":\"https:\\\/\\\/schema.org\",\"@graph\":[{\"@type\":\"WebPage\",\"@id\":\"https:\\\/\\\/rap-webshop.nl\\\/de\\\/produkt\\\/akkuschlitten-phylion-wall-e-s-fuer-xh370-akku-farbe-schwarz\\\/\",\"url\":\"https:\\\/\\\/rap-webshop.nl\\\/de\\\/produkt\\\/akkuschlitten-phylion-wall-e-s-fuer-xh370-akku-farbe-schwarz\\\/\",\"name\":\"Accuschlitten Phylion (Wall-E-S) voor XH370 - RAP elektrische fietsen\",\"isPartOf\":{\"@id\":\"https:\\\/\\\/rap-webshop.nl\\\/de\\\/#website\"},\"primaryImageOfPage\":{\"@id\":\"https:\\\/\\\/rap-webshop.nl\\\/de\\\/produkt\\\/akkuschlitten-phylion-wall-e-s-fuer-xh370-akku-farbe-schwarz\\\/#primaryimage\"},\"image\":{\"@id\":\"https:\\\/\\\/rap-webshop.nl\\\/de\\\/produkt\\\/akkuschlitten-phylion-wall-e-s-fuer-xh370-akku-farbe-schwarz\\\/#primaryimage\"},\"thumbnailUrl\":\"https:\\\/\\\/rap-webshop.nl\\\/wp-content\\\/uploads\\\/2025\\\/10\\\/Phylion-XH370-Wall-E-S-accuslede-1-2.jpg\",\"datePublished\":\"2021-01-04T18:09:14+00:00\",\"dateModified\":\"2025-10-08T12:44:25+00:00\",\"description\":\"Zorg voor een veilige montage van je accu met onze accuschlitten voor Phylion. Veilig en betrouwbaar!\",\"breadcrumb\":{\"@id\":\"https:\\\/\\\/rap-webshop.nl\\\/de\\\/produkt\\\/akkuschlitten-phylion-wall-e-s-fuer-xh370-akku-farbe-schwarz\\\/#breadcrumb\"},\"inLanguage\":\"de\",\"potentialAction\":[{\"@type\":\"ReadAction\",\"target\":[\"https:\\\/\\\/rap-webshop.nl\\\/de\\\/produkt\\\/akkuschlitten-phylion-wall-e-s-fuer-xh370-akku-farbe-schwarz\\\/\"]}]},{\"@type\":\"ImageObject\",\"inLanguage\":\"de\",\"@id\":\"https:\\\/\\\/rap-webshop.nl\\\/de\\\/produkt\\\/akkuschlitten-phylion-wall-e-s-fuer-xh370-akku-farbe-schwarz\\\/#primaryimage\",\"url\":\"https:\\\/\\\/rap-webshop.nl\\\/wp-content\\\/uploads\\\/2025\\\/10\\\/Phylion-XH370-Wall-E-S-accuslede-1-2.jpg\",\"contentUrl\":\"https:\\\/\\\/rap-webshop.nl\\\/wp-content\\\/uploads\\\/2025\\\/10\\\/Phylion-XH370-Wall-E-S-accuslede-1-2.jpg\",\"width\":1280,\"height\":720,\"caption\":\"Akkuschlitten Phylion (Wall-E-S) f\u00fcr XH370 Akku (Farbe schwarz) - RAP elektrische fietsen\"},{\"@type\":\"BreadcrumbList\",\"@id\":\"https:\\\/\\\/rap-webshop.nl\\\/de\\\/produkt\\\/akkuschlitten-phylion-wall-e-s-fuer-xh370-akku-farbe-schwarz\\\/#breadcrumb\",\"itemListElement\":[{\"@type\":\"ListItem\",\"position\":1,\"name\":\"Home\",\"item\":\"https:\\\/\\\/rap-webshop.nl\\\/de\\\/\"},{\"@type\":\"ListItem\",\"position\":2,\"name\":\"Shop\",\"item\":\"https:\\\/\\\/rap-webshop.nl\\\/winkel\\\/\"},{\"@type\":\"ListItem\",\"position\":3,\"name\":\"Akkuschlitten Phylion (Wall-E-S) f\u00fcr XH370 Akku (Farbe schwarz)\"}]},{\"@type\":\"WebSite\",\"@id\":\"https:\\\/\\\/rap-webshop.nl\\\/de\\\/#website\",\"url\":\"https:\\\/\\\/rap-webshop.nl\\\/de\\\/\",\"name\":\"RAP elektrische fietsen\",\"description\":\"E-bikes, e-bike accu\u2019s, li-ion laders &amp; -accessoires\",\"publisher\":{\"@id\":\"https:\\\/\\\/rap-webshop.nl\\\/de\\\/#organization\"},\"potentialAction\":[{\"@type\":\"SearchAction\",\"target\":{\"@type\":\"EntryPoint\",\"urlTemplate\":\"https:\\\/\\\/rap-webshop.nl\\\/de\\\/?s={search_term_string}\"},\"query-input\":{\"@type\":\"PropertyValueSpecification\",\"valueRequired\":true,\"valueName\":\"search_term_string\"}}],\"inLanguage\":\"de\"},{\"@type\":\"Organization\",\"@id\":\"https:\\\/\\\/rap-webshop.nl\\\/de\\\/#organization\",\"name\":\"RAP elektrische fietsen\",\"url\":\"https:\\\/\\\/rap-webshop.nl\\\/de\\\/\",\"logo\":{\"@type\":\"ImageObject\",\"inLanguage\":\"de\",\"@id\":\"https:\\\/\\\/rap-webshop.nl\\\/de\\\/#\\\/schema\\\/logo\\\/image\\\/\",\"url\":\"https:\\\/\\\/rap-webshop.nl\\\/wp-content\\\/uploads\\\/2025\\\/07\\\/RAP-Webshop-logo-diap-1.svg\",\"contentUrl\":\"https:\\\/\\\/rap-webshop.nl\\\/wp-content\\\/uploads\\\/2025\\\/07\\\/RAP-Webshop-logo-diap-1.svg\",\"caption\":\"RAP elektrische fietsen\"},\"image\":{\"@id\":\"https:\\\/\\\/rap-webshop.nl\\\/de\\\/#\\\/schema\\\/logo\\\/image\\\/\"}}]}<\/script>\n<meta property=\"product:price:amount\" content=\"49.00\" \/>\n<meta property=\"product:price:currency\" content=\"EUR\" \/>\n<meta property=\"og:availability\" content=\"instock\" \/>\n<meta property=\"product:availability\" content=\"instock\" \/>\n<meta property=\"product:retailer_item_id\" content=\"5141\" \/>\n<meta property=\"product:condition\" content=\"new\" \/>\n<!-- \/ Yoast SEO plugin. -->","yoast_head_json":{"title":"Accuschlitten Phylion (Wall-E-S) voor XH370 - RAP elektrische fietsen","description":"Zorg voor een veilige montage van je accu met onze accuschlitten voor Phylion. Veilig en betrouwbaar!","robots":{"index":"index","follow":"follow","max-snippet":"max-snippet:-1","max-image-preview":"max-image-preview:large","max-video-preview":"max-video-preview:-1"},"canonical":"https:\/\/rap-webshop.nl\/de\/produkt\/akkuschlitten-phylion-wall-e-s-fuer-xh370-akku-farbe-schwarz\/","og_locale":"de_DE","og_type":"article","og_title":"Veilig je accu monteren met accuschlitten!","og_description":"Beveilig je Phylion accu met onze accuschlitten. Bestel vandaag nog!","og_url":"https:\/\/rap-webshop.nl\/de\/produkt\/akkuschlitten-phylion-wall-e-s-fuer-xh370-akku-farbe-schwarz\/","og_site_name":"RAP elektrische fietsen","article_modified_time":"2025-10-08T12:44:25+00:00","og_image":[{"width":1280,"height":720,"url":"https:\/\/rap-webshop.nl\/wp-content\/uploads\/2025\/10\/Phylion-XH370-Wall-E-S-accuslede-1-2.jpg","type":"image\/jpeg"}],"twitter_card":"summary_large_image","twitter_title":"Veilig je accu monteren met accuschlitten!","twitter_description":"Beveilig je Phylion accu met onze accuschlitten. Bestel vandaag nog!","twitter_misc":{"Preis":"&euro;49,00","Verf\u00fcgbarkeit":"Auf Lager"},"schema":{"@context":"https:\/\/schema.org","@graph":[{"@type":"WebPage","@id":"https:\/\/rap-webshop.nl\/de\/produkt\/akkuschlitten-phylion-wall-e-s-fuer-xh370-akku-farbe-schwarz\/","url":"https:\/\/rap-webshop.nl\/de\/produkt\/akkuschlitten-phylion-wall-e-s-fuer-xh370-akku-farbe-schwarz\/","name":"Accuschlitten Phylion (Wall-E-S) voor XH370 - RAP elektrische fietsen","isPartOf":{"@id":"https:\/\/rap-webshop.nl\/de\/#website"},"primaryImageOfPage":{"@id":"https:\/\/rap-webshop.nl\/de\/produkt\/akkuschlitten-phylion-wall-e-s-fuer-xh370-akku-farbe-schwarz\/#primaryimage"},"image":{"@id":"https:\/\/rap-webshop.nl\/de\/produkt\/akkuschlitten-phylion-wall-e-s-fuer-xh370-akku-farbe-schwarz\/#primaryimage"},"thumbnailUrl":"https:\/\/rap-webshop.nl\/wp-content\/uploads\/2025\/10\/Phylion-XH370-Wall-E-S-accuslede-1-2.jpg","datePublished":"2021-01-04T18:09:14+00:00","dateModified":"2025-10-08T12:44:25+00:00","description":"Zorg voor een veilige montage van je accu met onze accuschlitten voor Phylion. Veilig en betrouwbaar!","breadcrumb":{"@id":"https:\/\/rap-webshop.nl\/de\/produkt\/akkuschlitten-phylion-wall-e-s-fuer-xh370-akku-farbe-schwarz\/#breadcrumb"},"inLanguage":"de","potentialAction":[{"@type":"ReadAction","target":["https:\/\/rap-webshop.nl\/de\/produkt\/akkuschlitten-phylion-wall-e-s-fuer-xh370-akku-farbe-schwarz\/"]}]},{"@type":"ImageObject","inLanguage":"de","@id":"https:\/\/rap-webshop.nl\/de\/produkt\/akkuschlitten-phylion-wall-e-s-fuer-xh370-akku-farbe-schwarz\/#primaryimage","url":"https:\/\/rap-webshop.nl\/wp-content\/uploads\/2025\/10\/Phylion-XH370-Wall-E-S-accuslede-1-2.jpg","contentUrl":"https:\/\/rap-webshop.nl\/wp-content\/uploads\/2025\/10\/Phylion-XH370-Wall-E-S-accuslede-1-2.jpg","width":1280,"height":720,"caption":"Akkuschlitten Phylion (Wall-E-S) f\u00fcr XH370 Akku (Farbe schwarz) - RAP elektrische fietsen"},{"@type":"BreadcrumbList","@id":"https:\/\/rap-webshop.nl\/de\/produkt\/akkuschlitten-phylion-wall-e-s-fuer-xh370-akku-farbe-schwarz\/#breadcrumb","itemListElement":[{"@type":"ListItem","position":1,"name":"Home","item":"https:\/\/rap-webshop.nl\/de\/"},{"@type":"ListItem","position":2,"name":"Shop","item":"https:\/\/rap-webshop.nl\/winkel\/"},{"@type":"ListItem","position":3,"name":"Akkuschlitten Phylion (Wall-E-S) f\u00fcr XH370 Akku (Farbe schwarz)"}]},{"@type":"WebSite","@id":"https:\/\/rap-webshop.nl\/de\/#website","url":"https:\/\/rap-webshop.nl\/de\/","name":"RAP elektrische fietsen","description":"E-bikes, e-bike accu\u2019s, li-ion laders &amp; -accessoires","publisher":{"@id":"https:\/\/rap-webshop.nl\/de\/#organization"},"potentialAction":[{"@type":"SearchAction","target":{"@type":"EntryPoint","urlTemplate":"https:\/\/rap-webshop.nl\/de\/?s={search_term_string}"},"query-input":{"@type":"PropertyValueSpecification","valueRequired":true,"valueName":"search_term_string"}}],"inLanguage":"de"},{"@type":"Organization","@id":"https:\/\/rap-webshop.nl\/de\/#organization","name":"RAP elektrische fietsen","url":"https:\/\/rap-webshop.nl\/de\/","logo":{"@type":"ImageObject","inLanguage":"de","@id":"https:\/\/rap-webshop.nl\/de\/#\/schema\/logo\/image\/","url":"https:\/\/rap-webshop.nl\/wp-content\/uploads\/2025\/07\/RAP-Webshop-logo-diap-1.svg","contentUrl":"https:\/\/rap-webshop.nl\/wp-content\/uploads\/2025\/07\/RAP-Webshop-logo-diap-1.svg","caption":"RAP elektrische fietsen"},"image":{"@id":"https:\/\/rap-webshop.nl\/de\/#\/schema\/logo\/image\/"}}]},"product_price_amount":"49.00","product_price_currency":"EUR","og_availability":"instock","product_availability":"instock","product_retailer_item_id":"5141","product_condition":"new"},"_links":{"self":[{"href":"https:\/\/rap-webshop.nl\/de\/wp-json\/wp\/v2\/product\/26355","targetHints":{"allow":["GET"]}}],"collection":[{"href":"https:\/\/rap-webshop.nl\/de\/wp-json\/wp\/v2\/product"}],"about":[{"href":"https:\/\/rap-webshop.nl\/de\/wp-json\/wp\/v2\/types\/product"}],"replies":[{"embeddable":true,"href":"https:\/\/rap-webshop.nl\/de\/wp-json\/wp\/v2\/comments?post=26355"}],"wp:featuredmedia":[{"embeddable":true,"href":"https:\/\/rap-webshop.nl\/de\/wp-json\/wp\/v2\/media\/23128"}],"wp:attachment":[{"href":"https:\/\/rap-webshop.nl\/de\/wp-json\/wp\/v2\/media?parent=26355"}],"wp:term":[{"taxonomy":"product_brand","embeddable":true,"href":"https:\/\/rap-webshop.nl\/de\/wp-json\/wp\/v2\/product_brand?post=26355"},{"taxonomy":"product_cat","embeddable":true,"href":"https:\/\/rap-webshop.nl\/de\/wp-json\/wp\/v2\/product_cat?post=26355"},{"taxonomy":"product_tag","embeddable":true,"href":"https:\/\/rap-webshop.nl\/de\/wp-json\/wp\/v2\/product_tag?post=26355"}],"curies":[{"name":"wp","href":"https:\/\/api.w.org\/{rel}","templated":true}]}}