{"id":26351,"date":"2021-02-02T13:06:33","date_gmt":"2021-02-02T12:06:33","guid":{"rendered":"https:\/\/rap-webshop.nl\/product\/phylion-hat-die-produktion-des-xh370-13j-eingestellt-das-modell-wird-durch-das-technisch-verbesserte-modell-ebg370-siehe-unten-ersetzt\/"},"modified":"2025-10-08T14:44:24","modified_gmt":"2025-10-08T12:44:24","slug":"phylion-hat-die-produktion-des-xh370-13j-eingestellt-das-modell-wird-durch-das-technisch-verbesserte-modell-ebg370-siehe-unten-ersetzt","status":"publish","type":"product","link":"https:\/\/rap-webshop.nl\/de\/produkt\/phylion-hat-die-produktion-des-xh370-13j-eingestellt-das-modell-wird-durch-das-technisch-verbesserte-modell-ebg370-siehe-unten-ersetzt\/","title":{"rendered":"Der Phylion XH370-13J wurde mit Wirkung ab Ausgabe 2024 durch seinen Nachfolger EBG370 ersetzt. Dieses technisch verbesserte Modell ist vollst\u00e4ndig kompatibel mit dem XH370-13J (lesen Sie weiter f\u00fcr Details)."},"content":{"rendered":"<p>Bekijk onze Phylion XH370 vervangingen voor jouw e-bike accu behoeften.<\/p>\n<h3>Phylion hat die Produktion des XH370-13J bis Ende 2022 eingestellt. Der XH370-13J und sein vorl\u00e4ufiger Nachfolger XH370-14J wurden mit Wirkung ab Ausgabe 2024 (1. Produktion Oktober 2023) durch den verbesserten EBG370-140H1S24 ersetzt. Dieses Modell wurde in vielerlei Hinsicht technisch \u00fcberarbeitet, aber das vertraute Design ist unver\u00e4ndert geblieben. Daher ist der neue EBG370 nahtlos mit den \u00e4lteren XH370-Modellen wie dem XH370-13J (sowie dem 10j, 12J und 14J) austauschbar.<\/h3>\n<p>&nbsp;<\/p>\n<h4><strong>Klicken Sie <a href=\"https:\/\/rap-webshop.nl\/de-nieuwe-xh370-wall-e-s-modeljaar-2024\/\" target=\"_blank\" rel=\"noopener\">hier<\/a>, um die Vorteile des verbesserten EBG370 zu erfahren, oder gehen Sie direkt zu den verf\u00fcgbaren Modellen.<\/strong><\/h4>\n<p>&nbsp;<\/p>\n<p><a href=\"https:\/\/rap-webshop.nl\/product-categorie\/fietsaccus\/phylion-fietsaccus\/fietsaccu-phylion-xh370-ebg371-140h1s24\/\"><img fetchpriority=\"high\" decoding=\"async\" class=\"aligncenter wp-image-14676 size-large\" src=\"https:\/\/rap-webshop.nl\/wp-content\/uploads\/2025\/10\/XH370-13J-doorverwijzing-model-2024-2-1024x156.jpg\" alt=\"Phylion XH370 wird zu EBG370-140H1S24\" width=\"1024\" height=\"156\"><\/a><\/p>\n<p>&nbsp;<\/p>\n<p><strong>VON HIER ZU DEN INFORMATIONEN DES ALTEN XH370-13J:<br \/>\n<\/strong><strong>Der Akku<br \/>\n<\/strong>Dieser universelle Li-ION-Akku der Wall-E-S-Serie ist ein hochwertiger und zuverl\u00e4ssiger Akku, der von verschiedenen Fahrradherstellern, darunter auch RAP selbst, verwendet wird. Diese Batterie bietet eine Kapazit\u00e4t von 481 Wh (13Ah bei 37 Volt). Der XH370-13J ersetzt die \u00e4lteren Modelle dieser Serie und ist somit 100% kompatibel. Es hat einen runden Tulpenstecker f\u00fcr den Anschluss des Ladeger\u00e4ts und ist mit einem R\u00fccklicht ausgestattet.<\/p>\n<p><span style=\"text-decoration: underline;\">Geeignet u.a. f\u00fcr die folgenden Modelle:<br \/>\n<\/span><strong style=\"font-size: 16px;\">Vogue (*) <\/strong><span style=\"font-size: 16px;\">: Basic, Premium, Infinity, Centaur, Comfort, Zenda, Emma, carry<br \/>\n<\/span><strong style=\"font-size: 16px;\">Niet <\/strong><span style=\"font-size: 16px;\">: Reno, Spirit, Riviera, Fairbanks<br \/>\n Puch : E-ballad, E-folk, E-clubman<br \/>\n<\/span><strong style=\"font-size: 16px;\">Hollandia<\/strong><span style=\"font-size: 16px;\"> Fronta, Mobilit-E, Optima, E-street, Mimo, Evado<br \/>\n<\/span><strong style=\"font-size: 16px;\">Veloci (*) <\/strong><span style=\"font-size: 16px;\">Spirit, Connect, Lite (faltbar\/zusammenklappbar)<br \/>\n<\/span><strong style=\"font-size: 16px;\">Altec <\/strong><span style=\"font-size: 16px;\">: Onyx, Sapphire, Kratos, Silvain, Cullinan, Jade, Diamond, Sakura, Sirius, Valencia<br \/>\n<strong>Keiler <\/strong>: Bambini, Strada, Vittorie<br \/>\n<\/span><strong style=\"font-size: 16px;\">Troy <\/strong><span style=\"font-size: 16px;\">Lastenfahrrad<br \/>\n<\/span><span style=\"font-size: 16px;\"><strong>Talent <\/strong>: Lne2802, Lne2803, Lne2804, 2831P, Lf28Ce02<br \/>\n<strong>Devron <\/strong>: Hamilton, Milton, Wellington, Darwin, Apollo<br \/>\n<strong>Minerva <\/strong>: Estrel<br \/>\n<\/span><span style=\"font-size: 16px;\"><strong>Pelikan<\/strong>: Fortgeschrittene<br \/>\n<\/span><span style=\"font-size: 16px;\"><strong>Colorado <\/strong>: Pfeil<br \/>\n<\/span><span style=\"font-size: 16px;\"><strong>MBM <\/strong>: Impuls<br \/>\n<\/span><em><strong>(*) <\/strong>Einige Modelle werden ab Werk mit einer Batterie mit intelligentem BMS geliefert, funktionieren aber problemlos mit einer Batterie mit Standard-BMS.<\/em><\/p>\n<p><strong>Eignung der Batterie:<br \/>\n<\/strong>Diese Batterie ist f\u00fcr Ihr Fahrrad geeignet, wenn die folgenden Bedingungen erf\u00fcllt sind:<br \/>\n1) Der Aufbau des aktuellen Akkus \u00e4hnelt dem des Akkus mit dem gr\u00fcnen Haken auf dem Bild.<br \/>\n2) Der aktuelle Akku ist entweder 36- oder 37-Volt. (36- &amp; 37 Volt sind frei austauschbar. 36V = Joycube, 37 V = Wall-E-S).<br \/>\n3) Die aktuelle Batterie hat einen runden Tulpensteckeranschluss f\u00fcr das Ladeger\u00e4t.<br \/>\n4) Die aktuelle Batterie hat Standard-BMS (Batterie-Management-System) oder intelligente BMS, sondern auch funktioniert gut mit diesem<br \/>\nmit Standard-BMS (wie z. B. verschiedene Modelle von z. B. Vogue &amp; Talent)<\/p>\n<p>F\u00fcr weitere Informationen klicken Sie bitte auf die Schaltfl\u00e4che unten:<\/p>\n<h5 style=\"text-align: center;\"><strong><a href=\"https:\/\/rap-webshop.nl\/wp-content\/uploads\/2021\/02\/Bepaal-in-3-stappen-of-dit-de-juiste-accu-is-voor-uw-fiets.pdf\" target=\"_blank\" rel=\"noopener\"><img decoding=\"async\" class=\"wp-image-5217 aligncenter\" src=\"https:\/\/rap-webshop.nl\/wp-content\/uploads\/2025\/10\/Button-3-stappen-1-300x62.jpg\" alt=\"\" width=\"402\" height=\"83\"><\/a><\/strong><\/h5>\n<h5 style=\"text-align: center;\"><span style=\"color: #333399;\"><strong>Haben Sie nach der Lekt\u00fcre dieses Artikels noch Fragen? Kontaktieren Sie uns per Telefon, App oder E-Mail. M\u00f6chten Sie vorher \u00fcberpr\u00fcfen, ob die Batterie passt\/funktioniert? Vereinbaren Sie einen unverbindlichen Termin und bringen Sie Ihr Fahrrad f\u00fcr einen Live-Test mit.<\/strong><\/span><\/h5>\n<p><strong><br \/>\nKann ich mein bisheriges Ladeger\u00e4t weiter verwenden?<br \/>\n<\/strong>Wenn Ihr Ladeger\u00e4t die folgende Modellnummer hat: SSLC084V42XH oder SSLC084V42X, funktioniert dieses Ladeger\u00e4t problemlos mit der neuen Batterie. Der Betrieb von anderen Ladeger\u00e4ten mit Tulpenstecker muss im Voraus \u00fcberpr\u00fcft werden.<strong><br \/>\n<\/strong><\/p>\n<p><strong>Verwendung und Aufladen des Akkus:<br \/>\n<\/strong>Die richtige Handhabung des Akkus ist entscheidend f\u00fcr seine Lebensdauer und Leistung. Dabei sind die folgenden Grunds\u00e4tze wichtig:<\/p>\n<ul>\n<li>Die Batterie bleibt in bestem Zustand, wenn sie regelm\u00e4\u00dfig benutzt wird (Laden und Entladen).<\/li>\n<li>Die Batterie verschlei\u00dft sowohl durch den Gebrauch (Laden\/Entladen) als auch durch das Alter (der chemische Prozess in den Batteriezellen). Bei intensiver Nutzung \u00fcbersteigt dieser Verschlei\u00df den des Alters allein. Unn\u00f6tiger Verschlei\u00df tritt auf, wenn die Batterie zu wenig benutzt oder nicht richtig konditioniert wird.<\/li>\n<li>Die Batterie funktioniert am besten bei einer Temperatur von 25 &#8211; 30 Grad Celsius, bleibt aber am besten bei einer Temperatur zwischen dem Gefrierpunkt und 10 Grad Celsius konditioniert, wenn sie nicht benutzt wird (bei niedrigen Temperaturen ist der chemische Alterungsprozess langsamer).<\/li>\n<li>Eine leere Batterie sollte sofort geladen werden, um eine Tiefentladung zu vermeiden. In diesem Fall f\u00e4llt die Batteriespannung unter den Wert, den das BMS ben\u00f6tigt, um das angeschlossene Ladeger\u00e4t zu erkennen. Ein Aufladen ist dann nicht mehr m\u00f6glich.<\/li>\n<\/ul>\n<p>F\u00fcr eine ausf\u00fchrlichere Anleitung zur Verwaltung und Verwendung der Batterie klicken Sie bitte auf die Schaltfl\u00e4che unten:<\/p>\n<p><a href=\"https:\/\/rap-webshop.nl\/wp-content\/uploads\/2021\/01\/Phylion-XH370-laden-en-beheer-van-de-accu-v1.3.20.pdf\" target=\"_blank\" rel=\"noopener\"><img decoding=\"async\" class=\" wp-image-5219 aligncenter\" src=\"https:\/\/rap-webshop.nl\/wp-content\/uploads\/2025\/10\/Button-accubeheer-1-300x60.jpg\" alt=\"\" width=\"399\" height=\"80\"><\/a><\/p>\n<p>&nbsp;<\/p>\n<p>Artikelnummer: 10IMP18\/66\/133(13)-001<br \/>\nHersteller-Nummer: P1036520<br \/>\nEAN: 4260360831539<br \/>\nGarantie: 24 Monate<br \/>\nAnwendung: Elektrofahrrad 36\/ 37 Volt<br \/>\nMarke: Phylion<\/p>\n<p><strong>PRODUKTSPEZIFIKATIONEN:<br \/>\n<\/strong>Typ: Li-ION<br \/>\nModell: XH370-13J (Wand-E-S )<br \/>\nBatterieverwaltung: Phylion Standard<br \/>\nAusgangsspannung: 37 V<br \/>\nKapazit\u00e4t: 481 WH (37V &#8211; 13,0 Ah)<\/p>\n<p>Kapazit\u00e4t: 481 WH (37V &#8211; 13,0 Ah)<br \/>\nL\u00e4nge: 377 mm<br \/>\nBreite: 150 mm<br \/>\nH\u00f6he: 65 mm<br \/>\nGewicht: 3,5 kg<br \/>\nZustand: Neu<br \/>\nVorgeladen: Ja, teilweise<br \/>\nOptional: Ladeger\u00e4t, LED-R\u00fccklicht und Batterieschieber<\/p>\n<p><strong>LIEFERUNG:<br \/>\n<\/strong>&#8211; Kostenloser Versand<br \/>\n&#8211; Zahlung mit Kreditkarte m\u00f6glich<\/p>\n","protected":false},"excerpt":{"rendered":"<p>Bekijk onze Phylion XH370 vervangingen voor jouw e-bike accu behoeften. Phylion hat die Produktion des XH370-13J bis Ende 2022 eingestellt. Der XH370-13J und sein vorl\u00e4ufiger Nachfolger XH370-14J wurden mit Wirkung ab Ausgabe 2024 (1. Produktion Oktober 2023) durch den verbesserten EBG370-140H1S24 ersetzt. Dieses Modell wurde in vielerlei Hinsicht technisch \u00fcberarbeitet, aber das vertraute Design ist [&hellip;]<\/p>\n","protected":false},"featured_media":24961,"comment_status":"closed","ping_status":"open","template":"","meta":{"_acf_changed":false},"product_brand":[],"product_cat":[276,284],"product_tag":[],"class_list":{"0":"post-26351","1":"product","2":"type-product","3":"status-publish","4":"has-post-thumbnail","6":"product_cat-batterien-fuer-fahrraeder","7":"product_cat-phylion-xh370-modelljahr-2024-ebg370-140h1s24","8":"product_shipping_class-standardversand-belgien","10":"first","11":"instock","12":"sale","13":"taxable","14":"shipping-taxable","15":"purchasable","16":"product-type-simple"},"acf":[],"yoast_head":"<!-- This site is optimized with the Yoast SEO plugin v27.3 - https:\/\/yoast.com\/product\/yoast-seo-wordpress\/ -->\n<title>Phylion XH370-13J Vervangingen - RAP elektrische fietsen<\/title>\n<meta name=\"description\" content=\"Bekijk onze Phylion XH370 vervangingen voor al jouw e-bike accu behoeften. Kwaliteit gegarandeerd!\" \/>\n<meta name=\"robots\" content=\"index, follow, max-snippet:-1, max-image-preview:large, max-video-preview:-1\" \/>\n<link rel=\"canonical\" href=\"https:\/\/rap-webshop.nl\/de\/produkt\/phylion-hat-die-produktion-des-xh370-13j-eingestellt-das-modell-wird-durch-das-technisch-verbesserte-modell-ebg370-siehe-unten-ersetzt\/\" \/>\n<meta property=\"og:locale\" content=\"de_DE\" \/>\n<meta property=\"og:type\" content=\"article\" \/>\n<meta property=\"og:title\" content=\"Vervang je accu met Phylion XH370!\" \/>\n<meta property=\"og:description\" content=\"Ontdek onze vervangingen voor de Phylion XH370 accu. Bestel nu en rij verder!\" \/>\n<meta property=\"og:url\" content=\"https:\/\/rap-webshop.nl\/de\/produkt\/phylion-hat-die-produktion-des-xh370-13j-eingestellt-das-modell-wird-durch-das-technisch-verbesserte-modell-ebg370-siehe-unten-ersetzt\/\" \/>\n<meta property=\"og:site_name\" content=\"RAP elektrische fietsen\" \/>\n<meta property=\"article:modified_time\" content=\"2025-10-08T12:44:24+00:00\" \/>\n<meta property=\"og:image\" content=\"https:\/\/rap-webshop.nl\/wp-content\/uploads\/2025\/10\/Phylion-XH370-13J-wall-e-s-UITVERKOCHT-3-2.jpg\" \/>\n\t<meta property=\"og:image:width\" content=\"1280\" \/>\n\t<meta property=\"og:image:height\" content=\"720\" \/>\n\t<meta property=\"og:image:type\" content=\"image\/jpeg\" \/>\n<meta name=\"twitter:card\" content=\"summary_large_image\" \/>\n<meta name=\"twitter:title\" content=\"Vervang je accu met Phylion XH370!\" \/>\n<meta name=\"twitter:description\" content=\"Ontdek onze vervangingen voor de Phylion XH370 accu. Bestel nu en rij verder!\" \/>\n<meta name=\"twitter:label1\" content=\"Preis\" \/>\n\t<meta name=\"twitter:data1\" content=\"&euro;249,00\" \/>\n\t<meta name=\"twitter:label2\" content=\"Verf\u00fcgbarkeit\" \/>\n\t<meta name=\"twitter:data2\" content=\"Auf Lager\" \/>\n<script type=\"application\/ld+json\" class=\"yoast-schema-graph\">{\"@context\":\"https:\\\/\\\/schema.org\",\"@graph\":[{\"@type\":\"WebPage\",\"@id\":\"https:\\\/\\\/rap-webshop.nl\\\/de\\\/produkt\\\/phylion-hat-die-produktion-des-xh370-13j-eingestellt-das-modell-wird-durch-das-technisch-verbesserte-modell-ebg370-siehe-unten-ersetzt\\\/\",\"url\":\"https:\\\/\\\/rap-webshop.nl\\\/de\\\/produkt\\\/phylion-hat-die-produktion-des-xh370-13j-eingestellt-das-modell-wird-durch-das-technisch-verbesserte-modell-ebg370-siehe-unten-ersetzt\\\/\",\"name\":\"Phylion XH370-13J Vervangingen - RAP elektrische fietsen\",\"isPartOf\":{\"@id\":\"https:\\\/\\\/rap-webshop.nl\\\/de\\\/#website\"},\"primaryImageOfPage\":{\"@id\":\"https:\\\/\\\/rap-webshop.nl\\\/de\\\/produkt\\\/phylion-hat-die-produktion-des-xh370-13j-eingestellt-das-modell-wird-durch-das-technisch-verbesserte-modell-ebg370-siehe-unten-ersetzt\\\/#primaryimage\"},\"image\":{\"@id\":\"https:\\\/\\\/rap-webshop.nl\\\/de\\\/produkt\\\/phylion-hat-die-produktion-des-xh370-13j-eingestellt-das-modell-wird-durch-das-technisch-verbesserte-modell-ebg370-siehe-unten-ersetzt\\\/#primaryimage\"},\"thumbnailUrl\":\"https:\\\/\\\/rap-webshop.nl\\\/wp-content\\\/uploads\\\/2025\\\/10\\\/Phylion-XH370-13J-wall-e-s-UITVERKOCHT-3-2.jpg\",\"datePublished\":\"2021-02-02T12:06:33+00:00\",\"dateModified\":\"2025-10-08T12:44:24+00:00\",\"description\":\"Bekijk onze Phylion XH370 vervangingen voor al jouw e-bike accu behoeften. Kwaliteit gegarandeerd!\",\"breadcrumb\":{\"@id\":\"https:\\\/\\\/rap-webshop.nl\\\/de\\\/produkt\\\/phylion-hat-die-produktion-des-xh370-13j-eingestellt-das-modell-wird-durch-das-technisch-verbesserte-modell-ebg370-siehe-unten-ersetzt\\\/#breadcrumb\"},\"inLanguage\":\"de\",\"potentialAction\":[{\"@type\":\"ReadAction\",\"target\":[\"https:\\\/\\\/rap-webshop.nl\\\/de\\\/produkt\\\/phylion-hat-die-produktion-des-xh370-13j-eingestellt-das-modell-wird-durch-das-technisch-verbesserte-modell-ebg370-siehe-unten-ersetzt\\\/\"]}]},{\"@type\":\"ImageObject\",\"inLanguage\":\"de\",\"@id\":\"https:\\\/\\\/rap-webshop.nl\\\/de\\\/produkt\\\/phylion-hat-die-produktion-des-xh370-13j-eingestellt-das-modell-wird-durch-das-technisch-verbesserte-modell-ebg370-siehe-unten-ersetzt\\\/#primaryimage\",\"url\":\"https:\\\/\\\/rap-webshop.nl\\\/wp-content\\\/uploads\\\/2025\\\/10\\\/Phylion-XH370-13J-wall-e-s-UITVERKOCHT-3-2.jpg\",\"contentUrl\":\"https:\\\/\\\/rap-webshop.nl\\\/wp-content\\\/uploads\\\/2025\\\/10\\\/Phylion-XH370-13J-wall-e-s-UITVERKOCHT-3-2.jpg\",\"width\":1280,\"height\":720,\"caption\":\"Der Phylion XH370-13J wurde mit Wirkung ab Ausgabe 2024 durch seinen Nachfolger EBG370 ersetzt. Dieses technisch verbesserte Modell ist vollst\u00e4ndig kompatibel mit dem XH370-13J (lesen Sie weiter f\u00fcr Details). - RAP elektrische fietsen\"},{\"@type\":\"BreadcrumbList\",\"@id\":\"https:\\\/\\\/rap-webshop.nl\\\/de\\\/produkt\\\/phylion-hat-die-produktion-des-xh370-13j-eingestellt-das-modell-wird-durch-das-technisch-verbesserte-modell-ebg370-siehe-unten-ersetzt\\\/#breadcrumb\",\"itemListElement\":[{\"@type\":\"ListItem\",\"position\":1,\"name\":\"Home\",\"item\":\"https:\\\/\\\/rap-webshop.nl\\\/de\\\/\"},{\"@type\":\"ListItem\",\"position\":2,\"name\":\"Shop\",\"item\":\"https:\\\/\\\/rap-webshop.nl\\\/winkel\\\/\"},{\"@type\":\"ListItem\",\"position\":3,\"name\":\"Der Phylion XH370-13J wurde mit Wirkung ab Ausgabe 2024 durch seinen Nachfolger EBG370 ersetzt. Dieses technisch verbesserte Modell ist vollst\u00e4ndig kompatibel mit dem XH370-13J (lesen Sie weiter f\u00fcr Details).\"}]},{\"@type\":\"WebSite\",\"@id\":\"https:\\\/\\\/rap-webshop.nl\\\/de\\\/#website\",\"url\":\"https:\\\/\\\/rap-webshop.nl\\\/de\\\/\",\"name\":\"RAP elektrische fietsen\",\"description\":\"E-bikes, e-bike accu\u2019s, li-ion laders &amp; -accessoires\",\"publisher\":{\"@id\":\"https:\\\/\\\/rap-webshop.nl\\\/de\\\/#organization\"},\"potentialAction\":[{\"@type\":\"SearchAction\",\"target\":{\"@type\":\"EntryPoint\",\"urlTemplate\":\"https:\\\/\\\/rap-webshop.nl\\\/de\\\/?s={search_term_string}\"},\"query-input\":{\"@type\":\"PropertyValueSpecification\",\"valueRequired\":true,\"valueName\":\"search_term_string\"}}],\"inLanguage\":\"de\"},{\"@type\":\"Organization\",\"@id\":\"https:\\\/\\\/rap-webshop.nl\\\/de\\\/#organization\",\"name\":\"RAP elektrische fietsen\",\"url\":\"https:\\\/\\\/rap-webshop.nl\\\/de\\\/\",\"logo\":{\"@type\":\"ImageObject\",\"inLanguage\":\"de\",\"@id\":\"https:\\\/\\\/rap-webshop.nl\\\/de\\\/#\\\/schema\\\/logo\\\/image\\\/\",\"url\":\"https:\\\/\\\/rap-webshop.nl\\\/wp-content\\\/uploads\\\/2025\\\/07\\\/RAP-Webshop-logo-diap-1.svg\",\"contentUrl\":\"https:\\\/\\\/rap-webshop.nl\\\/wp-content\\\/uploads\\\/2025\\\/07\\\/RAP-Webshop-logo-diap-1.svg\",\"caption\":\"RAP elektrische fietsen\"},\"image\":{\"@id\":\"https:\\\/\\\/rap-webshop.nl\\\/de\\\/#\\\/schema\\\/logo\\\/image\\\/\"}}]}<\/script>\n<meta property=\"product:price:amount\" content=\"249.00\" \/>\n<meta property=\"product:price:currency\" content=\"EUR\" \/>\n<meta property=\"og:availability\" content=\"instock\" \/>\n<meta property=\"product:availability\" content=\"instock\" \/>\n<meta property=\"product:retailer_item_id\" content=\"5101-B\" \/>\n<meta property=\"product:condition\" content=\"new\" \/>\n<!-- \/ Yoast SEO plugin. -->","yoast_head_json":{"title":"Phylion XH370-13J Vervangingen - RAP elektrische fietsen","description":"Bekijk onze Phylion XH370 vervangingen voor al jouw e-bike accu behoeften. Kwaliteit gegarandeerd!","robots":{"index":"index","follow":"follow","max-snippet":"max-snippet:-1","max-image-preview":"max-image-preview:large","max-video-preview":"max-video-preview:-1"},"canonical":"https:\/\/rap-webshop.nl\/de\/produkt\/phylion-hat-die-produktion-des-xh370-13j-eingestellt-das-modell-wird-durch-das-technisch-verbesserte-modell-ebg370-siehe-unten-ersetzt\/","og_locale":"de_DE","og_type":"article","og_title":"Vervang je accu met Phylion XH370!","og_description":"Ontdek onze vervangingen voor de Phylion XH370 accu. Bestel nu en rij verder!","og_url":"https:\/\/rap-webshop.nl\/de\/produkt\/phylion-hat-die-produktion-des-xh370-13j-eingestellt-das-modell-wird-durch-das-technisch-verbesserte-modell-ebg370-siehe-unten-ersetzt\/","og_site_name":"RAP elektrische fietsen","article_modified_time":"2025-10-08T12:44:24+00:00","og_image":[{"width":1280,"height":720,"url":"https:\/\/rap-webshop.nl\/wp-content\/uploads\/2025\/10\/Phylion-XH370-13J-wall-e-s-UITVERKOCHT-3-2.jpg","type":"image\/jpeg"}],"twitter_card":"summary_large_image","twitter_title":"Vervang je accu met Phylion XH370!","twitter_description":"Ontdek onze vervangingen voor de Phylion XH370 accu. Bestel nu en rij verder!","twitter_misc":{"Preis":"&euro;249,00","Verf\u00fcgbarkeit":"Auf Lager"},"schema":{"@context":"https:\/\/schema.org","@graph":[{"@type":"WebPage","@id":"https:\/\/rap-webshop.nl\/de\/produkt\/phylion-hat-die-produktion-des-xh370-13j-eingestellt-das-modell-wird-durch-das-technisch-verbesserte-modell-ebg370-siehe-unten-ersetzt\/","url":"https:\/\/rap-webshop.nl\/de\/produkt\/phylion-hat-die-produktion-des-xh370-13j-eingestellt-das-modell-wird-durch-das-technisch-verbesserte-modell-ebg370-siehe-unten-ersetzt\/","name":"Phylion XH370-13J Vervangingen - RAP elektrische fietsen","isPartOf":{"@id":"https:\/\/rap-webshop.nl\/de\/#website"},"primaryImageOfPage":{"@id":"https:\/\/rap-webshop.nl\/de\/produkt\/phylion-hat-die-produktion-des-xh370-13j-eingestellt-das-modell-wird-durch-das-technisch-verbesserte-modell-ebg370-siehe-unten-ersetzt\/#primaryimage"},"image":{"@id":"https:\/\/rap-webshop.nl\/de\/produkt\/phylion-hat-die-produktion-des-xh370-13j-eingestellt-das-modell-wird-durch-das-technisch-verbesserte-modell-ebg370-siehe-unten-ersetzt\/#primaryimage"},"thumbnailUrl":"https:\/\/rap-webshop.nl\/wp-content\/uploads\/2025\/10\/Phylion-XH370-13J-wall-e-s-UITVERKOCHT-3-2.jpg","datePublished":"2021-02-02T12:06:33+00:00","dateModified":"2025-10-08T12:44:24+00:00","description":"Bekijk onze Phylion XH370 vervangingen voor al jouw e-bike accu behoeften. Kwaliteit gegarandeerd!","breadcrumb":{"@id":"https:\/\/rap-webshop.nl\/de\/produkt\/phylion-hat-die-produktion-des-xh370-13j-eingestellt-das-modell-wird-durch-das-technisch-verbesserte-modell-ebg370-siehe-unten-ersetzt\/#breadcrumb"},"inLanguage":"de","potentialAction":[{"@type":"ReadAction","target":["https:\/\/rap-webshop.nl\/de\/produkt\/phylion-hat-die-produktion-des-xh370-13j-eingestellt-das-modell-wird-durch-das-technisch-verbesserte-modell-ebg370-siehe-unten-ersetzt\/"]}]},{"@type":"ImageObject","inLanguage":"de","@id":"https:\/\/rap-webshop.nl\/de\/produkt\/phylion-hat-die-produktion-des-xh370-13j-eingestellt-das-modell-wird-durch-das-technisch-verbesserte-modell-ebg370-siehe-unten-ersetzt\/#primaryimage","url":"https:\/\/rap-webshop.nl\/wp-content\/uploads\/2025\/10\/Phylion-XH370-13J-wall-e-s-UITVERKOCHT-3-2.jpg","contentUrl":"https:\/\/rap-webshop.nl\/wp-content\/uploads\/2025\/10\/Phylion-XH370-13J-wall-e-s-UITVERKOCHT-3-2.jpg","width":1280,"height":720,"caption":"Der Phylion XH370-13J wurde mit Wirkung ab Ausgabe 2024 durch seinen Nachfolger EBG370 ersetzt. Dieses technisch verbesserte Modell ist vollst\u00e4ndig kompatibel mit dem XH370-13J (lesen Sie weiter f\u00fcr Details). - RAP elektrische fietsen"},{"@type":"BreadcrumbList","@id":"https:\/\/rap-webshop.nl\/de\/produkt\/phylion-hat-die-produktion-des-xh370-13j-eingestellt-das-modell-wird-durch-das-technisch-verbesserte-modell-ebg370-siehe-unten-ersetzt\/#breadcrumb","itemListElement":[{"@type":"ListItem","position":1,"name":"Home","item":"https:\/\/rap-webshop.nl\/de\/"},{"@type":"ListItem","position":2,"name":"Shop","item":"https:\/\/rap-webshop.nl\/winkel\/"},{"@type":"ListItem","position":3,"name":"Der Phylion XH370-13J wurde mit Wirkung ab Ausgabe 2024 durch seinen Nachfolger EBG370 ersetzt. Dieses technisch verbesserte Modell ist vollst\u00e4ndig kompatibel mit dem XH370-13J (lesen Sie weiter f\u00fcr Details)."}]},{"@type":"WebSite","@id":"https:\/\/rap-webshop.nl\/de\/#website","url":"https:\/\/rap-webshop.nl\/de\/","name":"RAP elektrische fietsen","description":"E-bikes, e-bike accu\u2019s, li-ion laders &amp; -accessoires","publisher":{"@id":"https:\/\/rap-webshop.nl\/de\/#organization"},"potentialAction":[{"@type":"SearchAction","target":{"@type":"EntryPoint","urlTemplate":"https:\/\/rap-webshop.nl\/de\/?s={search_term_string}"},"query-input":{"@type":"PropertyValueSpecification","valueRequired":true,"valueName":"search_term_string"}}],"inLanguage":"de"},{"@type":"Organization","@id":"https:\/\/rap-webshop.nl\/de\/#organization","name":"RAP elektrische fietsen","url":"https:\/\/rap-webshop.nl\/de\/","logo":{"@type":"ImageObject","inLanguage":"de","@id":"https:\/\/rap-webshop.nl\/de\/#\/schema\/logo\/image\/","url":"https:\/\/rap-webshop.nl\/wp-content\/uploads\/2025\/07\/RAP-Webshop-logo-diap-1.svg","contentUrl":"https:\/\/rap-webshop.nl\/wp-content\/uploads\/2025\/07\/RAP-Webshop-logo-diap-1.svg","caption":"RAP elektrische fietsen"},"image":{"@id":"https:\/\/rap-webshop.nl\/de\/#\/schema\/logo\/image\/"}}]},"product_price_amount":"249.00","product_price_currency":"EUR","og_availability":"instock","product_availability":"instock","product_retailer_item_id":"5101-B","product_condition":"new"},"_links":{"self":[{"href":"https:\/\/rap-webshop.nl\/de\/wp-json\/wp\/v2\/product\/26351","targetHints":{"allow":["GET"]}}],"collection":[{"href":"https:\/\/rap-webshop.nl\/de\/wp-json\/wp\/v2\/product"}],"about":[{"href":"https:\/\/rap-webshop.nl\/de\/wp-json\/wp\/v2\/types\/product"}],"replies":[{"embeddable":true,"href":"https:\/\/rap-webshop.nl\/de\/wp-json\/wp\/v2\/comments?post=26351"}],"wp:featuredmedia":[{"embeddable":true,"href":"https:\/\/rap-webshop.nl\/de\/wp-json\/wp\/v2\/media\/24961"}],"wp:attachment":[{"href":"https:\/\/rap-webshop.nl\/de\/wp-json\/wp\/v2\/media?parent=26351"}],"wp:term":[{"taxonomy":"product_brand","embeddable":true,"href":"https:\/\/rap-webshop.nl\/de\/wp-json\/wp\/v2\/product_brand?post=26351"},{"taxonomy":"product_cat","embeddable":true,"href":"https:\/\/rap-webshop.nl\/de\/wp-json\/wp\/v2\/product_cat?post=26351"},{"taxonomy":"product_tag","embeddable":true,"href":"https:\/\/rap-webshop.nl\/de\/wp-json\/wp\/v2\/product_tag?post=26351"}],"curies":[{"name":"wp","href":"https:\/\/api.w.org\/{rel}","templated":true}]}}