{"id":26344,"date":"2022-01-04T14:05:56","date_gmt":"2022-01-04T13:05:56","guid":{"rendered":"https:\/\/rap-webshop.nl\/product\/test-der-fahrradbatterie\/"},"modified":"2025-10-08T14:44:14","modified_gmt":"2025-10-08T12:44:14","slug":"test-der-fahrradbatterie","status":"publish","type":"product","link":"https:\/\/rap-webshop.nl\/de\/produkt\/test-der-fahrradbatterie\/","title":{"rendered":"Test der Fahrradbatterie"},"content":{"rendered":"<p>Met onze test van uw fietsaccu krijgt u inzicht in de prestaties van uw elektrische fiets.<\/p>\n<p>Met onze test van uw fietsaccu krijgt u inzicht in de prestaties van uw elektrische fiets.<\/p>\n<p><strong>Fahrradakku-Diagnose<br \/>\n<\/strong>Ist die Reichweite Ihres Elektrofahrrads nicht mehr so gro\u00df wie fr\u00fcher, scheint der Akku nicht mehr voll geladen zu sein oder bestehen Zweifel an der Gesamtleistung des Akkus? Dann ist es vielleicht an der Zeit, Ihre Fahrradbatterie testen zu lassen. RAP kann diesen Test an von uns gelieferten Batterien und\/oder an Batterien, die wir in unserem Lieferprogramm haben, durchf\u00fchren.<\/p>\n<p><strong>Pr\u00fcfen Sie sich selbst<br \/>\n<\/strong>Die oben beschriebenen Probleme k\u00f6nnen durch die Fahrradbatterie, aber auch durch das Ladeger\u00e4t verursacht werden. Au\u00dferdem kann das Problem auch am Fahrrad selbst liegen. Klicken Sie auf die Schaltfl\u00e4chen unten, um die m\u00f6glichen Ursachen und Szenarien zu erfahren, die bei Problemen mit der Batterie und\/oder dem Ladeger\u00e4t auftreten k\u00f6nnen.<\/p>\n<p><img decoding=\"async\" class=\"size-medium wp-image-8609 alignleft\" src=\"https:\/\/rap-webshop.nl\/wp-content\/uploads\/2025\/10\/Fietsaccu-problemen-300x135.jpg\" alt=\"Probleme mit der Fahrradbatterie\" width=\"300\" height=\"135\"><img decoding=\"async\" class=\"size-medium wp-image-8611 alignright\" src=\"https:\/\/rap-webshop.nl\/wp-content\/uploads\/2025\/10\/Oplader-problemen-300x136.jpg\" alt=\"Probleme mit dem Fahrrad-Ladeger\u00e4t \" width=\"300\" height=\"136\"><\/p>\n<p>&nbsp;<\/p>\n<p>&nbsp;<\/p>\n<p>&nbsp;<\/p>\n<p>&nbsp;<\/p>\n<p><strong>RAP Batterietest<br \/>\n<\/strong>Wir testen nur Fahrradbatterien, f\u00fcr die wir ein Ersatzmodell im Programm haben. Wir testen als Dienstleistung, d.h. die Kosten daf\u00fcr entfallen auch, wenn das Testergebnis Anlass zum Kauf einer neuen Batterie ist. In diesem Fall zahlen Sie nur die Kosten f\u00fcr den Versand der Fahrradbatterie.<\/p>\n<p><u>Wie funktioniert ein Batterietest?<\/u><\/p>\n<ol>\n<li>Bestellen Sie den Test hier online und geben Sie im Feld f\u00fcr eine Bestellnotiz&#8220; an, welche Probleme Sie mit der Batterie haben.<\/li>\n<li>Laden Sie zun\u00e4chst den Akku vollst\u00e4ndig auf.<\/li>\n<li>Verpacken Sie den Akku gut, zusammen mit dem Ladeger\u00e4t und einer Kopie der Online-Bestellung, und verwenden Sie vorzugsweise sch\u00fctzendes Polstermaterial, damit der Akku und das Ladeger\u00e4t gut gesch\u00fctzt sind.<\/li>\n<li>Schicken Sie den Akku an RAP electric bikes, Siriusstraat 41, 5015 BT Tilburg.\n<ol>\n<li>Vorzugsweise mit einer Sendungsverfolgung an <a href=\"mailto:info@traprap.nl\">info@traprap.nl<\/a>, damit wir wissen, dass Ihre Batterie ankommt und wir ihre Lieferung \u00fcberwachen k\u00f6nnen.<\/li>\n<\/ol>\n<\/li>\n<li>Bei Erhalt \u00fcberpr\u00fcfen wir zun\u00e4chst, ob der Akku vollst\u00e4ndig geladen ist. Ist dies nicht der Fall, laden wir den Akku weiter auf (wenn m\u00f6glich), bis er voll ist und getestet werden kann.<\/li>\n<li>W\u00e4hrend der Pr\u00fcfung wird die Batterie so weit wie m\u00f6glich entladen, bis das BMS die Batterie abschaltet.<\/li>\n<li>Nach dem Entladen wird die Batterie wieder aufgeladen. Dies geschieht grunds\u00e4tzlich mit Ihrem eigenen Ladeger\u00e4t, um festzustellen, inwieweit es noch ordnungsgem\u00e4\u00df funktioniert. Wenn das Ladeger\u00e4t anzeigt, dass der Akku voll ist, pr\u00fcft es, ob der Akku tats\u00e4chlich voll geladen ist.<\/li>\n<li>Nach Abschluss des Tests erhalten Sie von uns per E-Mail einen kurzen Bericht, in dem die Ergebnisse des Tests aufgef\u00fchrt sind. Auf dieser Grundlage k\u00f6nnen Sie angeben, ob Sie eine neue Batterie bestellen und\/oder die alte Batterie zur\u00fcckerhalten m\u00f6chten.<\/li>\n<\/ol>\n<p><strong>Kosten:<br \/>\n<\/strong>Die Kosten f\u00fcr einen Batterietest betragen 29,50 \u20ac einschlie\u00dflich. die Kosten f\u00fcr die R\u00fccksendung der Batterie. Diese Geb\u00fchr entf\u00e4llt, wenn Sie aufgrund des Testergebnisses eine Ersatzbatterie bei uns bestellen.<\/p>\n","protected":false},"excerpt":{"rendered":"<p>Met onze test van uw fietsaccu krijgt u inzicht in de prestaties van uw elektrische fiets. Met onze test van uw fietsaccu krijgt u inzicht in de prestaties van uw elektrische fiets. Fahrradakku-Diagnose Ist die Reichweite Ihres Elektrofahrrads nicht mehr so gro\u00df wie fr\u00fcher, scheint der Akku nicht mehr voll geladen zu sein oder bestehen [&hellip;]<\/p>\n","protected":false},"featured_media":24947,"comment_status":"closed","ping_status":"open","template":"","meta":{"_acf_changed":false},"product_brand":[],"product_cat":[363],"product_tag":[],"class_list":{"0":"post-26344","1":"product","2":"type-product","3":"status-publish","4":"has-post-thumbnail","6":"product_cat-service-nach-dem-verkauf","8":"first","9":"onbackorder","10":"taxable","11":"shipping-taxable","12":"purchasable","13":"product-type-simple"},"acf":[],"yoast_head":"<!-- This site is optimized with the Yoast SEO plugin v27.5 - https:\/\/yoast.com\/product\/yoast-seo-wordpress\/ -->\n<title>Test van uw Fietsaccu - RAP elektrische fietsen<\/title>\n<meta name=\"description\" content=\"Ontdek de prestaties van uw elektrische fiets met onze test van uw fietsaccu. Krijg inzicht in de capaciteit. Vraag het nu aan!\" \/>\n<meta name=\"robots\" content=\"index, follow, max-snippet:-1, max-image-preview:large, max-video-preview:-1\" \/>\n<link rel=\"canonical\" href=\"https:\/\/rap-webshop.nl\/de\/produkt\/test-der-fahrradbatterie\/\" \/>\n<meta property=\"og:locale\" content=\"de_DE\" \/>\n<meta property=\"og:type\" content=\"article\" \/>\n<meta property=\"og:title\" content=\"Test je Fietsaccu voor Betere Prestaties!\" \/>\n<meta property=\"og:description\" content=\"Krijg inzicht in de prestaties van je elektrische fiets met onze accu-test. Klik hier!\" \/>\n<meta property=\"og:url\" content=\"https:\/\/rap-webshop.nl\/de\/produkt\/test-der-fahrradbatterie\/\" \/>\n<meta property=\"og:site_name\" content=\"RAP elektrische fietsen\" \/>\n<meta property=\"article:modified_time\" content=\"2025-10-08T12:44:14+00:00\" \/>\n<meta property=\"og:image\" content=\"https:\/\/rap-webshop.nl\/wp-content\/uploads\/2025\/10\/Fietsaccu-problemen-2.jpg\" \/>\n\t<meta property=\"og:image:width\" content=\"1066\" \/>\n\t<meta property=\"og:image:height\" content=\"479\" \/>\n\t<meta property=\"og:image:type\" content=\"image\/jpeg\" \/>\n<meta name=\"twitter:card\" content=\"summary_large_image\" \/>\n<meta name=\"twitter:title\" content=\"Test je Fietsaccu voor Betere Prestaties!\" \/>\n<meta name=\"twitter:description\" content=\"Krijg inzicht in de prestaties van je elektrische fiets met onze accu-test. Klik hier!\" \/>\n<meta name=\"twitter:label1\" content=\"Preis\" \/>\n\t<meta name=\"twitter:data1\" content=\"&euro;29,50\" \/>\n\t<meta name=\"twitter:label2\" content=\"Verf\u00fcgbarkeit\" \/>\n\t<meta name=\"twitter:data2\" content=\"bei Nachbestellung\" \/>\n<script type=\"application\/ld+json\" class=\"yoast-schema-graph\">{\"@context\":\"https:\\\/\\\/schema.org\",\"@graph\":[{\"@type\":\"WebPage\",\"@id\":\"https:\\\/\\\/rap-webshop.nl\\\/de\\\/produkt\\\/test-der-fahrradbatterie\\\/\",\"url\":\"https:\\\/\\\/rap-webshop.nl\\\/de\\\/produkt\\\/test-der-fahrradbatterie\\\/\",\"name\":\"Test van uw Fietsaccu - RAP elektrische fietsen\",\"isPartOf\":{\"@id\":\"https:\\\/\\\/rap-webshop.nl\\\/de\\\/#website\"},\"primaryImageOfPage\":{\"@id\":\"https:\\\/\\\/rap-webshop.nl\\\/de\\\/produkt\\\/test-der-fahrradbatterie\\\/#primaryimage\"},\"image\":{\"@id\":\"https:\\\/\\\/rap-webshop.nl\\\/de\\\/produkt\\\/test-der-fahrradbatterie\\\/#primaryimage\"},\"thumbnailUrl\":\"https:\\\/\\\/rap-webshop.nl\\\/wp-content\\\/uploads\\\/2025\\\/10\\\/Fietsaccu-problemen-2.jpg\",\"datePublished\":\"2022-01-04T13:05:56+00:00\",\"dateModified\":\"2025-10-08T12:44:14+00:00\",\"description\":\"Ontdek de prestaties van uw elektrische fiets met onze test van uw fietsaccu. Krijg inzicht in de capaciteit. Vraag het nu aan!\",\"breadcrumb\":{\"@id\":\"https:\\\/\\\/rap-webshop.nl\\\/de\\\/produkt\\\/test-der-fahrradbatterie\\\/#breadcrumb\"},\"inLanguage\":\"de\",\"potentialAction\":[{\"@type\":\"ReadAction\",\"target\":[\"https:\\\/\\\/rap-webshop.nl\\\/de\\\/produkt\\\/test-der-fahrradbatterie\\\/\"]}]},{\"@type\":\"ImageObject\",\"inLanguage\":\"de\",\"@id\":\"https:\\\/\\\/rap-webshop.nl\\\/de\\\/produkt\\\/test-der-fahrradbatterie\\\/#primaryimage\",\"url\":\"https:\\\/\\\/rap-webshop.nl\\\/wp-content\\\/uploads\\\/2025\\\/10\\\/Fietsaccu-problemen-2.jpg\",\"contentUrl\":\"https:\\\/\\\/rap-webshop.nl\\\/wp-content\\\/uploads\\\/2025\\\/10\\\/Fietsaccu-problemen-2.jpg\",\"width\":1066,\"height\":479,\"caption\":\"Test der Fahrradbatterie - RAP elektrische fietsen\"},{\"@type\":\"BreadcrumbList\",\"@id\":\"https:\\\/\\\/rap-webshop.nl\\\/de\\\/produkt\\\/test-der-fahrradbatterie\\\/#breadcrumb\",\"itemListElement\":[{\"@type\":\"ListItem\",\"position\":1,\"name\":\"Home\",\"item\":\"https:\\\/\\\/rap-webshop.nl\\\/de\\\/\"},{\"@type\":\"ListItem\",\"position\":2,\"name\":\"Shop\",\"item\":\"https:\\\/\\\/rap-webshop.nl\\\/winkel\\\/\"},{\"@type\":\"ListItem\",\"position\":3,\"name\":\"Test der Fahrradbatterie\"}]},{\"@type\":\"WebSite\",\"@id\":\"https:\\\/\\\/rap-webshop.nl\\\/de\\\/#website\",\"url\":\"https:\\\/\\\/rap-webshop.nl\\\/de\\\/\",\"name\":\"RAP elektrische fietsen\",\"description\":\"E-bikes, e-bike accu\u2019s, li-ion laders &amp; -accessoires\",\"publisher\":{\"@id\":\"https:\\\/\\\/rap-webshop.nl\\\/de\\\/#organization\"},\"potentialAction\":[{\"@type\":\"SearchAction\",\"target\":{\"@type\":\"EntryPoint\",\"urlTemplate\":\"https:\\\/\\\/rap-webshop.nl\\\/de\\\/?s={search_term_string}\"},\"query-input\":{\"@type\":\"PropertyValueSpecification\",\"valueRequired\":true,\"valueName\":\"search_term_string\"}}],\"inLanguage\":\"de\"},{\"@type\":\"Organization\",\"@id\":\"https:\\\/\\\/rap-webshop.nl\\\/de\\\/#organization\",\"name\":\"RAP elektrische fietsen\",\"url\":\"https:\\\/\\\/rap-webshop.nl\\\/de\\\/\",\"logo\":{\"@type\":\"ImageObject\",\"inLanguage\":\"de\",\"@id\":\"https:\\\/\\\/rap-webshop.nl\\\/de\\\/#\\\/schema\\\/logo\\\/image\\\/\",\"url\":\"https:\\\/\\\/rap-webshop.nl\\\/wp-content\\\/uploads\\\/2025\\\/07\\\/RAP-Webshop-logo-diap-1.svg\",\"contentUrl\":\"https:\\\/\\\/rap-webshop.nl\\\/wp-content\\\/uploads\\\/2025\\\/07\\\/RAP-Webshop-logo-diap-1.svg\",\"caption\":\"RAP elektrische fietsen\"},\"image\":{\"@id\":\"https:\\\/\\\/rap-webshop.nl\\\/de\\\/#\\\/schema\\\/logo\\\/image\\\/\"},\"legalName\":\"RAP elektrische fietsen\",\"description\":\"Bestel fietsaccu's, acculaders en e-bike onderdelen bij RAP Webshop. Specialist met 15+ jaar ervaring, snelle levering en eerlijk advies.\",\"email\":\"info@traprap.nl\",\"telephone\":\"+31132032048\",\"address\":{\"@type\":\"PostalAddress\",\"streetAddress\":\"Dr. Hub van Doorneweg 157-12\",\"postalCode\":\"5026 RC\",\"addressLocality\":\"Tilburg\",\"addressCountry\":\"NL\"},\"contactPoint\":[{\"@type\":\"ContactPoint\",\"contactType\":\"customer service\",\"telephone\":\"+31132032048\",\"email\":\"info@traprap.nl\",\"areaServed\":\"NL\",\"availableLanguage\":[\"Dutch\",\"English\"]}],\"sameAs\":[\"https:\\\/\\\/wa.me\\\/31132032048\"],\"identifier\":[{\"@type\":\"PropertyValue\",\"propertyID\":\"KvK\",\"value\":\"51 43 67 0\"}]}]}<\/script>\n<meta property=\"product:price:amount\" content=\"29.50\" \/>\n<meta property=\"product:price:currency\" content=\"EUR\" \/>\n<meta property=\"og:availability\" content=\"backorder\" \/>\n<meta property=\"product:availability\" content=\"available for order\" \/>\n<meta property=\"product:retailer_item_id\" content=\"5581\" \/>\n<meta property=\"product:condition\" content=\"new\" \/>\n<!-- \/ Yoast SEO plugin. -->","yoast_head_json":{"title":"Test van uw Fietsaccu - RAP elektrische fietsen","description":"Ontdek de prestaties van uw elektrische fiets met onze test van uw fietsaccu. Krijg inzicht in de capaciteit. Vraag het nu aan!","robots":{"index":"index","follow":"follow","max-snippet":"max-snippet:-1","max-image-preview":"max-image-preview:large","max-video-preview":"max-video-preview:-1"},"canonical":"https:\/\/rap-webshop.nl\/de\/produkt\/test-der-fahrradbatterie\/","og_locale":"de_DE","og_type":"article","og_title":"Test je Fietsaccu voor Betere Prestaties!","og_description":"Krijg inzicht in de prestaties van je elektrische fiets met onze accu-test. Klik hier!","og_url":"https:\/\/rap-webshop.nl\/de\/produkt\/test-der-fahrradbatterie\/","og_site_name":"RAP elektrische fietsen","article_modified_time":"2025-10-08T12:44:14+00:00","og_image":[{"width":1066,"height":479,"url":"https:\/\/rap-webshop.nl\/wp-content\/uploads\/2025\/10\/Fietsaccu-problemen-2.jpg","type":"image\/jpeg"}],"twitter_card":"summary_large_image","twitter_title":"Test je Fietsaccu voor Betere Prestaties!","twitter_description":"Krijg inzicht in de prestaties van je elektrische fiets met onze accu-test. Klik hier!","twitter_misc":{"Preis":"&euro;29,50","Verf\u00fcgbarkeit":"bei Nachbestellung"},"schema":{"@context":"https:\/\/schema.org","@graph":[{"@type":"WebPage","@id":"https:\/\/rap-webshop.nl\/de\/produkt\/test-der-fahrradbatterie\/","url":"https:\/\/rap-webshop.nl\/de\/produkt\/test-der-fahrradbatterie\/","name":"Test van uw Fietsaccu - RAP elektrische fietsen","isPartOf":{"@id":"https:\/\/rap-webshop.nl\/de\/#website"},"primaryImageOfPage":{"@id":"https:\/\/rap-webshop.nl\/de\/produkt\/test-der-fahrradbatterie\/#primaryimage"},"image":{"@id":"https:\/\/rap-webshop.nl\/de\/produkt\/test-der-fahrradbatterie\/#primaryimage"},"thumbnailUrl":"https:\/\/rap-webshop.nl\/wp-content\/uploads\/2025\/10\/Fietsaccu-problemen-2.jpg","datePublished":"2022-01-04T13:05:56+00:00","dateModified":"2025-10-08T12:44:14+00:00","description":"Ontdek de prestaties van uw elektrische fiets met onze test van uw fietsaccu. Krijg inzicht in de capaciteit. Vraag het nu aan!","breadcrumb":{"@id":"https:\/\/rap-webshop.nl\/de\/produkt\/test-der-fahrradbatterie\/#breadcrumb"},"inLanguage":"de","potentialAction":[{"@type":"ReadAction","target":["https:\/\/rap-webshop.nl\/de\/produkt\/test-der-fahrradbatterie\/"]}]},{"@type":"ImageObject","inLanguage":"de","@id":"https:\/\/rap-webshop.nl\/de\/produkt\/test-der-fahrradbatterie\/#primaryimage","url":"https:\/\/rap-webshop.nl\/wp-content\/uploads\/2025\/10\/Fietsaccu-problemen-2.jpg","contentUrl":"https:\/\/rap-webshop.nl\/wp-content\/uploads\/2025\/10\/Fietsaccu-problemen-2.jpg","width":1066,"height":479,"caption":"Test der Fahrradbatterie - RAP elektrische fietsen"},{"@type":"BreadcrumbList","@id":"https:\/\/rap-webshop.nl\/de\/produkt\/test-der-fahrradbatterie\/#breadcrumb","itemListElement":[{"@type":"ListItem","position":1,"name":"Home","item":"https:\/\/rap-webshop.nl\/de\/"},{"@type":"ListItem","position":2,"name":"Shop","item":"https:\/\/rap-webshop.nl\/winkel\/"},{"@type":"ListItem","position":3,"name":"Test der Fahrradbatterie"}]},{"@type":"WebSite","@id":"https:\/\/rap-webshop.nl\/de\/#website","url":"https:\/\/rap-webshop.nl\/de\/","name":"RAP elektrische fietsen","description":"E-bikes, e-bike accu\u2019s, li-ion laders &amp; -accessoires","publisher":{"@id":"https:\/\/rap-webshop.nl\/de\/#organization"},"potentialAction":[{"@type":"SearchAction","target":{"@type":"EntryPoint","urlTemplate":"https:\/\/rap-webshop.nl\/de\/?s={search_term_string}"},"query-input":{"@type":"PropertyValueSpecification","valueRequired":true,"valueName":"search_term_string"}}],"inLanguage":"de"},{"@type":"Organization","@id":"https:\/\/rap-webshop.nl\/de\/#organization","name":"RAP elektrische fietsen","url":"https:\/\/rap-webshop.nl\/de\/","logo":{"@type":"ImageObject","inLanguage":"de","@id":"https:\/\/rap-webshop.nl\/de\/#\/schema\/logo\/image\/","url":"https:\/\/rap-webshop.nl\/wp-content\/uploads\/2025\/07\/RAP-Webshop-logo-diap-1.svg","contentUrl":"https:\/\/rap-webshop.nl\/wp-content\/uploads\/2025\/07\/RAP-Webshop-logo-diap-1.svg","caption":"RAP elektrische fietsen"},"image":{"@id":"https:\/\/rap-webshop.nl\/de\/#\/schema\/logo\/image\/"},"legalName":"RAP elektrische fietsen","description":"Bestel fietsaccu's, acculaders en e-bike onderdelen bij RAP Webshop. Specialist met 15+ jaar ervaring, snelle levering en eerlijk advies.","email":"info@traprap.nl","telephone":"+31132032048","address":{"@type":"PostalAddress","streetAddress":"Dr. Hub van Doorneweg 157-12","postalCode":"5026 RC","addressLocality":"Tilburg","addressCountry":"NL"},"contactPoint":[{"@type":"ContactPoint","contactType":"customer service","telephone":"+31132032048","email":"info@traprap.nl","areaServed":"NL","availableLanguage":["Dutch","English"]}],"sameAs":["https:\/\/wa.me\/31132032048"],"identifier":[{"@type":"PropertyValue","propertyID":"KvK","value":"51 43 67 0"}]}]},"product_price_amount":"29.50","product_price_currency":"EUR","og_availability":"backorder","product_availability":"available for order","product_retailer_item_id":"5581","product_condition":"new"},"_links":{"self":[{"href":"https:\/\/rap-webshop.nl\/de\/wp-json\/wp\/v2\/product\/26344","targetHints":{"allow":["GET"]}}],"collection":[{"href":"https:\/\/rap-webshop.nl\/de\/wp-json\/wp\/v2\/product"}],"about":[{"href":"https:\/\/rap-webshop.nl\/de\/wp-json\/wp\/v2\/types\/product"}],"replies":[{"embeddable":true,"href":"https:\/\/rap-webshop.nl\/de\/wp-json\/wp\/v2\/comments?post=26344"}],"wp:featuredmedia":[{"embeddable":true,"href":"https:\/\/rap-webshop.nl\/de\/wp-json\/wp\/v2\/media\/24947"}],"wp:attachment":[{"href":"https:\/\/rap-webshop.nl\/de\/wp-json\/wp\/v2\/media?parent=26344"}],"wp:term":[{"taxonomy":"product_brand","embeddable":true,"href":"https:\/\/rap-webshop.nl\/de\/wp-json\/wp\/v2\/product_brand?post=26344"},{"taxonomy":"product_cat","embeddable":true,"href":"https:\/\/rap-webshop.nl\/de\/wp-json\/wp\/v2\/product_cat?post=26344"},{"taxonomy":"product_tag","embeddable":true,"href":"https:\/\/rap-webshop.nl\/de\/wp-json\/wp\/v2\/product_tag?post=26344"}],"curies":[{"name":"wp","href":"https:\/\/api.w.org\/{rel}","templated":true}]}}