{"id":26338,"date":"2020-08-27T19:33:13","date_gmt":"2020-08-27T17:33:13","guid":{"rendered":"https:\/\/rap-webshop.nl\/product\/led-ruecklicht-fuer-den-phylion-xh370-wall-e-s-und-den-sf-03-joycube\/"},"modified":"2025-10-08T14:44:12","modified_gmt":"2025-10-08T12:44:12","slug":"led-ruecklicht-fuer-den-phylion-xh370-wall-e-s-und-den-sf-03-joycube","status":"publish","type":"product","link":"https:\/\/rap-webshop.nl\/de\/produkt\/led-ruecklicht-fuer-den-phylion-xh370-wall-e-s-und-den-sf-03-joycube\/","title":{"rendered":"LED-R\u00fccklicht f\u00fcr den Phylion XH370 (Wall-E-S) und den SF-03 (Joycube)"},"content":{"rendered":"<p><strong>Original LED-R\u00fccklicht:<\/strong><br \/>\nOriginal LED-R\u00fccklicht f\u00fcr die Montage am Phylion XH-370 Tr\u00e4gerakku. Neben RAP wird dieses Batteriemodell unter anderem von den Marken Sparta, Batavus, Rivel, Hollandia, Puch, Mobion usw. verwendet. Das R\u00fccklicht ist das neueste Design von Phylion, aber es ist 1:1 austauschbar mit dem vorherigen Design des R\u00fccklichts (wie auf dem Foto der Batterie im Gep\u00e4cktr\u00e4ger zu sehen), das bei den Batterien von 2011-2018 verwendet wurde. Geeignet u.a. f\u00fcr RAP, Vogue, Veloci, Puch, Peugeot, Bianchi, Talent, Sparta, Batavus, Rivel, Hollandia, Mobion etc.<\/p>\n<p><strong>Montage des R\u00fccklichts:<\/strong><br \/>\nDas R\u00fccklicht l\u00e4sst sich leicht montieren, indem man es durch die Langl\u00f6cher von oben nach unten auf die R\u00fcckseite der Batterie schiebt. Sobald das R\u00fccklicht angebracht ist, stellen die Kontaktpunkte automatisch den Kontakt zur Batterie her und das R\u00fccklicht ist einsatzbereit.<\/p>\n<p><strong>Demontage des R\u00fccklichts:<\/strong><br \/>\nDie Demontage des R\u00fccklichts ist einfach: Halten Sie den Akku hinten fest und schieben Sie das R\u00fccklicht mit beiden Daumen von unten nach oben vom Akku ab.<\/p>\n","protected":false},"excerpt":{"rendered":"<p>Het LED-achterlicht voor elektrische fietsen zorgt voor extra veiligheid op de weg.<\/p>\n<p>Het LED-achterlicht voor elektrische fietsen zorgt voor extra veiligheid op de weg.<\/p>\n<p>Neues Phylion LED-R\u00fccklicht in der Farbe schwarz f\u00fcr den Einsatz auf der Phylion Tr\u00e4gerbatterie, wie sie u.a. von Sparta, Batavus, Rivel, Vogue, Hollandia, Mobion etc. verwendet wird.<\/p>\n<p>Denken Sie daran, dass der Batterieanschluss den Betrieb des R\u00fccklichts unterst\u00fctzen muss.<\/p>\n","protected":false},"featured_media":24930,"comment_status":"closed","ping_status":"open","template":"","meta":{"_acf_changed":false},"product_brand":[],"product_cat":[358],"product_tag":[],"class_list":{"0":"post-26338","1":"product","2":"type-product","3":"status-publish","4":"has-post-thumbnail","6":"product_cat-zubehor","8":"first","9":"instock","10":"taxable","11":"shipping-taxable","12":"purchasable","13":"product-type-simple"},"acf":[],"yoast_head":"<!-- This site is optimized with the Yoast SEO plugin v27.3 - https:\/\/yoast.com\/product\/yoast-seo-wordpress\/ -->\n<title>LED-Achterlicht voor Phylion XH370 - RAP elektrische fietsen<\/title>\n<meta name=\"description\" content=\"Verhoog de veiligheid van uw elektrische fiets met het nieuwe LED-achterlicht voor Phylion XH370. Bestel nu en fiets veiliger!\" \/>\n<meta name=\"robots\" content=\"index, follow, max-snippet:-1, max-image-preview:large, max-video-preview:-1\" \/>\n<link rel=\"canonical\" href=\"https:\/\/rap-webshop.nl\/de\/produkt\/led-ruecklicht-fuer-den-phylion-xh370-wall-e-s-und-den-sf-03-joycube\/\" \/>\n<meta property=\"og:locale\" content=\"de_DE\" \/>\n<meta property=\"og:type\" content=\"article\" \/>\n<meta property=\"og:title\" content=\"Veilig fietsen met LED-achterlicht!\" \/>\n<meta property=\"og:description\" content=\"Zorg voor extra veiligheid op de weg met ons LED-achterlicht voor Phylion. Klik voor meer info!\" \/>\n<meta property=\"og:url\" content=\"https:\/\/rap-webshop.nl\/de\/produkt\/led-ruecklicht-fuer-den-phylion-xh370-wall-e-s-und-den-sf-03-joycube\/\" \/>\n<meta property=\"og:site_name\" content=\"RAP elektrische fietsen\" \/>\n<meta property=\"article:modified_time\" content=\"2025-10-08T12:44:12+00:00\" \/>\n<meta property=\"og:image\" content=\"https:\/\/rap-webshop.nl\/wp-content\/uploads\/2025\/10\/K2_0005-kopie\u2560eren-3.jpg\" \/>\n\t<meta property=\"og:image:width\" content=\"1500\" \/>\n\t<meta property=\"og:image:height\" content=\"1500\" \/>\n\t<meta property=\"og:image:type\" content=\"image\/jpeg\" \/>\n<meta name=\"twitter:card\" content=\"summary_large_image\" \/>\n<meta name=\"twitter:title\" content=\"Veilig fietsen met LED-achterlicht!\" \/>\n<meta name=\"twitter:description\" content=\"Zorg voor extra veiligheid op de weg met ons LED-achterlicht voor Phylion. Klik voor meer info!\" \/>\n<meta name=\"twitter:label1\" content=\"Preis\" \/>\n\t<meta name=\"twitter:data1\" content=\"&euro;21,95\" \/>\n\t<meta name=\"twitter:label2\" content=\"Verf\u00fcgbarkeit\" \/>\n\t<meta name=\"twitter:data2\" content=\"Auf Lager\" \/>\n<script type=\"application\/ld+json\" class=\"yoast-schema-graph\">{\"@context\":\"https:\\\/\\\/schema.org\",\"@graph\":[{\"@type\":\"WebPage\",\"@id\":\"https:\\\/\\\/rap-webshop.nl\\\/de\\\/produkt\\\/led-ruecklicht-fuer-den-phylion-xh370-wall-e-s-und-den-sf-03-joycube\\\/\",\"url\":\"https:\\\/\\\/rap-webshop.nl\\\/de\\\/produkt\\\/led-ruecklicht-fuer-den-phylion-xh370-wall-e-s-und-den-sf-03-joycube\\\/\",\"name\":\"LED-Achterlicht voor Phylion XH370 - RAP elektrische fietsen\",\"isPartOf\":{\"@id\":\"https:\\\/\\\/rap-webshop.nl\\\/de\\\/#website\"},\"primaryImageOfPage\":{\"@id\":\"https:\\\/\\\/rap-webshop.nl\\\/de\\\/produkt\\\/led-ruecklicht-fuer-den-phylion-xh370-wall-e-s-und-den-sf-03-joycube\\\/#primaryimage\"},\"image\":{\"@id\":\"https:\\\/\\\/rap-webshop.nl\\\/de\\\/produkt\\\/led-ruecklicht-fuer-den-phylion-xh370-wall-e-s-und-den-sf-03-joycube\\\/#primaryimage\"},\"thumbnailUrl\":\"https:\\\/\\\/rap-webshop.nl\\\/wp-content\\\/uploads\\\/2025\\\/10\\\/K2_0005-kopie\u2560eren-3.jpg\",\"datePublished\":\"2020-08-27T17:33:13+00:00\",\"dateModified\":\"2025-10-08T12:44:12+00:00\",\"description\":\"Verhoog de veiligheid van uw elektrische fiets met het nieuwe LED-achterlicht voor Phylion XH370. Bestel nu en fiets veiliger!\",\"breadcrumb\":{\"@id\":\"https:\\\/\\\/rap-webshop.nl\\\/de\\\/produkt\\\/led-ruecklicht-fuer-den-phylion-xh370-wall-e-s-und-den-sf-03-joycube\\\/#breadcrumb\"},\"inLanguage\":\"de\",\"potentialAction\":[{\"@type\":\"ReadAction\",\"target\":[\"https:\\\/\\\/rap-webshop.nl\\\/de\\\/produkt\\\/led-ruecklicht-fuer-den-phylion-xh370-wall-e-s-und-den-sf-03-joycube\\\/\"]}]},{\"@type\":\"ImageObject\",\"inLanguage\":\"de\",\"@id\":\"https:\\\/\\\/rap-webshop.nl\\\/de\\\/produkt\\\/led-ruecklicht-fuer-den-phylion-xh370-wall-e-s-und-den-sf-03-joycube\\\/#primaryimage\",\"url\":\"https:\\\/\\\/rap-webshop.nl\\\/wp-content\\\/uploads\\\/2025\\\/10\\\/K2_0005-kopie\u2560eren-3.jpg\",\"contentUrl\":\"https:\\\/\\\/rap-webshop.nl\\\/wp-content\\\/uploads\\\/2025\\\/10\\\/K2_0005-kopie\u2560eren-3.jpg\",\"width\":1500,\"height\":1500,\"caption\":\"LED-R\u00fccklicht f\u00fcr den Phylion XH370 (Wall-E-S) und den SF-03 (Joycube) - RAP elektrische fietsen\"},{\"@type\":\"BreadcrumbList\",\"@id\":\"https:\\\/\\\/rap-webshop.nl\\\/de\\\/produkt\\\/led-ruecklicht-fuer-den-phylion-xh370-wall-e-s-und-den-sf-03-joycube\\\/#breadcrumb\",\"itemListElement\":[{\"@type\":\"ListItem\",\"position\":1,\"name\":\"Home\",\"item\":\"https:\\\/\\\/rap-webshop.nl\\\/de\\\/\"},{\"@type\":\"ListItem\",\"position\":2,\"name\":\"Shop\",\"item\":\"https:\\\/\\\/rap-webshop.nl\\\/winkel\\\/\"},{\"@type\":\"ListItem\",\"position\":3,\"name\":\"LED-R\u00fccklicht f\u00fcr den Phylion XH370 (Wall-E-S) und den SF-03 (Joycube)\"}]},{\"@type\":\"WebSite\",\"@id\":\"https:\\\/\\\/rap-webshop.nl\\\/de\\\/#website\",\"url\":\"https:\\\/\\\/rap-webshop.nl\\\/de\\\/\",\"name\":\"RAP elektrische fietsen\",\"description\":\"E-bikes, e-bike accu\u2019s, li-ion laders &amp; -accessoires\",\"publisher\":{\"@id\":\"https:\\\/\\\/rap-webshop.nl\\\/de\\\/#organization\"},\"potentialAction\":[{\"@type\":\"SearchAction\",\"target\":{\"@type\":\"EntryPoint\",\"urlTemplate\":\"https:\\\/\\\/rap-webshop.nl\\\/de\\\/?s={search_term_string}\"},\"query-input\":{\"@type\":\"PropertyValueSpecification\",\"valueRequired\":true,\"valueName\":\"search_term_string\"}}],\"inLanguage\":\"de\"},{\"@type\":\"Organization\",\"@id\":\"https:\\\/\\\/rap-webshop.nl\\\/de\\\/#organization\",\"name\":\"RAP elektrische fietsen\",\"url\":\"https:\\\/\\\/rap-webshop.nl\\\/de\\\/\",\"logo\":{\"@type\":\"ImageObject\",\"inLanguage\":\"de\",\"@id\":\"https:\\\/\\\/rap-webshop.nl\\\/de\\\/#\\\/schema\\\/logo\\\/image\\\/\",\"url\":\"https:\\\/\\\/rap-webshop.nl\\\/wp-content\\\/uploads\\\/2025\\\/07\\\/RAP-Webshop-logo-diap-1.svg\",\"contentUrl\":\"https:\\\/\\\/rap-webshop.nl\\\/wp-content\\\/uploads\\\/2025\\\/07\\\/RAP-Webshop-logo-diap-1.svg\",\"caption\":\"RAP elektrische fietsen\"},\"image\":{\"@id\":\"https:\\\/\\\/rap-webshop.nl\\\/de\\\/#\\\/schema\\\/logo\\\/image\\\/\"}}]}<\/script>\n<meta property=\"product:price:amount\" content=\"21.95\" \/>\n<meta property=\"product:price:currency\" content=\"EUR\" \/>\n<meta property=\"og:availability\" content=\"instock\" \/>\n<meta property=\"product:availability\" content=\"instock\" \/>\n<meta property=\"product:retailer_item_id\" content=\"5108\" \/>\n<meta property=\"product:condition\" content=\"new\" \/>\n<!-- \/ Yoast SEO plugin. -->","yoast_head_json":{"title":"LED-Achterlicht voor Phylion XH370 - RAP elektrische fietsen","description":"Verhoog de veiligheid van uw elektrische fiets met het nieuwe LED-achterlicht voor Phylion XH370. Bestel nu en fiets veiliger!","robots":{"index":"index","follow":"follow","max-snippet":"max-snippet:-1","max-image-preview":"max-image-preview:large","max-video-preview":"max-video-preview:-1"},"canonical":"https:\/\/rap-webshop.nl\/de\/produkt\/led-ruecklicht-fuer-den-phylion-xh370-wall-e-s-und-den-sf-03-joycube\/","og_locale":"de_DE","og_type":"article","og_title":"Veilig fietsen met LED-achterlicht!","og_description":"Zorg voor extra veiligheid op de weg met ons LED-achterlicht voor Phylion. Klik voor meer info!","og_url":"https:\/\/rap-webshop.nl\/de\/produkt\/led-ruecklicht-fuer-den-phylion-xh370-wall-e-s-und-den-sf-03-joycube\/","og_site_name":"RAP elektrische fietsen","article_modified_time":"2025-10-08T12:44:12+00:00","og_image":[{"width":1500,"height":1500,"url":"https:\/\/rap-webshop.nl\/wp-content\/uploads\/2025\/10\/K2_0005-kopie\u2560eren-3.jpg","type":"image\/jpeg"}],"twitter_card":"summary_large_image","twitter_title":"Veilig fietsen met LED-achterlicht!","twitter_description":"Zorg voor extra veiligheid op de weg met ons LED-achterlicht voor Phylion. Klik voor meer info!","twitter_misc":{"Preis":"&euro;21,95","Verf\u00fcgbarkeit":"Auf Lager"},"schema":{"@context":"https:\/\/schema.org","@graph":[{"@type":"WebPage","@id":"https:\/\/rap-webshop.nl\/de\/produkt\/led-ruecklicht-fuer-den-phylion-xh370-wall-e-s-und-den-sf-03-joycube\/","url":"https:\/\/rap-webshop.nl\/de\/produkt\/led-ruecklicht-fuer-den-phylion-xh370-wall-e-s-und-den-sf-03-joycube\/","name":"LED-Achterlicht voor Phylion XH370 - RAP elektrische fietsen","isPartOf":{"@id":"https:\/\/rap-webshop.nl\/de\/#website"},"primaryImageOfPage":{"@id":"https:\/\/rap-webshop.nl\/de\/produkt\/led-ruecklicht-fuer-den-phylion-xh370-wall-e-s-und-den-sf-03-joycube\/#primaryimage"},"image":{"@id":"https:\/\/rap-webshop.nl\/de\/produkt\/led-ruecklicht-fuer-den-phylion-xh370-wall-e-s-und-den-sf-03-joycube\/#primaryimage"},"thumbnailUrl":"https:\/\/rap-webshop.nl\/wp-content\/uploads\/2025\/10\/K2_0005-kopie\u2560eren-3.jpg","datePublished":"2020-08-27T17:33:13+00:00","dateModified":"2025-10-08T12:44:12+00:00","description":"Verhoog de veiligheid van uw elektrische fiets met het nieuwe LED-achterlicht voor Phylion XH370. Bestel nu en fiets veiliger!","breadcrumb":{"@id":"https:\/\/rap-webshop.nl\/de\/produkt\/led-ruecklicht-fuer-den-phylion-xh370-wall-e-s-und-den-sf-03-joycube\/#breadcrumb"},"inLanguage":"de","potentialAction":[{"@type":"ReadAction","target":["https:\/\/rap-webshop.nl\/de\/produkt\/led-ruecklicht-fuer-den-phylion-xh370-wall-e-s-und-den-sf-03-joycube\/"]}]},{"@type":"ImageObject","inLanguage":"de","@id":"https:\/\/rap-webshop.nl\/de\/produkt\/led-ruecklicht-fuer-den-phylion-xh370-wall-e-s-und-den-sf-03-joycube\/#primaryimage","url":"https:\/\/rap-webshop.nl\/wp-content\/uploads\/2025\/10\/K2_0005-kopie\u2560eren-3.jpg","contentUrl":"https:\/\/rap-webshop.nl\/wp-content\/uploads\/2025\/10\/K2_0005-kopie\u2560eren-3.jpg","width":1500,"height":1500,"caption":"LED-R\u00fccklicht f\u00fcr den Phylion XH370 (Wall-E-S) und den SF-03 (Joycube) - RAP elektrische fietsen"},{"@type":"BreadcrumbList","@id":"https:\/\/rap-webshop.nl\/de\/produkt\/led-ruecklicht-fuer-den-phylion-xh370-wall-e-s-und-den-sf-03-joycube\/#breadcrumb","itemListElement":[{"@type":"ListItem","position":1,"name":"Home","item":"https:\/\/rap-webshop.nl\/de\/"},{"@type":"ListItem","position":2,"name":"Shop","item":"https:\/\/rap-webshop.nl\/winkel\/"},{"@type":"ListItem","position":3,"name":"LED-R\u00fccklicht f\u00fcr den Phylion XH370 (Wall-E-S) und den SF-03 (Joycube)"}]},{"@type":"WebSite","@id":"https:\/\/rap-webshop.nl\/de\/#website","url":"https:\/\/rap-webshop.nl\/de\/","name":"RAP elektrische fietsen","description":"E-bikes, e-bike accu\u2019s, li-ion laders &amp; -accessoires","publisher":{"@id":"https:\/\/rap-webshop.nl\/de\/#organization"},"potentialAction":[{"@type":"SearchAction","target":{"@type":"EntryPoint","urlTemplate":"https:\/\/rap-webshop.nl\/de\/?s={search_term_string}"},"query-input":{"@type":"PropertyValueSpecification","valueRequired":true,"valueName":"search_term_string"}}],"inLanguage":"de"},{"@type":"Organization","@id":"https:\/\/rap-webshop.nl\/de\/#organization","name":"RAP elektrische fietsen","url":"https:\/\/rap-webshop.nl\/de\/","logo":{"@type":"ImageObject","inLanguage":"de","@id":"https:\/\/rap-webshop.nl\/de\/#\/schema\/logo\/image\/","url":"https:\/\/rap-webshop.nl\/wp-content\/uploads\/2025\/07\/RAP-Webshop-logo-diap-1.svg","contentUrl":"https:\/\/rap-webshop.nl\/wp-content\/uploads\/2025\/07\/RAP-Webshop-logo-diap-1.svg","caption":"RAP elektrische fietsen"},"image":{"@id":"https:\/\/rap-webshop.nl\/de\/#\/schema\/logo\/image\/"}}]},"product_price_amount":"21.95","product_price_currency":"EUR","og_availability":"instock","product_availability":"instock","product_retailer_item_id":"5108","product_condition":"new"},"_links":{"self":[{"href":"https:\/\/rap-webshop.nl\/de\/wp-json\/wp\/v2\/product\/26338","targetHints":{"allow":["GET"]}}],"collection":[{"href":"https:\/\/rap-webshop.nl\/de\/wp-json\/wp\/v2\/product"}],"about":[{"href":"https:\/\/rap-webshop.nl\/de\/wp-json\/wp\/v2\/types\/product"}],"replies":[{"embeddable":true,"href":"https:\/\/rap-webshop.nl\/de\/wp-json\/wp\/v2\/comments?post=26338"}],"wp:featuredmedia":[{"embeddable":true,"href":"https:\/\/rap-webshop.nl\/de\/wp-json\/wp\/v2\/media\/24930"}],"wp:attachment":[{"href":"https:\/\/rap-webshop.nl\/de\/wp-json\/wp\/v2\/media?parent=26338"}],"wp:term":[{"taxonomy":"product_brand","embeddable":true,"href":"https:\/\/rap-webshop.nl\/de\/wp-json\/wp\/v2\/product_brand?post=26338"},{"taxonomy":"product_cat","embeddable":true,"href":"https:\/\/rap-webshop.nl\/de\/wp-json\/wp\/v2\/product_cat?post=26338"},{"taxonomy":"product_tag","embeddable":true,"href":"https:\/\/rap-webshop.nl\/de\/wp-json\/wp\/v2\/product_tag?post=26338"}],"curies":[{"name":"wp","href":"https:\/\/api.w.org\/{rel}","templated":true}]}}