{"id":26290,"date":"2023-12-11T11:37:27","date_gmt":"2023-12-11T10:37:27","guid":{"rendered":"https:\/\/rap-webshop.nl\/product\/phylion-xh370-fuer-keiler-intelligente-batterie-2024-518-wh-modell-ebg370-140h1s24-ersetzt-die-xh370-13j-14j-12j-10j-inkl-led-jetzt-inklusive-gratis-laden-verfuegbar-ab-24-novemb\/"},"modified":"2025-10-08T14:43:39","modified_gmt":"2025-10-08T12:43:39","slug":"phylion-xh370-fuer-keiler-intelligente-batterie-2024-518-wh-modell-ebg370-140h1s24-ersetzt-die-xh370-13j-14j-12j-10j-inkl-led-jetzt-inklusive-gratis-laden-verfuegbar-ab-24-novemb","status":"publish","type":"product","link":"https:\/\/rap-webshop.nl\/de\/produkt\/phylion-xh370-fuer-keiler-intelligente-batterie-2024-518-wh-modell-ebg370-140h1s24-ersetzt-die-xh370-13j-14j-12j-10j-inkl-led-jetzt-inklusive-gratis-laden-verfuegbar-ab-24-novemb\/","title":{"rendered":"Phylion XH370 mit intelligentem BMS f\u00fcr Keiler, Ausgabe 2024. Modell EBG370-140H1S24 mit 518 Wh. Ersetzt die XH370-13J, -12J &amp; 10J inkl. LED. Kostenloses Ladeger\u00e4t."},"content":{"rendered":"<p>De Phylion XH370 accu levert krachtige prestaties voor jouw Keiler elektrische fiets.<\/p>\n<p>De Phylion XH370 fietsaccu biedt krachtige prestaties voor je Keiler elektrische fiets.<\/p>\n<h5><strong>Entdecken Sie das Phylion Wall-E-S, Modell 2024 (EBG370-140H1S24), mit intelligentem BMS (Batteriemanagementsystem) f\u00fcr Keiler. Diese aktualisierte und verbesserte Batterie ist vollst\u00e4ndig austauschbar und ersetzt fr\u00fchere XH370-Modelle, wie z. B. XH370-13J, -14J, -12J und -10J, einschlie\u00dflich. LED-R\u00fccklicht. Geeignet f\u00fcr die Modelle <span style=\"font-size: 16px; font-style: normal;\"><br \/>\n  <em>Bambini, Strada, Vittorie usw.<\/em><br \/>\n<\/span>.<\/strong><\/h5>\n<p><strong><br \/>\nDie wichtigsten Verbesserungen und Spezifikationen des Modells 2024:<\/strong><\/p>\n<ul>\n<li>100 % kompatibel mit den Vorg\u00e4ngermodellen XH370-13J (10J, 12J und 14J)<\/li>\n<li>Standard 518 Wh Kapazit\u00e4t (37V, 14 Ah)<\/li>\n<li>Verbesserte intelligente BMS<\/li>\n<li>Wasserdichtes Geh\u00e4use (IP-zertifiziert)<\/li>\n<li>Neuer, verbesserter und wasserdichter Ladeanschluss<\/li>\n<li>Robuster gebaut<\/li>\n<li>Dieses Modell hat ein integriertes R\u00fccklicht<strong><br \/>\n<\/strong><\/li>\n<\/ul>\n<p>F\u00fcr eine genauere Erl\u00e4uterung des Modell-Upgrades 2024 klicken Sie bitte <strong><a href=\"https:\/\/rap-webshop.nl\/de-nieuwe-xh370-wall-e-s-modeljaar-2024\">hier<\/a>.<\/strong><\/p>\n<p><strong>Vorteile Spezifikationen 2024:<br \/>\n<\/strong>Die Batterie wurde gegen\u00fcber der Ausgabe 2024 in mehreren Punkten verbessert. Das neu entwickelte intelligente BMS macht die Batterie effizienter und reduziert den Stromverbrauch im Standby-Modus. Dar\u00fcber hinaus ist der Akku jetzt wasserdicht, was das Risiko von Feuchtigkeitssch\u00e4den deutlich verringert. Der robustere und wasserdichte Ladeanschluss tr\u00e4gt dazu bei, das Risiko von Problemen w\u00e4hrend des Ladevorgangs zu verringern, und auch die Konstruktion des Akkus selbst ist solider. Steigen Sie auf das neueste Modell um und profitieren Sie von diesen Verbesserungen! Da das alte Ladeger\u00e4t f\u00fcr diese Batterie nicht mehr funktioniert, ist ein neues Ladeger\u00e4t im Lieferumfang enthalten!<\/p>\n<p>Trotz der vorgenommenen Verbesserungen ist diese neue und verbesserte Batterie vollst\u00e4ndig kompatibel (austauschbar) mit ihren Vorg\u00e4ngern der Serie XH370-13J (-14J, -12J und -10J) der Wall-E-S. Die Funktionalit\u00e4t und die Bauform des Akkus sind unver\u00e4ndert.<\/p>\n<p><strong>Ist die Batterie f\u00fcr mein Fahrrad geeignet?<br \/>\n<\/strong><span style=\"font-size: 16px; font-style: normal; font-weight: 400;\">Diese Fahrradbatterie ist f\u00fcr die Modelle <em>Bambini, Strada, Vittorie<\/em>, u.a. geeignet.<\/span><span style=\"font-size: 16px; font-style: normal; font-weight: 400;\"><br \/>\n<\/span>In 4 Schritten k\u00f6nnen Sie ganz einfach selbst \u00fcberpr\u00fcfen, ob dieser Akku f\u00fcr Ihr Elektrofahrrad geeignet ist:<\/p>\n<ol>\n<li><span style=\"text-decoration: underline;\">Bauform:<\/span> Die Bauform der aktuellen Batterie sollte der der neuen Batterie entsprechen (siehe Foto). Lesen Sie dazu auch die nachstehenden Informationen.<\/li>\n<li><span style=\"text-decoration: underline;\">Spannung<\/span>: Die aktuelle Batterie sollte 36 oder 37 Volt haben.<\/li>\n<li><span style=\"text-decoration: underline;\">Batteriemanagementsystem<\/span>: Die aktuelle Batterie verf\u00fcgt \u00fcber ein Standard-BMS oder das Fahrrad arbeitet problemlos damit. Eine Batterie mit intelligentem BMS ist teurer und f\u00fcr den Betrieb des Fahrrads in der Regel unn\u00f6tig.<\/li>\n<li><span style=\"text-decoration: underline;\">Steckeranschluss des Ladeger\u00e4ts<\/span>: Das aktuelle Ladeger\u00e4t sollte einen runden Tulpenstecker (sieht aus wie Koax) und eine Ausgangsspannung von 42 Volt haben, um es mit der neuen Fahrradbatterie verwenden zu k\u00f6nnen.<\/li>\n<\/ol>\n<p>Ausf\u00fchrlichere Erl\u00e4uterungen zu diesen 4 Schritten :<\/p>\n<h5 style=\"text-align: center;\"><a href=\"https:\/\/rap-webshop.nl\/de-geschikte-phylion-xh370-fietsaccu\/\" target=\"_blank\" rel=\"noopener\"><img decoding=\"async\" class=\"alignnone wp-image-7377\" src=\"https:\/\/rap-webshop.nl\/wp-content\/uploads\/2025\/10\/Is-deze-accu-geschikt-voor-jouw-fiets-1-2-1024x210.jpg\" alt=\"Ist der Akku f\u00fcr Ihr Elektrofahrrad geeignet?\" width=\"391\" height=\"80\"><\/a><\/h5>\n<p><strong><br \/>\nLive-Demonstration und Recht auf R\u00fcckkehr<\/strong><br \/>\nHaben Sie Fragen? Dann kontaktieren Sie uns (per Post oder Telefon).<br \/>\nVergewissern Sie sich vor dem Kauf, dass die Batterie in Ihr Fahrrad passt und funktioniert? Vereinbaren Sie einen Termin f\u00fcr eine Live-Vorf\u00fchrung in unserem B\u00fcro.<br \/>\nSie haben online eine Batterie bestellt und sind nicht zufrieden? Senden Sie den Akku innerhalb von 14 Tagen zur\u00fcck und erhalten Sie Ihr Geld zur\u00fcck (siehe Gesch\u00e4ftsbedingungen).<\/p>\n<p><strong>Passendes Ladeger\u00e4t, Batterieschlitten und Batterieschloss:<br \/>\n<\/strong>In vielen F\u00e4llen funktioniert das aktuelle Ladeger\u00e4t der alten Batterie auch an dieser neuen Fahrradbatterie. Ben\u00f6tigen Sie noch ein Ersatz- oder Zusatzladeger\u00e4t, dann bestellen Sie es <span style=\"text-decoration: underline;\"><br \/>\n  <span style=\"color: #333399;\"><br \/>\n    <a style=\"color: #333399; text-decoration: underline;\" href=\"https:\/\/rap-webshop.nl\/product\/oplader-keiler-phylion-sslc084v42xh-42v-2a-tulpstekker\" target=\"_blank\" rel=\"noopener\">hier<\/a><br \/>\n  <\/span><br \/>\n<\/span>. Sie k\u00f6nnen einen neuen Batterieschlitten bestellen <span style=\"text-decoration: underline;\"><br \/>\n  <span style=\"color: #000080;\"><br \/>\n    <a style=\"color: #000080; text-decoration: underline;\" href=\"https:\/\/rap-webshop.nl\/product\/accuslede-met-controllerbox-voor-phylion-xh370-accu\/\" target=\"_blank\" rel=\"noopener\">hier<\/a><br \/>\n  <\/span><br \/>\n<\/span> und ein neues Batterieschloss <span style=\"color: #333399;\"><br \/>\n  <a style=\"color: #333399;\" href=\"https:\/\/rap-webshop.nl\/product\/accuslot-voor-gebruik-op-slede-phylion-xh370-wall-e-s-accu\/\" target=\"_blank\" rel=\"noopener\"><br \/>\n    <span style=\"text-decoration: underline;\">hier<\/span><br \/>\n  <\/a><br \/>\n<\/span>.<\/p>\n<p><strong>LED-R\u00fccklicht oder nicht?<\/strong><br \/>\nWenn Ihre aktuelle Batterie ein funktionierendes R\u00fccklicht hat, funktioniert es auch mit der neuen Batterie problemlos. Sie k\u00f6nnen das R\u00fccklicht einfach auf die neue Batterie \u00fcbertragen oder die neue Fahrradbatterie inklusive R\u00fccklicht bestellen, wie hier angeboten.<br \/>\nWenn Sie lieber die Batterie ohne R\u00fccklicht bestellen m\u00f6chten, klicken Sie <a href=\"https:\/\/rap-webshop.nl\/product\/phylion-xh370-14J-Keiler\"><br \/>\n  <span style=\"text-decoration: underline; color: #333399;\">hier<\/span><br \/>\n<\/a>.<\/p>\n<p><strong>Verwendung und Aufladen des Akkus<br \/>\n<\/strong>Die richtige Verwendung des Akkus ist entscheidend f\u00fcr seine Lebensdauer und Leistung. Dabei sind die folgenden Grunds\u00e4tze wichtig:<\/p>\n<ul>\n<li>Halten Sie den Akku durch regelm\u00e4\u00dfige Benutzung (Laden und Entladen) in gutem Zustand.<\/li>\n<li>Die beste Leistung erbringt der Akku bei einer Temperatur von 25 &#8211; 30 Grad Celsius, bleibt aber auch bei niedrigeren Temperaturen in bestem Zustand. Lagern Sie den Akku vorzugsweise in einer k\u00fchlen, trockenen Umgebung, wenn er nicht benutzt wird.<\/li>\n<li>Laden Sie eine entladene Batterie sofort auf, um eine Tiefentladung zu vermeiden, bei der die Batteriespannung unter den Wert f\u00e4llt, bei dem die Batterie noch registrieren kann, dass das Ladeger\u00e4t angeschlossen ist.<\/li>\n<\/ul>\n<p>F\u00fcr eine ausf\u00fchrlichere Anleitung zur Verwaltung und Verwendung der Batterie klicken Sie bitte auf die Schaltfl\u00e4che unten:<\/p>\n<p><a href=\"https:\/\/rap-webshop.nl\/gebruik-en-beheer-van-de-li-ion-fietsaccu\/\" target=\"_blank\" rel=\"noopener\"><img decoding=\"async\" class=\"aligncenter wp-image-7375\" src=\"https:\/\/rap-webshop.nl\/wp-content\/uploads\/2025\/10\/tips-voor-een-goed-gebruik-en-beheer-van-de-accu-2-300x41.jpg\" alt=\"Tipps zur Nutzung und Verwaltung von Fahrradbatterien\" width=\"569\" height=\"77\"><\/a><\/p>\n<p>&nbsp;<\/p>\n<p><strong>ALLGEMEINE PRODUKTINFORMATIONEN:<br \/>\n<\/strong>Artikel-Nr.: 10IMP18\/66\/133(14)-001<br \/>\nHersteller-Nummer: P1036520<br \/>\nEAN: 7422246483493<br \/>\nGarantie: 24 Monate<br \/>\nAnwendung: Elektrofahrrad 36\/ 37 Volt<br \/>\nMarke: Phylion<\/p>\n<p><strong>PRODUKTSPEZIFIKATIONEN:<br \/>\n<\/strong>Typ: Li-ION<br \/>\nModell: EBG370-140H1S24 (Wand-E-S )<br \/>\nBatterieverwaltung: Phylion smart BMS<br \/>\nAusgangsspannung: 37 V<br \/>\nKapazit\u00e4t: 518 WH (37V &#8211; 14,0 Ah)<br \/>\nL\u00e4nge: 377 mm<br \/>\nBreite: 150 mm<br \/>\nH\u00f6he: 65 mm<br \/>\nGewicht: 3,5 kg<br \/>\nZustand: Neu<br \/>\nVorgeladen: Ja, teilweise<br \/>\nOptional: Ladeger\u00e4t, Batteriefach<\/p>\n<p><strong>LIEFERUNG:<br \/>\n<\/strong>&#8211; Kostenloser Versand<br \/>\n&#8211; Kreditkarte und Nachzahlung m\u00f6glich<\/p>\n","protected":false},"excerpt":{"rendered":"<p>De Phylion XH370 accu levert krachtige prestaties voor jouw Keiler elektrische fiets. De Phylion XH370 fietsaccu biedt krachtige prestaties voor je Keiler elektrische fiets. Entdecken Sie das Phylion Wall-E-S, Modell 2024 (EBG370-140H1S24), mit intelligentem BMS (Batteriemanagementsystem) f\u00fcr Keiler. Diese aktualisierte und verbesserte Batterie ist vollst\u00e4ndig austauschbar und ersetzt fr\u00fchere XH370-Modelle, wie z. B. XH370-13J, -14J, [&hellip;]<\/p>\n","protected":false},"featured_media":24828,"comment_status":"closed","ping_status":"open","template":"","meta":{"_acf_changed":false},"product_brand":[],"product_cat":[276,295],"product_tag":[],"class_list":{"0":"post-26290","1":"product","2":"type-product","3":"status-publish","4":"has-post-thumbnail","6":"product_cat-batterien-fuer-fahrraeder","7":"product_cat-keiler-xh370-wall-e-s-modelljahr-2024-ebg370-140h1s24","8":"product_shipping_class-standardversand-belgien","10":"first","11":"instock","12":"sale","13":"taxable","14":"shipping-taxable","15":"purchasable","16":"product-type-simple"},"acf":[],"yoast_head":"<!-- This site is optimized with the Yoast SEO plugin v27.3 - https:\/\/yoast.com\/product\/yoast-seo-wordpress\/ -->\n<title>Phylion XH370 Accu voor Keiler - RAP elektrische fietsen<\/title>\n<meta name=\"description\" content=\"De Phylion XH370 fietsaccu biedt krachtige prestaties met een gratis laadstation. Bestel vandaag nog!\" \/>\n<meta name=\"robots\" content=\"index, follow, max-snippet:-1, max-image-preview:large, max-video-preview:-1\" \/>\n<link rel=\"canonical\" href=\"https:\/\/rap-webshop.nl\/de\/produkt\/phylion-xh370-fuer-keiler-intelligente-batterie-2024-518-wh-modell-ebg370-140h1s24-ersetzt-die-xh370-13j-14j-12j-10j-inkl-led-jetzt-inklusive-gratis-laden-verfuegbar-ab-24-novemb\/\" \/>\n<meta property=\"og:locale\" content=\"de_DE\" \/>\n<meta property=\"og:type\" content=\"article\" \/>\n<meta property=\"og:title\" content=\"Phylion XH370 voor Keiler\" \/>\n<meta property=\"og:description\" content=\"Ontdek de krachtige Phylion XH370 accu voor jouw Keiler elektrische fiets. Incl. gratis laadstation!\" \/>\n<meta property=\"og:url\" content=\"https:\/\/rap-webshop.nl\/de\/produkt\/phylion-xh370-fuer-keiler-intelligente-batterie-2024-518-wh-modell-ebg370-140h1s24-ersetzt-die-xh370-13j-14j-12j-10j-inkl-led-jetzt-inklusive-gratis-laden-verfuegbar-ab-24-novemb\/\" \/>\n<meta property=\"og:site_name\" content=\"RAP elektrische fietsen\" \/>\n<meta property=\"article:modified_time\" content=\"2025-10-08T12:43:39+00:00\" \/>\n<meta property=\"og:image\" content=\"https:\/\/rap-webshop.nl\/wp-content\/uploads\/2025\/10\/Phylion-XH370-smart-BMS-modeljaar-2024-EBG370-140H1S24-met-LED-2.jpg\" \/>\n\t<meta property=\"og:image:width\" content=\"1280\" \/>\n\t<meta property=\"og:image:height\" content=\"720\" \/>\n\t<meta property=\"og:image:type\" content=\"image\/jpeg\" \/>\n<meta name=\"twitter:card\" content=\"summary_large_image\" \/>\n<meta name=\"twitter:title\" content=\"Phylion XH370 voor Keiler\" \/>\n<meta name=\"twitter:description\" content=\"Ontdek de krachtige Phylion XH370 accu voor jouw Keiler elektrische fiets. Incl. gratis laadstation!\" \/>\n<meta name=\"twitter:label1\" content=\"Preis\" \/>\n\t<meta name=\"twitter:data1\" content=\"&euro;419,00\" \/>\n\t<meta name=\"twitter:label2\" content=\"Verf\u00fcgbarkeit\" \/>\n\t<meta name=\"twitter:data2\" content=\"Auf Lager\" \/>\n<script type=\"application\/ld+json\" class=\"yoast-schema-graph\">{\"@context\":\"https:\\\/\\\/schema.org\",\"@graph\":[{\"@type\":\"WebPage\",\"@id\":\"https:\\\/\\\/rap-webshop.nl\\\/de\\\/produkt\\\/phylion-xh370-fuer-keiler-intelligente-batterie-2024-518-wh-modell-ebg370-140h1s24-ersetzt-die-xh370-13j-14j-12j-10j-inkl-led-jetzt-inklusive-gratis-laden-verfuegbar-ab-24-novemb\\\/\",\"url\":\"https:\\\/\\\/rap-webshop.nl\\\/de\\\/produkt\\\/phylion-xh370-fuer-keiler-intelligente-batterie-2024-518-wh-modell-ebg370-140h1s24-ersetzt-die-xh370-13j-14j-12j-10j-inkl-led-jetzt-inklusive-gratis-laden-verfuegbar-ab-24-novemb\\\/\",\"name\":\"Phylion XH370 Accu voor Keiler - RAP elektrische fietsen\",\"isPartOf\":{\"@id\":\"https:\\\/\\\/rap-webshop.nl\\\/de\\\/#website\"},\"primaryImageOfPage\":{\"@id\":\"https:\\\/\\\/rap-webshop.nl\\\/de\\\/produkt\\\/phylion-xh370-fuer-keiler-intelligente-batterie-2024-518-wh-modell-ebg370-140h1s24-ersetzt-die-xh370-13j-14j-12j-10j-inkl-led-jetzt-inklusive-gratis-laden-verfuegbar-ab-24-novemb\\\/#primaryimage\"},\"image\":{\"@id\":\"https:\\\/\\\/rap-webshop.nl\\\/de\\\/produkt\\\/phylion-xh370-fuer-keiler-intelligente-batterie-2024-518-wh-modell-ebg370-140h1s24-ersetzt-die-xh370-13j-14j-12j-10j-inkl-led-jetzt-inklusive-gratis-laden-verfuegbar-ab-24-novemb\\\/#primaryimage\"},\"thumbnailUrl\":\"https:\\\/\\\/rap-webshop.nl\\\/wp-content\\\/uploads\\\/2025\\\/10\\\/Phylion-XH370-smart-BMS-modeljaar-2024-EBG370-140H1S24-met-LED-2.jpg\",\"datePublished\":\"2023-12-11T10:37:27+00:00\",\"dateModified\":\"2025-10-08T12:43:39+00:00\",\"description\":\"De Phylion XH370 fietsaccu biedt krachtige prestaties met een gratis laadstation. Bestel vandaag nog!\",\"breadcrumb\":{\"@id\":\"https:\\\/\\\/rap-webshop.nl\\\/de\\\/produkt\\\/phylion-xh370-fuer-keiler-intelligente-batterie-2024-518-wh-modell-ebg370-140h1s24-ersetzt-die-xh370-13j-14j-12j-10j-inkl-led-jetzt-inklusive-gratis-laden-verfuegbar-ab-24-novemb\\\/#breadcrumb\"},\"inLanguage\":\"de\",\"potentialAction\":[{\"@type\":\"ReadAction\",\"target\":[\"https:\\\/\\\/rap-webshop.nl\\\/de\\\/produkt\\\/phylion-xh370-fuer-keiler-intelligente-batterie-2024-518-wh-modell-ebg370-140h1s24-ersetzt-die-xh370-13j-14j-12j-10j-inkl-led-jetzt-inklusive-gratis-laden-verfuegbar-ab-24-novemb\\\/\"]}]},{\"@type\":\"ImageObject\",\"inLanguage\":\"de\",\"@id\":\"https:\\\/\\\/rap-webshop.nl\\\/de\\\/produkt\\\/phylion-xh370-fuer-keiler-intelligente-batterie-2024-518-wh-modell-ebg370-140h1s24-ersetzt-die-xh370-13j-14j-12j-10j-inkl-led-jetzt-inklusive-gratis-laden-verfuegbar-ab-24-novemb\\\/#primaryimage\",\"url\":\"https:\\\/\\\/rap-webshop.nl\\\/wp-content\\\/uploads\\\/2025\\\/10\\\/Phylion-XH370-smart-BMS-modeljaar-2024-EBG370-140H1S24-met-LED-2.jpg\",\"contentUrl\":\"https:\\\/\\\/rap-webshop.nl\\\/wp-content\\\/uploads\\\/2025\\\/10\\\/Phylion-XH370-smart-BMS-modeljaar-2024-EBG370-140H1S24-met-LED-2.jpg\",\"width\":1280,\"height\":720,\"caption\":\"Phylion XH370 mit intelligentem BMS f\u00fcr Keiler, Ausgabe 2024. Modell EBG370-140H1S24 mit 518 Wh. Ersetzt die XH370-13J, -12J &amp; 10J inkl. LED. Kostenloses Ladeger\u00e4t. - RAP elektrische fietsen\"},{\"@type\":\"BreadcrumbList\",\"@id\":\"https:\\\/\\\/rap-webshop.nl\\\/de\\\/produkt\\\/phylion-xh370-fuer-keiler-intelligente-batterie-2024-518-wh-modell-ebg370-140h1s24-ersetzt-die-xh370-13j-14j-12j-10j-inkl-led-jetzt-inklusive-gratis-laden-verfuegbar-ab-24-novemb\\\/#breadcrumb\",\"itemListElement\":[{\"@type\":\"ListItem\",\"position\":1,\"name\":\"Home\",\"item\":\"https:\\\/\\\/rap-webshop.nl\\\/de\\\/\"},{\"@type\":\"ListItem\",\"position\":2,\"name\":\"Shop\",\"item\":\"https:\\\/\\\/rap-webshop.nl\\\/winkel\\\/\"},{\"@type\":\"ListItem\",\"position\":3,\"name\":\"Phylion XH370 mit intelligentem BMS f\u00fcr Keiler, Ausgabe 2024. Modell EBG370-140H1S24 mit 518 Wh. Ersetzt die XH370-13J, -12J &amp; 10J inkl. LED. Kostenloses Ladeger\u00e4t.\"}]},{\"@type\":\"WebSite\",\"@id\":\"https:\\\/\\\/rap-webshop.nl\\\/de\\\/#website\",\"url\":\"https:\\\/\\\/rap-webshop.nl\\\/de\\\/\",\"name\":\"RAP elektrische fietsen\",\"description\":\"E-bikes, e-bike accu\u2019s, li-ion laders &amp; -accessoires\",\"publisher\":{\"@id\":\"https:\\\/\\\/rap-webshop.nl\\\/de\\\/#organization\"},\"potentialAction\":[{\"@type\":\"SearchAction\",\"target\":{\"@type\":\"EntryPoint\",\"urlTemplate\":\"https:\\\/\\\/rap-webshop.nl\\\/de\\\/?s={search_term_string}\"},\"query-input\":{\"@type\":\"PropertyValueSpecification\",\"valueRequired\":true,\"valueName\":\"search_term_string\"}}],\"inLanguage\":\"de\"},{\"@type\":\"Organization\",\"@id\":\"https:\\\/\\\/rap-webshop.nl\\\/de\\\/#organization\",\"name\":\"RAP elektrische fietsen\",\"url\":\"https:\\\/\\\/rap-webshop.nl\\\/de\\\/\",\"logo\":{\"@type\":\"ImageObject\",\"inLanguage\":\"de\",\"@id\":\"https:\\\/\\\/rap-webshop.nl\\\/de\\\/#\\\/schema\\\/logo\\\/image\\\/\",\"url\":\"https:\\\/\\\/rap-webshop.nl\\\/wp-content\\\/uploads\\\/2025\\\/07\\\/RAP-Webshop-logo-diap-1.svg\",\"contentUrl\":\"https:\\\/\\\/rap-webshop.nl\\\/wp-content\\\/uploads\\\/2025\\\/07\\\/RAP-Webshop-logo-diap-1.svg\",\"caption\":\"RAP elektrische fietsen\"},\"image\":{\"@id\":\"https:\\\/\\\/rap-webshop.nl\\\/de\\\/#\\\/schema\\\/logo\\\/image\\\/\"}}]}<\/script>\n<meta property=\"product:price:amount\" content=\"419.00\" \/>\n<meta property=\"product:price:currency\" content=\"EUR\" \/>\n<meta property=\"og:availability\" content=\"instock\" \/>\n<meta property=\"product:availability\" content=\"instock\" \/>\n<meta property=\"product:retailer_item_id\" content=\"5107-5SB\" \/>\n<meta property=\"product:condition\" content=\"new\" \/>\n<!-- \/ Yoast SEO plugin. -->","yoast_head_json":{"title":"Phylion XH370 Accu voor Keiler - RAP elektrische fietsen","description":"De Phylion XH370 fietsaccu biedt krachtige prestaties met een gratis laadstation. Bestel vandaag nog!","robots":{"index":"index","follow":"follow","max-snippet":"max-snippet:-1","max-image-preview":"max-image-preview:large","max-video-preview":"max-video-preview:-1"},"canonical":"https:\/\/rap-webshop.nl\/de\/produkt\/phylion-xh370-fuer-keiler-intelligente-batterie-2024-518-wh-modell-ebg370-140h1s24-ersetzt-die-xh370-13j-14j-12j-10j-inkl-led-jetzt-inklusive-gratis-laden-verfuegbar-ab-24-novemb\/","og_locale":"de_DE","og_type":"article","og_title":"Phylion XH370 voor Keiler","og_description":"Ontdek de krachtige Phylion XH370 accu voor jouw Keiler elektrische fiets. Incl. gratis laadstation!","og_url":"https:\/\/rap-webshop.nl\/de\/produkt\/phylion-xh370-fuer-keiler-intelligente-batterie-2024-518-wh-modell-ebg370-140h1s24-ersetzt-die-xh370-13j-14j-12j-10j-inkl-led-jetzt-inklusive-gratis-laden-verfuegbar-ab-24-novemb\/","og_site_name":"RAP elektrische fietsen","article_modified_time":"2025-10-08T12:43:39+00:00","og_image":[{"width":1280,"height":720,"url":"https:\/\/rap-webshop.nl\/wp-content\/uploads\/2025\/10\/Phylion-XH370-smart-BMS-modeljaar-2024-EBG370-140H1S24-met-LED-2.jpg","type":"image\/jpeg"}],"twitter_card":"summary_large_image","twitter_title":"Phylion XH370 voor Keiler","twitter_description":"Ontdek de krachtige Phylion XH370 accu voor jouw Keiler elektrische fiets. Incl. gratis laadstation!","twitter_misc":{"Preis":"&euro;419,00","Verf\u00fcgbarkeit":"Auf Lager"},"schema":{"@context":"https:\/\/schema.org","@graph":[{"@type":"WebPage","@id":"https:\/\/rap-webshop.nl\/de\/produkt\/phylion-xh370-fuer-keiler-intelligente-batterie-2024-518-wh-modell-ebg370-140h1s24-ersetzt-die-xh370-13j-14j-12j-10j-inkl-led-jetzt-inklusive-gratis-laden-verfuegbar-ab-24-novemb\/","url":"https:\/\/rap-webshop.nl\/de\/produkt\/phylion-xh370-fuer-keiler-intelligente-batterie-2024-518-wh-modell-ebg370-140h1s24-ersetzt-die-xh370-13j-14j-12j-10j-inkl-led-jetzt-inklusive-gratis-laden-verfuegbar-ab-24-novemb\/","name":"Phylion XH370 Accu voor Keiler - RAP elektrische fietsen","isPartOf":{"@id":"https:\/\/rap-webshop.nl\/de\/#website"},"primaryImageOfPage":{"@id":"https:\/\/rap-webshop.nl\/de\/produkt\/phylion-xh370-fuer-keiler-intelligente-batterie-2024-518-wh-modell-ebg370-140h1s24-ersetzt-die-xh370-13j-14j-12j-10j-inkl-led-jetzt-inklusive-gratis-laden-verfuegbar-ab-24-novemb\/#primaryimage"},"image":{"@id":"https:\/\/rap-webshop.nl\/de\/produkt\/phylion-xh370-fuer-keiler-intelligente-batterie-2024-518-wh-modell-ebg370-140h1s24-ersetzt-die-xh370-13j-14j-12j-10j-inkl-led-jetzt-inklusive-gratis-laden-verfuegbar-ab-24-novemb\/#primaryimage"},"thumbnailUrl":"https:\/\/rap-webshop.nl\/wp-content\/uploads\/2025\/10\/Phylion-XH370-smart-BMS-modeljaar-2024-EBG370-140H1S24-met-LED-2.jpg","datePublished":"2023-12-11T10:37:27+00:00","dateModified":"2025-10-08T12:43:39+00:00","description":"De Phylion XH370 fietsaccu biedt krachtige prestaties met een gratis laadstation. Bestel vandaag nog!","breadcrumb":{"@id":"https:\/\/rap-webshop.nl\/de\/produkt\/phylion-xh370-fuer-keiler-intelligente-batterie-2024-518-wh-modell-ebg370-140h1s24-ersetzt-die-xh370-13j-14j-12j-10j-inkl-led-jetzt-inklusive-gratis-laden-verfuegbar-ab-24-novemb\/#breadcrumb"},"inLanguage":"de","potentialAction":[{"@type":"ReadAction","target":["https:\/\/rap-webshop.nl\/de\/produkt\/phylion-xh370-fuer-keiler-intelligente-batterie-2024-518-wh-modell-ebg370-140h1s24-ersetzt-die-xh370-13j-14j-12j-10j-inkl-led-jetzt-inklusive-gratis-laden-verfuegbar-ab-24-novemb\/"]}]},{"@type":"ImageObject","inLanguage":"de","@id":"https:\/\/rap-webshop.nl\/de\/produkt\/phylion-xh370-fuer-keiler-intelligente-batterie-2024-518-wh-modell-ebg370-140h1s24-ersetzt-die-xh370-13j-14j-12j-10j-inkl-led-jetzt-inklusive-gratis-laden-verfuegbar-ab-24-novemb\/#primaryimage","url":"https:\/\/rap-webshop.nl\/wp-content\/uploads\/2025\/10\/Phylion-XH370-smart-BMS-modeljaar-2024-EBG370-140H1S24-met-LED-2.jpg","contentUrl":"https:\/\/rap-webshop.nl\/wp-content\/uploads\/2025\/10\/Phylion-XH370-smart-BMS-modeljaar-2024-EBG370-140H1S24-met-LED-2.jpg","width":1280,"height":720,"caption":"Phylion XH370 mit intelligentem BMS f\u00fcr Keiler, Ausgabe 2024. Modell EBG370-140H1S24 mit 518 Wh. Ersetzt die XH370-13J, -12J &amp; 10J inkl. LED. Kostenloses Ladeger\u00e4t. - RAP elektrische fietsen"},{"@type":"BreadcrumbList","@id":"https:\/\/rap-webshop.nl\/de\/produkt\/phylion-xh370-fuer-keiler-intelligente-batterie-2024-518-wh-modell-ebg370-140h1s24-ersetzt-die-xh370-13j-14j-12j-10j-inkl-led-jetzt-inklusive-gratis-laden-verfuegbar-ab-24-novemb\/#breadcrumb","itemListElement":[{"@type":"ListItem","position":1,"name":"Home","item":"https:\/\/rap-webshop.nl\/de\/"},{"@type":"ListItem","position":2,"name":"Shop","item":"https:\/\/rap-webshop.nl\/winkel\/"},{"@type":"ListItem","position":3,"name":"Phylion XH370 mit intelligentem BMS f\u00fcr Keiler, Ausgabe 2024. Modell EBG370-140H1S24 mit 518 Wh. Ersetzt die XH370-13J, -12J &amp; 10J inkl. LED. Kostenloses Ladeger\u00e4t."}]},{"@type":"WebSite","@id":"https:\/\/rap-webshop.nl\/de\/#website","url":"https:\/\/rap-webshop.nl\/de\/","name":"RAP elektrische fietsen","description":"E-bikes, e-bike accu\u2019s, li-ion laders &amp; -accessoires","publisher":{"@id":"https:\/\/rap-webshop.nl\/de\/#organization"},"potentialAction":[{"@type":"SearchAction","target":{"@type":"EntryPoint","urlTemplate":"https:\/\/rap-webshop.nl\/de\/?s={search_term_string}"},"query-input":{"@type":"PropertyValueSpecification","valueRequired":true,"valueName":"search_term_string"}}],"inLanguage":"de"},{"@type":"Organization","@id":"https:\/\/rap-webshop.nl\/de\/#organization","name":"RAP elektrische fietsen","url":"https:\/\/rap-webshop.nl\/de\/","logo":{"@type":"ImageObject","inLanguage":"de","@id":"https:\/\/rap-webshop.nl\/de\/#\/schema\/logo\/image\/","url":"https:\/\/rap-webshop.nl\/wp-content\/uploads\/2025\/07\/RAP-Webshop-logo-diap-1.svg","contentUrl":"https:\/\/rap-webshop.nl\/wp-content\/uploads\/2025\/07\/RAP-Webshop-logo-diap-1.svg","caption":"RAP elektrische fietsen"},"image":{"@id":"https:\/\/rap-webshop.nl\/de\/#\/schema\/logo\/image\/"}}]},"product_price_amount":"419.00","product_price_currency":"EUR","og_availability":"instock","product_availability":"instock","product_retailer_item_id":"5107-5SB","product_condition":"new"},"_links":{"self":[{"href":"https:\/\/rap-webshop.nl\/de\/wp-json\/wp\/v2\/product\/26290","targetHints":{"allow":["GET"]}}],"collection":[{"href":"https:\/\/rap-webshop.nl\/de\/wp-json\/wp\/v2\/product"}],"about":[{"href":"https:\/\/rap-webshop.nl\/de\/wp-json\/wp\/v2\/types\/product"}],"replies":[{"embeddable":true,"href":"https:\/\/rap-webshop.nl\/de\/wp-json\/wp\/v2\/comments?post=26290"}],"wp:featuredmedia":[{"embeddable":true,"href":"https:\/\/rap-webshop.nl\/de\/wp-json\/wp\/v2\/media\/24828"}],"wp:attachment":[{"href":"https:\/\/rap-webshop.nl\/de\/wp-json\/wp\/v2\/media?parent=26290"}],"wp:term":[{"taxonomy":"product_brand","embeddable":true,"href":"https:\/\/rap-webshop.nl\/de\/wp-json\/wp\/v2\/product_brand?post=26290"},{"taxonomy":"product_cat","embeddable":true,"href":"https:\/\/rap-webshop.nl\/de\/wp-json\/wp\/v2\/product_cat?post=26290"},{"taxonomy":"product_tag","embeddable":true,"href":"https:\/\/rap-webshop.nl\/de\/wp-json\/wp\/v2\/product_tag?post=26290"}],"curies":[{"name":"wp","href":"https:\/\/api.w.org\/{rel}","templated":true}]}}