{"id":26276,"date":"2023-10-19T13:41:10","date_gmt":"2023-10-19T11:41:10","guid":{"rendered":"https:\/\/rap-webshop.nl\/product\/phylion-joycube-sf-06-jceb360-rahmenbatterie-mit-intelligentem-bms-u-a-fuer-rap-puch-prophete-keiler-fischer-etc-neues-lager\/"},"modified":"2025-10-08T14:43:17","modified_gmt":"2025-10-08T12:43:17","slug":"phylion-joycube-sf-06-jceb360-rahmenbatterie-mit-intelligentem-bms-u-a-fuer-rap-puch-prophete-keiler-fischer-etc-neues-lager","status":"publish","type":"product","link":"https:\/\/rap-webshop.nl\/de\/produkt\/phylion-joycube-sf-06-jceb360-rahmenbatterie-mit-intelligentem-bms-u-a-fuer-rap-puch-prophete-keiler-fischer-etc-neues-lager\/","title":{"rendered":"Phylion Joycube SF-06 (JCEB360) Rahmenbatterie mit Smart BMS u.a. f\u00fcr RAP, Puch, Prophete, Keiler, Fischer etc. NEUES LAGER!"},"content":{"rendered":"<p>De Phylion Joycube SF-06 accu met Smart BMS levert betrouwbare energie voor jouw elektrische fiets.<\/p>\n<h3><strong>Original Phylion SF-06 (JCEB360-11.6) 36 V Fahrradakku aus der Joycube Serie mit 5-poligem Rundladestecker. Die Batterie ist mit einem intelligenten BMS (Batteriemanagementsystem) ausgestattet und hat eine Kapazit\u00e4t von 418 Wh (36 V, 11,6 Ah).<\/strong><\/h3>\n<p>Achtung: Dieses Modell gibt es auch mit gr\u00f6\u00dferem Geh\u00e4use (SF-06S) und auch in der 48-Volt-Version.<\/p>\n<p><strong><br \/>\nDer Akku<br \/>\n<\/strong>Hochwertiger und zuverl\u00e4ssiger Li-ION-Fahrradakku von Phylion mit 5-poliger Rundsteckverbindung zum Laden. Dieses Modell verf\u00fcgt \u00fcber das <span style=\"color: #0000ff;\"><a style=\"color: #0000ff;\" href=\"https:\/\/rap-webshop.nl\/de-geschikte-phylion-SF03-fietsaccu\/\" target=\"_blank\" rel=\"noopener\">intelligente BMS<\/a> <span style=\"color: #000000;\">wird aber auch mit Standard-BMS geliefert<\/span><\/span><span style=\"color: #000000;\">.<\/span> Klicken Sie <span style=\"color: #0000ff;\"><br \/>\n  <a style=\"color: #0000ff;\" href=\"https:\/\/rap-webshop.nl\/product-categorie\/fietsaccus\/phylion-joycube-sf06\/\" target=\"_blank\" rel=\"noopener\">hier<\/a><br \/>\n<\/span> f\u00fcr die verf\u00fcgbaren Modelle.<\/p>\n<p><strong>Ist der Akku f\u00fcr mein Fahrrad geeignet?<br \/>\n<\/strong><span style=\"font-size: 16px; font-style: normal; font-weight: 400;\">Gehen Sie die folgenden 4 Schritte durch, um zu pr\u00fcfen, ob dieser Akku <\/span>f\u00fcr Ihr Elektrofahrrad geeignet ist:<\/p>\n<ol>\n<li><span style=\"text-decoration: underline;\">Bauform:<\/span> Dieses Modell ist auch in einer um einige cm l\u00e4ngeren Variante erh\u00e4ltlich, die dann SF-06S hei\u00dft. In der Regel sind dies Batterien mit h\u00f6herer Kapazit\u00e4t (14 Ah und mehr). F\u00fcr den SF-06S ben\u00f6tigen Sie eine andere Dockingstation.<\/li>\n<li><span style=\"text-decoration: underline;\">Spannung<\/span>: Wie die neue Batterie sollte auch die aktuelle Batterie 36 Volt haben.<\/li>\n<li><span style=\"text-decoration: underline;\">Batteriemanagementsystem (BMS<\/span>): Die zu ersetzende Batterie verf\u00fcgt \u00fcber ein intelligentes BMS oder ein Standard-BMS. Wenn Sie Zweifel an der N\u00fctzlichkeit oder Notwendigkeit eines intelligenten BMS haben, lesen Sie die Informationen unter der unten stehenden Schaltfl\u00e4che.<\/li>\n<li><span style=\"text-decoration: underline;\">Anschluss des Ladesteckers<\/span>: Die neue Batterie hat einen runden, 5-poligen Ladekontakt zur Verwendung mit dem Ladeger\u00e4t mit einem runden 5-poligen Kunststoffstecker. Die Ausgangsspannung des Ladeger\u00e4ts sollte 42 Volt betragen, damit die Batterie ordnungsgem\u00e4\u00df geladen werden kann.<\/li>\n<\/ol>\n<p>Ausf\u00fchrlichere Erl\u00e4uterungen zu diesen 4 Schritten :<\/p>\n<h5 style=\"text-align: center;\"><a href=\"https:\/\/rap-webshop.nl\/de-geschikte-phylion-SF03-fietsaccu\" target=\"_blank\" rel=\"noopener\"><img decoding=\"async\" class=\"alignnone wp-image-7377\" src=\"https:\/\/rap-webshop.nl\/wp-content\/uploads\/2025\/10\/Is-deze-accu-geschikt-voor-jouw-fiets-1-2-1024x210.jpg\" alt=\"Ist dieser Joycube SF-03 geeignet f\u00fcr Ihr Elektrofahrrad\" width=\"391\" height=\"80\"><\/a><\/h5>\n<p><strong><br \/>\nLive-Demonstration und Recht auf R\u00fcckkehr<\/strong><br \/>\nHaben Sie Fragen? Dann kontaktieren Sie uns (Whatsapp \u00fcber diese Seite, per E-Mail oder Telefon).<br \/>\nVergewissern Sie sich vor dem Kauf, dass die Batterie in Ihr Fahrrad passt und funktioniert? Vereinbaren Sie einen Termin f\u00fcr eine Live-Vorf\u00fchrung in unserem B\u00fcro.<br \/>\nSie haben online eine Batterie bestellt und sind nicht zufrieden? Senden Sie den Akku innerhalb von 14 Tagen zur\u00fcck und erhalten Sie Ihr Geld zur\u00fcck (siehe Gesch\u00e4ftsbedingungen).<\/p>\n<p><strong>Passendes Ladeger\u00e4t, Batterieschlitten und Batterieschloss:<br \/>\n<\/strong>Normalerweise funktioniert das Ladeger\u00e4t der aktuellen Batterie auch mit der neuen Batterie (sofern sie die gleichen Spezifikationen hat). Ben\u00f6tigen Sie noch ein Ersatz- oder Zusatzladeger\u00e4t, dann bestellen Sie es <span style=\"text-decoration: underline;\"><br \/>\n  <span style=\"color: #333399;\"><br \/>\n    <a style=\"color: #333399; text-decoration: underline;\" href=\"https:\/\/rap-webshop.nl\/product\/joycube-oplader-sslc084v42xh-met-5-polige-ronde-stekker\/\" target=\"_blank\" rel=\"noopener\">hier<\/a><br \/>\n  <\/span><br \/>\n<\/span>.<\/p>\n<p><strong>Verwendung und Aufladen des Akkus<br \/>\n<\/strong>Die richtige Verwendung des Akkus ist entscheidend f\u00fcr seine Lebensdauer und Leistung. Dabei sind die folgenden Grunds\u00e4tze wichtig:<\/p>\n<ul>\n<li>Halten Sie den Akku durch regelm\u00e4\u00dfige Benutzung (Laden und Entladen) in gutem Zustand.<\/li>\n<li>Die beste Leistung erbringt der Akku bei einer Temperatur von 25 &#8211; 30 Grad Celsius, bleibt aber auch bei niedrigeren Temperaturen in bestem Zustand. Lagern Sie den Akku vorzugsweise in einer k\u00fchlen, trockenen Umgebung, wenn er nicht benutzt wird.<\/li>\n<li>Laden Sie eine entladene Batterie sofort auf, um eine Tiefentladung zu vermeiden, bei der die Batteriespannung unter den Wert f\u00e4llt, bei dem die Batterie noch registrieren kann, dass das Ladeger\u00e4t angeschlossen ist.<\/li>\n<\/ul>\n<p>F\u00fcr eine ausf\u00fchrlichere Anleitung zur Verwaltung und Verwendung der Batterie klicken Sie bitte auf die Schaltfl\u00e4che unten:<\/p>\n<p><a href=\"https:\/\/rap-webshop.nl\/gebruik-en-beheer-van-de-li-ion-fietsaccu\/\" target=\"_blank\" rel=\"noopener\"><img decoding=\"async\" class=\"aligncenter wp-image-7375\" src=\"https:\/\/rap-webshop.nl\/wp-content\/uploads\/2025\/10\/tips-voor-een-goed-gebruik-en-beheer-van-de-accu-2-300x41.jpg\" alt=\"Tipps zur Nutzung und Verwaltung von Fahrradbatterien\" width=\"569\" height=\"77\"><\/a><\/p>\n<p>&nbsp;<\/p>\n<p><strong>ALLGEMEINE PRODUKTINFORMATIONEN:<br \/>\n<\/strong>Artikel-Nummer: 5113-S<br \/>\nModellnummer: JCEB360-11.6<br \/>\nHerstellernummer: CB05100286<br \/>\nEAN: 9508418897324<br \/>\nGarantie: 24 Monate<br \/>\nAnwendung: Elektrofahrrad mit 36-Volt-Elektrosystem<br \/>\nMarke: Joycube (Phylion)<\/p>\n<p><strong>PRODUKTSPEZIFIKATIONEN:<br \/>\n<\/strong>Typ: Li-ION<br \/>\nModell: SF-06<br \/>\nBatterieverwaltung: Phylion smart BMS<br \/>\nAusgangsspannung: 36 V<br \/>\nKapazit\u00e4t: 418 WH (36V &#8211; 11,6 Ah)<br \/>\nL\u00e4nge: 295 mm<br \/>\nBreite: 85 mm<br \/>\nH\u00f6he: 95 mm<br \/>\nGewicht: 2,9 kg<br \/>\nZustand: Neu<br \/>\nVorgeladen: Ja, teilweise<br \/>\nOptional: Batteriefach und Schloss, Ladeger\u00e4t<\/p>\n<p><strong>LIEFERUNG:<br \/>\n<\/strong>&#8211; Kostenloser Versand<br \/>\n&#8211; Kreditkarte und Nachzahlung m\u00f6glich<\/p>\n","protected":false},"excerpt":{"rendered":"<p>De Phylion Joycube SF-06 accu met Smart BMS levert betrouwbare energie voor jouw elektrische fiets. Original Phylion SF-06 (JCEB360-11.6) 36 V Fahrradakku aus der Joycube Serie mit 5-poligem Rundladestecker. Die Batterie ist mit einem intelligenten BMS (Batteriemanagementsystem) ausgestattet und hat eine Kapazit\u00e4t von 418 Wh (36 V, 11,6 Ah). Achtung: Dieses Modell gibt es auch [&hellip;]<\/p>\n","protected":false},"featured_media":24805,"comment_status":"closed","ping_status":"open","template":"","meta":{"_acf_changed":false},"product_brand":[],"product_cat":[276,291],"product_tag":[],"class_list":{"0":"post-26276","1":"product","2":"type-product","3":"status-publish","4":"has-post-thumbnail","6":"product_cat-batterien-fuer-fahrraeder","7":"product_cat-phylion-joycube-sf-06-de","8":"product_shipping_class-standardversand-belgien","10":"first","11":"instock","12":"taxable","13":"shipping-taxable","14":"purchasable","15":"product-type-simple"},"acf":[],"yoast_head":"<!-- This site is optimized with the Yoast SEO plugin v27.3 - https:\/\/yoast.com\/product\/yoast-seo-wordpress\/ -->\n<title>Phylion Joycube SF-06 Accu met Smart BMS - RAP elektrische fietsen<\/title>\n<meta name=\"description\" content=\"De Phylion Joycube SF-06 accu met Smart BMS levert betrouwbare energie voor jouw elektrische fiets. Bestel nu!\" \/>\n<meta name=\"robots\" content=\"index, follow, max-snippet:-1, max-image-preview:large, max-video-preview:-1\" \/>\n<link rel=\"canonical\" href=\"https:\/\/rap-webshop.nl\/de\/produkt\/phylion-joycube-sf-06-jceb360-rahmenbatterie-mit-intelligentem-bms-u-a-fuer-rap-puch-prophete-keiler-fischer-etc-neues-lager\/\" \/>\n<meta property=\"og:locale\" content=\"de_DE\" \/>\n<meta property=\"og:type\" content=\"article\" \/>\n<meta property=\"og:title\" content=\"Phylion Joycube SF-06 Accu\" \/>\n<meta property=\"og:description\" content=\"Ontdek de betrouwbare Phylion Joycube SF-06 accu met Smart BMS voor jouw fiets. Bekijk het aanbod!\" \/>\n<meta property=\"og:url\" content=\"https:\/\/rap-webshop.nl\/de\/produkt\/phylion-joycube-sf-06-jceb360-rahmenbatterie-mit-intelligentem-bms-u-a-fuer-rap-puch-prophete-keiler-fischer-etc-neues-lager\/\" \/>\n<meta property=\"og:site_name\" content=\"RAP elektrische fietsen\" \/>\n<meta property=\"article:modified_time\" content=\"2025-10-08T12:43:17+00:00\" \/>\n<meta property=\"og:image\" content=\"https:\/\/rap-webshop.nl\/wp-content\/uploads\/2025\/10\/SF-06-productoverizichtpagina-2.jpg\" \/>\n\t<meta property=\"og:image:width\" content=\"1280\" \/>\n\t<meta property=\"og:image:height\" content=\"720\" \/>\n\t<meta property=\"og:image:type\" content=\"image\/jpeg\" \/>\n<meta name=\"twitter:card\" content=\"summary_large_image\" \/>\n<meta name=\"twitter:title\" content=\"Phylion Joycube SF-06 Accu\" \/>\n<meta name=\"twitter:description\" content=\"Ontdek de betrouwbare Phylion Joycube SF-06 accu met Smart BMS voor jouw fiets. Bekijk het aanbod!\" \/>\n<meta name=\"twitter:label1\" content=\"Preis\" \/>\n\t<meta name=\"twitter:data1\" content=\"&euro;419,00\" \/>\n\t<meta name=\"twitter:label2\" content=\"Verf\u00fcgbarkeit\" \/>\n\t<meta name=\"twitter:data2\" content=\"Auf Lager\" \/>\n<script type=\"application\/ld+json\" class=\"yoast-schema-graph\">{\"@context\":\"https:\\\/\\\/schema.org\",\"@graph\":[{\"@type\":\"WebPage\",\"@id\":\"https:\\\/\\\/rap-webshop.nl\\\/de\\\/produkt\\\/phylion-joycube-sf-06-jceb360-rahmenbatterie-mit-intelligentem-bms-u-a-fuer-rap-puch-prophete-keiler-fischer-etc-neues-lager\\\/\",\"url\":\"https:\\\/\\\/rap-webshop.nl\\\/de\\\/produkt\\\/phylion-joycube-sf-06-jceb360-rahmenbatterie-mit-intelligentem-bms-u-a-fuer-rap-puch-prophete-keiler-fischer-etc-neues-lager\\\/\",\"name\":\"Phylion Joycube SF-06 Accu met Smart BMS - RAP elektrische fietsen\",\"isPartOf\":{\"@id\":\"https:\\\/\\\/rap-webshop.nl\\\/de\\\/#website\"},\"primaryImageOfPage\":{\"@id\":\"https:\\\/\\\/rap-webshop.nl\\\/de\\\/produkt\\\/phylion-joycube-sf-06-jceb360-rahmenbatterie-mit-intelligentem-bms-u-a-fuer-rap-puch-prophete-keiler-fischer-etc-neues-lager\\\/#primaryimage\"},\"image\":{\"@id\":\"https:\\\/\\\/rap-webshop.nl\\\/de\\\/produkt\\\/phylion-joycube-sf-06-jceb360-rahmenbatterie-mit-intelligentem-bms-u-a-fuer-rap-puch-prophete-keiler-fischer-etc-neues-lager\\\/#primaryimage\"},\"thumbnailUrl\":\"https:\\\/\\\/rap-webshop.nl\\\/wp-content\\\/uploads\\\/2025\\\/10\\\/SF-06-productoverizichtpagina-2.jpg\",\"datePublished\":\"2023-10-19T11:41:10+00:00\",\"dateModified\":\"2025-10-08T12:43:17+00:00\",\"description\":\"De Phylion Joycube SF-06 accu met Smart BMS levert betrouwbare energie voor jouw elektrische fiets. Bestel nu!\",\"breadcrumb\":{\"@id\":\"https:\\\/\\\/rap-webshop.nl\\\/de\\\/produkt\\\/phylion-joycube-sf-06-jceb360-rahmenbatterie-mit-intelligentem-bms-u-a-fuer-rap-puch-prophete-keiler-fischer-etc-neues-lager\\\/#breadcrumb\"},\"inLanguage\":\"de\",\"potentialAction\":[{\"@type\":\"ReadAction\",\"target\":[\"https:\\\/\\\/rap-webshop.nl\\\/de\\\/produkt\\\/phylion-joycube-sf-06-jceb360-rahmenbatterie-mit-intelligentem-bms-u-a-fuer-rap-puch-prophete-keiler-fischer-etc-neues-lager\\\/\"]}]},{\"@type\":\"ImageObject\",\"inLanguage\":\"de\",\"@id\":\"https:\\\/\\\/rap-webshop.nl\\\/de\\\/produkt\\\/phylion-joycube-sf-06-jceb360-rahmenbatterie-mit-intelligentem-bms-u-a-fuer-rap-puch-prophete-keiler-fischer-etc-neues-lager\\\/#primaryimage\",\"url\":\"https:\\\/\\\/rap-webshop.nl\\\/wp-content\\\/uploads\\\/2025\\\/10\\\/SF-06-productoverizichtpagina-2.jpg\",\"contentUrl\":\"https:\\\/\\\/rap-webshop.nl\\\/wp-content\\\/uploads\\\/2025\\\/10\\\/SF-06-productoverizichtpagina-2.jpg\",\"width\":1280,\"height\":720,\"caption\":\"Phylion Joycube SF-06 (JCEB360) Rahmenbatterie mit Smart BMS u.a. f\u00fcr RAP, Puch, Prophete, Keiler, Fischer etc. NEUES LAGER! - RAP elektrische fietsen\"},{\"@type\":\"BreadcrumbList\",\"@id\":\"https:\\\/\\\/rap-webshop.nl\\\/de\\\/produkt\\\/phylion-joycube-sf-06-jceb360-rahmenbatterie-mit-intelligentem-bms-u-a-fuer-rap-puch-prophete-keiler-fischer-etc-neues-lager\\\/#breadcrumb\",\"itemListElement\":[{\"@type\":\"ListItem\",\"position\":1,\"name\":\"Home\",\"item\":\"https:\\\/\\\/rap-webshop.nl\\\/de\\\/\"},{\"@type\":\"ListItem\",\"position\":2,\"name\":\"Shop\",\"item\":\"https:\\\/\\\/rap-webshop.nl\\\/winkel\\\/\"},{\"@type\":\"ListItem\",\"position\":3,\"name\":\"Phylion Joycube SF-06 (JCEB360) Rahmenbatterie mit Smart BMS u.a. f\u00fcr RAP, Puch, Prophete, Keiler, Fischer etc. NEUES LAGER!\"}]},{\"@type\":\"WebSite\",\"@id\":\"https:\\\/\\\/rap-webshop.nl\\\/de\\\/#website\",\"url\":\"https:\\\/\\\/rap-webshop.nl\\\/de\\\/\",\"name\":\"RAP elektrische fietsen\",\"description\":\"E-bikes, e-bike accu\u2019s, li-ion laders &amp; -accessoires\",\"publisher\":{\"@id\":\"https:\\\/\\\/rap-webshop.nl\\\/de\\\/#organization\"},\"potentialAction\":[{\"@type\":\"SearchAction\",\"target\":{\"@type\":\"EntryPoint\",\"urlTemplate\":\"https:\\\/\\\/rap-webshop.nl\\\/de\\\/?s={search_term_string}\"},\"query-input\":{\"@type\":\"PropertyValueSpecification\",\"valueRequired\":true,\"valueName\":\"search_term_string\"}}],\"inLanguage\":\"de\"},{\"@type\":\"Organization\",\"@id\":\"https:\\\/\\\/rap-webshop.nl\\\/de\\\/#organization\",\"name\":\"RAP elektrische fietsen\",\"url\":\"https:\\\/\\\/rap-webshop.nl\\\/de\\\/\",\"logo\":{\"@type\":\"ImageObject\",\"inLanguage\":\"de\",\"@id\":\"https:\\\/\\\/rap-webshop.nl\\\/de\\\/#\\\/schema\\\/logo\\\/image\\\/\",\"url\":\"https:\\\/\\\/rap-webshop.nl\\\/wp-content\\\/uploads\\\/2025\\\/07\\\/RAP-Webshop-logo-diap-1.svg\",\"contentUrl\":\"https:\\\/\\\/rap-webshop.nl\\\/wp-content\\\/uploads\\\/2025\\\/07\\\/RAP-Webshop-logo-diap-1.svg\",\"caption\":\"RAP elektrische fietsen\"},\"image\":{\"@id\":\"https:\\\/\\\/rap-webshop.nl\\\/de\\\/#\\\/schema\\\/logo\\\/image\\\/\"}}]}<\/script>\n<meta property=\"product:price:amount\" content=\"419.00\" \/>\n<meta property=\"product:price:currency\" content=\"EUR\" \/>\n<meta property=\"og:availability\" content=\"instock\" \/>\n<meta property=\"product:availability\" content=\"instock\" \/>\n<meta property=\"product:retailer_item_id\" content=\"5113\" \/>\n<meta property=\"product:condition\" content=\"new\" \/>\n<!-- \/ Yoast SEO plugin. -->","yoast_head_json":{"title":"Phylion Joycube SF-06 Accu met Smart BMS - RAP elektrische fietsen","description":"De Phylion Joycube SF-06 accu met Smart BMS levert betrouwbare energie voor jouw elektrische fiets. Bestel nu!","robots":{"index":"index","follow":"follow","max-snippet":"max-snippet:-1","max-image-preview":"max-image-preview:large","max-video-preview":"max-video-preview:-1"},"canonical":"https:\/\/rap-webshop.nl\/de\/produkt\/phylion-joycube-sf-06-jceb360-rahmenbatterie-mit-intelligentem-bms-u-a-fuer-rap-puch-prophete-keiler-fischer-etc-neues-lager\/","og_locale":"de_DE","og_type":"article","og_title":"Phylion Joycube SF-06 Accu","og_description":"Ontdek de betrouwbare Phylion Joycube SF-06 accu met Smart BMS voor jouw fiets. Bekijk het aanbod!","og_url":"https:\/\/rap-webshop.nl\/de\/produkt\/phylion-joycube-sf-06-jceb360-rahmenbatterie-mit-intelligentem-bms-u-a-fuer-rap-puch-prophete-keiler-fischer-etc-neues-lager\/","og_site_name":"RAP elektrische fietsen","article_modified_time":"2025-10-08T12:43:17+00:00","og_image":[{"width":1280,"height":720,"url":"https:\/\/rap-webshop.nl\/wp-content\/uploads\/2025\/10\/SF-06-productoverizichtpagina-2.jpg","type":"image\/jpeg"}],"twitter_card":"summary_large_image","twitter_title":"Phylion Joycube SF-06 Accu","twitter_description":"Ontdek de betrouwbare Phylion Joycube SF-06 accu met Smart BMS voor jouw fiets. Bekijk het aanbod!","twitter_misc":{"Preis":"&euro;419,00","Verf\u00fcgbarkeit":"Auf Lager"},"schema":{"@context":"https:\/\/schema.org","@graph":[{"@type":"WebPage","@id":"https:\/\/rap-webshop.nl\/de\/produkt\/phylion-joycube-sf-06-jceb360-rahmenbatterie-mit-intelligentem-bms-u-a-fuer-rap-puch-prophete-keiler-fischer-etc-neues-lager\/","url":"https:\/\/rap-webshop.nl\/de\/produkt\/phylion-joycube-sf-06-jceb360-rahmenbatterie-mit-intelligentem-bms-u-a-fuer-rap-puch-prophete-keiler-fischer-etc-neues-lager\/","name":"Phylion Joycube SF-06 Accu met Smart BMS - RAP elektrische fietsen","isPartOf":{"@id":"https:\/\/rap-webshop.nl\/de\/#website"},"primaryImageOfPage":{"@id":"https:\/\/rap-webshop.nl\/de\/produkt\/phylion-joycube-sf-06-jceb360-rahmenbatterie-mit-intelligentem-bms-u-a-fuer-rap-puch-prophete-keiler-fischer-etc-neues-lager\/#primaryimage"},"image":{"@id":"https:\/\/rap-webshop.nl\/de\/produkt\/phylion-joycube-sf-06-jceb360-rahmenbatterie-mit-intelligentem-bms-u-a-fuer-rap-puch-prophete-keiler-fischer-etc-neues-lager\/#primaryimage"},"thumbnailUrl":"https:\/\/rap-webshop.nl\/wp-content\/uploads\/2025\/10\/SF-06-productoverizichtpagina-2.jpg","datePublished":"2023-10-19T11:41:10+00:00","dateModified":"2025-10-08T12:43:17+00:00","description":"De Phylion Joycube SF-06 accu met Smart BMS levert betrouwbare energie voor jouw elektrische fiets. Bestel nu!","breadcrumb":{"@id":"https:\/\/rap-webshop.nl\/de\/produkt\/phylion-joycube-sf-06-jceb360-rahmenbatterie-mit-intelligentem-bms-u-a-fuer-rap-puch-prophete-keiler-fischer-etc-neues-lager\/#breadcrumb"},"inLanguage":"de","potentialAction":[{"@type":"ReadAction","target":["https:\/\/rap-webshop.nl\/de\/produkt\/phylion-joycube-sf-06-jceb360-rahmenbatterie-mit-intelligentem-bms-u-a-fuer-rap-puch-prophete-keiler-fischer-etc-neues-lager\/"]}]},{"@type":"ImageObject","inLanguage":"de","@id":"https:\/\/rap-webshop.nl\/de\/produkt\/phylion-joycube-sf-06-jceb360-rahmenbatterie-mit-intelligentem-bms-u-a-fuer-rap-puch-prophete-keiler-fischer-etc-neues-lager\/#primaryimage","url":"https:\/\/rap-webshop.nl\/wp-content\/uploads\/2025\/10\/SF-06-productoverizichtpagina-2.jpg","contentUrl":"https:\/\/rap-webshop.nl\/wp-content\/uploads\/2025\/10\/SF-06-productoverizichtpagina-2.jpg","width":1280,"height":720,"caption":"Phylion Joycube SF-06 (JCEB360) Rahmenbatterie mit Smart BMS u.a. f\u00fcr RAP, Puch, Prophete, Keiler, Fischer etc. NEUES LAGER! - RAP elektrische fietsen"},{"@type":"BreadcrumbList","@id":"https:\/\/rap-webshop.nl\/de\/produkt\/phylion-joycube-sf-06-jceb360-rahmenbatterie-mit-intelligentem-bms-u-a-fuer-rap-puch-prophete-keiler-fischer-etc-neues-lager\/#breadcrumb","itemListElement":[{"@type":"ListItem","position":1,"name":"Home","item":"https:\/\/rap-webshop.nl\/de\/"},{"@type":"ListItem","position":2,"name":"Shop","item":"https:\/\/rap-webshop.nl\/winkel\/"},{"@type":"ListItem","position":3,"name":"Phylion Joycube SF-06 (JCEB360) Rahmenbatterie mit Smart BMS u.a. f\u00fcr RAP, Puch, Prophete, Keiler, Fischer etc. NEUES LAGER!"}]},{"@type":"WebSite","@id":"https:\/\/rap-webshop.nl\/de\/#website","url":"https:\/\/rap-webshop.nl\/de\/","name":"RAP elektrische fietsen","description":"E-bikes, e-bike accu\u2019s, li-ion laders &amp; -accessoires","publisher":{"@id":"https:\/\/rap-webshop.nl\/de\/#organization"},"potentialAction":[{"@type":"SearchAction","target":{"@type":"EntryPoint","urlTemplate":"https:\/\/rap-webshop.nl\/de\/?s={search_term_string}"},"query-input":{"@type":"PropertyValueSpecification","valueRequired":true,"valueName":"search_term_string"}}],"inLanguage":"de"},{"@type":"Organization","@id":"https:\/\/rap-webshop.nl\/de\/#organization","name":"RAP elektrische fietsen","url":"https:\/\/rap-webshop.nl\/de\/","logo":{"@type":"ImageObject","inLanguage":"de","@id":"https:\/\/rap-webshop.nl\/de\/#\/schema\/logo\/image\/","url":"https:\/\/rap-webshop.nl\/wp-content\/uploads\/2025\/07\/RAP-Webshop-logo-diap-1.svg","contentUrl":"https:\/\/rap-webshop.nl\/wp-content\/uploads\/2025\/07\/RAP-Webshop-logo-diap-1.svg","caption":"RAP elektrische fietsen"},"image":{"@id":"https:\/\/rap-webshop.nl\/de\/#\/schema\/logo\/image\/"}}]},"product_price_amount":"419.00","product_price_currency":"EUR","og_availability":"instock","product_availability":"instock","product_retailer_item_id":"5113","product_condition":"new"},"_links":{"self":[{"href":"https:\/\/rap-webshop.nl\/de\/wp-json\/wp\/v2\/product\/26276","targetHints":{"allow":["GET"]}}],"collection":[{"href":"https:\/\/rap-webshop.nl\/de\/wp-json\/wp\/v2\/product"}],"about":[{"href":"https:\/\/rap-webshop.nl\/de\/wp-json\/wp\/v2\/types\/product"}],"replies":[{"embeddable":true,"href":"https:\/\/rap-webshop.nl\/de\/wp-json\/wp\/v2\/comments?post=26276"}],"wp:featuredmedia":[{"embeddable":true,"href":"https:\/\/rap-webshop.nl\/de\/wp-json\/wp\/v2\/media\/24805"}],"wp:attachment":[{"href":"https:\/\/rap-webshop.nl\/de\/wp-json\/wp\/v2\/media?parent=26276"}],"wp:term":[{"taxonomy":"product_brand","embeddable":true,"href":"https:\/\/rap-webshop.nl\/de\/wp-json\/wp\/v2\/product_brand?post=26276"},{"taxonomy":"product_cat","embeddable":true,"href":"https:\/\/rap-webshop.nl\/de\/wp-json\/wp\/v2\/product_cat?post=26276"},{"taxonomy":"product_tag","embeddable":true,"href":"https:\/\/rap-webshop.nl\/de\/wp-json\/wp\/v2\/product_tag?post=26276"}],"curies":[{"name":"wp","href":"https:\/\/api.w.org\/{rel}","templated":true}]}}