{"id":26241,"date":"2023-02-28T16:50:33","date_gmt":"2023-02-28T15:50:33","guid":{"rendered":"https:\/\/rap-webshop.nl\/product\/phylion-joycube-sf-03-akku-jceb360-14-5-522-wh-inkl-led-ruecklicht\/"},"modified":"2025-10-08T14:42:47","modified_gmt":"2025-10-08T12:42:47","slug":"phylion-joycube-sf-03-akku-jceb360-14-5-522-wh-inkl-led-ruecklicht","status":"publish","type":"product","link":"https:\/\/rap-webshop.nl\/de\/produkt\/phylion-joycube-sf-03-akku-jceb360-14-5-522-wh-inkl-led-ruecklicht\/","title":{"rendered":"Phylion Joycube SF-03 Akku (JCEB360.14.5) 522 Wh inkl. LED-R\u00fccklicht f\u00fcr u.a. Fischer, Bianchi, Chrisson, Puch, DHS Uzw."},"content":{"rendered":"<p>De Phylion Joycube SF-03 accu biedt 522 Wh en is ideaal voor jouw fietsavonturen.<\/p>\n<h3>Die Original Phylion SF-03 Fahrradbatterie (Modell JCEB-36-14,5-C) aus der Joycube-Serie ist kompatibel mit verschiedenen Fahrradmarken wie Fischer, Bianchi, Chrisson, Puch, DHS, Kildemoes, Reid, Gregster und mehr. Sie verf\u00fcgt \u00fcber ein Standard-BMS und ist inklusive LED-R\u00fccklicht. Ersetzt auch Modelle mit 8,8 und 11 Ah Kapazit\u00e4t.<\/h3>\n<p>&nbsp;<\/p>\n<p><strong>Der Akku<br \/>\n<\/strong>Hochwertiger und zuverl\u00e4ssiger Li-ION-Fahrradakku von Phylion mit 5-poliger Rundsteckverbindung zum Laden. Der Fahrradakku liefert 522 Wh Kapazit\u00e4t bei 36 Volt (14,5 Ah) und ist mit Modellen mit anderen Kapazit\u00e4ten dieser Serie kompatibel, solange die Spannung von 36 V \u00fcbereinstimmt.<\/p>\n<p><strong>Ist die Batterie f\u00fcr mein Fahrrad geeignet?<br \/>\n<\/strong><span style=\"font-size: 16px; font-style: normal; font-weight: 400;\">Diese Fahrradbatterie ist f\u00fcr eine breite Palette von Modellen verschiedener Marken geeignet. F\u00fcr die Modell\u00fcbersicht nach Marke, siehe die entsprechende Markenseite<span style=\"text-decoration: underline;\"><br \/>\n<span style=\"color: #333399;\"><br \/>\n<a style=\"color: #333399; text-decoration: underline;\" href=\"https:\/\/rap-webshop.nl\/fietsaccus\/\"> hier<\/a><br \/>\n<\/span><br \/>\n<\/span> klicken Sie hier.<\/span><\/p>\n<p>In 4 Schritten k\u00f6nnen Sie ganz einfach selbst \u00fcberpr\u00fcfen, ob dieser Akku f\u00fcr Ihr Elektrofahrrad geeignet ist:<\/p>\n<ol>\n<li><span style=\"text-decoration: underline;\">Bauform:<\/span> Die Bauform der aktuellen Batterie sollte der der neuen Batterie entsprechen (siehe Foto). Lesen Sie dazu auch die nachstehenden Informationen.<\/li>\n<li><span style=\"text-decoration: underline;\">Spannung<\/span>: Die aktuelle Batterie sollte 36 Volt haben.<\/li>\n<li><span style=\"text-decoration: underline;\">Batteriemanagementsystem (BMS<\/span>): Die zu ersetzende Batterie verf\u00fcgt \u00fcber ein intelligentes BMS oder ein Standard-BMS. Wenn Sie Zweifel an der N\u00fctzlichkeit oder Notwendigkeit eines intelligenten BMS haben, lesen Sie die Informationen unter der unten stehenden Schaltfl\u00e4che.<\/li>\n<li><span style=\"text-decoration: underline;\">Ladesteckeranschluss<\/span>: Das aktuelle Joycube-Ladeger\u00e4t sollte einen runden 5-poligen Kunststoffstecker mit einer Ausgangsspannung von 42 Volt zum Laden dieses Akkus haben.<\/li>\n<\/ol>\n<p>Ausf\u00fchrlichere Erl\u00e4uterungen zu diesen 4 Schritten :<\/p>\n<h5 style=\"text-align: center;\"><a href=\"https:\/\/rap-webshop.nl\/de-geschikte-phylion-SF03-fietsaccu\" target=\"_blank\" rel=\"noopener\"><img decoding=\"async\" class=\"alignnone wp-image-7377\" src=\"https:\/\/rap-webshop.nl\/wp-content\/uploads\/2025\/10\/Is-deze-accu-geschikt-voor-jouw-fiets-1-2-1024x210.jpg\" alt=\"Ist dieser Joycube SF-03 geeignet f\u00fcr Ihr Elektrofahrrad\" width=\"391\" height=\"80\" \/><\/a><\/h5>\n<p><strong><br \/>\nLive-Demonstration und Recht auf R\u00fcckkehr<\/strong><br \/>\nHaben Sie Fragen? Dann kontaktieren Sie uns (per Post oder Telefon).<br \/>\nVergewissern Sie sich vor dem Kauf, dass die Batterie in Ihr Fahrrad passt und funktioniert? Vereinbaren Sie einen Termin f\u00fcr eine Live-Vorf\u00fchrung in unserem B\u00fcro.<br \/>\nSie haben online eine Batterie bestellt und sind nicht zufrieden? Senden Sie den Akku innerhalb von 14 Tagen zur\u00fcck und erhalten Sie Ihr Geld zur\u00fcck (siehe Gesch\u00e4ftsbedingungen).<\/p>\n<p><strong>Passendes Ladeger\u00e4t, Batterieschlitten und Batterieschloss:<br \/>\n<\/strong>In vielen F\u00e4llen funktioniert das aktuelle Ladeger\u00e4t der alten Batterie auch an dieser neuen Fahrradbatterie. Ben\u00f6tigen Sie noch ein Ersatz- oder Zusatzladeger\u00e4t, dann bestellen Sie es <span style=\"text-decoration: underline;\"><br \/>\n<span style=\"color: #333399;\"><br \/>\n<a style=\"color: #333399; text-decoration: underline;\" href=\"https:\/\/rap-webshop.nl\/product\/joycube-oplader-sslc084v42xh-met-5-polige-ronde-stekker\/\" target=\"_blank\" rel=\"noopener\">hier<\/a><br \/>\n<\/span><br \/>\n<\/span>. Sie k\u00f6nnen einen neuen Batterieschlitten bestellen <span style=\"text-decoration: underline;\"><br \/>\n<span style=\"color: #000080;\"><br \/>\n<a style=\"color: #000080; text-decoration: underline;\" href=\"https:\/\/rap-webshop.nl\/product\/joycube-sf03-accuslede\/\" target=\"_blank\" rel=\"noopener\">hier<\/a><br \/>\n<\/span><br \/>\n<\/span> und ein neues Batterieschloss <span style=\"color: #333399;\"><br \/>\n<a style=\"color: #333399;\" href=\"https:\/\/rap-webshop.nl\/product\/joycube-phylion-sf03-accuslot\/\" target=\"_blank\" rel=\"noopener\"><br \/>\n<span style=\"text-decoration: underline;\">hier<\/span><br \/>\n<\/a><br \/>\n<\/span>.<\/p>\n<p><strong>LED-R\u00fccklicht oder nicht?<\/strong><br \/>\nWenn Sie lieber die Batterie ohne R\u00fccklicht bestellen m\u00f6chten, klicken Sie <a href=\"https:\/\/rap-webshop.nl\/product\/phylion-xh370-14J\" target=\"_blank\" rel=\"noopener\"><br \/>\n<span style=\"text-decoration: underline; color: #333399;\">hier<\/span><br \/>\n<\/a>.<\/p>\n<p><strong>Verwendung und Aufladen des Akkus<br \/>\n<\/strong>Die richtige Verwendung des Akkus ist entscheidend f\u00fcr seine Lebensdauer und Leistung. Dabei sind die folgenden Grunds\u00e4tze wichtig:<\/p>\n<ul>\n<li>Halten Sie den Akku durch regelm\u00e4\u00dfige Benutzung (Laden und Entladen) in gutem Zustand.<\/li>\n<li>Die beste Leistung erbringt der Akku bei einer Temperatur von 25 &#8211; 30 Grad Celsius, bleibt aber auch bei niedrigeren Temperaturen in bestem Zustand. Lagern Sie den Akku vorzugsweise in einer k\u00fchlen, trockenen Umgebung, wenn er nicht benutzt wird.<\/li>\n<li>Laden Sie eine entladene Batterie sofort auf, um eine Tiefentladung zu vermeiden, bei der die Batteriespannung unter den Wert f\u00e4llt, bei dem die Batterie noch registrieren kann, dass das Ladeger\u00e4t angeschlossen ist.<\/li>\n<\/ul>\n<p>F\u00fcr eine ausf\u00fchrlichere Anleitung zur Verwaltung und Verwendung der Batterie klicken Sie bitte auf die Schaltfl\u00e4che unten:<\/p>\n<p><a href=\"https:\/\/rap-webshop.nl\/gebruik-en-beheer-van-de-li-ion-fietsaccu\/\" target=\"_blank\" rel=\"noopener\"><img decoding=\"async\" class=\"aligncenter wp-image-7375\" src=\"https:\/\/rap-webshop.nl\/wp-content\/uploads\/2025\/10\/tips-voor-een-goed-gebruik-en-beheer-van-de-accu-2-300x41.jpg\" alt=\"Tipps zur Nutzung und Verwaltung von Fahrradbatterien\" width=\"569\" height=\"77\" \/><\/a><\/p>\n<p>&nbsp;<\/p>\n<p><strong>ALLGEMEINE PRODUKTINFORMATIONEN:<br \/>\n<\/strong>Artikel-Nummer: 5110-B<br \/>\nModellnummer: JCEB360-14.5-C<br \/>\nHerstellernummer: CB05100286<br \/>\nEAN: 9509146941549<br \/>\nGarantie: 24 Monate<br \/>\nAnwendung: Elektrofahrrad 36\/ 37 Volt<br \/>\nMarke: Joycube (Phylion)<\/p>\n<p><strong>PRODUKTSPEZIFIKATIONEN:<br \/>\n<\/strong>Typ: Li-ION<br \/>\nModell: SF-03 (JCEB360-14.5-C)<br \/>\nBatterieverwaltung: Phylion Standard-BMS<br \/>\nAusgangsspannung: 36 V<br \/>\nKapazit\u00e4t: 522 WH (36V &#8211; 14,5 Ah)<br \/>\nL\u00e4nge: 375 mm<br \/>\nBreite: 150 mm<br \/>\nH\u00f6he: 64 mm<br \/>\nGewicht: 2,9 kg<br \/>\nZustand: Neu<br \/>\nVorgeladen: Ja, teilweise<br \/>\nOptional: LED-R\u00fccklicht, Ladeger\u00e4t, Akkuschieber<\/p>\n<p><strong>LIEFERUNG:<br \/>\n<\/strong>&#8211; Kostenloser Versand<br \/>\n&#8211; Kreditkarte und Nachzahlung m\u00f6glich<\/p>\n","protected":false},"excerpt":{"rendered":"<p>De Phylion Joycube SF-03 accu biedt 522 Wh en is ideaal voor jouw fietsavonturen. Die Original Phylion SF-03 Fahrradbatterie (Modell JCEB-36-14,5-C) aus der Joycube-Serie ist kompatibel mit verschiedenen Fahrradmarken wie Fischer, Bianchi, Chrisson, Puch, DHS, Kildemoes, Reid, Gregster und mehr. Sie verf\u00fcgt \u00fcber ein Standard-BMS und ist inklusive LED-R\u00fccklicht. Ersetzt auch Modelle mit 8,8 und [&hellip;]<\/p>\n","protected":false},"featured_media":24750,"comment_status":"closed","ping_status":"open","template":"","meta":{"_acf_changed":false},"product_brand":[],"product_cat":[276,285],"product_tag":[],"class_list":{"0":"post-26241","1":"product","2":"type-product","3":"status-publish","4":"has-post-thumbnail","6":"product_cat-batterien-fuer-fahrraeder","7":"product_cat-phylion-sf-03-joycube-jceb360","8":"product_shipping_class-standardversand-belgien","10":"first","11":"instock","12":"sale","13":"taxable","14":"shipping-taxable","15":"purchasable","16":"product-type-simple"},"acf":[],"yoast_head":"<!-- This site is optimized with the Yoast SEO plugin v27.3 - https:\/\/yoast.com\/product\/yoast-seo-wordpress\/ -->\n<title>Phylion Joycube SF-03 522Wh - RAP elektrische fietsen<\/title>\n<meta name=\"description\" content=\"De Phylion Joycube SF-03 accu met 522 Wh is perfect voor jouw fietsavonturen. Koop hem vandaag nog!\" \/>\n<meta name=\"robots\" content=\"index, follow, max-snippet:-1, max-image-preview:large, max-video-preview:-1\" \/>\n<link rel=\"canonical\" href=\"https:\/\/rap-webshop.nl\/de\/produkt\/phylion-joycube-sf-03-akku-jceb360-14-5-522-wh-inkl-led-ruecklicht\/\" \/>\n<meta property=\"og:locale\" content=\"de_DE\" \/>\n<meta property=\"og:type\" content=\"article\" \/>\n<meta property=\"og:title\" content=\"Phylion Joycube SF-03 accu 522Wh\" \/>\n<meta property=\"og:description\" content=\"Ontdek de krachtige Phylion Joycube SF-03 accu voor jouw fiets. Bestel nu!\" \/>\n<meta property=\"og:url\" content=\"https:\/\/rap-webshop.nl\/de\/produkt\/phylion-joycube-sf-03-akku-jceb360-14-5-522-wh-inkl-led-ruecklicht\/\" \/>\n<meta property=\"og:site_name\" content=\"RAP elektrische fietsen\" \/>\n<meta property=\"article:modified_time\" content=\"2025-10-08T12:42:47+00:00\" \/>\n<meta property=\"og:image\" content=\"https:\/\/rap-webshop.nl\/wp-content\/uploads\/2025\/10\/Joycube-JCEB360-SF-03-vervangende-accu-15-Ah-540-Wh-1-2.jpg\" \/>\n\t<meta property=\"og:image:width\" content=\"1280\" \/>\n\t<meta property=\"og:image:height\" content=\"720\" \/>\n\t<meta property=\"og:image:type\" content=\"image\/jpeg\" \/>\n<meta name=\"twitter:card\" content=\"summary_large_image\" \/>\n<meta name=\"twitter:title\" content=\"Phylion Joycube SF-03 accu 522Wh\" \/>\n<meta name=\"twitter:description\" content=\"Ontdek de krachtige Phylion Joycube SF-03 accu voor jouw fiets. Bestel nu!\" \/>\n<meta name=\"twitter:label1\" content=\"Preis\" \/>\n\t<meta name=\"twitter:data1\" content=\"&euro;329,00\" \/>\n\t<meta name=\"twitter:label2\" content=\"Verf\u00fcgbarkeit\" \/>\n\t<meta name=\"twitter:data2\" content=\"Auf Lager\" \/>\n<script type=\"application\/ld+json\" class=\"yoast-schema-graph\">{\"@context\":\"https:\\\/\\\/schema.org\",\"@graph\":[{\"@type\":\"WebPage\",\"@id\":\"https:\\\/\\\/rap-webshop.nl\\\/de\\\/produkt\\\/phylion-joycube-sf-03-akku-jceb360-14-5-522-wh-inkl-led-ruecklicht\\\/\",\"url\":\"https:\\\/\\\/rap-webshop.nl\\\/de\\\/produkt\\\/phylion-joycube-sf-03-akku-jceb360-14-5-522-wh-inkl-led-ruecklicht\\\/\",\"name\":\"Phylion Joycube SF-03 522Wh - RAP elektrische fietsen\",\"isPartOf\":{\"@id\":\"https:\\\/\\\/rap-webshop.nl\\\/de\\\/#website\"},\"primaryImageOfPage\":{\"@id\":\"https:\\\/\\\/rap-webshop.nl\\\/de\\\/produkt\\\/phylion-joycube-sf-03-akku-jceb360-14-5-522-wh-inkl-led-ruecklicht\\\/#primaryimage\"},\"image\":{\"@id\":\"https:\\\/\\\/rap-webshop.nl\\\/de\\\/produkt\\\/phylion-joycube-sf-03-akku-jceb360-14-5-522-wh-inkl-led-ruecklicht\\\/#primaryimage\"},\"thumbnailUrl\":\"https:\\\/\\\/rap-webshop.nl\\\/wp-content\\\/uploads\\\/2025\\\/10\\\/Joycube-JCEB360-SF-03-vervangende-accu-15-Ah-540-Wh-1-2.jpg\",\"datePublished\":\"2023-02-28T15:50:33+00:00\",\"dateModified\":\"2025-10-08T12:42:47+00:00\",\"description\":\"De Phylion Joycube SF-03 accu met 522 Wh is perfect voor jouw fietsavonturen. Koop hem vandaag nog!\",\"breadcrumb\":{\"@id\":\"https:\\\/\\\/rap-webshop.nl\\\/de\\\/produkt\\\/phylion-joycube-sf-03-akku-jceb360-14-5-522-wh-inkl-led-ruecklicht\\\/#breadcrumb\"},\"inLanguage\":\"de\",\"potentialAction\":[{\"@type\":\"ReadAction\",\"target\":[\"https:\\\/\\\/rap-webshop.nl\\\/de\\\/produkt\\\/phylion-joycube-sf-03-akku-jceb360-14-5-522-wh-inkl-led-ruecklicht\\\/\"]}]},{\"@type\":\"ImageObject\",\"inLanguage\":\"de\",\"@id\":\"https:\\\/\\\/rap-webshop.nl\\\/de\\\/produkt\\\/phylion-joycube-sf-03-akku-jceb360-14-5-522-wh-inkl-led-ruecklicht\\\/#primaryimage\",\"url\":\"https:\\\/\\\/rap-webshop.nl\\\/wp-content\\\/uploads\\\/2025\\\/10\\\/Joycube-JCEB360-SF-03-vervangende-accu-15-Ah-540-Wh-1-2.jpg\",\"contentUrl\":\"https:\\\/\\\/rap-webshop.nl\\\/wp-content\\\/uploads\\\/2025\\\/10\\\/Joycube-JCEB360-SF-03-vervangende-accu-15-Ah-540-Wh-1-2.jpg\",\"width\":1280,\"height\":720,\"caption\":\"Fischer Akku Phylion Joycube SF-03 (JCEB360-14.5) 522Wh (36 V, 14,5 Ah) mit R\u00fccklicht - RAP elektrische fietsen\"},{\"@type\":\"BreadcrumbList\",\"@id\":\"https:\\\/\\\/rap-webshop.nl\\\/de\\\/produkt\\\/phylion-joycube-sf-03-akku-jceb360-14-5-522-wh-inkl-led-ruecklicht\\\/#breadcrumb\",\"itemListElement\":[{\"@type\":\"ListItem\",\"position\":1,\"name\":\"Home\",\"item\":\"https:\\\/\\\/rap-webshop.nl\\\/de\\\/\"},{\"@type\":\"ListItem\",\"position\":2,\"name\":\"Shop\",\"item\":\"https:\\\/\\\/rap-webshop.nl\\\/winkel\\\/\"},{\"@type\":\"ListItem\",\"position\":3,\"name\":\"Phylion Joycube SF-03 Akku (JCEB360.14.5) 522 Wh inkl. LED-R\u00fccklicht f\u00fcr u.a. Fischer, Bianchi, Chrisson, Puch, DHS Uzw.\"}]},{\"@type\":\"WebSite\",\"@id\":\"https:\\\/\\\/rap-webshop.nl\\\/de\\\/#website\",\"url\":\"https:\\\/\\\/rap-webshop.nl\\\/de\\\/\",\"name\":\"RAP elektrische fietsen\",\"description\":\"E-bikes, e-bike accu\u2019s, li-ion laders &amp; -accessoires\",\"publisher\":{\"@id\":\"https:\\\/\\\/rap-webshop.nl\\\/de\\\/#organization\"},\"potentialAction\":[{\"@type\":\"SearchAction\",\"target\":{\"@type\":\"EntryPoint\",\"urlTemplate\":\"https:\\\/\\\/rap-webshop.nl\\\/de\\\/?s={search_term_string}\"},\"query-input\":{\"@type\":\"PropertyValueSpecification\",\"valueRequired\":true,\"valueName\":\"search_term_string\"}}],\"inLanguage\":\"de\"},{\"@type\":\"Organization\",\"@id\":\"https:\\\/\\\/rap-webshop.nl\\\/de\\\/#organization\",\"name\":\"RAP elektrische fietsen\",\"url\":\"https:\\\/\\\/rap-webshop.nl\\\/de\\\/\",\"logo\":{\"@type\":\"ImageObject\",\"inLanguage\":\"de\",\"@id\":\"https:\\\/\\\/rap-webshop.nl\\\/de\\\/#\\\/schema\\\/logo\\\/image\\\/\",\"url\":\"https:\\\/\\\/rap-webshop.nl\\\/wp-content\\\/uploads\\\/2025\\\/07\\\/RAP-Webshop-logo-diap-1.svg\",\"contentUrl\":\"https:\\\/\\\/rap-webshop.nl\\\/wp-content\\\/uploads\\\/2025\\\/07\\\/RAP-Webshop-logo-diap-1.svg\",\"caption\":\"RAP elektrische fietsen\"},\"image\":{\"@id\":\"https:\\\/\\\/rap-webshop.nl\\\/de\\\/#\\\/schema\\\/logo\\\/image\\\/\"}}]}<\/script>\n<meta property=\"product:price:amount\" content=\"329.00\" \/>\n<meta property=\"product:price:currency\" content=\"EUR\" \/>\n<meta property=\"og:availability\" content=\"instock\" \/>\n<meta property=\"product:availability\" content=\"instock\" \/>\n<meta property=\"product:retailer_item_id\" content=\"5110-B\" \/>\n<meta property=\"product:condition\" content=\"new\" \/>\n<!-- \/ Yoast SEO plugin. -->","yoast_head_json":{"title":"Phylion Joycube SF-03 522Wh - RAP elektrische fietsen","description":"De Phylion Joycube SF-03 accu met 522 Wh is perfect voor jouw fietsavonturen. Koop hem vandaag nog!","robots":{"index":"index","follow":"follow","max-snippet":"max-snippet:-1","max-image-preview":"max-image-preview:large","max-video-preview":"max-video-preview:-1"},"canonical":"https:\/\/rap-webshop.nl\/de\/produkt\/phylion-joycube-sf-03-akku-jceb360-14-5-522-wh-inkl-led-ruecklicht\/","og_locale":"de_DE","og_type":"article","og_title":"Phylion Joycube SF-03 accu 522Wh","og_description":"Ontdek de krachtige Phylion Joycube SF-03 accu voor jouw fiets. Bestel nu!","og_url":"https:\/\/rap-webshop.nl\/de\/produkt\/phylion-joycube-sf-03-akku-jceb360-14-5-522-wh-inkl-led-ruecklicht\/","og_site_name":"RAP elektrische fietsen","article_modified_time":"2025-10-08T12:42:47+00:00","og_image":[{"width":1280,"height":720,"url":"https:\/\/rap-webshop.nl\/wp-content\/uploads\/2025\/10\/Joycube-JCEB360-SF-03-vervangende-accu-15-Ah-540-Wh-1-2.jpg","type":"image\/jpeg"}],"twitter_card":"summary_large_image","twitter_title":"Phylion Joycube SF-03 accu 522Wh","twitter_description":"Ontdek de krachtige Phylion Joycube SF-03 accu voor jouw fiets. Bestel nu!","twitter_misc":{"Preis":"&euro;329,00","Verf\u00fcgbarkeit":"Auf Lager"},"schema":{"@context":"https:\/\/schema.org","@graph":[{"@type":"WebPage","@id":"https:\/\/rap-webshop.nl\/de\/produkt\/phylion-joycube-sf-03-akku-jceb360-14-5-522-wh-inkl-led-ruecklicht\/","url":"https:\/\/rap-webshop.nl\/de\/produkt\/phylion-joycube-sf-03-akku-jceb360-14-5-522-wh-inkl-led-ruecklicht\/","name":"Phylion Joycube SF-03 522Wh - RAP elektrische fietsen","isPartOf":{"@id":"https:\/\/rap-webshop.nl\/de\/#website"},"primaryImageOfPage":{"@id":"https:\/\/rap-webshop.nl\/de\/produkt\/phylion-joycube-sf-03-akku-jceb360-14-5-522-wh-inkl-led-ruecklicht\/#primaryimage"},"image":{"@id":"https:\/\/rap-webshop.nl\/de\/produkt\/phylion-joycube-sf-03-akku-jceb360-14-5-522-wh-inkl-led-ruecklicht\/#primaryimage"},"thumbnailUrl":"https:\/\/rap-webshop.nl\/wp-content\/uploads\/2025\/10\/Joycube-JCEB360-SF-03-vervangende-accu-15-Ah-540-Wh-1-2.jpg","datePublished":"2023-02-28T15:50:33+00:00","dateModified":"2025-10-08T12:42:47+00:00","description":"De Phylion Joycube SF-03 accu met 522 Wh is perfect voor jouw fietsavonturen. Koop hem vandaag nog!","breadcrumb":{"@id":"https:\/\/rap-webshop.nl\/de\/produkt\/phylion-joycube-sf-03-akku-jceb360-14-5-522-wh-inkl-led-ruecklicht\/#breadcrumb"},"inLanguage":"de","potentialAction":[{"@type":"ReadAction","target":["https:\/\/rap-webshop.nl\/de\/produkt\/phylion-joycube-sf-03-akku-jceb360-14-5-522-wh-inkl-led-ruecklicht\/"]}]},{"@type":"ImageObject","inLanguage":"de","@id":"https:\/\/rap-webshop.nl\/de\/produkt\/phylion-joycube-sf-03-akku-jceb360-14-5-522-wh-inkl-led-ruecklicht\/#primaryimage","url":"https:\/\/rap-webshop.nl\/wp-content\/uploads\/2025\/10\/Joycube-JCEB360-SF-03-vervangende-accu-15-Ah-540-Wh-1-2.jpg","contentUrl":"https:\/\/rap-webshop.nl\/wp-content\/uploads\/2025\/10\/Joycube-JCEB360-SF-03-vervangende-accu-15-Ah-540-Wh-1-2.jpg","width":1280,"height":720,"caption":"Fischer Akku Phylion Joycube SF-03 (JCEB360-14.5) 522Wh (36 V, 14,5 Ah) mit R\u00fccklicht - RAP elektrische fietsen"},{"@type":"BreadcrumbList","@id":"https:\/\/rap-webshop.nl\/de\/produkt\/phylion-joycube-sf-03-akku-jceb360-14-5-522-wh-inkl-led-ruecklicht\/#breadcrumb","itemListElement":[{"@type":"ListItem","position":1,"name":"Home","item":"https:\/\/rap-webshop.nl\/de\/"},{"@type":"ListItem","position":2,"name":"Shop","item":"https:\/\/rap-webshop.nl\/winkel\/"},{"@type":"ListItem","position":3,"name":"Phylion Joycube SF-03 Akku (JCEB360.14.5) 522 Wh inkl. LED-R\u00fccklicht f\u00fcr u.a. Fischer, Bianchi, Chrisson, Puch, DHS Uzw."}]},{"@type":"WebSite","@id":"https:\/\/rap-webshop.nl\/de\/#website","url":"https:\/\/rap-webshop.nl\/de\/","name":"RAP elektrische fietsen","description":"E-bikes, e-bike accu\u2019s, li-ion laders &amp; -accessoires","publisher":{"@id":"https:\/\/rap-webshop.nl\/de\/#organization"},"potentialAction":[{"@type":"SearchAction","target":{"@type":"EntryPoint","urlTemplate":"https:\/\/rap-webshop.nl\/de\/?s={search_term_string}"},"query-input":{"@type":"PropertyValueSpecification","valueRequired":true,"valueName":"search_term_string"}}],"inLanguage":"de"},{"@type":"Organization","@id":"https:\/\/rap-webshop.nl\/de\/#organization","name":"RAP elektrische fietsen","url":"https:\/\/rap-webshop.nl\/de\/","logo":{"@type":"ImageObject","inLanguage":"de","@id":"https:\/\/rap-webshop.nl\/de\/#\/schema\/logo\/image\/","url":"https:\/\/rap-webshop.nl\/wp-content\/uploads\/2025\/07\/RAP-Webshop-logo-diap-1.svg","contentUrl":"https:\/\/rap-webshop.nl\/wp-content\/uploads\/2025\/07\/RAP-Webshop-logo-diap-1.svg","caption":"RAP elektrische fietsen"},"image":{"@id":"https:\/\/rap-webshop.nl\/de\/#\/schema\/logo\/image\/"}}]},"product_price_amount":"329.00","product_price_currency":"EUR","og_availability":"instock","product_availability":"instock","product_retailer_item_id":"5110-B","product_condition":"new"},"_links":{"self":[{"href":"https:\/\/rap-webshop.nl\/de\/wp-json\/wp\/v2\/product\/26241","targetHints":{"allow":["GET"]}}],"collection":[{"href":"https:\/\/rap-webshop.nl\/de\/wp-json\/wp\/v2\/product"}],"about":[{"href":"https:\/\/rap-webshop.nl\/de\/wp-json\/wp\/v2\/types\/product"}],"replies":[{"embeddable":true,"href":"https:\/\/rap-webshop.nl\/de\/wp-json\/wp\/v2\/comments?post=26241"}],"wp:featuredmedia":[{"embeddable":true,"href":"https:\/\/rap-webshop.nl\/de\/wp-json\/wp\/v2\/media\/24750"}],"wp:attachment":[{"href":"https:\/\/rap-webshop.nl\/de\/wp-json\/wp\/v2\/media?parent=26241"}],"wp:term":[{"taxonomy":"product_brand","embeddable":true,"href":"https:\/\/rap-webshop.nl\/de\/wp-json\/wp\/v2\/product_brand?post=26241"},{"taxonomy":"product_cat","embeddable":true,"href":"https:\/\/rap-webshop.nl\/de\/wp-json\/wp\/v2\/product_cat?post=26241"},{"taxonomy":"product_tag","embeddable":true,"href":"https:\/\/rap-webshop.nl\/de\/wp-json\/wp\/v2\/product_tag?post=26241"}],"curies":[{"name":"wp","href":"https:\/\/api.w.org\/{rel}","templated":true}]}}