{"id":26240,"date":"2023-02-28T15:45:42","date_gmt":"2023-02-28T14:45:42","guid":{"rendered":"https:\/\/rap-webshop.nl\/product\/batterieschloss-mit-interner-feder-fuer-z-b-joycube-phylion-sf-03\/"},"modified":"2025-10-08T14:42:46","modified_gmt":"2025-10-08T12:42:46","slug":"batterieschloss-mit-interner-feder-fuer-z-b-joycube-phylion-sf-03","status":"publish","type":"product","link":"https:\/\/rap-webshop.nl\/de\/produkt\/batterieschloss-mit-interner-feder-fuer-z-b-joycube-phylion-sf-03\/","title":{"rendered":"Batterieschloss mit interner Feder f\u00fcr z.B. Joycube (Phylion) SF-03"},"content":{"rendered":"<p>Zorg voor extra beveiliging van je Joycube SF-03 accu met ons speciale batterijslot.<\/p>\n<p>Zorg voor extra beveiliging van je Joycube SF-03 accu met ons speciale batterijslot.<\/p>\n<p>Batterieschloss mit 2 Schl\u00fcsseln z.B. f\u00fcr den Einsatz an der phylion &#8211; Joycube SF-03 Fahrradbatterie. Das Schloss hat eine Klinke mit abgeschr\u00e4gter Kante und eine interne Feder, die die Batterie automatisch verriegelt, wenn sie \u00fcber die Klinke gleitet. Die Entriegelung erfolgt mit dem Schl\u00fcssel.<\/p>\n","protected":false},"excerpt":{"rendered":"<p>Zorg voor extra beveiliging van je Joycube SF-03 accu met ons speciale batterijslot. Zorg voor extra beveiliging van je Joycube SF-03 accu met ons speciale batterijslot. Batterieschloss mit 2 Schl\u00fcsseln z.B. f\u00fcr den Einsatz an der phylion &#8211; Joycube SF-03 Fahrradbatterie. Das Schloss hat eine Klinke mit abgeschr\u00e4gter Kante und eine interne Feder, die die [&hellip;]<\/p>\n","protected":false},"featured_media":24746,"comment_status":"closed","ping_status":"open","template":"","meta":{"_acf_changed":false},"product_brand":[],"product_cat":[358],"product_tag":[],"class_list":{"0":"post-26240","1":"product","2":"type-product","3":"status-publish","4":"has-post-thumbnail","6":"product_cat-zubehor","8":"first","9":"instock","10":"taxable","11":"shipping-taxable","12":"purchasable","13":"product-type-simple"},"acf":[],"yoast_head":"<!-- This site is optimized with the Yoast SEO plugin v27.3 - https:\/\/yoast.com\/product\/yoast-seo-wordpress\/ -->\n<title>Batterieschloss Joycube SF-03 - RAP elektrische fietsen<\/title>\n<meta name=\"description\" content=\"Beveilig je Joycube SF-03 accu met ons speciale batterijslot. Veiligheid voorop, bestel nu!\" \/>\n<meta name=\"robots\" content=\"index, follow, max-snippet:-1, max-image-preview:large, max-video-preview:-1\" \/>\n<link rel=\"canonical\" href=\"https:\/\/rap-webshop.nl\/de\/produkt\/batterieschloss-mit-interner-feder-fuer-z-b-joycube-phylion-sf-03\/\" \/>\n<meta property=\"og:locale\" content=\"de_DE\" \/>\n<meta property=\"og:type\" content=\"article\" \/>\n<meta property=\"og:title\" content=\"Beveilig je Joycube accu!\" \/>\n<meta property=\"og:description\" content=\"Zorg voor extra veiligheid met ons batterijslot voor Joycube. Bestel snel!\" \/>\n<meta property=\"og:url\" content=\"https:\/\/rap-webshop.nl\/de\/produkt\/batterieschloss-mit-interner-feder-fuer-z-b-joycube-phylion-sf-03\/\" \/>\n<meta property=\"og:site_name\" content=\"RAP elektrische fietsen\" \/>\n<meta property=\"article:modified_time\" content=\"2025-10-08T12:42:46+00:00\" \/>\n<meta property=\"og:image\" content=\"https:\/\/rap-webshop.nl\/wp-content\/uploads\/2025\/10\/Joycube-SF-03-accuslot-2.jpg\" \/>\n\t<meta property=\"og:image:width\" content=\"480\" \/>\n\t<meta property=\"og:image:height\" content=\"564\" \/>\n\t<meta property=\"og:image:type\" content=\"image\/jpeg\" \/>\n<meta name=\"twitter:card\" content=\"summary_large_image\" \/>\n<meta name=\"twitter:title\" content=\"Beveilig je Joycube accu!\" \/>\n<meta name=\"twitter:description\" content=\"Zorg voor extra veiligheid met ons batterijslot voor Joycube. Bestel snel!\" \/>\n<meta name=\"twitter:label1\" content=\"Preis\" \/>\n\t<meta name=\"twitter:data1\" content=\"&euro;17,95\" \/>\n\t<meta name=\"twitter:label2\" content=\"Verf\u00fcgbarkeit\" \/>\n\t<meta name=\"twitter:data2\" content=\"Auf Lager\" \/>\n<script type=\"application\/ld+json\" class=\"yoast-schema-graph\">{\"@context\":\"https:\\\/\\\/schema.org\",\"@graph\":[{\"@type\":\"WebPage\",\"@id\":\"https:\\\/\\\/rap-webshop.nl\\\/de\\\/produkt\\\/batterieschloss-mit-interner-feder-fuer-z-b-joycube-phylion-sf-03\\\/\",\"url\":\"https:\\\/\\\/rap-webshop.nl\\\/de\\\/produkt\\\/batterieschloss-mit-interner-feder-fuer-z-b-joycube-phylion-sf-03\\\/\",\"name\":\"Batterieschloss Joycube SF-03 - RAP elektrische fietsen\",\"isPartOf\":{\"@id\":\"https:\\\/\\\/rap-webshop.nl\\\/de\\\/#website\"},\"primaryImageOfPage\":{\"@id\":\"https:\\\/\\\/rap-webshop.nl\\\/de\\\/produkt\\\/batterieschloss-mit-interner-feder-fuer-z-b-joycube-phylion-sf-03\\\/#primaryimage\"},\"image\":{\"@id\":\"https:\\\/\\\/rap-webshop.nl\\\/de\\\/produkt\\\/batterieschloss-mit-interner-feder-fuer-z-b-joycube-phylion-sf-03\\\/#primaryimage\"},\"thumbnailUrl\":\"https:\\\/\\\/rap-webshop.nl\\\/wp-content\\\/uploads\\\/2025\\\/10\\\/Joycube-SF-03-accuslot-2.jpg\",\"datePublished\":\"2023-02-28T14:45:42+00:00\",\"dateModified\":\"2025-10-08T12:42:46+00:00\",\"description\":\"Beveilig je Joycube SF-03 accu met ons speciale batterijslot. Veiligheid voorop, bestel nu!\",\"breadcrumb\":{\"@id\":\"https:\\\/\\\/rap-webshop.nl\\\/de\\\/produkt\\\/batterieschloss-mit-interner-feder-fuer-z-b-joycube-phylion-sf-03\\\/#breadcrumb\"},\"inLanguage\":\"de\",\"potentialAction\":[{\"@type\":\"ReadAction\",\"target\":[\"https:\\\/\\\/rap-webshop.nl\\\/de\\\/produkt\\\/batterieschloss-mit-interner-feder-fuer-z-b-joycube-phylion-sf-03\\\/\"]}]},{\"@type\":\"ImageObject\",\"inLanguage\":\"de\",\"@id\":\"https:\\\/\\\/rap-webshop.nl\\\/de\\\/produkt\\\/batterieschloss-mit-interner-feder-fuer-z-b-joycube-phylion-sf-03\\\/#primaryimage\",\"url\":\"https:\\\/\\\/rap-webshop.nl\\\/wp-content\\\/uploads\\\/2025\\\/10\\\/Joycube-SF-03-accuslot-2.jpg\",\"contentUrl\":\"https:\\\/\\\/rap-webshop.nl\\\/wp-content\\\/uploads\\\/2025\\\/10\\\/Joycube-SF-03-accuslot-2.jpg\",\"width\":480,\"height\":564,\"caption\":\"Batterieschloss mit interner Feder f\u00fcr z.B. Joycube (Phylion) SF-03 - RAP elektrische fietsen\"},{\"@type\":\"BreadcrumbList\",\"@id\":\"https:\\\/\\\/rap-webshop.nl\\\/de\\\/produkt\\\/batterieschloss-mit-interner-feder-fuer-z-b-joycube-phylion-sf-03\\\/#breadcrumb\",\"itemListElement\":[{\"@type\":\"ListItem\",\"position\":1,\"name\":\"Home\",\"item\":\"https:\\\/\\\/rap-webshop.nl\\\/de\\\/\"},{\"@type\":\"ListItem\",\"position\":2,\"name\":\"Shop\",\"item\":\"https:\\\/\\\/rap-webshop.nl\\\/winkel\\\/\"},{\"@type\":\"ListItem\",\"position\":3,\"name\":\"Batterieschloss mit interner Feder f\u00fcr z.B. Joycube (Phylion) SF-03\"}]},{\"@type\":\"WebSite\",\"@id\":\"https:\\\/\\\/rap-webshop.nl\\\/de\\\/#website\",\"url\":\"https:\\\/\\\/rap-webshop.nl\\\/de\\\/\",\"name\":\"RAP elektrische fietsen\",\"description\":\"E-bikes, e-bike accu\u2019s, li-ion laders &amp; -accessoires\",\"publisher\":{\"@id\":\"https:\\\/\\\/rap-webshop.nl\\\/de\\\/#organization\"},\"potentialAction\":[{\"@type\":\"SearchAction\",\"target\":{\"@type\":\"EntryPoint\",\"urlTemplate\":\"https:\\\/\\\/rap-webshop.nl\\\/de\\\/?s={search_term_string}\"},\"query-input\":{\"@type\":\"PropertyValueSpecification\",\"valueRequired\":true,\"valueName\":\"search_term_string\"}}],\"inLanguage\":\"de\"},{\"@type\":\"Organization\",\"@id\":\"https:\\\/\\\/rap-webshop.nl\\\/de\\\/#organization\",\"name\":\"RAP elektrische fietsen\",\"url\":\"https:\\\/\\\/rap-webshop.nl\\\/de\\\/\",\"logo\":{\"@type\":\"ImageObject\",\"inLanguage\":\"de\",\"@id\":\"https:\\\/\\\/rap-webshop.nl\\\/de\\\/#\\\/schema\\\/logo\\\/image\\\/\",\"url\":\"https:\\\/\\\/rap-webshop.nl\\\/wp-content\\\/uploads\\\/2025\\\/07\\\/RAP-Webshop-logo-diap-1.svg\",\"contentUrl\":\"https:\\\/\\\/rap-webshop.nl\\\/wp-content\\\/uploads\\\/2025\\\/07\\\/RAP-Webshop-logo-diap-1.svg\",\"caption\":\"RAP elektrische fietsen\"},\"image\":{\"@id\":\"https:\\\/\\\/rap-webshop.nl\\\/de\\\/#\\\/schema\\\/logo\\\/image\\\/\"}}]}<\/script>\n<meta property=\"product:price:amount\" content=\"17.95\" \/>\n<meta property=\"product:price:currency\" content=\"EUR\" \/>\n<meta property=\"og:availability\" content=\"instock\" \/>\n<meta property=\"product:availability\" content=\"instock\" \/>\n<meta property=\"product:retailer_item_id\" content=\"5145\" \/>\n<meta property=\"product:condition\" content=\"new\" \/>\n<!-- \/ Yoast SEO plugin. -->","yoast_head_json":{"title":"Batterieschloss Joycube SF-03 - RAP elektrische fietsen","description":"Beveilig je Joycube SF-03 accu met ons speciale batterijslot. Veiligheid voorop, bestel nu!","robots":{"index":"index","follow":"follow","max-snippet":"max-snippet:-1","max-image-preview":"max-image-preview:large","max-video-preview":"max-video-preview:-1"},"canonical":"https:\/\/rap-webshop.nl\/de\/produkt\/batterieschloss-mit-interner-feder-fuer-z-b-joycube-phylion-sf-03\/","og_locale":"de_DE","og_type":"article","og_title":"Beveilig je Joycube accu!","og_description":"Zorg voor extra veiligheid met ons batterijslot voor Joycube. Bestel snel!","og_url":"https:\/\/rap-webshop.nl\/de\/produkt\/batterieschloss-mit-interner-feder-fuer-z-b-joycube-phylion-sf-03\/","og_site_name":"RAP elektrische fietsen","article_modified_time":"2025-10-08T12:42:46+00:00","og_image":[{"width":480,"height":564,"url":"https:\/\/rap-webshop.nl\/wp-content\/uploads\/2025\/10\/Joycube-SF-03-accuslot-2.jpg","type":"image\/jpeg"}],"twitter_card":"summary_large_image","twitter_title":"Beveilig je Joycube accu!","twitter_description":"Zorg voor extra veiligheid met ons batterijslot voor Joycube. Bestel snel!","twitter_misc":{"Preis":"&euro;17,95","Verf\u00fcgbarkeit":"Auf Lager"},"schema":{"@context":"https:\/\/schema.org","@graph":[{"@type":"WebPage","@id":"https:\/\/rap-webshop.nl\/de\/produkt\/batterieschloss-mit-interner-feder-fuer-z-b-joycube-phylion-sf-03\/","url":"https:\/\/rap-webshop.nl\/de\/produkt\/batterieschloss-mit-interner-feder-fuer-z-b-joycube-phylion-sf-03\/","name":"Batterieschloss Joycube SF-03 - RAP elektrische fietsen","isPartOf":{"@id":"https:\/\/rap-webshop.nl\/de\/#website"},"primaryImageOfPage":{"@id":"https:\/\/rap-webshop.nl\/de\/produkt\/batterieschloss-mit-interner-feder-fuer-z-b-joycube-phylion-sf-03\/#primaryimage"},"image":{"@id":"https:\/\/rap-webshop.nl\/de\/produkt\/batterieschloss-mit-interner-feder-fuer-z-b-joycube-phylion-sf-03\/#primaryimage"},"thumbnailUrl":"https:\/\/rap-webshop.nl\/wp-content\/uploads\/2025\/10\/Joycube-SF-03-accuslot-2.jpg","datePublished":"2023-02-28T14:45:42+00:00","dateModified":"2025-10-08T12:42:46+00:00","description":"Beveilig je Joycube SF-03 accu met ons speciale batterijslot. Veiligheid voorop, bestel nu!","breadcrumb":{"@id":"https:\/\/rap-webshop.nl\/de\/produkt\/batterieschloss-mit-interner-feder-fuer-z-b-joycube-phylion-sf-03\/#breadcrumb"},"inLanguage":"de","potentialAction":[{"@type":"ReadAction","target":["https:\/\/rap-webshop.nl\/de\/produkt\/batterieschloss-mit-interner-feder-fuer-z-b-joycube-phylion-sf-03\/"]}]},{"@type":"ImageObject","inLanguage":"de","@id":"https:\/\/rap-webshop.nl\/de\/produkt\/batterieschloss-mit-interner-feder-fuer-z-b-joycube-phylion-sf-03\/#primaryimage","url":"https:\/\/rap-webshop.nl\/wp-content\/uploads\/2025\/10\/Joycube-SF-03-accuslot-2.jpg","contentUrl":"https:\/\/rap-webshop.nl\/wp-content\/uploads\/2025\/10\/Joycube-SF-03-accuslot-2.jpg","width":480,"height":564,"caption":"Batterieschloss mit interner Feder f\u00fcr z.B. Joycube (Phylion) SF-03 - RAP elektrische fietsen"},{"@type":"BreadcrumbList","@id":"https:\/\/rap-webshop.nl\/de\/produkt\/batterieschloss-mit-interner-feder-fuer-z-b-joycube-phylion-sf-03\/#breadcrumb","itemListElement":[{"@type":"ListItem","position":1,"name":"Home","item":"https:\/\/rap-webshop.nl\/de\/"},{"@type":"ListItem","position":2,"name":"Shop","item":"https:\/\/rap-webshop.nl\/winkel\/"},{"@type":"ListItem","position":3,"name":"Batterieschloss mit interner Feder f\u00fcr z.B. Joycube (Phylion) SF-03"}]},{"@type":"WebSite","@id":"https:\/\/rap-webshop.nl\/de\/#website","url":"https:\/\/rap-webshop.nl\/de\/","name":"RAP elektrische fietsen","description":"E-bikes, e-bike accu\u2019s, li-ion laders &amp; -accessoires","publisher":{"@id":"https:\/\/rap-webshop.nl\/de\/#organization"},"potentialAction":[{"@type":"SearchAction","target":{"@type":"EntryPoint","urlTemplate":"https:\/\/rap-webshop.nl\/de\/?s={search_term_string}"},"query-input":{"@type":"PropertyValueSpecification","valueRequired":true,"valueName":"search_term_string"}}],"inLanguage":"de"},{"@type":"Organization","@id":"https:\/\/rap-webshop.nl\/de\/#organization","name":"RAP elektrische fietsen","url":"https:\/\/rap-webshop.nl\/de\/","logo":{"@type":"ImageObject","inLanguage":"de","@id":"https:\/\/rap-webshop.nl\/de\/#\/schema\/logo\/image\/","url":"https:\/\/rap-webshop.nl\/wp-content\/uploads\/2025\/07\/RAP-Webshop-logo-diap-1.svg","contentUrl":"https:\/\/rap-webshop.nl\/wp-content\/uploads\/2025\/07\/RAP-Webshop-logo-diap-1.svg","caption":"RAP elektrische fietsen"},"image":{"@id":"https:\/\/rap-webshop.nl\/de\/#\/schema\/logo\/image\/"}}]},"product_price_amount":"17.95","product_price_currency":"EUR","og_availability":"instock","product_availability":"instock","product_retailer_item_id":"5145","product_condition":"new"},"_links":{"self":[{"href":"https:\/\/rap-webshop.nl\/de\/wp-json\/wp\/v2\/product\/26240","targetHints":{"allow":["GET"]}}],"collection":[{"href":"https:\/\/rap-webshop.nl\/de\/wp-json\/wp\/v2\/product"}],"about":[{"href":"https:\/\/rap-webshop.nl\/de\/wp-json\/wp\/v2\/types\/product"}],"replies":[{"embeddable":true,"href":"https:\/\/rap-webshop.nl\/de\/wp-json\/wp\/v2\/comments?post=26240"}],"wp:featuredmedia":[{"embeddable":true,"href":"https:\/\/rap-webshop.nl\/de\/wp-json\/wp\/v2\/media\/24746"}],"wp:attachment":[{"href":"https:\/\/rap-webshop.nl\/de\/wp-json\/wp\/v2\/media?parent=26240"}],"wp:term":[{"taxonomy":"product_brand","embeddable":true,"href":"https:\/\/rap-webshop.nl\/de\/wp-json\/wp\/v2\/product_brand?post=26240"},{"taxonomy":"product_cat","embeddable":true,"href":"https:\/\/rap-webshop.nl\/de\/wp-json\/wp\/v2\/product_cat?post=26240"},{"taxonomy":"product_tag","embeddable":true,"href":"https:\/\/rap-webshop.nl\/de\/wp-json\/wp\/v2\/product_tag?post=26240"}],"curies":[{"name":"wp","href":"https:\/\/api.w.org\/{rel}","templated":true}]}}