{"id":26230,"date":"2022-12-02T18:07:44","date_gmt":"2022-12-02T17:07:44","guid":{"rendered":"https:\/\/rap-webshop.nl\/product\/qwic-ladegeraet-42v-2-ah-mit-2-poligem-55-x-21-ladestecker-fuer-36v-li-ion-batterien\/"},"modified":"2025-10-08T14:42:42","modified_gmt":"2025-10-08T12:42:42","slug":"qwic-ladegeraet-42v-2-ah-mit-2-poligem-55-x-21-ladestecker-fuer-36v-li-ion-batterien","status":"publish","type":"product","link":"https:\/\/rap-webshop.nl\/de\/produkt\/qwic-ladegeraet-42v-2-ah-mit-2-poligem-55-x-21-ladestecker-fuer-36v-li-ion-batterien\/","title":{"rendered":"Qwic-Ladeger\u00e4t (42V, 2 Ah) mit 2-poligem 5,5 x 2,1 Ladestecker f\u00fcr 36V Li-ION-Batterien"},"content":{"rendered":"<h5><span style=\"color: #000000;\">Sans Batterieladeger\u00e4t mit 5,5 x 2,1 DC-Ladestecker (Sans SSLC084V42M), geeignet f\u00fcr verschiedene Modelle von E-Bikes von Qwic.  <\/span><\/h5>\n<p>&nbsp;<\/p>\n<p><strong>ALLGEMEINE INFORMATIONEN ZUM PRODUKT:<\/strong><strong><br \/>\n<\/strong>Marke: Wuxi Sans<br \/>\nModell: SSLC084V42M<br \/>\nEAN : 9507954248546<br \/>\nGarantie: 12 Monate<\/p>\n<p><strong>PRODUKTSPEZIFIKATIONEN:<\/strong><strong><br \/>\n<\/strong>Ausgangsspannung: 42 V (geeignet f\u00fcr 36- und 37-Volt-Batterien)<br \/>\nAusgangsstrom: 2 A<br \/>\nAnschluss: 2-polig 5,5 x 2,1<br \/>\nL\u00e4nge des Ladekabels: ca. 2,5 Meter.<br \/>\nGewicht: Ca. 650g<br \/>\nTechnologie: Li-ION mit Standard- und Smart-BMS<br \/>\nMarken: Neben Brinckers und Victesse geeignet f\u00fcr verschiedene Marken wie Qwic, van Moof, Prophete, Keola, Popal usw.<\/p>\n<p>&nbsp;<\/p>\n","protected":false},"excerpt":{"rendered":"<p>Het Qwic laadger\u00e4t is perfect voor het opladen van je 36V fietsaccu.<\/p>\n<p>Qwic-Batterieladeger\u00e4t von Sans (SSLC084V42M) f\u00fcr 36-Volt-Batterien mit rundem Ladekontakt 5,5 x 2,1 DE. Das Ladeger\u00e4t hat einen Ausgang von 42V, 2A und ist auch f\u00fcr andere 36- und 37-Volt-Fahrradakkus von Popal, Popal, Sundvall, E-bikez, Keola, Prophete, Mifa, etc. geeignet.<\/p>\n<p><strong>VORSICHT!<\/strong><br \/>\nAchten Sie bei der Wahl des Ladeger\u00e4ts immer auf die Spannung des Akkus (36 oder 37 Volt) und die Art und Gr\u00f6\u00dfe des Ladesteckers (5,5 x 2,1 mm).<\/p>\n<p>Lieferant: Wuxi Sans<br \/>\nGarantie: 12 Monate<\/p>\n<p>&nbsp;<\/p>\n","protected":false},"featured_media":24730,"comment_status":"closed","ping_status":"open","template":"","meta":{"_acf_changed":false},"product_brand":[],"product_cat":[357],"product_tag":[84,83],"class_list":{"0":"post-26230","1":"product","2":"type-product","3":"status-publish","4":"has-post-thumbnail","6":"product_cat-batterieladegeraete","7":"product_tag-5-5-x-2-1","8":"product_tag-42v-2a","9":"product_shipping_class-standardversand-belgien","11":"first","12":"instock","13":"sale","14":"taxable","15":"shipping-taxable","16":"purchasable","17":"product-type-simple"},"acf":[],"yoast_head":"<!-- This site is optimized with the Yoast SEO plugin v27.3 - https:\/\/yoast.com\/product\/yoast-seo-wordpress\/ -->\n<title>Qwic laadger\u00e4t voor 36V fietsaccu&#039;s | RAP elektrische fietsen<\/title>\n<meta name=\"description\" content=\"Het Qwic laadger\u00e4t is ideaal voor het opladen van je 36V fietsaccu. Bestel nu en laad je accu snel op!\" \/>\n<meta name=\"robots\" content=\"index, follow, max-snippet:-1, max-image-preview:large, max-video-preview:-1\" \/>\n<link rel=\"canonical\" href=\"https:\/\/rap-webshop.nl\/de\/produkt\/qwic-ladegeraet-42v-2-ah-mit-2-poligem-55-x-21-ladestecker-fuer-36v-li-ion-batterien\/\" \/>\n<meta property=\"og:locale\" content=\"de_DE\" \/>\n<meta property=\"og:type\" content=\"article\" \/>\n<meta property=\"og:title\" content=\"Qwic laadger\u00e4t nu beschikbaar!\" \/>\n<meta property=\"og:description\" content=\"Verzeker je van een volle accu met het Qwic laadger\u00e4t. Bestel snel!\" \/>\n<meta property=\"og:url\" content=\"https:\/\/rap-webshop.nl\/de\/produkt\/qwic-ladegeraet-42v-2-ah-mit-2-poligem-55-x-21-ladestecker-fuer-36v-li-ion-batterien\/\" \/>\n<meta property=\"og:site_name\" content=\"RAP elektrische fietsen\" \/>\n<meta property=\"article:modified_time\" content=\"2025-10-08T12:42:42+00:00\" \/>\n<meta property=\"og:image\" content=\"https:\/\/rap-webshop.nl\/wp-content\/uploads\/2025\/10\/Qwic-oplader-5.5-x-2.1-DC-42V-2A-2.jpg\" \/>\n\t<meta property=\"og:image:width\" content=\"1280\" \/>\n\t<meta property=\"og:image:height\" content=\"720\" \/>\n\t<meta property=\"og:image:type\" content=\"image\/jpeg\" \/>\n<meta name=\"twitter:card\" content=\"summary_large_image\" \/>\n<meta name=\"twitter:title\" content=\"Qwic laadger\u00e4t nu beschikbaar!\" \/>\n<meta name=\"twitter:description\" content=\"Verzeker je van een volle accu met het Qwic laadger\u00e4t. Bestel snel!\" \/>\n<meta name=\"twitter:label1\" content=\"Preis\" \/>\n\t<meta name=\"twitter:data1\" content=\"&euro;52,95\" \/>\n\t<meta name=\"twitter:label2\" content=\"Verf\u00fcgbarkeit\" \/>\n\t<meta name=\"twitter:data2\" content=\"Auf Lager\" \/>\n<script type=\"application\/ld+json\" class=\"yoast-schema-graph\">{\"@context\":\"https:\\\/\\\/schema.org\",\"@graph\":[{\"@type\":\"WebPage\",\"@id\":\"https:\\\/\\\/rap-webshop.nl\\\/de\\\/produkt\\\/qwic-ladegeraet-42v-2-ah-mit-2-poligem-55-x-21-ladestecker-fuer-36v-li-ion-batterien\\\/\",\"url\":\"https:\\\/\\\/rap-webshop.nl\\\/de\\\/produkt\\\/qwic-ladegeraet-42v-2-ah-mit-2-poligem-55-x-21-ladestecker-fuer-36v-li-ion-batterien\\\/\",\"name\":\"Qwic laadger\u00e4t voor 36V fietsaccu's | RAP elektrische fietsen\",\"isPartOf\":{\"@id\":\"https:\\\/\\\/rap-webshop.nl\\\/de\\\/#website\"},\"primaryImageOfPage\":{\"@id\":\"https:\\\/\\\/rap-webshop.nl\\\/de\\\/produkt\\\/qwic-ladegeraet-42v-2-ah-mit-2-poligem-55-x-21-ladestecker-fuer-36v-li-ion-batterien\\\/#primaryimage\"},\"image\":{\"@id\":\"https:\\\/\\\/rap-webshop.nl\\\/de\\\/produkt\\\/qwic-ladegeraet-42v-2-ah-mit-2-poligem-55-x-21-ladestecker-fuer-36v-li-ion-batterien\\\/#primaryimage\"},\"thumbnailUrl\":\"https:\\\/\\\/rap-webshop.nl\\\/wp-content\\\/uploads\\\/2025\\\/10\\\/Qwic-oplader-5.5-x-2.1-DC-42V-2A-2.jpg\",\"datePublished\":\"2022-12-02T17:07:44+00:00\",\"dateModified\":\"2025-10-08T12:42:42+00:00\",\"description\":\"Het Qwic laadger\u00e4t is ideaal voor het opladen van je 36V fietsaccu. Bestel nu en laad je accu snel op!\",\"breadcrumb\":{\"@id\":\"https:\\\/\\\/rap-webshop.nl\\\/de\\\/produkt\\\/qwic-ladegeraet-42v-2-ah-mit-2-poligem-55-x-21-ladestecker-fuer-36v-li-ion-batterien\\\/#breadcrumb\"},\"inLanguage\":\"de\",\"potentialAction\":[{\"@type\":\"ReadAction\",\"target\":[\"https:\\\/\\\/rap-webshop.nl\\\/de\\\/produkt\\\/qwic-ladegeraet-42v-2-ah-mit-2-poligem-55-x-21-ladestecker-fuer-36v-li-ion-batterien\\\/\"]}]},{\"@type\":\"ImageObject\",\"inLanguage\":\"de\",\"@id\":\"https:\\\/\\\/rap-webshop.nl\\\/de\\\/produkt\\\/qwic-ladegeraet-42v-2-ah-mit-2-poligem-55-x-21-ladestecker-fuer-36v-li-ion-batterien\\\/#primaryimage\",\"url\":\"https:\\\/\\\/rap-webshop.nl\\\/wp-content\\\/uploads\\\/2025\\\/10\\\/Qwic-oplader-5.5-x-2.1-DC-42V-2A-2.jpg\",\"contentUrl\":\"https:\\\/\\\/rap-webshop.nl\\\/wp-content\\\/uploads\\\/2025\\\/10\\\/Qwic-oplader-5.5-x-2.1-DC-42V-2A-2.jpg\",\"width\":1280,\"height\":720,\"caption\":\"Qwic-Ladeger\u00e4t (42V, 2 Ah) mit 2-poligem 5,5 x 2,1 Ladestecker f\u00fcr 36V Li-ION-Batterien - RAP elektrische fietsen\"},{\"@type\":\"BreadcrumbList\",\"@id\":\"https:\\\/\\\/rap-webshop.nl\\\/de\\\/produkt\\\/qwic-ladegeraet-42v-2-ah-mit-2-poligem-55-x-21-ladestecker-fuer-36v-li-ion-batterien\\\/#breadcrumb\",\"itemListElement\":[{\"@type\":\"ListItem\",\"position\":1,\"name\":\"Home\",\"item\":\"https:\\\/\\\/rap-webshop.nl\\\/de\\\/\"},{\"@type\":\"ListItem\",\"position\":2,\"name\":\"Shop\",\"item\":\"https:\\\/\\\/rap-webshop.nl\\\/winkel\\\/\"},{\"@type\":\"ListItem\",\"position\":3,\"name\":\"Qwic-Ladeger\u00e4t (42V, 2 Ah) mit 2-poligem 5,5 x 2,1 Ladestecker f\u00fcr 36V Li-ION-Batterien\"}]},{\"@type\":\"WebSite\",\"@id\":\"https:\\\/\\\/rap-webshop.nl\\\/de\\\/#website\",\"url\":\"https:\\\/\\\/rap-webshop.nl\\\/de\\\/\",\"name\":\"RAP elektrische fietsen\",\"description\":\"E-bikes, e-bike accu\u2019s, li-ion laders &amp; -accessoires\",\"publisher\":{\"@id\":\"https:\\\/\\\/rap-webshop.nl\\\/de\\\/#organization\"},\"potentialAction\":[{\"@type\":\"SearchAction\",\"target\":{\"@type\":\"EntryPoint\",\"urlTemplate\":\"https:\\\/\\\/rap-webshop.nl\\\/de\\\/?s={search_term_string}\"},\"query-input\":{\"@type\":\"PropertyValueSpecification\",\"valueRequired\":true,\"valueName\":\"search_term_string\"}}],\"inLanguage\":\"de\"},{\"@type\":\"Organization\",\"@id\":\"https:\\\/\\\/rap-webshop.nl\\\/de\\\/#organization\",\"name\":\"RAP elektrische fietsen\",\"url\":\"https:\\\/\\\/rap-webshop.nl\\\/de\\\/\",\"logo\":{\"@type\":\"ImageObject\",\"inLanguage\":\"de\",\"@id\":\"https:\\\/\\\/rap-webshop.nl\\\/de\\\/#\\\/schema\\\/logo\\\/image\\\/\",\"url\":\"https:\\\/\\\/rap-webshop.nl\\\/wp-content\\\/uploads\\\/2025\\\/07\\\/RAP-Webshop-logo-diap-1.svg\",\"contentUrl\":\"https:\\\/\\\/rap-webshop.nl\\\/wp-content\\\/uploads\\\/2025\\\/07\\\/RAP-Webshop-logo-diap-1.svg\",\"caption\":\"RAP elektrische fietsen\"},\"image\":{\"@id\":\"https:\\\/\\\/rap-webshop.nl\\\/de\\\/#\\\/schema\\\/logo\\\/image\\\/\"}}]}<\/script>\n<meta property=\"product:price:amount\" content=\"52.95\" \/>\n<meta property=\"product:price:currency\" content=\"EUR\" \/>\n<meta property=\"og:availability\" content=\"instock\" \/>\n<meta property=\"product:availability\" content=\"instock\" \/>\n<meta property=\"product:retailer_item_id\" content=\"5482-5\" \/>\n<meta property=\"product:condition\" content=\"new\" \/>\n<!-- \/ Yoast SEO plugin. -->","yoast_head_json":{"title":"Qwic laadger\u00e4t voor 36V fietsaccu's | RAP elektrische fietsen","description":"Het Qwic laadger\u00e4t is ideaal voor het opladen van je 36V fietsaccu. Bestel nu en laad je accu snel op!","robots":{"index":"index","follow":"follow","max-snippet":"max-snippet:-1","max-image-preview":"max-image-preview:large","max-video-preview":"max-video-preview:-1"},"canonical":"https:\/\/rap-webshop.nl\/de\/produkt\/qwic-ladegeraet-42v-2-ah-mit-2-poligem-55-x-21-ladestecker-fuer-36v-li-ion-batterien\/","og_locale":"de_DE","og_type":"article","og_title":"Qwic laadger\u00e4t nu beschikbaar!","og_description":"Verzeker je van een volle accu met het Qwic laadger\u00e4t. Bestel snel!","og_url":"https:\/\/rap-webshop.nl\/de\/produkt\/qwic-ladegeraet-42v-2-ah-mit-2-poligem-55-x-21-ladestecker-fuer-36v-li-ion-batterien\/","og_site_name":"RAP elektrische fietsen","article_modified_time":"2025-10-08T12:42:42+00:00","og_image":[{"width":1280,"height":720,"url":"https:\/\/rap-webshop.nl\/wp-content\/uploads\/2025\/10\/Qwic-oplader-5.5-x-2.1-DC-42V-2A-2.jpg","type":"image\/jpeg"}],"twitter_card":"summary_large_image","twitter_title":"Qwic laadger\u00e4t nu beschikbaar!","twitter_description":"Verzeker je van een volle accu met het Qwic laadger\u00e4t. Bestel snel!","twitter_misc":{"Preis":"&euro;52,95","Verf\u00fcgbarkeit":"Auf Lager"},"schema":{"@context":"https:\/\/schema.org","@graph":[{"@type":"WebPage","@id":"https:\/\/rap-webshop.nl\/de\/produkt\/qwic-ladegeraet-42v-2-ah-mit-2-poligem-55-x-21-ladestecker-fuer-36v-li-ion-batterien\/","url":"https:\/\/rap-webshop.nl\/de\/produkt\/qwic-ladegeraet-42v-2-ah-mit-2-poligem-55-x-21-ladestecker-fuer-36v-li-ion-batterien\/","name":"Qwic laadger\u00e4t voor 36V fietsaccu's | RAP elektrische fietsen","isPartOf":{"@id":"https:\/\/rap-webshop.nl\/de\/#website"},"primaryImageOfPage":{"@id":"https:\/\/rap-webshop.nl\/de\/produkt\/qwic-ladegeraet-42v-2-ah-mit-2-poligem-55-x-21-ladestecker-fuer-36v-li-ion-batterien\/#primaryimage"},"image":{"@id":"https:\/\/rap-webshop.nl\/de\/produkt\/qwic-ladegeraet-42v-2-ah-mit-2-poligem-55-x-21-ladestecker-fuer-36v-li-ion-batterien\/#primaryimage"},"thumbnailUrl":"https:\/\/rap-webshop.nl\/wp-content\/uploads\/2025\/10\/Qwic-oplader-5.5-x-2.1-DC-42V-2A-2.jpg","datePublished":"2022-12-02T17:07:44+00:00","dateModified":"2025-10-08T12:42:42+00:00","description":"Het Qwic laadger\u00e4t is ideaal voor het opladen van je 36V fietsaccu. Bestel nu en laad je accu snel op!","breadcrumb":{"@id":"https:\/\/rap-webshop.nl\/de\/produkt\/qwic-ladegeraet-42v-2-ah-mit-2-poligem-55-x-21-ladestecker-fuer-36v-li-ion-batterien\/#breadcrumb"},"inLanguage":"de","potentialAction":[{"@type":"ReadAction","target":["https:\/\/rap-webshop.nl\/de\/produkt\/qwic-ladegeraet-42v-2-ah-mit-2-poligem-55-x-21-ladestecker-fuer-36v-li-ion-batterien\/"]}]},{"@type":"ImageObject","inLanguage":"de","@id":"https:\/\/rap-webshop.nl\/de\/produkt\/qwic-ladegeraet-42v-2-ah-mit-2-poligem-55-x-21-ladestecker-fuer-36v-li-ion-batterien\/#primaryimage","url":"https:\/\/rap-webshop.nl\/wp-content\/uploads\/2025\/10\/Qwic-oplader-5.5-x-2.1-DC-42V-2A-2.jpg","contentUrl":"https:\/\/rap-webshop.nl\/wp-content\/uploads\/2025\/10\/Qwic-oplader-5.5-x-2.1-DC-42V-2A-2.jpg","width":1280,"height":720,"caption":"Qwic-Ladeger\u00e4t (42V, 2 Ah) mit 2-poligem 5,5 x 2,1 Ladestecker f\u00fcr 36V Li-ION-Batterien - RAP elektrische fietsen"},{"@type":"BreadcrumbList","@id":"https:\/\/rap-webshop.nl\/de\/produkt\/qwic-ladegeraet-42v-2-ah-mit-2-poligem-55-x-21-ladestecker-fuer-36v-li-ion-batterien\/#breadcrumb","itemListElement":[{"@type":"ListItem","position":1,"name":"Home","item":"https:\/\/rap-webshop.nl\/de\/"},{"@type":"ListItem","position":2,"name":"Shop","item":"https:\/\/rap-webshop.nl\/winkel\/"},{"@type":"ListItem","position":3,"name":"Qwic-Ladeger\u00e4t (42V, 2 Ah) mit 2-poligem 5,5 x 2,1 Ladestecker f\u00fcr 36V Li-ION-Batterien"}]},{"@type":"WebSite","@id":"https:\/\/rap-webshop.nl\/de\/#website","url":"https:\/\/rap-webshop.nl\/de\/","name":"RAP elektrische fietsen","description":"E-bikes, e-bike accu\u2019s, li-ion laders &amp; -accessoires","publisher":{"@id":"https:\/\/rap-webshop.nl\/de\/#organization"},"potentialAction":[{"@type":"SearchAction","target":{"@type":"EntryPoint","urlTemplate":"https:\/\/rap-webshop.nl\/de\/?s={search_term_string}"},"query-input":{"@type":"PropertyValueSpecification","valueRequired":true,"valueName":"search_term_string"}}],"inLanguage":"de"},{"@type":"Organization","@id":"https:\/\/rap-webshop.nl\/de\/#organization","name":"RAP elektrische fietsen","url":"https:\/\/rap-webshop.nl\/de\/","logo":{"@type":"ImageObject","inLanguage":"de","@id":"https:\/\/rap-webshop.nl\/de\/#\/schema\/logo\/image\/","url":"https:\/\/rap-webshop.nl\/wp-content\/uploads\/2025\/07\/RAP-Webshop-logo-diap-1.svg","contentUrl":"https:\/\/rap-webshop.nl\/wp-content\/uploads\/2025\/07\/RAP-Webshop-logo-diap-1.svg","caption":"RAP elektrische fietsen"},"image":{"@id":"https:\/\/rap-webshop.nl\/de\/#\/schema\/logo\/image\/"}}]},"product_price_amount":"52.95","product_price_currency":"EUR","og_availability":"instock","product_availability":"instock","product_retailer_item_id":"5482-5","product_condition":"new"},"_links":{"self":[{"href":"https:\/\/rap-webshop.nl\/de\/wp-json\/wp\/v2\/product\/26230","targetHints":{"allow":["GET"]}}],"collection":[{"href":"https:\/\/rap-webshop.nl\/de\/wp-json\/wp\/v2\/product"}],"about":[{"href":"https:\/\/rap-webshop.nl\/de\/wp-json\/wp\/v2\/types\/product"}],"replies":[{"embeddable":true,"href":"https:\/\/rap-webshop.nl\/de\/wp-json\/wp\/v2\/comments?post=26230"}],"wp:featuredmedia":[{"embeddable":true,"href":"https:\/\/rap-webshop.nl\/de\/wp-json\/wp\/v2\/media\/24730"}],"wp:attachment":[{"href":"https:\/\/rap-webshop.nl\/de\/wp-json\/wp\/v2\/media?parent=26230"}],"wp:term":[{"taxonomy":"product_brand","embeddable":true,"href":"https:\/\/rap-webshop.nl\/de\/wp-json\/wp\/v2\/product_brand?post=26230"},{"taxonomy":"product_cat","embeddable":true,"href":"https:\/\/rap-webshop.nl\/de\/wp-json\/wp\/v2\/product_cat?post=26230"},{"taxonomy":"product_tag","embeddable":true,"href":"https:\/\/rap-webshop.nl\/de\/wp-json\/wp\/v2\/product_tag?post=26230"}],"curies":[{"name":"wp","href":"https:\/\/api.w.org\/{rel}","templated":true}]}}