{"id":26228,"date":"2022-12-01T12:36:42","date_gmt":"2022-12-01T11:36:42","guid":{"rendered":"https:\/\/rap-webshop.nl\/product\/peugeot-ladegeraet-sslc084v42xh-mit-5-poligem-kunststoff-rundstecker\/"},"modified":"2025-10-08T14:42:40","modified_gmt":"2025-10-08T12:42:40","slug":"peugeot-ladegeraet-sslc084v42xh-mit-5-poligem-kunststoff-rundstecker","status":"publish","type":"product","link":"https:\/\/rap-webshop.nl\/de\/produkt\/peugeot-ladegeraet-sslc084v42xh-mit-5-poligem-kunststoff-rundstecker\/","title":{"rendered":"Peugeot Ladeger\u00e4t SSLC084V42XH mit 5-poligem Kunststoff-Rundstecker"},"content":{"rendered":"<p><strong>Phylion-Joycube SSLC084V42XH Batterieladeger\u00e4t mit 5-poligem Rundstecker f\u00fcr 36 Volt Phylion &amp; Joycube Batterien von Peugeot.<br \/>\nACHTUNG: Dieses Ladeger\u00e4t ist nicht zu verwechseln mit denen, die einen 5-poligen Metallstecker haben.<br \/>\n<\/strong><\/p>\n<p><strong>Zus\u00e4tzliche Informationen<\/strong><\/p>\n<p>Gewicht 0,6 kg<br \/>\nFarbe Schwarz<br \/>\nGarantie 1 Jahr Herstellergarantie<br \/>\nBatteriespannung 36-37 V<br \/>\nStecker 5-poliger Rundstecker<br \/>\nLi-Ionen-Technik<br \/>\nAusgang 42V\/ 2A<br \/>\nL\u00e4nge des Ladekabels ca. 250 cm<\/p>\n<p>Anbieter: Phylion\/ Sans<br \/>\nGarantie: 12 Monate<\/p>\n","protected":false},"excerpt":{"rendered":"<p>Het Peugeot laadger\u00e4t is de ideale oplossing voor het opladen van je fietsaccu.<\/p>\n<p>Peugeot Batterieladeger\u00e4t mit 5-poligem Rundstecker<\/p>\n","protected":false},"featured_media":24727,"comment_status":"closed","ping_status":"open","template":"","meta":{"_acf_changed":false},"product_brand":[],"product_cat":[357],"product_tag":[],"class_list":{"0":"post-26228","1":"product","2":"type-product","3":"status-publish","4":"has-post-thumbnail","6":"product_cat-batterieladegeraete","7":"product_shipping_class-standardversand-belgien","9":"first","10":"instock","11":"taxable","12":"shipping-taxable","13":"purchasable","14":"product-type-simple"},"acf":[],"yoast_head":"<!-- This site is optimized with the Yoast SEO plugin v27.3 - https:\/\/yoast.com\/product\/yoast-seo-wordpress\/ -->\n<title>Peugeot laadger\u00e4t voor elektrische fietsen | RAP elektrische fietsen<\/title>\n<meta name=\"description\" content=\"Het Peugeot laadger\u00e4t is de ideale oplossing voor het opladen van je fietsaccu. Bestel nu en profiteer van de korting!\" \/>\n<meta name=\"robots\" content=\"index, follow, max-snippet:-1, max-image-preview:large, max-video-preview:-1\" \/>\n<link rel=\"canonical\" href=\"https:\/\/rap-webshop.nl\/de\/produkt\/peugeot-ladegeraet-sslc084v42xh-mit-5-poligem-kunststoff-rundstecker\/\" \/>\n<meta property=\"og:locale\" content=\"de_DE\" \/>\n<meta property=\"og:type\" content=\"article\" \/>\n<meta property=\"og:title\" content=\"Peugeot laadger\u00e4t voor jouw elektrische fiets!\" \/>\n<meta property=\"og:description\" content=\"Zorg voor een volle accu met het Peugeot laadger\u00e4t. Bestel vandaag nog!\" \/>\n<meta property=\"og:url\" content=\"https:\/\/rap-webshop.nl\/de\/produkt\/peugeot-ladegeraet-sslc084v42xh-mit-5-poligem-kunststoff-rundstecker\/\" \/>\n<meta property=\"og:site_name\" content=\"RAP elektrische fietsen\" \/>\n<meta property=\"article:modified_time\" content=\"2025-10-08T12:42:40+00:00\" \/>\n<meta property=\"og:image\" content=\"https:\/\/rap-webshop.nl\/wp-content\/uploads\/2025\/10\/joycube-sslc084v42xh-voor-Peugeot-5-polig-rond-kunststof-2.jpg\" \/>\n\t<meta property=\"og:image:width\" content=\"1280\" \/>\n\t<meta property=\"og:image:height\" content=\"720\" \/>\n\t<meta property=\"og:image:type\" content=\"image\/jpeg\" \/>\n<meta name=\"twitter:card\" content=\"summary_large_image\" \/>\n<meta name=\"twitter:title\" content=\"Peugeot laadger\u00e4t voor jouw elektrische fiets!\" \/>\n<meta name=\"twitter:description\" content=\"Zorg voor een volle accu met het Peugeot laadger\u00e4t. Bestel vandaag nog!\" \/>\n<meta name=\"twitter:label1\" content=\"Preis\" \/>\n\t<meta name=\"twitter:data1\" content=\"&euro;52,95\" \/>\n\t<meta name=\"twitter:label2\" content=\"Verf\u00fcgbarkeit\" \/>\n\t<meta name=\"twitter:data2\" content=\"Auf Lager\" \/>\n<script type=\"application\/ld+json\" class=\"yoast-schema-graph\">{\"@context\":\"https:\\\/\\\/schema.org\",\"@graph\":[{\"@type\":\"WebPage\",\"@id\":\"https:\\\/\\\/rap-webshop.nl\\\/de\\\/produkt\\\/peugeot-ladegeraet-sslc084v42xh-mit-5-poligem-kunststoff-rundstecker\\\/\",\"url\":\"https:\\\/\\\/rap-webshop.nl\\\/de\\\/produkt\\\/peugeot-ladegeraet-sslc084v42xh-mit-5-poligem-kunststoff-rundstecker\\\/\",\"name\":\"Peugeot laadger\u00e4t voor elektrische fietsen | RAP elektrische fietsen\",\"isPartOf\":{\"@id\":\"https:\\\/\\\/rap-webshop.nl\\\/de\\\/#website\"},\"primaryImageOfPage\":{\"@id\":\"https:\\\/\\\/rap-webshop.nl\\\/de\\\/produkt\\\/peugeot-ladegeraet-sslc084v42xh-mit-5-poligem-kunststoff-rundstecker\\\/#primaryimage\"},\"image\":{\"@id\":\"https:\\\/\\\/rap-webshop.nl\\\/de\\\/produkt\\\/peugeot-ladegeraet-sslc084v42xh-mit-5-poligem-kunststoff-rundstecker\\\/#primaryimage\"},\"thumbnailUrl\":\"https:\\\/\\\/rap-webshop.nl\\\/wp-content\\\/uploads\\\/2025\\\/10\\\/joycube-sslc084v42xh-voor-Peugeot-5-polig-rond-kunststof-2.jpg\",\"datePublished\":\"2022-12-01T11:36:42+00:00\",\"dateModified\":\"2025-10-08T12:42:40+00:00\",\"description\":\"Het Peugeot laadger\u00e4t is de ideale oplossing voor het opladen van je fietsaccu. Bestel nu en profiteer van de korting!\",\"breadcrumb\":{\"@id\":\"https:\\\/\\\/rap-webshop.nl\\\/de\\\/produkt\\\/peugeot-ladegeraet-sslc084v42xh-mit-5-poligem-kunststoff-rundstecker\\\/#breadcrumb\"},\"inLanguage\":\"de\",\"potentialAction\":[{\"@type\":\"ReadAction\",\"target\":[\"https:\\\/\\\/rap-webshop.nl\\\/de\\\/produkt\\\/peugeot-ladegeraet-sslc084v42xh-mit-5-poligem-kunststoff-rundstecker\\\/\"]}]},{\"@type\":\"ImageObject\",\"inLanguage\":\"de\",\"@id\":\"https:\\\/\\\/rap-webshop.nl\\\/de\\\/produkt\\\/peugeot-ladegeraet-sslc084v42xh-mit-5-poligem-kunststoff-rundstecker\\\/#primaryimage\",\"url\":\"https:\\\/\\\/rap-webshop.nl\\\/wp-content\\\/uploads\\\/2025\\\/10\\\/joycube-sslc084v42xh-voor-Peugeot-5-polig-rond-kunststof-2.jpg\",\"contentUrl\":\"https:\\\/\\\/rap-webshop.nl\\\/wp-content\\\/uploads\\\/2025\\\/10\\\/joycube-sslc084v42xh-voor-Peugeot-5-polig-rond-kunststof-2.jpg\",\"width\":1280,\"height\":720,\"caption\":\"Peugeot Ladeger\u00e4t SSLC084V42XH mit 5-poligem Kunststoff-Rundstecker - RAP elektrische fietsen\"},{\"@type\":\"BreadcrumbList\",\"@id\":\"https:\\\/\\\/rap-webshop.nl\\\/de\\\/produkt\\\/peugeot-ladegeraet-sslc084v42xh-mit-5-poligem-kunststoff-rundstecker\\\/#breadcrumb\",\"itemListElement\":[{\"@type\":\"ListItem\",\"position\":1,\"name\":\"Home\",\"item\":\"https:\\\/\\\/rap-webshop.nl\\\/de\\\/\"},{\"@type\":\"ListItem\",\"position\":2,\"name\":\"Shop\",\"item\":\"https:\\\/\\\/rap-webshop.nl\\\/winkel\\\/\"},{\"@type\":\"ListItem\",\"position\":3,\"name\":\"Peugeot Ladeger\u00e4t SSLC084V42XH mit 5-poligem Kunststoff-Rundstecker\"}]},{\"@type\":\"WebSite\",\"@id\":\"https:\\\/\\\/rap-webshop.nl\\\/de\\\/#website\",\"url\":\"https:\\\/\\\/rap-webshop.nl\\\/de\\\/\",\"name\":\"RAP elektrische fietsen\",\"description\":\"E-bikes, e-bike accu\u2019s, li-ion laders &amp; -accessoires\",\"publisher\":{\"@id\":\"https:\\\/\\\/rap-webshop.nl\\\/de\\\/#organization\"},\"potentialAction\":[{\"@type\":\"SearchAction\",\"target\":{\"@type\":\"EntryPoint\",\"urlTemplate\":\"https:\\\/\\\/rap-webshop.nl\\\/de\\\/?s={search_term_string}\"},\"query-input\":{\"@type\":\"PropertyValueSpecification\",\"valueRequired\":true,\"valueName\":\"search_term_string\"}}],\"inLanguage\":\"de\"},{\"@type\":\"Organization\",\"@id\":\"https:\\\/\\\/rap-webshop.nl\\\/de\\\/#organization\",\"name\":\"RAP elektrische fietsen\",\"url\":\"https:\\\/\\\/rap-webshop.nl\\\/de\\\/\",\"logo\":{\"@type\":\"ImageObject\",\"inLanguage\":\"de\",\"@id\":\"https:\\\/\\\/rap-webshop.nl\\\/de\\\/#\\\/schema\\\/logo\\\/image\\\/\",\"url\":\"https:\\\/\\\/rap-webshop.nl\\\/wp-content\\\/uploads\\\/2025\\\/07\\\/RAP-Webshop-logo-diap-1.svg\",\"contentUrl\":\"https:\\\/\\\/rap-webshop.nl\\\/wp-content\\\/uploads\\\/2025\\\/07\\\/RAP-Webshop-logo-diap-1.svg\",\"caption\":\"RAP elektrische fietsen\"},\"image\":{\"@id\":\"https:\\\/\\\/rap-webshop.nl\\\/de\\\/#\\\/schema\\\/logo\\\/image\\\/\"}}]}<\/script>\n<meta property=\"product:price:amount\" content=\"52.95\" \/>\n<meta property=\"product:price:currency\" content=\"EUR\" \/>\n<meta property=\"og:availability\" content=\"instock\" \/>\n<meta property=\"product:availability\" content=\"instock\" \/>\n<meta property=\"product:retailer_item_id\" content=\"5481-3\" \/>\n<meta property=\"product:condition\" content=\"new\" \/>\n<!-- \/ Yoast SEO plugin. -->","yoast_head_json":{"title":"Peugeot laadger\u00e4t voor elektrische fietsen | RAP elektrische fietsen","description":"Het Peugeot laadger\u00e4t is de ideale oplossing voor het opladen van je fietsaccu. Bestel nu en profiteer van de korting!","robots":{"index":"index","follow":"follow","max-snippet":"max-snippet:-1","max-image-preview":"max-image-preview:large","max-video-preview":"max-video-preview:-1"},"canonical":"https:\/\/rap-webshop.nl\/de\/produkt\/peugeot-ladegeraet-sslc084v42xh-mit-5-poligem-kunststoff-rundstecker\/","og_locale":"de_DE","og_type":"article","og_title":"Peugeot laadger\u00e4t voor jouw elektrische fiets!","og_description":"Zorg voor een volle accu met het Peugeot laadger\u00e4t. Bestel vandaag nog!","og_url":"https:\/\/rap-webshop.nl\/de\/produkt\/peugeot-ladegeraet-sslc084v42xh-mit-5-poligem-kunststoff-rundstecker\/","og_site_name":"RAP elektrische fietsen","article_modified_time":"2025-10-08T12:42:40+00:00","og_image":[{"width":1280,"height":720,"url":"https:\/\/rap-webshop.nl\/wp-content\/uploads\/2025\/10\/joycube-sslc084v42xh-voor-Peugeot-5-polig-rond-kunststof-2.jpg","type":"image\/jpeg"}],"twitter_card":"summary_large_image","twitter_title":"Peugeot laadger\u00e4t voor jouw elektrische fiets!","twitter_description":"Zorg voor een volle accu met het Peugeot laadger\u00e4t. Bestel vandaag nog!","twitter_misc":{"Preis":"&euro;52,95","Verf\u00fcgbarkeit":"Auf Lager"},"schema":{"@context":"https:\/\/schema.org","@graph":[{"@type":"WebPage","@id":"https:\/\/rap-webshop.nl\/de\/produkt\/peugeot-ladegeraet-sslc084v42xh-mit-5-poligem-kunststoff-rundstecker\/","url":"https:\/\/rap-webshop.nl\/de\/produkt\/peugeot-ladegeraet-sslc084v42xh-mit-5-poligem-kunststoff-rundstecker\/","name":"Peugeot laadger\u00e4t voor elektrische fietsen | RAP elektrische fietsen","isPartOf":{"@id":"https:\/\/rap-webshop.nl\/de\/#website"},"primaryImageOfPage":{"@id":"https:\/\/rap-webshop.nl\/de\/produkt\/peugeot-ladegeraet-sslc084v42xh-mit-5-poligem-kunststoff-rundstecker\/#primaryimage"},"image":{"@id":"https:\/\/rap-webshop.nl\/de\/produkt\/peugeot-ladegeraet-sslc084v42xh-mit-5-poligem-kunststoff-rundstecker\/#primaryimage"},"thumbnailUrl":"https:\/\/rap-webshop.nl\/wp-content\/uploads\/2025\/10\/joycube-sslc084v42xh-voor-Peugeot-5-polig-rond-kunststof-2.jpg","datePublished":"2022-12-01T11:36:42+00:00","dateModified":"2025-10-08T12:42:40+00:00","description":"Het Peugeot laadger\u00e4t is de ideale oplossing voor het opladen van je fietsaccu. Bestel nu en profiteer van de korting!","breadcrumb":{"@id":"https:\/\/rap-webshop.nl\/de\/produkt\/peugeot-ladegeraet-sslc084v42xh-mit-5-poligem-kunststoff-rundstecker\/#breadcrumb"},"inLanguage":"de","potentialAction":[{"@type":"ReadAction","target":["https:\/\/rap-webshop.nl\/de\/produkt\/peugeot-ladegeraet-sslc084v42xh-mit-5-poligem-kunststoff-rundstecker\/"]}]},{"@type":"ImageObject","inLanguage":"de","@id":"https:\/\/rap-webshop.nl\/de\/produkt\/peugeot-ladegeraet-sslc084v42xh-mit-5-poligem-kunststoff-rundstecker\/#primaryimage","url":"https:\/\/rap-webshop.nl\/wp-content\/uploads\/2025\/10\/joycube-sslc084v42xh-voor-Peugeot-5-polig-rond-kunststof-2.jpg","contentUrl":"https:\/\/rap-webshop.nl\/wp-content\/uploads\/2025\/10\/joycube-sslc084v42xh-voor-Peugeot-5-polig-rond-kunststof-2.jpg","width":1280,"height":720,"caption":"Peugeot Ladeger\u00e4t SSLC084V42XH mit 5-poligem Kunststoff-Rundstecker - RAP elektrische fietsen"},{"@type":"BreadcrumbList","@id":"https:\/\/rap-webshop.nl\/de\/produkt\/peugeot-ladegeraet-sslc084v42xh-mit-5-poligem-kunststoff-rundstecker\/#breadcrumb","itemListElement":[{"@type":"ListItem","position":1,"name":"Home","item":"https:\/\/rap-webshop.nl\/de\/"},{"@type":"ListItem","position":2,"name":"Shop","item":"https:\/\/rap-webshop.nl\/winkel\/"},{"@type":"ListItem","position":3,"name":"Peugeot Ladeger\u00e4t SSLC084V42XH mit 5-poligem Kunststoff-Rundstecker"}]},{"@type":"WebSite","@id":"https:\/\/rap-webshop.nl\/de\/#website","url":"https:\/\/rap-webshop.nl\/de\/","name":"RAP elektrische fietsen","description":"E-bikes, e-bike accu\u2019s, li-ion laders &amp; -accessoires","publisher":{"@id":"https:\/\/rap-webshop.nl\/de\/#organization"},"potentialAction":[{"@type":"SearchAction","target":{"@type":"EntryPoint","urlTemplate":"https:\/\/rap-webshop.nl\/de\/?s={search_term_string}"},"query-input":{"@type":"PropertyValueSpecification","valueRequired":true,"valueName":"search_term_string"}}],"inLanguage":"de"},{"@type":"Organization","@id":"https:\/\/rap-webshop.nl\/de\/#organization","name":"RAP elektrische fietsen","url":"https:\/\/rap-webshop.nl\/de\/","logo":{"@type":"ImageObject","inLanguage":"de","@id":"https:\/\/rap-webshop.nl\/de\/#\/schema\/logo\/image\/","url":"https:\/\/rap-webshop.nl\/wp-content\/uploads\/2025\/07\/RAP-Webshop-logo-diap-1.svg","contentUrl":"https:\/\/rap-webshop.nl\/wp-content\/uploads\/2025\/07\/RAP-Webshop-logo-diap-1.svg","caption":"RAP elektrische fietsen"},"image":{"@id":"https:\/\/rap-webshop.nl\/de\/#\/schema\/logo\/image\/"}}]},"product_price_amount":"52.95","product_price_currency":"EUR","og_availability":"instock","product_availability":"instock","product_retailer_item_id":"5481-3","product_condition":"new"},"_links":{"self":[{"href":"https:\/\/rap-webshop.nl\/de\/wp-json\/wp\/v2\/product\/26228","targetHints":{"allow":["GET"]}}],"collection":[{"href":"https:\/\/rap-webshop.nl\/de\/wp-json\/wp\/v2\/product"}],"about":[{"href":"https:\/\/rap-webshop.nl\/de\/wp-json\/wp\/v2\/types\/product"}],"replies":[{"embeddable":true,"href":"https:\/\/rap-webshop.nl\/de\/wp-json\/wp\/v2\/comments?post=26228"}],"wp:featuredmedia":[{"embeddable":true,"href":"https:\/\/rap-webshop.nl\/de\/wp-json\/wp\/v2\/media\/24727"}],"wp:attachment":[{"href":"https:\/\/rap-webshop.nl\/de\/wp-json\/wp\/v2\/media?parent=26228"}],"wp:term":[{"taxonomy":"product_brand","embeddable":true,"href":"https:\/\/rap-webshop.nl\/de\/wp-json\/wp\/v2\/product_brand?post=26228"},{"taxonomy":"product_cat","embeddable":true,"href":"https:\/\/rap-webshop.nl\/de\/wp-json\/wp\/v2\/product_cat?post=26228"},{"taxonomy":"product_tag","embeddable":true,"href":"https:\/\/rap-webshop.nl\/de\/wp-json\/wp\/v2\/product_tag?post=26228"}],"curies":[{"name":"wp","href":"https:\/\/api.w.org\/{rel}","templated":true}]}}