{"id":26226,"date":"2022-04-01T21:51:48","date_gmt":"2022-04-01T19:51:48","guid":{"rendered":"https:\/\/rap-webshop.nl\/product\/amslod-36-series-fahrradbatterie-522-wh-36v-145-ah-silbergrau-mit-ruecklicht-u-a-fuer-hamilton-aston-croft-highland-hilston-etc-neuer-lager\/"},"modified":"2025-10-08T14:42:40","modified_gmt":"2025-10-08T12:42:40","slug":"amslod-36-series-fahrradbatterie-522-wh-36v-145-ah-silbergrau-mit-ruecklicht-u-a-fuer-hamilton-aston-croft-highland-hilston-etc-neuer-lager","status":"publish","type":"product","link":"https:\/\/rap-webshop.nl\/de\/produkt\/amslod-36-series-fahrradbatterie-522-wh-36v-145-ah-silbergrau-mit-ruecklicht-u-a-fuer-hamilton-aston-croft-highland-hilston-etc-neuer-lager\/","title":{"rendered":"Amslod 36-series Fahrradbatterie 522 Wh (36V, 14,5 Ah), silbergrau mit R\u00fccklicht u.a. f\u00fcr die Modelle Hamilton, Aston, Croft, Highland, Hilston etc."},"content":{"rendered":"<h4 style=\"text-align: left;\"><strong>Amslod 36-series Li-ION Fahrradakku, 36V\/ 14,5 Ah (522 Wh) f\u00fcr u.a. die Modelle  <\/strong><strong>Hamilton, Aston, Croft, Highland und Hilston. Dieser Akku kann auch als Ersatz f\u00fcr das Modell Platinum XL dienen, bietet aber in diesem Fall 15-20 % weniger Reichweite.<br \/>\n<\/strong><\/h4>\n<p>&nbsp;<\/p>\n<h4><strong>Neue und originale Ersatzbatterie vom Hersteller, der auch die Batterie geliefert hat, mit der das Fahrrad urspr\u00fcnglich von Amslod verkauft wurde.  <\/strong><\/h4>\n<h4 style=\"text-align: center;\"><\/h4>\n<p><strong><br \/>\nAkku<br \/>\n<\/strong>Li-ION-Fahrradakku f\u00fcr Amslod mit LED-R\u00fccklicht (schaltbar \u00fcber Displaysteuerung) und rundem, 2-poligem Anschluss f\u00fcr Ladeger\u00e4t. Die Fahrradbatterie liefert eine Leistung von 522 Wh bei 36 Volt (14,5 Ah) und ersetzt die Originalbatterie in den Kapazit\u00e4ten 13, 14,5 und 17,5 Ah, mit denen sie zu 100 % kompatibel ist.<\/p>\n<p><strong>Ladeger\u00e4t<\/strong><br \/>\nDas Original-Ladeger\u00e4t funktioniert auch mit dieser neuen Batterie und muss daher nicht ersetzt werden. Wenn Sie noch ein zus\u00e4tzliches oder ein Ersatz-Ladeger\u00e4t ben\u00f6tigen, klicken Sie bitte <span style=\"text-decoration: underline;\"><br \/>\n  <strong>hier<\/strong><br \/>\n<\/span>.<\/p>\n<p><strong>Zubeh\u00f6r<br \/>\n<\/strong>Neben dem Ladeger\u00e4t ist auch der Akkuschieber (mit Schloss) separat erh\u00e4ltlich.<\/p>\n<p><strong>Garantie f\u00fcr Amslod-Batterien der 36er-Serie<\/strong><br \/>\nAuf den Akku wird eine 24-monatige Garantie (Hersteller) gew\u00e4hrt.<\/p>\n<p><strong>Verwendung und Aufladen des Akkus<br \/>\n<\/strong>Die richtige Verwendung des Akkus ist entscheidend f\u00fcr seine Lebensdauer und Leistung. Dabei sind die folgenden Grunds\u00e4tze wichtig:<\/p>\n<ul>\n<li>Halten Sie den Akku durch regelm\u00e4\u00dfige Benutzung (Laden und Entladen) in gutem Zustand.<\/li>\n<li>Die beste Leistung erbringt der Akku bei einer Temperatur von 25 &#8211; 30 Grad Celsius, bleibt aber auch bei niedrigeren Temperaturen in bestem Zustand. Lagern Sie den Akku vorzugsweise in einer k\u00fchlen, trockenen Umgebung, wenn er nicht benutzt wird.<\/li>\n<li>Laden Sie eine entladene Batterie sofort auf, um eine Tiefentladung zu vermeiden, bei der die Batteriespannung unter den Wert f\u00e4llt, bei dem die Batterie noch registrieren kann, dass das Ladeger\u00e4t angeschlossen ist.<\/li>\n<\/ul>\n<p>F\u00fcr eine ausf\u00fchrlichere Anleitung zur Verwaltung und Verwendung der Batterie klicken Sie bitte auf die Schaltfl\u00e4che unten:<\/p>\n<p><a href=\"https:\/\/rap-webshop.nl\/gebruik-en-beheer-van-de-li-ion-fietsaccu\/\" target=\"_blank\" rel=\"noopener\"><img decoding=\"async\" class=\"aligncenter wp-image-7375\" src=\"https:\/\/rap-webshop.nl\/wp-content\/uploads\/2025\/10\/tips-voor-een-goed-gebruik-en-beheer-van-de-accu-2-300x41.jpg\" alt=\"Tipps zur Nutzung und Verwaltung von Fahrradbatterien\" width=\"569\" height=\"77\"><\/a><\/p>\n<p>&nbsp;<\/p>\n<p><strong>ALLGEMEINE PRODUKTINFORMATIONEN:<br \/>\n<\/strong>Artikel-Nummer: 10BDP22\/15\/138(145)-001<br \/>\nEAN: 9507858758394<br \/>\nGarantie: 24 Monate (Werksgarantie und RAP-Garantie)<br \/>\nAnwendung: Elektrofahrrad 36 Volt<br \/>\nMarke: RAP BDP<\/p>\n<p>&nbsp;<\/p>\n<p><strong>PRODUKTSPEZIFIKATIONEN:<br \/>\n<\/strong>Typ: Li-ION<br \/>\nModell: EB1005-HM<br \/>\nBatterieverwaltung: Standard BMS<br \/>\nAusgangsspannung: 36 V<br \/>\nKapazit\u00e4t: 522 WH (36V &#8211; 14,5 Ah)<br \/>\nL\u00e4nge: 375 mm<br \/>\nBreite: 140 mm<br \/>\nH\u00f6he: 75 mm<br \/>\nGewicht: 3,5 kg<br \/>\nZustand: Neu<br \/>\nVorgeladen: Ja, teilweise<br \/>\nOptional: Ladeger\u00e4t, Batteriefach und Schloss<\/p>\n<p><strong>LIEFERUNG:<br \/>\n<\/strong>&#8211; Kostenloser Versand<br \/>\n&#8211; Kreditkarte und Nachzahlung m\u00f6glich<\/p>\n","protected":false},"excerpt":{"rendered":"<p>De Amslod 36-series fietsaccu biedt krachtige prestaties voor jouw elektrische fiets.<\/p>\n<p>De Amslod 36-series fietsaccu biedt 522 Wh aan kracht voor jouw elektrische fiets.<\/p>\n<p><img fetchpriority=\"high\" decoding=\"async\" class=\"alignnone size-medium wp-image-10875\" src=\"https:\/\/rap-webshop.nl\/wp-content\/uploads\/2022\/11\/Amslod-met-logo-300x169.jpg\" alt=\"Amslod-Fahrradbatterie der 36er-Serie\" width=\"300\" height=\"169\">Amslod-Batterie der 36er-Serie Platina &amp; Platina XL<\/p>\n","protected":false},"featured_media":24612,"comment_status":"closed","ping_status":"open","template":"","meta":{"_acf_changed":false},"product_brand":[],"product_cat":[276,278],"product_tag":[],"class_list":{"0":"post-26226","1":"product","2":"type-product","3":"status-publish","4":"has-post-thumbnail","6":"product_cat-batterien-fuer-fahrraeder","7":"product_cat-amslod-fahrradbatterien","8":"product_shipping_class-standardversand-belgien","10":"first","11":"instock","12":"taxable","13":"shipping-taxable","14":"purchasable","15":"product-type-simple"},"acf":[],"yoast_head":"<!-- This site is optimized with the Yoast SEO plugin v27.3 - https:\/\/yoast.com\/product\/yoast-seo-wordpress\/ -->\n<title>Amslod 36-series fietsaccu 522 Wh | RAP elektrische fietsen<\/title>\n<meta name=\"description\" content=\"De Amslod 36-series fietsaccu biedt 522 Wh voor jouw elektrische fiets. Bestel nu en rij verder!\" \/>\n<meta name=\"robots\" content=\"index, follow, max-snippet:-1, max-image-preview:large, max-video-preview:-1\" \/>\n<link rel=\"canonical\" href=\"https:\/\/rap-webshop.nl\/de\/produkt\/amslod-36-series-fahrradbatterie-522-wh-36v-145-ah-silbergrau-mit-ruecklicht-u-a-fuer-hamilton-aston-croft-highland-hilston-etc-neuer-lager\/\" \/>\n<meta property=\"og:locale\" content=\"de_DE\" \/>\n<meta property=\"og:type\" content=\"article\" \/>\n<meta property=\"og:title\" content=\"Amslod 36-series accu nu beschikbaar!\" \/>\n<meta property=\"og:description\" content=\"Versterk je elektrische fiets met de Amslod 36-series accu. Bestel vandaag nog!\" \/>\n<meta property=\"og:url\" content=\"https:\/\/rap-webshop.nl\/de\/produkt\/amslod-36-series-fahrradbatterie-522-wh-36v-145-ah-silbergrau-mit-ruecklicht-u-a-fuer-hamilton-aston-croft-highland-hilston-etc-neuer-lager\/\" \/>\n<meta property=\"og:site_name\" content=\"RAP elektrische fietsen\" \/>\n<meta property=\"article:modified_time\" content=\"2025-10-08T12:42:40+00:00\" \/>\n<meta property=\"og:image\" content=\"https:\/\/rap-webshop.nl\/wp-content\/uploads\/2025\/10\/Amslod-36-series-fietsaccu-13Ah-468-Wh-2.jpg\" \/>\n\t<meta property=\"og:image:width\" content=\"1280\" \/>\n\t<meta property=\"og:image:height\" content=\"720\" \/>\n\t<meta property=\"og:image:type\" content=\"image\/jpeg\" \/>\n<meta name=\"twitter:card\" content=\"summary_large_image\" \/>\n<meta name=\"twitter:title\" content=\"Amslod 36-series accu nu beschikbaar!\" \/>\n<meta name=\"twitter:description\" content=\"Versterk je elektrische fiets met de Amslod 36-series accu. Bestel vandaag nog!\" \/>\n<meta name=\"twitter:label1\" content=\"Preis\" \/>\n\t<meta name=\"twitter:data1\" content=\"&euro;385,00\" \/>\n\t<meta name=\"twitter:label2\" content=\"Verf\u00fcgbarkeit\" \/>\n\t<meta name=\"twitter:data2\" content=\"Auf Lager\" \/>\n<script type=\"application\/ld+json\" class=\"yoast-schema-graph\">{\"@context\":\"https:\\\/\\\/schema.org\",\"@graph\":[{\"@type\":\"WebPage\",\"@id\":\"https:\\\/\\\/rap-webshop.nl\\\/de\\\/produkt\\\/amslod-36-series-fahrradbatterie-522-wh-36v-145-ah-silbergrau-mit-ruecklicht-u-a-fuer-hamilton-aston-croft-highland-hilston-etc-neuer-lager\\\/\",\"url\":\"https:\\\/\\\/rap-webshop.nl\\\/de\\\/produkt\\\/amslod-36-series-fahrradbatterie-522-wh-36v-145-ah-silbergrau-mit-ruecklicht-u-a-fuer-hamilton-aston-croft-highland-hilston-etc-neuer-lager\\\/\",\"name\":\"Amslod 36-series fietsaccu 522 Wh | RAP elektrische fietsen\",\"isPartOf\":{\"@id\":\"https:\\\/\\\/rap-webshop.nl\\\/de\\\/#website\"},\"primaryImageOfPage\":{\"@id\":\"https:\\\/\\\/rap-webshop.nl\\\/de\\\/produkt\\\/amslod-36-series-fahrradbatterie-522-wh-36v-145-ah-silbergrau-mit-ruecklicht-u-a-fuer-hamilton-aston-croft-highland-hilston-etc-neuer-lager\\\/#primaryimage\"},\"image\":{\"@id\":\"https:\\\/\\\/rap-webshop.nl\\\/de\\\/produkt\\\/amslod-36-series-fahrradbatterie-522-wh-36v-145-ah-silbergrau-mit-ruecklicht-u-a-fuer-hamilton-aston-croft-highland-hilston-etc-neuer-lager\\\/#primaryimage\"},\"thumbnailUrl\":\"https:\\\/\\\/rap-webshop.nl\\\/wp-content\\\/uploads\\\/2025\\\/10\\\/Amslod-36-series-fietsaccu-13Ah-468-Wh-2.jpg\",\"datePublished\":\"2022-04-01T19:51:48+00:00\",\"dateModified\":\"2025-10-08T12:42:40+00:00\",\"description\":\"De Amslod 36-series fietsaccu biedt 522 Wh voor jouw elektrische fiets. Bestel nu en rij verder!\",\"breadcrumb\":{\"@id\":\"https:\\\/\\\/rap-webshop.nl\\\/de\\\/produkt\\\/amslod-36-series-fahrradbatterie-522-wh-36v-145-ah-silbergrau-mit-ruecklicht-u-a-fuer-hamilton-aston-croft-highland-hilston-etc-neuer-lager\\\/#breadcrumb\"},\"inLanguage\":\"de\",\"potentialAction\":[{\"@type\":\"ReadAction\",\"target\":[\"https:\\\/\\\/rap-webshop.nl\\\/de\\\/produkt\\\/amslod-36-series-fahrradbatterie-522-wh-36v-145-ah-silbergrau-mit-ruecklicht-u-a-fuer-hamilton-aston-croft-highland-hilston-etc-neuer-lager\\\/\"]}]},{\"@type\":\"ImageObject\",\"inLanguage\":\"de\",\"@id\":\"https:\\\/\\\/rap-webshop.nl\\\/de\\\/produkt\\\/amslod-36-series-fahrradbatterie-522-wh-36v-145-ah-silbergrau-mit-ruecklicht-u-a-fuer-hamilton-aston-croft-highland-hilston-etc-neuer-lager\\\/#primaryimage\",\"url\":\"https:\\\/\\\/rap-webshop.nl\\\/wp-content\\\/uploads\\\/2025\\\/10\\\/Amslod-36-series-fietsaccu-13Ah-468-Wh-2.jpg\",\"contentUrl\":\"https:\\\/\\\/rap-webshop.nl\\\/wp-content\\\/uploads\\\/2025\\\/10\\\/Amslod-36-series-fietsaccu-13Ah-468-Wh-2.jpg\",\"width\":1280,\"height\":720,\"caption\":\"Amslod 36-series Fahrradbatterie 522 Wh (36V, 14,5 Ah), silbergrau mit R\u00fccklicht u.a. f\u00fcr die Modelle Hamilton, Aston, Croft, Highland, Hilston etc. - RAP elektrische fietsen\"},{\"@type\":\"BreadcrumbList\",\"@id\":\"https:\\\/\\\/rap-webshop.nl\\\/de\\\/produkt\\\/amslod-36-series-fahrradbatterie-522-wh-36v-145-ah-silbergrau-mit-ruecklicht-u-a-fuer-hamilton-aston-croft-highland-hilston-etc-neuer-lager\\\/#breadcrumb\",\"itemListElement\":[{\"@type\":\"ListItem\",\"position\":1,\"name\":\"Home\",\"item\":\"https:\\\/\\\/rap-webshop.nl\\\/de\\\/\"},{\"@type\":\"ListItem\",\"position\":2,\"name\":\"Shop\",\"item\":\"https:\\\/\\\/rap-webshop.nl\\\/winkel\\\/\"},{\"@type\":\"ListItem\",\"position\":3,\"name\":\"Amslod 36-series Fahrradbatterie 522 Wh (36V, 14,5 Ah), silbergrau mit R\u00fccklicht u.a. f\u00fcr die Modelle Hamilton, Aston, Croft, Highland, Hilston etc.\"}]},{\"@type\":\"WebSite\",\"@id\":\"https:\\\/\\\/rap-webshop.nl\\\/de\\\/#website\",\"url\":\"https:\\\/\\\/rap-webshop.nl\\\/de\\\/\",\"name\":\"RAP elektrische fietsen\",\"description\":\"E-bikes, e-bike accu\u2019s, li-ion laders &amp; -accessoires\",\"publisher\":{\"@id\":\"https:\\\/\\\/rap-webshop.nl\\\/de\\\/#organization\"},\"potentialAction\":[{\"@type\":\"SearchAction\",\"target\":{\"@type\":\"EntryPoint\",\"urlTemplate\":\"https:\\\/\\\/rap-webshop.nl\\\/de\\\/?s={search_term_string}\"},\"query-input\":{\"@type\":\"PropertyValueSpecification\",\"valueRequired\":true,\"valueName\":\"search_term_string\"}}],\"inLanguage\":\"de\"},{\"@type\":\"Organization\",\"@id\":\"https:\\\/\\\/rap-webshop.nl\\\/de\\\/#organization\",\"name\":\"RAP elektrische fietsen\",\"url\":\"https:\\\/\\\/rap-webshop.nl\\\/de\\\/\",\"logo\":{\"@type\":\"ImageObject\",\"inLanguage\":\"de\",\"@id\":\"https:\\\/\\\/rap-webshop.nl\\\/de\\\/#\\\/schema\\\/logo\\\/image\\\/\",\"url\":\"https:\\\/\\\/rap-webshop.nl\\\/wp-content\\\/uploads\\\/2025\\\/07\\\/RAP-Webshop-logo-diap-1.svg\",\"contentUrl\":\"https:\\\/\\\/rap-webshop.nl\\\/wp-content\\\/uploads\\\/2025\\\/07\\\/RAP-Webshop-logo-diap-1.svg\",\"caption\":\"RAP elektrische fietsen\"},\"image\":{\"@id\":\"https:\\\/\\\/rap-webshop.nl\\\/de\\\/#\\\/schema\\\/logo\\\/image\\\/\"}}]}<\/script>\n<meta property=\"product:price:amount\" content=\"385.00\" \/>\n<meta property=\"product:price:currency\" content=\"EUR\" \/>\n<meta property=\"og:availability\" content=\"instock\" \/>\n<meta property=\"product:availability\" content=\"instock\" \/>\n<meta property=\"product:retailer_item_id\" content=\"5109\" \/>\n<meta property=\"product:condition\" content=\"new\" \/>\n<!-- \/ Yoast SEO plugin. -->","yoast_head_json":{"title":"Amslod 36-series fietsaccu 522 Wh | RAP elektrische fietsen","description":"De Amslod 36-series fietsaccu biedt 522 Wh voor jouw elektrische fiets. Bestel nu en rij verder!","robots":{"index":"index","follow":"follow","max-snippet":"max-snippet:-1","max-image-preview":"max-image-preview:large","max-video-preview":"max-video-preview:-1"},"canonical":"https:\/\/rap-webshop.nl\/de\/produkt\/amslod-36-series-fahrradbatterie-522-wh-36v-145-ah-silbergrau-mit-ruecklicht-u-a-fuer-hamilton-aston-croft-highland-hilston-etc-neuer-lager\/","og_locale":"de_DE","og_type":"article","og_title":"Amslod 36-series accu nu beschikbaar!","og_description":"Versterk je elektrische fiets met de Amslod 36-series accu. Bestel vandaag nog!","og_url":"https:\/\/rap-webshop.nl\/de\/produkt\/amslod-36-series-fahrradbatterie-522-wh-36v-145-ah-silbergrau-mit-ruecklicht-u-a-fuer-hamilton-aston-croft-highland-hilston-etc-neuer-lager\/","og_site_name":"RAP elektrische fietsen","article_modified_time":"2025-10-08T12:42:40+00:00","og_image":[{"width":1280,"height":720,"url":"https:\/\/rap-webshop.nl\/wp-content\/uploads\/2025\/10\/Amslod-36-series-fietsaccu-13Ah-468-Wh-2.jpg","type":"image\/jpeg"}],"twitter_card":"summary_large_image","twitter_title":"Amslod 36-series accu nu beschikbaar!","twitter_description":"Versterk je elektrische fiets met de Amslod 36-series accu. Bestel vandaag nog!","twitter_misc":{"Preis":"&euro;385,00","Verf\u00fcgbarkeit":"Auf Lager"},"schema":{"@context":"https:\/\/schema.org","@graph":[{"@type":"WebPage","@id":"https:\/\/rap-webshop.nl\/de\/produkt\/amslod-36-series-fahrradbatterie-522-wh-36v-145-ah-silbergrau-mit-ruecklicht-u-a-fuer-hamilton-aston-croft-highland-hilston-etc-neuer-lager\/","url":"https:\/\/rap-webshop.nl\/de\/produkt\/amslod-36-series-fahrradbatterie-522-wh-36v-145-ah-silbergrau-mit-ruecklicht-u-a-fuer-hamilton-aston-croft-highland-hilston-etc-neuer-lager\/","name":"Amslod 36-series fietsaccu 522 Wh | RAP elektrische fietsen","isPartOf":{"@id":"https:\/\/rap-webshop.nl\/de\/#website"},"primaryImageOfPage":{"@id":"https:\/\/rap-webshop.nl\/de\/produkt\/amslod-36-series-fahrradbatterie-522-wh-36v-145-ah-silbergrau-mit-ruecklicht-u-a-fuer-hamilton-aston-croft-highland-hilston-etc-neuer-lager\/#primaryimage"},"image":{"@id":"https:\/\/rap-webshop.nl\/de\/produkt\/amslod-36-series-fahrradbatterie-522-wh-36v-145-ah-silbergrau-mit-ruecklicht-u-a-fuer-hamilton-aston-croft-highland-hilston-etc-neuer-lager\/#primaryimage"},"thumbnailUrl":"https:\/\/rap-webshop.nl\/wp-content\/uploads\/2025\/10\/Amslod-36-series-fietsaccu-13Ah-468-Wh-2.jpg","datePublished":"2022-04-01T19:51:48+00:00","dateModified":"2025-10-08T12:42:40+00:00","description":"De Amslod 36-series fietsaccu biedt 522 Wh voor jouw elektrische fiets. Bestel nu en rij verder!","breadcrumb":{"@id":"https:\/\/rap-webshop.nl\/de\/produkt\/amslod-36-series-fahrradbatterie-522-wh-36v-145-ah-silbergrau-mit-ruecklicht-u-a-fuer-hamilton-aston-croft-highland-hilston-etc-neuer-lager\/#breadcrumb"},"inLanguage":"de","potentialAction":[{"@type":"ReadAction","target":["https:\/\/rap-webshop.nl\/de\/produkt\/amslod-36-series-fahrradbatterie-522-wh-36v-145-ah-silbergrau-mit-ruecklicht-u-a-fuer-hamilton-aston-croft-highland-hilston-etc-neuer-lager\/"]}]},{"@type":"ImageObject","inLanguage":"de","@id":"https:\/\/rap-webshop.nl\/de\/produkt\/amslod-36-series-fahrradbatterie-522-wh-36v-145-ah-silbergrau-mit-ruecklicht-u-a-fuer-hamilton-aston-croft-highland-hilston-etc-neuer-lager\/#primaryimage","url":"https:\/\/rap-webshop.nl\/wp-content\/uploads\/2025\/10\/Amslod-36-series-fietsaccu-13Ah-468-Wh-2.jpg","contentUrl":"https:\/\/rap-webshop.nl\/wp-content\/uploads\/2025\/10\/Amslod-36-series-fietsaccu-13Ah-468-Wh-2.jpg","width":1280,"height":720,"caption":"Amslod 36-series Fahrradbatterie 522 Wh (36V, 14,5 Ah), silbergrau mit R\u00fccklicht u.a. f\u00fcr die Modelle Hamilton, Aston, Croft, Highland, Hilston etc. - RAP elektrische fietsen"},{"@type":"BreadcrumbList","@id":"https:\/\/rap-webshop.nl\/de\/produkt\/amslod-36-series-fahrradbatterie-522-wh-36v-145-ah-silbergrau-mit-ruecklicht-u-a-fuer-hamilton-aston-croft-highland-hilston-etc-neuer-lager\/#breadcrumb","itemListElement":[{"@type":"ListItem","position":1,"name":"Home","item":"https:\/\/rap-webshop.nl\/de\/"},{"@type":"ListItem","position":2,"name":"Shop","item":"https:\/\/rap-webshop.nl\/winkel\/"},{"@type":"ListItem","position":3,"name":"Amslod 36-series Fahrradbatterie 522 Wh (36V, 14,5 Ah), silbergrau mit R\u00fccklicht u.a. f\u00fcr die Modelle Hamilton, Aston, Croft, Highland, Hilston etc."}]},{"@type":"WebSite","@id":"https:\/\/rap-webshop.nl\/de\/#website","url":"https:\/\/rap-webshop.nl\/de\/","name":"RAP elektrische fietsen","description":"E-bikes, e-bike accu\u2019s, li-ion laders &amp; -accessoires","publisher":{"@id":"https:\/\/rap-webshop.nl\/de\/#organization"},"potentialAction":[{"@type":"SearchAction","target":{"@type":"EntryPoint","urlTemplate":"https:\/\/rap-webshop.nl\/de\/?s={search_term_string}"},"query-input":{"@type":"PropertyValueSpecification","valueRequired":true,"valueName":"search_term_string"}}],"inLanguage":"de"},{"@type":"Organization","@id":"https:\/\/rap-webshop.nl\/de\/#organization","name":"RAP elektrische fietsen","url":"https:\/\/rap-webshop.nl\/de\/","logo":{"@type":"ImageObject","inLanguage":"de","@id":"https:\/\/rap-webshop.nl\/de\/#\/schema\/logo\/image\/","url":"https:\/\/rap-webshop.nl\/wp-content\/uploads\/2025\/07\/RAP-Webshop-logo-diap-1.svg","contentUrl":"https:\/\/rap-webshop.nl\/wp-content\/uploads\/2025\/07\/RAP-Webshop-logo-diap-1.svg","caption":"RAP elektrische fietsen"},"image":{"@id":"https:\/\/rap-webshop.nl\/de\/#\/schema\/logo\/image\/"}}]},"product_price_amount":"385.00","product_price_currency":"EUR","og_availability":"instock","product_availability":"instock","product_retailer_item_id":"5109","product_condition":"new"},"_links":{"self":[{"href":"https:\/\/rap-webshop.nl\/de\/wp-json\/wp\/v2\/product\/26226","targetHints":{"allow":["GET"]}}],"collection":[{"href":"https:\/\/rap-webshop.nl\/de\/wp-json\/wp\/v2\/product"}],"about":[{"href":"https:\/\/rap-webshop.nl\/de\/wp-json\/wp\/v2\/types\/product"}],"replies":[{"embeddable":true,"href":"https:\/\/rap-webshop.nl\/de\/wp-json\/wp\/v2\/comments?post=26226"}],"wp:featuredmedia":[{"embeddable":true,"href":"https:\/\/rap-webshop.nl\/de\/wp-json\/wp\/v2\/media\/24612"}],"wp:attachment":[{"href":"https:\/\/rap-webshop.nl\/de\/wp-json\/wp\/v2\/media?parent=26226"}],"wp:term":[{"taxonomy":"product_brand","embeddable":true,"href":"https:\/\/rap-webshop.nl\/de\/wp-json\/wp\/v2\/product_brand?post=26226"},{"taxonomy":"product_cat","embeddable":true,"href":"https:\/\/rap-webshop.nl\/de\/wp-json\/wp\/v2\/product_cat?post=26226"},{"taxonomy":"product_tag","embeddable":true,"href":"https:\/\/rap-webshop.nl\/de\/wp-json\/wp\/v2\/product_tag?post=26226"}],"curies":[{"name":"wp","href":"https:\/\/api.w.org\/{rel}","templated":true}]}}