{"id":26206,"date":"2022-12-20T10:28:45","date_gmt":"2022-12-20T09:28:45","guid":{"rendered":"https:\/\/rap-webshop.nl\/product\/phylion-xh370-fuer-vogue-intelligente-batterie-2024-518-wh-modell-ebg370-140h1s24-ersetzt-die-xh370-13j-14j-12j-10j-inkl-led-jetzt-inklusive-gratis-laden-verfuegbar-ab-24-novembe\/"},"modified":"2025-10-08T14:42:16","modified_gmt":"2025-10-08T12:42:16","slug":"phylion-xh370-fuer-vogue-intelligente-batterie-2024-518-wh-modell-ebg370-140h1s24-ersetzt-die-xh370-13j-14j-12j-10j-inkl-led-jetzt-inklusive-gratis-laden-verfuegbar-ab-24-novembe","status":"publish","type":"product","link":"https:\/\/rap-webshop.nl\/de\/produkt\/phylion-xh370-fuer-vogue-intelligente-batterie-2024-518-wh-modell-ebg370-140h1s24-ersetzt-die-xh370-13j-14j-12j-10j-inkl-led-jetzt-inklusive-gratis-laden-verfuegbar-ab-24-novembe\/","title":{"rendered":"Phylion XH370 mit intelligentem BMS f\u00fcr Vogue, Ausgabe 2024. Modell EBG370-140H1S24 mit 518 Wh. Ersetzt die XH370-13J, -12J &amp; 10J inkl. LED. Kostenloses Ladeger\u00e4t."},"content":{"rendered":"<p>Zoek je een Phylion EBG370 accu? Dit model biedt uitstekende prestaties voor jouw e-bike.<\/p>\n<h3>Die Produktion des bekannten XH370 endete Ende 2022, nach mehr als 11 Jahren. Das Modell wurde durch das mehrfach verbesserte EBG370 ersetzt. Das bekannte Modell ist jedoch gleich geblieben. Entdecken Sie das Phylion Wall-E-S Modell 2024 (EBG370-140H1S24) mit Standard-BMS (Batteriemanagementsystem) und 518 Wh (37V, 14 Ah) f\u00fcr Vogue. Dieser aktualisierte und verbesserte Akku ist vollst\u00e4ndig austauschbar mit den fr\u00fcheren XH370-Modellen, einschlie\u00dflich XH370-13J, -14J, -12J und -10J, und ersetzt diese.  <strong>Geeignet f\u00fcr die Modelle Basic, Premium, Infinity, Centaur, Comfort, Zenda, Emma, Carry und so weiter.<\/strong><\/h3>\n<p><strong><br \/>\nDie wichtigsten Verbesserungen und Spezifikationen des Modells 2024:<\/strong><\/p>\n<ul>\n<li>100 % kompatibel mit den Vorg\u00e4ngermodellen XH370-13J (10J, 12J und 14J)<\/li>\n<li>Standard 518 Wh Kapazit\u00e4t (37V, 14 Ah)<\/li>\n<li>Verbesserte intelligente BMS<\/li>\n<li>Wasserdichtes Geh\u00e4use (IP-zertifiziert)<\/li>\n<li>Neuer, verbesserter und wasserdichter Ladeanschluss<\/li>\n<li>Robuster gebaut<\/li>\n<li>Dieses Modell hat ein integriertes R\u00fccklicht<strong><br \/>\n<\/strong><\/li>\n<\/ul>\n<p>F\u00fcr eine genauere Erl\u00e4uterung des Modell-Upgrades 2024 klicken Sie bitte <strong><a href=\"https:\/\/rap-webshop.nl\/de-nieuwe-xh370-wall-e-s-modeljaar-2024\">hier<\/a>.<\/strong><\/p>\n<p><strong>Leistungsverzeichnis 2024:<\/strong><br \/>\nDie Batterie wurde gegen\u00fcber der Ausgabe 2024 in mehreren Punkten verbessert. Das neu entwickelte BMS macht die Batterie effizienter und reduziert den Stromverbrauch im Standby-Modus. Dar\u00fcber hinaus ist der Akku jetzt wasserdicht, was das Risiko von Feuchtigkeitssch\u00e4den deutlich verringert. Der robustere und wasserdichte Ladeanschluss tr\u00e4gt dazu bei, das Risiko von Problemen w\u00e4hrend des Ladevorgangs zu verringern, und auch die Konstruktion des Akkus selbst ist solider. Steigen Sie auf das neueste Modell um und profitieren Sie von diesen Verbesserungen! Da das alte Ladeger\u00e4t f\u00fcr diese Batterie nicht mehr funktioniert, ist ein neues Ladeger\u00e4t im Lieferumfang enthalten!<\/p>\n<p>Trotz der vorgenommenen Verbesserungen ist diese neue und verbesserte Batterie vollst\u00e4ndig kompatibel (austauschbar) mit ihren Vorg\u00e4ngern der Serie XH370-13J (-14J, -12J und -10J) der Wall-E-S. Die Funktionalit\u00e4t und die Bauform des Akkus sind unver\u00e4ndert.<\/p>\n<p><strong>Ist die Batterie f\u00fcr mein Fahrrad geeignet?<br \/>\n<\/strong><span style=\"font-size: 16px; font-style: normal; font-weight: 400;\">Diese Fahrradbatterie ist geeignet f\u00fcr die Modelle <\/span><em><br \/>\n  <span style=\"font-size: 16px; font-weight: 400;\">Basic, Premium, Infinity, Centaur, Comfort, Zenda, Emma und Carry.<\/span><br \/>\n<\/em><span style=\"font-size: 16px; font-style: normal; font-weight: 400;\">.<br \/>\n<\/span>Sie k\u00f6nnen ganz einfach in 4 Schritten \u00fcberpr\u00fcfen, ob dieser Akku f\u00fcr Ihr Elektrofahrrad geeignet ist:<\/p>\n<ol>\n<li><span style=\"text-decoration: underline;\">Bauform:<\/span> Die Bauform der aktuellen Batterie sollte der der neuen Batterie entsprechen (siehe Foto). Lesen Sie dazu auch die nachstehenden Informationen.<\/li>\n<li><span style=\"text-decoration: underline;\">Spannung<\/span>: Die aktuelle Batterie sollte 36 oder 37 Volt haben.<\/li>\n<li><span style=\"text-decoration: underline;\">Batteriemanagementsystem<\/span>: Die aktuelle Batterie verf\u00fcgt ebenfalls \u00fcber ein intelligentes BMS. Lesen Sie im Zweifelsfall die unten stehenden Informationen (Schaltfl\u00e4che).<\/li>\n<li><span style=\"text-decoration: underline;\">Steckeranschluss des Ladeger\u00e4ts<\/span>: Das aktuelle Ladeger\u00e4t sollte einen runden Tulpenstecker (sieht aus wie Koax) und eine Ausgangsspannung von 42 Volt haben, um es mit der neuen Fahrradbatterie verwenden zu k\u00f6nnen.<\/li>\n<\/ol>\n<p>Ausf\u00fchrlichere Erl\u00e4uterungen zu diesen 4 Schritten :<\/p>\n<h5 style=\"text-align: center;\"><a href=\"https:\/\/rap-webshop.nl\/de-geschikte-phylion-xh370-fietsaccu\/\" target=\"_blank\" rel=\"noopener\"><img decoding=\"async\" class=\"alignnone wp-image-7377\" src=\"https:\/\/rap-webshop.nl\/wp-content\/uploads\/2025\/10\/Is-deze-accu-geschikt-voor-jouw-fiets-1-2-1024x210.jpg\" alt=\"Ist der Akku f\u00fcr Ihr Elektrofahrrad geeignet?\" width=\"391\" height=\"80\"><\/a><\/h5>\n<p><strong><br \/>\nLive-Demonstration und Recht auf R\u00fcckkehr<\/strong><br \/>\nHaben Sie Fragen? Dann kontaktieren Sie uns (per Post oder Telefon).<br \/>\nVergewissern Sie sich vor dem Kauf, dass die Batterie in Ihr Fahrrad passt und funktioniert? Vereinbaren Sie einen Termin f\u00fcr eine Live-Vorf\u00fchrung in unserem B\u00fcro.<br \/>\nSie haben online eine Batterie bestellt und sind nicht zufrieden? Senden Sie den Akku innerhalb von 14 Tagen zur\u00fcck und erhalten Sie Ihr Geld zur\u00fcck (siehe Gesch\u00e4ftsbedingungen).<\/p>\n<p><strong>Passendes Ladeger\u00e4t, Akkuschieber und Akkuschloss:<br \/>\n<\/strong>Ab dem Modell 2024 wurde der Ladekontakt durch ein anderes, robusteres Modell ersetzt. Das alte Ladeger\u00e4t wird also nicht mit der neuen Batterie funktionieren. Die Batterie ist im Lieferumfang enthalten. Ladeger\u00e4t. Ben\u00f6tigen Sie ein zus\u00e4tzliches Batterieladeger\u00e4t? <u><br \/>\n  <a href=\"https:\/\/rap-webshop.nl\/product\/oplader-vogue-phylion-sslc084v42xh-42v-2a-tulpstekker\">hier<\/a><br \/>\n<\/u>. Sie k\u00f6nnen einen neuen Batterieschlitten bestellen <u><br \/>\n  <a href=\"https:\/\/rap-webshop.nl\/product\/accuslede-met-controllerbox-voor-phylion-xh370-accu\/\">hier<\/a><br \/>\n<\/u> und ein neues Batterieschloss <a href=\"https:\/\/rap-webshop.nl\/product\/accuslot-voor-gebruik-op-slede-phylion-xh370-wall-e-s-accu\/\">hier<\/a><\/p>\n<p><strong>Verwendung und Aufladen des Akkus<br \/>\n<\/strong>Die richtige Verwendung des Akkus ist entscheidend f\u00fcr seine Lebensdauer und Leistung. Dabei sind die folgenden Grunds\u00e4tze wichtig:<\/p>\n<ul>\n<li>Halten Sie den Akku durch regelm\u00e4\u00dfige Benutzung (Laden und Entladen) in gutem Zustand.<\/li>\n<li>Die beste Leistung erbringt der Akku bei einer Temperatur von 25 &#8211; 30 Grad Celsius, bleibt aber auch bei niedrigeren Temperaturen in bestem Zustand. Lagern Sie den Akku vorzugsweise in einer k\u00fchlen, trockenen Umgebung, wenn er nicht benutzt wird.<\/li>\n<li>Laden Sie eine entladene Batterie sofort auf, um eine Tiefentladung zu vermeiden, bei der die Batteriespannung unter den Wert f\u00e4llt, bei dem die Batterie noch registrieren kann, dass das Ladeger\u00e4t angeschlossen ist.<\/li>\n<\/ul>\n<p>F\u00fcr eine ausf\u00fchrlichere Anleitung zur Verwaltung und Verwendung der Batterie klicken Sie bitte auf die Schaltfl\u00e4che unten:<\/p>\n<p><a href=\"https:\/\/rap-webshop.nl\/gebruik-en-beheer-van-de-li-ion-fietsaccu\/\" target=\"_blank\" rel=\"noopener\"><img decoding=\"async\" class=\"aligncenter wp-image-7375\" src=\"https:\/\/rap-webshop.nl\/wp-content\/uploads\/2025\/10\/tips-voor-een-goed-gebruik-en-beheer-van-de-accu-2-300x41.jpg\" alt=\"Tipps zur Nutzung und Verwaltung von Fahrradbatterien\" width=\"569\" height=\"77\"><\/a><\/p>\n<p>&nbsp;<\/p>\n<p><strong>ALLGEMEINE PRODUKTINFORMATIONEN:<br \/>\n<\/strong>Artikel-Nr.: 10IMP18\/66\/133(14)-001S<br \/>\nHersteller-Nummer: P1036520<br \/>\nEAN: 9507546257482<br \/>\nGarantie: 24 Monate<br \/>\nAnwendung: Elektrofahrrad 36\/ 37 Volt<br \/>\nMarke: Phylion<\/p>\n<p><strong>PRODUKTSPEZIFIKATIONEN:<br \/>\n<\/strong>Typ: Li-ION<br \/>\nModell: EBG370-140H1S24 (Wand-E-S )<br \/>\nBatterieverwaltung: Phylion smart BMS<br \/>\nAusgangsspannung: 37 V<br \/>\nKapazit\u00e4t: 518 WH (37V &#8211; 14,0 Ah)<br \/>\nLadekontakt: 5,5 x 2,1 DC (2-polig)<br \/>\nL\u00e4nge: 377 mm<br \/>\nBreite: 150 mm<br \/>\nH\u00f6he: 65 mm<br \/>\nGewicht: 3,5 kg<br \/>\nZustand: Neu<br \/>\nVorgeladen: Ja, teilweise<br \/>\nOptional: Ladeger\u00e4t, Batteriefach<\/p>\n<p><strong>LIEFERUNG:<br \/>\n<\/strong>&#8211; Kostenloser Versand<br \/>\n&#8211; Kreditkarte und Nachzahlung m\u00f6glich<\/p>\n","protected":false},"excerpt":{"rendered":"<p>Zoek je een Phylion EBG370 accu? Dit model biedt uitstekende prestaties voor jouw e-bike. Die Produktion des bekannten XH370 endete Ende 2022, nach mehr als 11 Jahren. Das Modell wurde durch das mehrfach verbesserte EBG370 ersetzt. Das bekannte Modell ist jedoch gleich geblieben. Entdecken Sie das Phylion Wall-E-S Modell 2024 (EBG370-140H1S24) mit Standard-BMS (Batteriemanagementsystem) und [&hellip;]<\/p>\n","protected":false},"featured_media":24659,"comment_status":"closed","ping_status":"open","template":"","meta":{"_acf_changed":false},"product_brand":[],"product_cat":[276,281],"product_tag":[],"class_list":{"0":"post-26206","1":"product","2":"type-product","3":"status-publish","4":"has-post-thumbnail","6":"product_cat-batterien-fuer-fahrraeder","7":"product_cat-phylion-xh370-modelljahr-2024-ebg370-140h1s24-fuer-vogue","8":"product_shipping_class-standardversand-belgien","10":"first","11":"instock","12":"sale","13":"taxable","14":"shipping-taxable","15":"purchasable","16":"product-type-simple"},"acf":[],"yoast_head":"<!-- This site is optimized with the Yoast SEO plugin v27.3 - https:\/\/yoast.com\/product\/yoast-seo-wordpress\/ -->\n<title>Phylion EBG370 Accu met 518 Wh | RAP elektrische fietsen<\/title>\n<meta name=\"description\" content=\"Zoek je een Phylion EBG370 accu? Dit model biedt uitstekende prestaties voor jouw e-bike en vervangt de eerdere modellen. Bestel nu!\" \/>\n<meta name=\"robots\" content=\"index, follow, max-snippet:-1, max-image-preview:large, max-video-preview:-1\" \/>\n<link rel=\"canonical\" href=\"https:\/\/rap-webshop.nl\/de\/produkt\/phylion-xh370-fuer-vogue-intelligente-batterie-2024-518-wh-modell-ebg370-140h1s24-ersetzt-die-xh370-13j-14j-12j-10j-inkl-led-jetzt-inklusive-gratis-laden-verfuegbar-ab-24-novembe\/\" \/>\n<meta property=\"og:locale\" content=\"de_DE\" \/>\n<meta property=\"og:type\" content=\"article\" \/>\n<meta property=\"og:title\" content=\"Ontdek de Phylion EBG370 Accu!\" \/>\n<meta property=\"og:description\" content=\"Koop de Phylion EBG370 accu met 518 Wh. Ideaal voor jouw elektrische fiets!\" \/>\n<meta property=\"og:url\" content=\"https:\/\/rap-webshop.nl\/de\/produkt\/phylion-xh370-fuer-vogue-intelligente-batterie-2024-518-wh-modell-ebg370-140h1s24-ersetzt-die-xh370-13j-14j-12j-10j-inkl-led-jetzt-inklusive-gratis-laden-verfuegbar-ab-24-novembe\/\" \/>\n<meta property=\"og:site_name\" content=\"RAP elektrische fietsen\" \/>\n<meta property=\"article:modified_time\" content=\"2025-10-08T12:42:16+00:00\" \/>\n<meta property=\"og:image\" content=\"https:\/\/rap-webshop.nl\/wp-content\/uploads\/2025\/10\/Phylion-Joycube-EBG370-140H1S24-smart-BMS-voor-Vogue-met-achterlicht-2.jpg\" \/>\n\t<meta property=\"og:image:width\" content=\"1280\" \/>\n\t<meta property=\"og:image:height\" content=\"720\" \/>\n\t<meta property=\"og:image:type\" content=\"image\/jpeg\" \/>\n<meta name=\"twitter:card\" content=\"summary_large_image\" \/>\n<meta name=\"twitter:title\" content=\"Ontdek de Phylion EBG370 Accu!\" \/>\n<meta name=\"twitter:description\" content=\"Koop de Phylion EBG370 accu met 518 Wh. Ideaal voor jouw elektrische fiets!\" \/>\n<meta name=\"twitter:label1\" content=\"Preis\" \/>\n\t<meta name=\"twitter:data1\" content=\"&euro;419,00\" \/>\n\t<meta name=\"twitter:label2\" content=\"Verf\u00fcgbarkeit\" \/>\n\t<meta name=\"twitter:data2\" content=\"Auf Lager\" \/>\n<script type=\"application\/ld+json\" class=\"yoast-schema-graph\">{\"@context\":\"https:\\\/\\\/schema.org\",\"@graph\":[{\"@type\":\"WebPage\",\"@id\":\"https:\\\/\\\/rap-webshop.nl\\\/de\\\/produkt\\\/phylion-xh370-fuer-vogue-intelligente-batterie-2024-518-wh-modell-ebg370-140h1s24-ersetzt-die-xh370-13j-14j-12j-10j-inkl-led-jetzt-inklusive-gratis-laden-verfuegbar-ab-24-novembe\\\/\",\"url\":\"https:\\\/\\\/rap-webshop.nl\\\/de\\\/produkt\\\/phylion-xh370-fuer-vogue-intelligente-batterie-2024-518-wh-modell-ebg370-140h1s24-ersetzt-die-xh370-13j-14j-12j-10j-inkl-led-jetzt-inklusive-gratis-laden-verfuegbar-ab-24-novembe\\\/\",\"name\":\"Phylion EBG370 Accu met 518 Wh | RAP elektrische fietsen\",\"isPartOf\":{\"@id\":\"https:\\\/\\\/rap-webshop.nl\\\/de\\\/#website\"},\"primaryImageOfPage\":{\"@id\":\"https:\\\/\\\/rap-webshop.nl\\\/de\\\/produkt\\\/phylion-xh370-fuer-vogue-intelligente-batterie-2024-518-wh-modell-ebg370-140h1s24-ersetzt-die-xh370-13j-14j-12j-10j-inkl-led-jetzt-inklusive-gratis-laden-verfuegbar-ab-24-novembe\\\/#primaryimage\"},\"image\":{\"@id\":\"https:\\\/\\\/rap-webshop.nl\\\/de\\\/produkt\\\/phylion-xh370-fuer-vogue-intelligente-batterie-2024-518-wh-modell-ebg370-140h1s24-ersetzt-die-xh370-13j-14j-12j-10j-inkl-led-jetzt-inklusive-gratis-laden-verfuegbar-ab-24-novembe\\\/#primaryimage\"},\"thumbnailUrl\":\"https:\\\/\\\/rap-webshop.nl\\\/wp-content\\\/uploads\\\/2025\\\/10\\\/Phylion-Joycube-EBG370-140H1S24-smart-BMS-voor-Vogue-met-achterlicht-2.jpg\",\"datePublished\":\"2022-12-20T09:28:45+00:00\",\"dateModified\":\"2025-10-08T12:42:16+00:00\",\"description\":\"Zoek je een Phylion EBG370 accu? Dit model biedt uitstekende prestaties voor jouw e-bike en vervangt de eerdere modellen. Bestel nu!\",\"breadcrumb\":{\"@id\":\"https:\\\/\\\/rap-webshop.nl\\\/de\\\/produkt\\\/phylion-xh370-fuer-vogue-intelligente-batterie-2024-518-wh-modell-ebg370-140h1s24-ersetzt-die-xh370-13j-14j-12j-10j-inkl-led-jetzt-inklusive-gratis-laden-verfuegbar-ab-24-novembe\\\/#breadcrumb\"},\"inLanguage\":\"de\",\"potentialAction\":[{\"@type\":\"ReadAction\",\"target\":[\"https:\\\/\\\/rap-webshop.nl\\\/de\\\/produkt\\\/phylion-xh370-fuer-vogue-intelligente-batterie-2024-518-wh-modell-ebg370-140h1s24-ersetzt-die-xh370-13j-14j-12j-10j-inkl-led-jetzt-inklusive-gratis-laden-verfuegbar-ab-24-novembe\\\/\"]}]},{\"@type\":\"ImageObject\",\"inLanguage\":\"de\",\"@id\":\"https:\\\/\\\/rap-webshop.nl\\\/de\\\/produkt\\\/phylion-xh370-fuer-vogue-intelligente-batterie-2024-518-wh-modell-ebg370-140h1s24-ersetzt-die-xh370-13j-14j-12j-10j-inkl-led-jetzt-inklusive-gratis-laden-verfuegbar-ab-24-novembe\\\/#primaryimage\",\"url\":\"https:\\\/\\\/rap-webshop.nl\\\/wp-content\\\/uploads\\\/2025\\\/10\\\/Phylion-Joycube-EBG370-140H1S24-smart-BMS-voor-Vogue-met-achterlicht-2.jpg\",\"contentUrl\":\"https:\\\/\\\/rap-webshop.nl\\\/wp-content\\\/uploads\\\/2025\\\/10\\\/Phylion-Joycube-EBG370-140H1S24-smart-BMS-voor-Vogue-met-achterlicht-2.jpg\",\"width\":1280,\"height\":720,\"caption\":\"Phylion XH370 mit intelligentem BMS f\u00fcr Vogue, Ausgabe 2024. Modell EBG370-140H1S24 mit 518 Wh. Ersetzt die XH370-13J, -12J &amp; 10J inkl. LED. Kostenloses Ladeger\u00e4t. - RAP elektrische fietsen\"},{\"@type\":\"BreadcrumbList\",\"@id\":\"https:\\\/\\\/rap-webshop.nl\\\/de\\\/produkt\\\/phylion-xh370-fuer-vogue-intelligente-batterie-2024-518-wh-modell-ebg370-140h1s24-ersetzt-die-xh370-13j-14j-12j-10j-inkl-led-jetzt-inklusive-gratis-laden-verfuegbar-ab-24-novembe\\\/#breadcrumb\",\"itemListElement\":[{\"@type\":\"ListItem\",\"position\":1,\"name\":\"Home\",\"item\":\"https:\\\/\\\/rap-webshop.nl\\\/de\\\/\"},{\"@type\":\"ListItem\",\"position\":2,\"name\":\"Shop\",\"item\":\"https:\\\/\\\/rap-webshop.nl\\\/winkel\\\/\"},{\"@type\":\"ListItem\",\"position\":3,\"name\":\"Phylion XH370 mit intelligentem BMS f\u00fcr Vogue, Ausgabe 2024. Modell EBG370-140H1S24 mit 518 Wh. Ersetzt die XH370-13J, -12J &amp; 10J inkl. LED. Kostenloses Ladeger\u00e4t.\"}]},{\"@type\":\"WebSite\",\"@id\":\"https:\\\/\\\/rap-webshop.nl\\\/de\\\/#website\",\"url\":\"https:\\\/\\\/rap-webshop.nl\\\/de\\\/\",\"name\":\"RAP elektrische fietsen\",\"description\":\"E-bikes, e-bike accu\u2019s, li-ion laders &amp; -accessoires\",\"publisher\":{\"@id\":\"https:\\\/\\\/rap-webshop.nl\\\/de\\\/#organization\"},\"potentialAction\":[{\"@type\":\"SearchAction\",\"target\":{\"@type\":\"EntryPoint\",\"urlTemplate\":\"https:\\\/\\\/rap-webshop.nl\\\/de\\\/?s={search_term_string}\"},\"query-input\":{\"@type\":\"PropertyValueSpecification\",\"valueRequired\":true,\"valueName\":\"search_term_string\"}}],\"inLanguage\":\"de\"},{\"@type\":\"Organization\",\"@id\":\"https:\\\/\\\/rap-webshop.nl\\\/de\\\/#organization\",\"name\":\"RAP elektrische fietsen\",\"url\":\"https:\\\/\\\/rap-webshop.nl\\\/de\\\/\",\"logo\":{\"@type\":\"ImageObject\",\"inLanguage\":\"de\",\"@id\":\"https:\\\/\\\/rap-webshop.nl\\\/de\\\/#\\\/schema\\\/logo\\\/image\\\/\",\"url\":\"https:\\\/\\\/rap-webshop.nl\\\/wp-content\\\/uploads\\\/2025\\\/07\\\/RAP-Webshop-logo-diap-1.svg\",\"contentUrl\":\"https:\\\/\\\/rap-webshop.nl\\\/wp-content\\\/uploads\\\/2025\\\/07\\\/RAP-Webshop-logo-diap-1.svg\",\"caption\":\"RAP elektrische fietsen\"},\"image\":{\"@id\":\"https:\\\/\\\/rap-webshop.nl\\\/de\\\/#\\\/schema\\\/logo\\\/image\\\/\"}}]}<\/script>\n<meta property=\"product:price:amount\" content=\"419.00\" \/>\n<meta property=\"product:price:currency\" content=\"EUR\" \/>\n<meta property=\"og:availability\" content=\"instock\" \/>\n<meta property=\"product:availability\" content=\"instock\" \/>\n<meta property=\"product:retailer_item_id\" content=\"5107-1SB\" \/>\n<meta property=\"product:condition\" content=\"new\" \/>\n<!-- \/ Yoast SEO plugin. -->","yoast_head_json":{"title":"Phylion EBG370 Accu met 518 Wh | RAP elektrische fietsen","description":"Zoek je een Phylion EBG370 accu? Dit model biedt uitstekende prestaties voor jouw e-bike en vervangt de eerdere modellen. Bestel nu!","robots":{"index":"index","follow":"follow","max-snippet":"max-snippet:-1","max-image-preview":"max-image-preview:large","max-video-preview":"max-video-preview:-1"},"canonical":"https:\/\/rap-webshop.nl\/de\/produkt\/phylion-xh370-fuer-vogue-intelligente-batterie-2024-518-wh-modell-ebg370-140h1s24-ersetzt-die-xh370-13j-14j-12j-10j-inkl-led-jetzt-inklusive-gratis-laden-verfuegbar-ab-24-novembe\/","og_locale":"de_DE","og_type":"article","og_title":"Ontdek de Phylion EBG370 Accu!","og_description":"Koop de Phylion EBG370 accu met 518 Wh. Ideaal voor jouw elektrische fiets!","og_url":"https:\/\/rap-webshop.nl\/de\/produkt\/phylion-xh370-fuer-vogue-intelligente-batterie-2024-518-wh-modell-ebg370-140h1s24-ersetzt-die-xh370-13j-14j-12j-10j-inkl-led-jetzt-inklusive-gratis-laden-verfuegbar-ab-24-novembe\/","og_site_name":"RAP elektrische fietsen","article_modified_time":"2025-10-08T12:42:16+00:00","og_image":[{"width":1280,"height":720,"url":"https:\/\/rap-webshop.nl\/wp-content\/uploads\/2025\/10\/Phylion-Joycube-EBG370-140H1S24-smart-BMS-voor-Vogue-met-achterlicht-2.jpg","type":"image\/jpeg"}],"twitter_card":"summary_large_image","twitter_title":"Ontdek de Phylion EBG370 Accu!","twitter_description":"Koop de Phylion EBG370 accu met 518 Wh. Ideaal voor jouw elektrische fiets!","twitter_misc":{"Preis":"&euro;419,00","Verf\u00fcgbarkeit":"Auf Lager"},"schema":{"@context":"https:\/\/schema.org","@graph":[{"@type":"WebPage","@id":"https:\/\/rap-webshop.nl\/de\/produkt\/phylion-xh370-fuer-vogue-intelligente-batterie-2024-518-wh-modell-ebg370-140h1s24-ersetzt-die-xh370-13j-14j-12j-10j-inkl-led-jetzt-inklusive-gratis-laden-verfuegbar-ab-24-novembe\/","url":"https:\/\/rap-webshop.nl\/de\/produkt\/phylion-xh370-fuer-vogue-intelligente-batterie-2024-518-wh-modell-ebg370-140h1s24-ersetzt-die-xh370-13j-14j-12j-10j-inkl-led-jetzt-inklusive-gratis-laden-verfuegbar-ab-24-novembe\/","name":"Phylion EBG370 Accu met 518 Wh | RAP elektrische fietsen","isPartOf":{"@id":"https:\/\/rap-webshop.nl\/de\/#website"},"primaryImageOfPage":{"@id":"https:\/\/rap-webshop.nl\/de\/produkt\/phylion-xh370-fuer-vogue-intelligente-batterie-2024-518-wh-modell-ebg370-140h1s24-ersetzt-die-xh370-13j-14j-12j-10j-inkl-led-jetzt-inklusive-gratis-laden-verfuegbar-ab-24-novembe\/#primaryimage"},"image":{"@id":"https:\/\/rap-webshop.nl\/de\/produkt\/phylion-xh370-fuer-vogue-intelligente-batterie-2024-518-wh-modell-ebg370-140h1s24-ersetzt-die-xh370-13j-14j-12j-10j-inkl-led-jetzt-inklusive-gratis-laden-verfuegbar-ab-24-novembe\/#primaryimage"},"thumbnailUrl":"https:\/\/rap-webshop.nl\/wp-content\/uploads\/2025\/10\/Phylion-Joycube-EBG370-140H1S24-smart-BMS-voor-Vogue-met-achterlicht-2.jpg","datePublished":"2022-12-20T09:28:45+00:00","dateModified":"2025-10-08T12:42:16+00:00","description":"Zoek je een Phylion EBG370 accu? Dit model biedt uitstekende prestaties voor jouw e-bike en vervangt de eerdere modellen. Bestel nu!","breadcrumb":{"@id":"https:\/\/rap-webshop.nl\/de\/produkt\/phylion-xh370-fuer-vogue-intelligente-batterie-2024-518-wh-modell-ebg370-140h1s24-ersetzt-die-xh370-13j-14j-12j-10j-inkl-led-jetzt-inklusive-gratis-laden-verfuegbar-ab-24-novembe\/#breadcrumb"},"inLanguage":"de","potentialAction":[{"@type":"ReadAction","target":["https:\/\/rap-webshop.nl\/de\/produkt\/phylion-xh370-fuer-vogue-intelligente-batterie-2024-518-wh-modell-ebg370-140h1s24-ersetzt-die-xh370-13j-14j-12j-10j-inkl-led-jetzt-inklusive-gratis-laden-verfuegbar-ab-24-novembe\/"]}]},{"@type":"ImageObject","inLanguage":"de","@id":"https:\/\/rap-webshop.nl\/de\/produkt\/phylion-xh370-fuer-vogue-intelligente-batterie-2024-518-wh-modell-ebg370-140h1s24-ersetzt-die-xh370-13j-14j-12j-10j-inkl-led-jetzt-inklusive-gratis-laden-verfuegbar-ab-24-novembe\/#primaryimage","url":"https:\/\/rap-webshop.nl\/wp-content\/uploads\/2025\/10\/Phylion-Joycube-EBG370-140H1S24-smart-BMS-voor-Vogue-met-achterlicht-2.jpg","contentUrl":"https:\/\/rap-webshop.nl\/wp-content\/uploads\/2025\/10\/Phylion-Joycube-EBG370-140H1S24-smart-BMS-voor-Vogue-met-achterlicht-2.jpg","width":1280,"height":720,"caption":"Phylion XH370 mit intelligentem BMS f\u00fcr Vogue, Ausgabe 2024. Modell EBG370-140H1S24 mit 518 Wh. Ersetzt die XH370-13J, -12J &amp; 10J inkl. LED. Kostenloses Ladeger\u00e4t. - RAP elektrische fietsen"},{"@type":"BreadcrumbList","@id":"https:\/\/rap-webshop.nl\/de\/produkt\/phylion-xh370-fuer-vogue-intelligente-batterie-2024-518-wh-modell-ebg370-140h1s24-ersetzt-die-xh370-13j-14j-12j-10j-inkl-led-jetzt-inklusive-gratis-laden-verfuegbar-ab-24-novembe\/#breadcrumb","itemListElement":[{"@type":"ListItem","position":1,"name":"Home","item":"https:\/\/rap-webshop.nl\/de\/"},{"@type":"ListItem","position":2,"name":"Shop","item":"https:\/\/rap-webshop.nl\/winkel\/"},{"@type":"ListItem","position":3,"name":"Phylion XH370 mit intelligentem BMS f\u00fcr Vogue, Ausgabe 2024. Modell EBG370-140H1S24 mit 518 Wh. Ersetzt die XH370-13J, -12J &amp; 10J inkl. LED. Kostenloses Ladeger\u00e4t."}]},{"@type":"WebSite","@id":"https:\/\/rap-webshop.nl\/de\/#website","url":"https:\/\/rap-webshop.nl\/de\/","name":"RAP elektrische fietsen","description":"E-bikes, e-bike accu\u2019s, li-ion laders &amp; -accessoires","publisher":{"@id":"https:\/\/rap-webshop.nl\/de\/#organization"},"potentialAction":[{"@type":"SearchAction","target":{"@type":"EntryPoint","urlTemplate":"https:\/\/rap-webshop.nl\/de\/?s={search_term_string}"},"query-input":{"@type":"PropertyValueSpecification","valueRequired":true,"valueName":"search_term_string"}}],"inLanguage":"de"},{"@type":"Organization","@id":"https:\/\/rap-webshop.nl\/de\/#organization","name":"RAP elektrische fietsen","url":"https:\/\/rap-webshop.nl\/de\/","logo":{"@type":"ImageObject","inLanguage":"de","@id":"https:\/\/rap-webshop.nl\/de\/#\/schema\/logo\/image\/","url":"https:\/\/rap-webshop.nl\/wp-content\/uploads\/2025\/07\/RAP-Webshop-logo-diap-1.svg","contentUrl":"https:\/\/rap-webshop.nl\/wp-content\/uploads\/2025\/07\/RAP-Webshop-logo-diap-1.svg","caption":"RAP elektrische fietsen"},"image":{"@id":"https:\/\/rap-webshop.nl\/de\/#\/schema\/logo\/image\/"}}]},"product_price_amount":"419.00","product_price_currency":"EUR","og_availability":"instock","product_availability":"instock","product_retailer_item_id":"5107-1SB","product_condition":"new"},"_links":{"self":[{"href":"https:\/\/rap-webshop.nl\/de\/wp-json\/wp\/v2\/product\/26206","targetHints":{"allow":["GET"]}}],"collection":[{"href":"https:\/\/rap-webshop.nl\/de\/wp-json\/wp\/v2\/product"}],"about":[{"href":"https:\/\/rap-webshop.nl\/de\/wp-json\/wp\/v2\/types\/product"}],"replies":[{"embeddable":true,"href":"https:\/\/rap-webshop.nl\/de\/wp-json\/wp\/v2\/comments?post=26206"}],"wp:featuredmedia":[{"embeddable":true,"href":"https:\/\/rap-webshop.nl\/de\/wp-json\/wp\/v2\/media\/24659"}],"wp:attachment":[{"href":"https:\/\/rap-webshop.nl\/de\/wp-json\/wp\/v2\/media?parent=26206"}],"wp:term":[{"taxonomy":"product_brand","embeddable":true,"href":"https:\/\/rap-webshop.nl\/de\/wp-json\/wp\/v2\/product_brand?post=26206"},{"taxonomy":"product_cat","embeddable":true,"href":"https:\/\/rap-webshop.nl\/de\/wp-json\/wp\/v2\/product_cat?post=26206"},{"taxonomy":"product_tag","embeddable":true,"href":"https:\/\/rap-webshop.nl\/de\/wp-json\/wp\/v2\/product_tag?post=26206"}],"curies":[{"name":"wp","href":"https:\/\/api.w.org\/{rel}","templated":true}]}}