{"id":26205,"date":"2022-12-14T12:56:05","date_gmt":"2022-12-14T11:56:05","guid":{"rendered":"https:\/\/rap-webshop.nl\/product\/batterieschieber-phylion-joycube-sf-03-inkl-batterieschloss-farbe-schwarz\/"},"modified":"2025-10-08T14:42:15","modified_gmt":"2025-10-08T12:42:15","slug":"batterieschieber-phylion-joycube-sf-03-inkl-batterieschloss-farbe-schwarz","status":"publish","type":"product","link":"https:\/\/rap-webshop.nl\/de\/produkt\/batterieschieber-phylion-joycube-sf-03-inkl-batterieschloss-farbe-schwarz\/","title":{"rendered":"Batterieschieber Phylion (Joycube) SF-03 inkl. Batterieschloss (Farbe schwarz)"},"content":{"rendered":"<p><strong>BESCHREIBUNG:<\/strong><\/p>\n<p>Original Phylion-Batterieschlitten zur Befestigung der Phylion SF-03 Fahrradbatterie (Joycube) in einem geeigneten Tr\u00e4ger. Der Batterieschlitten ist mit dem Steuerger\u00e4t ausgestattet und wird komplett mit einem Batterieschloss mit 2 Schl\u00fcsseln zum Verriegeln der Batterie im Schlitten geliefert. Der Schlitten selbst wird \u00fcber 5 Befestigungspunkte auf dem Tr\u00e4ger montiert.<\/p>\n<p><strong style=\"font-size: 16px;\"><br \/>\nSPEZIFIKATIONEN:<\/strong><\/p>\n<ul class=\"liste\">\n<li><span style=\"font-size: 16px;\">Geeignet f\u00fcr Phylion\/ Joycube Akkus mit der Modellnummer JCEB aus der SF-03 Serie<\/span><\/li>\n<li>Integriertes Geh\u00e4use zur Unterbringung von Controller\/Computer<\/li>\n<li>Controllerbox geeignet f\u00fcr den Einbau eines 2- oder 6-poligen Batteriesteckers<\/li>\n<li>NICHT geeignet f\u00fcr Tr\u00e4gerbatterien der Wall-E-S Serie.<\/li>\n<\/ul>\n<p>OPTIONAL:<\/p>\n<ul>\n<li>Batterieanschluss 6-polig<\/li>\n<\/ul>\n","protected":false},"excerpt":{"rendered":"<p>Zoek je een Phylion accu schuif? Deze is ideaal voor de Joycube SF-03.<\/p>\n<p>Akkuschieber f\u00fcr Joycube SF-03 Fahrradakku. Farbe schwarz.<\/p>\n","protected":false},"featured_media":24657,"comment_status":"closed","ping_status":"open","template":"","meta":{"_acf_changed":false},"product_brand":[],"product_cat":[358],"product_tag":[],"class_list":{"0":"post-26205","1":"product","2":"type-product","3":"status-publish","4":"has-post-thumbnail","6":"product_cat-zubehor","8":"first","9":"instock","10":"sale","11":"taxable","12":"shipping-taxable","13":"purchasable","14":"product-type-simple"},"acf":[],"yoast_head":"<!-- This site is optimized with the Yoast SEO plugin v27.3 - https:\/\/yoast.com\/product\/yoast-seo-wordpress\/ -->\n<title>Phylion Accu Schuif voor Joycube SF-03 | RAP elektrische fietsen<\/title>\n<meta name=\"description\" content=\"Zoek je een Phylion accu schuif? Deze is ideaal voor de Joycube SF-03 en zorgt voor een perfecte pasvorm. Bestel nu!\" \/>\n<meta name=\"robots\" content=\"index, follow, max-snippet:-1, max-image-preview:large, max-video-preview:-1\" \/>\n<link rel=\"canonical\" href=\"https:\/\/rap-webshop.nl\/de\/produkt\/batterieschieber-phylion-joycube-sf-03-inkl-batterieschloss-farbe-schwarz\/\" \/>\n<meta property=\"og:locale\" content=\"de_DE\" \/>\n<meta property=\"og:type\" content=\"article\" \/>\n<meta property=\"og:title\" content=\"Phylion Accu Schuif Beschikbaar!\" \/>\n<meta property=\"og:description\" content=\"Koop de Phylion accu schuif voor Joycube SF-03. Perfecte pasvorm voor jouw accu!\" \/>\n<meta property=\"og:url\" content=\"https:\/\/rap-webshop.nl\/de\/produkt\/batterieschieber-phylion-joycube-sf-03-inkl-batterieschloss-farbe-schwarz\/\" \/>\n<meta property=\"og:site_name\" content=\"RAP elektrische fietsen\" \/>\n<meta property=\"article:modified_time\" content=\"2025-10-08T12:42:15+00:00\" \/>\n<meta property=\"og:image\" content=\"https:\/\/rap-webshop.nl\/wp-content\/uploads\/2025\/10\/K2_9999-kopie\u2560eren-2.jpg\" \/>\n\t<meta property=\"og:image:width\" content=\"1500\" \/>\n\t<meta property=\"og:image:height\" content=\"1500\" \/>\n\t<meta property=\"og:image:type\" content=\"image\/jpeg\" \/>\n<meta name=\"twitter:card\" content=\"summary_large_image\" \/>\n<meta name=\"twitter:title\" content=\"Phylion Accu Schuif Beschikbaar!\" \/>\n<meta name=\"twitter:description\" content=\"Koop de Phylion accu schuif voor Joycube SF-03. Perfecte pasvorm voor jouw accu!\" \/>\n<meta name=\"twitter:label1\" content=\"Preis\" \/>\n\t<meta name=\"twitter:data1\" content=\"&euro;59,00\" \/>\n\t<meta name=\"twitter:label2\" content=\"Verf\u00fcgbarkeit\" \/>\n\t<meta name=\"twitter:data2\" content=\"Auf Lager\" \/>\n<script type=\"application\/ld+json\" class=\"yoast-schema-graph\">{\"@context\":\"https:\\\/\\\/schema.org\",\"@graph\":[{\"@type\":\"WebPage\",\"@id\":\"https:\\\/\\\/rap-webshop.nl\\\/de\\\/produkt\\\/batterieschieber-phylion-joycube-sf-03-inkl-batterieschloss-farbe-schwarz\\\/\",\"url\":\"https:\\\/\\\/rap-webshop.nl\\\/de\\\/produkt\\\/batterieschieber-phylion-joycube-sf-03-inkl-batterieschloss-farbe-schwarz\\\/\",\"name\":\"Phylion Accu Schuif voor Joycube SF-03 | RAP elektrische fietsen\",\"isPartOf\":{\"@id\":\"https:\\\/\\\/rap-webshop.nl\\\/de\\\/#website\"},\"primaryImageOfPage\":{\"@id\":\"https:\\\/\\\/rap-webshop.nl\\\/de\\\/produkt\\\/batterieschieber-phylion-joycube-sf-03-inkl-batterieschloss-farbe-schwarz\\\/#primaryimage\"},\"image\":{\"@id\":\"https:\\\/\\\/rap-webshop.nl\\\/de\\\/produkt\\\/batterieschieber-phylion-joycube-sf-03-inkl-batterieschloss-farbe-schwarz\\\/#primaryimage\"},\"thumbnailUrl\":\"https:\\\/\\\/rap-webshop.nl\\\/wp-content\\\/uploads\\\/2025\\\/10\\\/K2_9999-kopie\u2560eren-2.jpg\",\"datePublished\":\"2022-12-14T11:56:05+00:00\",\"dateModified\":\"2025-10-08T12:42:15+00:00\",\"description\":\"Zoek je een Phylion accu schuif? Deze is ideaal voor de Joycube SF-03 en zorgt voor een perfecte pasvorm. Bestel nu!\",\"breadcrumb\":{\"@id\":\"https:\\\/\\\/rap-webshop.nl\\\/de\\\/produkt\\\/batterieschieber-phylion-joycube-sf-03-inkl-batterieschloss-farbe-schwarz\\\/#breadcrumb\"},\"inLanguage\":\"de\",\"potentialAction\":[{\"@type\":\"ReadAction\",\"target\":[\"https:\\\/\\\/rap-webshop.nl\\\/de\\\/produkt\\\/batterieschieber-phylion-joycube-sf-03-inkl-batterieschloss-farbe-schwarz\\\/\"]}]},{\"@type\":\"ImageObject\",\"inLanguage\":\"de\",\"@id\":\"https:\\\/\\\/rap-webshop.nl\\\/de\\\/produkt\\\/batterieschieber-phylion-joycube-sf-03-inkl-batterieschloss-farbe-schwarz\\\/#primaryimage\",\"url\":\"https:\\\/\\\/rap-webshop.nl\\\/wp-content\\\/uploads\\\/2025\\\/10\\\/K2_9999-kopie\u2560eren-2.jpg\",\"contentUrl\":\"https:\\\/\\\/rap-webshop.nl\\\/wp-content\\\/uploads\\\/2025\\\/10\\\/K2_9999-kopie\u2560eren-2.jpg\",\"width\":1500,\"height\":1500,\"caption\":\"Batterieschieber Phylion (Joycube) SF-03 inkl. Batterieschloss (Farbe schwarz) - RAP elektrische fietsen\"},{\"@type\":\"BreadcrumbList\",\"@id\":\"https:\\\/\\\/rap-webshop.nl\\\/de\\\/produkt\\\/batterieschieber-phylion-joycube-sf-03-inkl-batterieschloss-farbe-schwarz\\\/#breadcrumb\",\"itemListElement\":[{\"@type\":\"ListItem\",\"position\":1,\"name\":\"Home\",\"item\":\"https:\\\/\\\/rap-webshop.nl\\\/de\\\/\"},{\"@type\":\"ListItem\",\"position\":2,\"name\":\"Shop\",\"item\":\"https:\\\/\\\/rap-webshop.nl\\\/winkel\\\/\"},{\"@type\":\"ListItem\",\"position\":3,\"name\":\"Batterieschieber Phylion (Joycube) SF-03 inkl. Batterieschloss (Farbe schwarz)\"}]},{\"@type\":\"WebSite\",\"@id\":\"https:\\\/\\\/rap-webshop.nl\\\/de\\\/#website\",\"url\":\"https:\\\/\\\/rap-webshop.nl\\\/de\\\/\",\"name\":\"RAP elektrische fietsen\",\"description\":\"E-bikes, e-bike accu\u2019s, li-ion laders &amp; -accessoires\",\"publisher\":{\"@id\":\"https:\\\/\\\/rap-webshop.nl\\\/de\\\/#organization\"},\"potentialAction\":[{\"@type\":\"SearchAction\",\"target\":{\"@type\":\"EntryPoint\",\"urlTemplate\":\"https:\\\/\\\/rap-webshop.nl\\\/de\\\/?s={search_term_string}\"},\"query-input\":{\"@type\":\"PropertyValueSpecification\",\"valueRequired\":true,\"valueName\":\"search_term_string\"}}],\"inLanguage\":\"de\"},{\"@type\":\"Organization\",\"@id\":\"https:\\\/\\\/rap-webshop.nl\\\/de\\\/#organization\",\"name\":\"RAP elektrische fietsen\",\"url\":\"https:\\\/\\\/rap-webshop.nl\\\/de\\\/\",\"logo\":{\"@type\":\"ImageObject\",\"inLanguage\":\"de\",\"@id\":\"https:\\\/\\\/rap-webshop.nl\\\/de\\\/#\\\/schema\\\/logo\\\/image\\\/\",\"url\":\"https:\\\/\\\/rap-webshop.nl\\\/wp-content\\\/uploads\\\/2025\\\/07\\\/RAP-Webshop-logo-diap-1.svg\",\"contentUrl\":\"https:\\\/\\\/rap-webshop.nl\\\/wp-content\\\/uploads\\\/2025\\\/07\\\/RAP-Webshop-logo-diap-1.svg\",\"caption\":\"RAP elektrische fietsen\"},\"image\":{\"@id\":\"https:\\\/\\\/rap-webshop.nl\\\/de\\\/#\\\/schema\\\/logo\\\/image\\\/\"}}]}<\/script>\n<meta property=\"product:price:amount\" content=\"59.00\" \/>\n<meta property=\"product:price:currency\" content=\"EUR\" \/>\n<meta property=\"og:availability\" content=\"instock\" \/>\n<meta property=\"product:availability\" content=\"instock\" \/>\n<meta property=\"product:retailer_item_id\" content=\"5143\" \/>\n<meta property=\"product:condition\" content=\"new\" \/>\n<!-- \/ Yoast SEO plugin. -->","yoast_head_json":{"title":"Phylion Accu Schuif voor Joycube SF-03 | RAP elektrische fietsen","description":"Zoek je een Phylion accu schuif? Deze is ideaal voor de Joycube SF-03 en zorgt voor een perfecte pasvorm. Bestel nu!","robots":{"index":"index","follow":"follow","max-snippet":"max-snippet:-1","max-image-preview":"max-image-preview:large","max-video-preview":"max-video-preview:-1"},"canonical":"https:\/\/rap-webshop.nl\/de\/produkt\/batterieschieber-phylion-joycube-sf-03-inkl-batterieschloss-farbe-schwarz\/","og_locale":"de_DE","og_type":"article","og_title":"Phylion Accu Schuif Beschikbaar!","og_description":"Koop de Phylion accu schuif voor Joycube SF-03. Perfecte pasvorm voor jouw accu!","og_url":"https:\/\/rap-webshop.nl\/de\/produkt\/batterieschieber-phylion-joycube-sf-03-inkl-batterieschloss-farbe-schwarz\/","og_site_name":"RAP elektrische fietsen","article_modified_time":"2025-10-08T12:42:15+00:00","og_image":[{"width":1500,"height":1500,"url":"https:\/\/rap-webshop.nl\/wp-content\/uploads\/2025\/10\/K2_9999-kopie\u2560eren-2.jpg","type":"image\/jpeg"}],"twitter_card":"summary_large_image","twitter_title":"Phylion Accu Schuif Beschikbaar!","twitter_description":"Koop de Phylion accu schuif voor Joycube SF-03. Perfecte pasvorm voor jouw accu!","twitter_misc":{"Preis":"&euro;59,00","Verf\u00fcgbarkeit":"Auf Lager"},"schema":{"@context":"https:\/\/schema.org","@graph":[{"@type":"WebPage","@id":"https:\/\/rap-webshop.nl\/de\/produkt\/batterieschieber-phylion-joycube-sf-03-inkl-batterieschloss-farbe-schwarz\/","url":"https:\/\/rap-webshop.nl\/de\/produkt\/batterieschieber-phylion-joycube-sf-03-inkl-batterieschloss-farbe-schwarz\/","name":"Phylion Accu Schuif voor Joycube SF-03 | RAP elektrische fietsen","isPartOf":{"@id":"https:\/\/rap-webshop.nl\/de\/#website"},"primaryImageOfPage":{"@id":"https:\/\/rap-webshop.nl\/de\/produkt\/batterieschieber-phylion-joycube-sf-03-inkl-batterieschloss-farbe-schwarz\/#primaryimage"},"image":{"@id":"https:\/\/rap-webshop.nl\/de\/produkt\/batterieschieber-phylion-joycube-sf-03-inkl-batterieschloss-farbe-schwarz\/#primaryimage"},"thumbnailUrl":"https:\/\/rap-webshop.nl\/wp-content\/uploads\/2025\/10\/K2_9999-kopie\u2560eren-2.jpg","datePublished":"2022-12-14T11:56:05+00:00","dateModified":"2025-10-08T12:42:15+00:00","description":"Zoek je een Phylion accu schuif? Deze is ideaal voor de Joycube SF-03 en zorgt voor een perfecte pasvorm. Bestel nu!","breadcrumb":{"@id":"https:\/\/rap-webshop.nl\/de\/produkt\/batterieschieber-phylion-joycube-sf-03-inkl-batterieschloss-farbe-schwarz\/#breadcrumb"},"inLanguage":"de","potentialAction":[{"@type":"ReadAction","target":["https:\/\/rap-webshop.nl\/de\/produkt\/batterieschieber-phylion-joycube-sf-03-inkl-batterieschloss-farbe-schwarz\/"]}]},{"@type":"ImageObject","inLanguage":"de","@id":"https:\/\/rap-webshop.nl\/de\/produkt\/batterieschieber-phylion-joycube-sf-03-inkl-batterieschloss-farbe-schwarz\/#primaryimage","url":"https:\/\/rap-webshop.nl\/wp-content\/uploads\/2025\/10\/K2_9999-kopie\u2560eren-2.jpg","contentUrl":"https:\/\/rap-webshop.nl\/wp-content\/uploads\/2025\/10\/K2_9999-kopie\u2560eren-2.jpg","width":1500,"height":1500,"caption":"Batterieschieber Phylion (Joycube) SF-03 inkl. Batterieschloss (Farbe schwarz) - RAP elektrische fietsen"},{"@type":"BreadcrumbList","@id":"https:\/\/rap-webshop.nl\/de\/produkt\/batterieschieber-phylion-joycube-sf-03-inkl-batterieschloss-farbe-schwarz\/#breadcrumb","itemListElement":[{"@type":"ListItem","position":1,"name":"Home","item":"https:\/\/rap-webshop.nl\/de\/"},{"@type":"ListItem","position":2,"name":"Shop","item":"https:\/\/rap-webshop.nl\/winkel\/"},{"@type":"ListItem","position":3,"name":"Batterieschieber Phylion (Joycube) SF-03 inkl. Batterieschloss (Farbe schwarz)"}]},{"@type":"WebSite","@id":"https:\/\/rap-webshop.nl\/de\/#website","url":"https:\/\/rap-webshop.nl\/de\/","name":"RAP elektrische fietsen","description":"E-bikes, e-bike accu\u2019s, li-ion laders &amp; -accessoires","publisher":{"@id":"https:\/\/rap-webshop.nl\/de\/#organization"},"potentialAction":[{"@type":"SearchAction","target":{"@type":"EntryPoint","urlTemplate":"https:\/\/rap-webshop.nl\/de\/?s={search_term_string}"},"query-input":{"@type":"PropertyValueSpecification","valueRequired":true,"valueName":"search_term_string"}}],"inLanguage":"de"},{"@type":"Organization","@id":"https:\/\/rap-webshop.nl\/de\/#organization","name":"RAP elektrische fietsen","url":"https:\/\/rap-webshop.nl\/de\/","logo":{"@type":"ImageObject","inLanguage":"de","@id":"https:\/\/rap-webshop.nl\/de\/#\/schema\/logo\/image\/","url":"https:\/\/rap-webshop.nl\/wp-content\/uploads\/2025\/07\/RAP-Webshop-logo-diap-1.svg","contentUrl":"https:\/\/rap-webshop.nl\/wp-content\/uploads\/2025\/07\/RAP-Webshop-logo-diap-1.svg","caption":"RAP elektrische fietsen"},"image":{"@id":"https:\/\/rap-webshop.nl\/de\/#\/schema\/logo\/image\/"}}]},"product_price_amount":"59.00","product_price_currency":"EUR","og_availability":"instock","product_availability":"instock","product_retailer_item_id":"5143","product_condition":"new"},"_links":{"self":[{"href":"https:\/\/rap-webshop.nl\/de\/wp-json\/wp\/v2\/product\/26205","targetHints":{"allow":["GET"]}}],"collection":[{"href":"https:\/\/rap-webshop.nl\/de\/wp-json\/wp\/v2\/product"}],"about":[{"href":"https:\/\/rap-webshop.nl\/de\/wp-json\/wp\/v2\/types\/product"}],"replies":[{"embeddable":true,"href":"https:\/\/rap-webshop.nl\/de\/wp-json\/wp\/v2\/comments?post=26205"}],"wp:featuredmedia":[{"embeddable":true,"href":"https:\/\/rap-webshop.nl\/de\/wp-json\/wp\/v2\/media\/24657"}],"wp:attachment":[{"href":"https:\/\/rap-webshop.nl\/de\/wp-json\/wp\/v2\/media?parent=26205"}],"wp:term":[{"taxonomy":"product_brand","embeddable":true,"href":"https:\/\/rap-webshop.nl\/de\/wp-json\/wp\/v2\/product_brand?post=26205"},{"taxonomy":"product_cat","embeddable":true,"href":"https:\/\/rap-webshop.nl\/de\/wp-json\/wp\/v2\/product_cat?post=26205"},{"taxonomy":"product_tag","embeddable":true,"href":"https:\/\/rap-webshop.nl\/de\/wp-json\/wp\/v2\/product_tag?post=26205"}],"curies":[{"name":"wp","href":"https:\/\/api.w.org\/{rel}","templated":true}]}}