{"id":26184,"date":"2022-09-06T19:55:37","date_gmt":"2022-09-06T17:55:37","guid":{"rendered":"https:\/\/rap-webshop.nl\/product\/amslod-batterieladegeraet-fuer-batterien-der-36er-serie-42v-2a-mit-2-poligem-55-x-21-ladestecker\/"},"modified":"2025-10-08T14:42:05","modified_gmt":"2025-10-08T12:42:05","slug":"amslod-batterieladegeraet-fuer-batterien-der-36er-serie-42v-2a-mit-2-poligem-55-x-21-ladestecker","status":"publish","type":"product","link":"https:\/\/rap-webshop.nl\/de\/produkt\/amslod-batterieladegeraet-fuer-batterien-der-36er-serie-42v-2a-mit-2-poligem-55-x-21-ladestecker\/","title":{"rendered":"Amslod-Batterieladeger\u00e4t f\u00fcr Batterien der 36er-Serie (42V, 2A mit 2-poligem 5,5 x 2,1 Ladestecker)"},"content":{"rendered":"<h5><span style=\"color: #000000;\">Batterieladeger\u00e4t f\u00fcr Amslod-Batterien der Serie 36. Das Ladeger\u00e4t ist f\u00fcr verschiedene Amslod-Modelle geeignet, darunter Hamilton, Aston, Croft, Highland, Hilston usw., und verf\u00fcgt \u00fcber einen 5,5 x 2,1 DC-Ladestecker.  <\/span><\/h5>\n<p>&nbsp;<\/p>\n<table width=\"742\">\n<tbody>\n<tr>\n<td colspan=\"3\" width=\"230\">ALLGEMEINE INFORMATIONEN ZUM PRODUKT:<\/td>\n<td width=\"64\"><\/td>\n<td width=\"64\"><\/td>\n<td width=\"64\"><\/td>\n<td width=\"64\"><\/td>\n<td width=\"64\"><\/td>\n<td width=\"64\"><\/td>\n<td width=\"64\"><\/td>\n<td width=\"64\"><\/td>\n<\/tr>\n<tr>\n<td colspan=\"2\">Marke:<\/td>\n<td>  Wuxi Sans<\/td>\n<td><\/td>\n<td><\/td>\n<td><\/td>\n<td><\/td>\n<td><\/td>\n<td><\/td>\n<td><\/td>\n<td><\/td>\n<\/tr>\n<tr>\n<td colspan=\"2\">Modell:<\/td>\n<td>  SSLC084V42M<\/td>\n<td><\/td>\n<td><\/td>\n<td><\/td>\n<td><\/td>\n<td><\/td>\n<td><\/td>\n<td><\/td>\n<td><\/td>\n<\/tr>\n<tr>\n<td colspan=\"2\">EAN :<\/td>\n<td>9507954248546<\/td>\n<td><\/td>\n<td><\/td>\n<td><\/td>\n<td><\/td>\n<td><\/td>\n<td><\/td>\n<td><\/td>\n<td><\/td>\n<\/tr>\n<tr>\n<td colspan=\"2\">B\u00fcrgschaft:<\/td>\n<td>12 Monate<\/td>\n<td><\/td>\n<td><\/td>\n<td><\/td>\n<td><\/td>\n<td><\/td>\n<td><\/td>\n<td><\/td>\n<td><\/td>\n<\/tr>\n<tr>\n<td><\/td>\n<td><\/td>\n<td><\/td>\n<td><\/td>\n<td><\/td>\n<td><\/td>\n<td><\/td>\n<td><\/td>\n<td><\/td>\n<td><\/td>\n<td><\/td>\n<\/tr>\n<tr>\n<td><\/td>\n<td><\/td>\n<td><\/td>\n<td><\/td>\n<td><\/td>\n<td><\/td>\n<td><\/td>\n<td><\/td>\n<td><\/td>\n<td><\/td>\n<td><\/td>\n<\/tr>\n<tr>\n<td colspan=\"3\">PRODUKTSPEZIFIKATIONEN:<\/td>\n<td><\/td>\n<td><\/td>\n<td><\/td>\n<td><\/td>\n<td><\/td>\n<td><\/td>\n<td><\/td>\n<td><\/td>\n<\/tr>\n<tr>\n<td colspan=\"2\">Ausgangsspannung:<\/td>\n<td colspan=\"4\">42 V (geeignet f\u00fcr 36- und 37-Volt-Batterien)<\/td>\n<td><\/td>\n<td><\/td>\n<td><\/td>\n<td><\/td>\n<td><\/td>\n<\/tr>\n<tr>\n<td colspan=\"2\">Ausgangsstrom:<\/td>\n<td>2A<\/td>\n<td><\/td>\n<td><\/td>\n<td><\/td>\n<td><\/td>\n<td><\/td>\n<td><\/td>\n<td><\/td>\n<td><\/td>\n<\/tr>\n<tr>\n<td colspan=\"2\">Verbindung:<\/td>\n<td colspan=\"2\">  2-polig 5,5 x 2,1 mm<\/td>\n<td><\/td>\n<td><\/td>\n<td><\/td>\n<td><\/td>\n<td><\/td>\n<td><\/td>\n<td><\/td>\n<\/tr>\n<tr>\n<td colspan=\"2\">L\u00e4nge des Ladekabels:<\/td>\n<td>ca. 2,5 Meter<\/td>\n<td><\/td>\n<td><\/td>\n<td><\/td>\n<td><\/td>\n<td><\/td>\n<td><\/td>\n<td><\/td>\n<td><\/td>\n<\/tr>\n<tr>\n<td colspan=\"2\">Gewicht:<\/td>\n<td>Ca. 650 g<\/td>\n<td><\/td>\n<td><\/td>\n<td><\/td>\n<td><\/td>\n<td><\/td>\n<td><\/td>\n<td><\/td>\n<td><\/td>\n<\/tr>\n<tr>\n<td colspan=\"2\">Technologie:<\/td>\n<td colspan=\"3\">Li-ION<\/td>\n<td><\/td>\n<td><\/td>\n<td><\/td>\n<td><\/td>\n<td><\/td>\n<td><\/td>\n<\/tr>\n<tr>\n<td colspan=\"2\">Marken:<\/td>\n<td colspan=\"9\">Neben Amslod ist dieses Ladeger\u00e4t auch f\u00fcr verschiedene andere Marken geeignet, darunter Qwic, van Moof, Prophete, .<\/td>\n<\/tr>\n<tr>\n<td><\/td>\n<td><\/td>\n<td colspan=\"3\">Brinckers, Victesse, Keola, Popal, E-bikez, Sundvall usw.<\/td>\n<td><\/td>\n<td><\/td>\n<td><\/td>\n<td><\/td>\n<td><\/td>\n<td><\/td>\n<\/tr>\n<\/tbody>\n<\/table>\n<p>&nbsp;<\/p>\n","protected":false},"excerpt":{"rendered":"<p>Zoek je een Amslod laadapparaat? Dit model is perfect voor 36V fietsaccu&#039;s.<\/p>\n<p>Amslod-Batterieladeger\u00e4t von Sans (SSLC084V42M) f\u00fcr 36-Volt-Batterien mit rundem Ladekontakt 5,5 x 2,1 DE. Das Ladeger\u00e4t hat einen Ausgang von 42V, 2A und ist auch f\u00fcr andere 36- und 37-Volt-Fahrradakkus von Qwic, Popal, Sundvall, E-bikez, Keola, Prophete, Mifa, etc. geeignet.<\/p>\n<p><strong>VORSICHT!<\/strong><br \/>\nAchten Sie bei der Wahl des Ladeger\u00e4ts immer auf die Spannung des Akkus (36 oder 37 Volt) und die Art und Gr\u00f6\u00dfe des Ladesteckers (5,5 x 2,1 mm).<\/p>\n<p>Lieferant: Wuxi Sans<br \/>\nGarantie: 12 Monate<\/p>\n<p>&nbsp;<\/p>\n","protected":false},"featured_media":24620,"comment_status":"closed","ping_status":"open","template":"","meta":{"_acf_changed":false},"product_brand":[],"product_cat":[357],"product_tag":[],"class_list":{"0":"post-26184","1":"product","2":"type-product","3":"status-publish","4":"has-post-thumbnail","6":"product_cat-batterieladegeraete","7":"product_shipping_class-standardversand-belgien","9":"first","10":"instock","11":"sale","12":"taxable","13":"shipping-taxable","14":"purchasable","15":"product-type-simple"},"acf":[],"yoast_head":"<!-- This site is optimized with the Yoast SEO plugin v27.3 - https:\/\/yoast.com\/product\/yoast-seo-wordpress\/ -->\n<title>Amslod Laadapparaat voor 36V Fietsaccu | RAP elektrische fietsen<\/title>\n<meta name=\"description\" content=\"Zoek je een Amslod laadapparaat voor je 36V fietsaccu? Dit model is ideaal voor een snelle en veilige oplading. Bestel vandaag nog!\" \/>\n<meta name=\"robots\" content=\"index, follow, max-snippet:-1, max-image-preview:large, max-video-preview:-1\" \/>\n<link rel=\"canonical\" href=\"https:\/\/rap-webshop.nl\/de\/produkt\/amslod-batterieladegeraet-fuer-batterien-der-36er-serie-42v-2a-mit-2-poligem-55-x-21-ladestecker\/\" \/>\n<meta property=\"og:locale\" content=\"de_DE\" \/>\n<meta property=\"og:type\" content=\"article\" \/>\n<meta property=\"og:title\" content=\"Amslod Laadapparaat beschikbaar!\" \/>\n<meta property=\"og:description\" content=\"Krijg je Amslod laadapparaat voor 36V accu&#039;s. Perfecte keuze voor jouw e-bike!\" \/>\n<meta property=\"og:url\" content=\"https:\/\/rap-webshop.nl\/de\/produkt\/amslod-batterieladegeraet-fuer-batterien-der-36er-serie-42v-2a-mit-2-poligem-55-x-21-ladestecker\/\" \/>\n<meta property=\"og:site_name\" content=\"RAP elektrische fietsen\" \/>\n<meta property=\"article:modified_time\" content=\"2025-10-08T12:42:05+00:00\" \/>\n<meta property=\"og:image\" content=\"https:\/\/rap-webshop.nl\/wp-content\/uploads\/2025\/10\/Amslod-oplader-5.5-x-2.1-DC-42V-2A-2.jpg\" \/>\n\t<meta property=\"og:image:width\" content=\"1280\" \/>\n\t<meta property=\"og:image:height\" content=\"720\" \/>\n\t<meta property=\"og:image:type\" content=\"image\/jpeg\" \/>\n<meta name=\"twitter:card\" content=\"summary_large_image\" \/>\n<meta name=\"twitter:title\" content=\"Amslod Laadapparaat beschikbaar!\" \/>\n<meta name=\"twitter:description\" content=\"Krijg je Amslod laadapparaat voor 36V accu&#039;s. Perfecte keuze voor jouw e-bike!\" \/>\n<meta name=\"twitter:label1\" content=\"Preis\" \/>\n\t<meta name=\"twitter:data1\" content=\"&euro;52,95\" \/>\n\t<meta name=\"twitter:label2\" content=\"Verf\u00fcgbarkeit\" \/>\n\t<meta name=\"twitter:data2\" content=\"Auf Lager\" \/>\n<script type=\"application\/ld+json\" class=\"yoast-schema-graph\">{\"@context\":\"https:\\\/\\\/schema.org\",\"@graph\":[{\"@type\":\"WebPage\",\"@id\":\"https:\\\/\\\/rap-webshop.nl\\\/de\\\/produkt\\\/amslod-batterieladegeraet-fuer-batterien-der-36er-serie-42v-2a-mit-2-poligem-55-x-21-ladestecker\\\/\",\"url\":\"https:\\\/\\\/rap-webshop.nl\\\/de\\\/produkt\\\/amslod-batterieladegeraet-fuer-batterien-der-36er-serie-42v-2a-mit-2-poligem-55-x-21-ladestecker\\\/\",\"name\":\"Amslod Laadapparaat voor 36V Fietsaccu | RAP elektrische fietsen\",\"isPartOf\":{\"@id\":\"https:\\\/\\\/rap-webshop.nl\\\/de\\\/#website\"},\"primaryImageOfPage\":{\"@id\":\"https:\\\/\\\/rap-webshop.nl\\\/de\\\/produkt\\\/amslod-batterieladegeraet-fuer-batterien-der-36er-serie-42v-2a-mit-2-poligem-55-x-21-ladestecker\\\/#primaryimage\"},\"image\":{\"@id\":\"https:\\\/\\\/rap-webshop.nl\\\/de\\\/produkt\\\/amslod-batterieladegeraet-fuer-batterien-der-36er-serie-42v-2a-mit-2-poligem-55-x-21-ladestecker\\\/#primaryimage\"},\"thumbnailUrl\":\"https:\\\/\\\/rap-webshop.nl\\\/wp-content\\\/uploads\\\/2025\\\/10\\\/Amslod-oplader-5.5-x-2.1-DC-42V-2A-2.jpg\",\"datePublished\":\"2022-09-06T17:55:37+00:00\",\"dateModified\":\"2025-10-08T12:42:05+00:00\",\"description\":\"Zoek je een Amslod laadapparaat voor je 36V fietsaccu? Dit model is ideaal voor een snelle en veilige oplading. Bestel vandaag nog!\",\"breadcrumb\":{\"@id\":\"https:\\\/\\\/rap-webshop.nl\\\/de\\\/produkt\\\/amslod-batterieladegeraet-fuer-batterien-der-36er-serie-42v-2a-mit-2-poligem-55-x-21-ladestecker\\\/#breadcrumb\"},\"inLanguage\":\"de\",\"potentialAction\":[{\"@type\":\"ReadAction\",\"target\":[\"https:\\\/\\\/rap-webshop.nl\\\/de\\\/produkt\\\/amslod-batterieladegeraet-fuer-batterien-der-36er-serie-42v-2a-mit-2-poligem-55-x-21-ladestecker\\\/\"]}]},{\"@type\":\"ImageObject\",\"inLanguage\":\"de\",\"@id\":\"https:\\\/\\\/rap-webshop.nl\\\/de\\\/produkt\\\/amslod-batterieladegeraet-fuer-batterien-der-36er-serie-42v-2a-mit-2-poligem-55-x-21-ladestecker\\\/#primaryimage\",\"url\":\"https:\\\/\\\/rap-webshop.nl\\\/wp-content\\\/uploads\\\/2025\\\/10\\\/Amslod-oplader-5.5-x-2.1-DC-42V-2A-2.jpg\",\"contentUrl\":\"https:\\\/\\\/rap-webshop.nl\\\/wp-content\\\/uploads\\\/2025\\\/10\\\/Amslod-oplader-5.5-x-2.1-DC-42V-2A-2.jpg\",\"width\":1280,\"height\":720,\"caption\":\"Amslod-Batterieladeger\u00e4t f\u00fcr Batterien der 36er-Serie (42V, 2A mit 2-poligem 5,5 x 2,1 Ladestecker) - RAP elektrische fietsen\"},{\"@type\":\"BreadcrumbList\",\"@id\":\"https:\\\/\\\/rap-webshop.nl\\\/de\\\/produkt\\\/amslod-batterieladegeraet-fuer-batterien-der-36er-serie-42v-2a-mit-2-poligem-55-x-21-ladestecker\\\/#breadcrumb\",\"itemListElement\":[{\"@type\":\"ListItem\",\"position\":1,\"name\":\"Home\",\"item\":\"https:\\\/\\\/rap-webshop.nl\\\/de\\\/\"},{\"@type\":\"ListItem\",\"position\":2,\"name\":\"Shop\",\"item\":\"https:\\\/\\\/rap-webshop.nl\\\/winkel\\\/\"},{\"@type\":\"ListItem\",\"position\":3,\"name\":\"Amslod-Batterieladeger\u00e4t f\u00fcr Batterien der 36er-Serie (42V, 2A mit 2-poligem 5,5 x 2,1 Ladestecker)\"}]},{\"@type\":\"WebSite\",\"@id\":\"https:\\\/\\\/rap-webshop.nl\\\/de\\\/#website\",\"url\":\"https:\\\/\\\/rap-webshop.nl\\\/de\\\/\",\"name\":\"RAP elektrische fietsen\",\"description\":\"E-bikes, e-bike accu\u2019s, li-ion laders &amp; -accessoires\",\"publisher\":{\"@id\":\"https:\\\/\\\/rap-webshop.nl\\\/de\\\/#organization\"},\"potentialAction\":[{\"@type\":\"SearchAction\",\"target\":{\"@type\":\"EntryPoint\",\"urlTemplate\":\"https:\\\/\\\/rap-webshop.nl\\\/de\\\/?s={search_term_string}\"},\"query-input\":{\"@type\":\"PropertyValueSpecification\",\"valueRequired\":true,\"valueName\":\"search_term_string\"}}],\"inLanguage\":\"de\"},{\"@type\":\"Organization\",\"@id\":\"https:\\\/\\\/rap-webshop.nl\\\/de\\\/#organization\",\"name\":\"RAP elektrische fietsen\",\"url\":\"https:\\\/\\\/rap-webshop.nl\\\/de\\\/\",\"logo\":{\"@type\":\"ImageObject\",\"inLanguage\":\"de\",\"@id\":\"https:\\\/\\\/rap-webshop.nl\\\/de\\\/#\\\/schema\\\/logo\\\/image\\\/\",\"url\":\"https:\\\/\\\/rap-webshop.nl\\\/wp-content\\\/uploads\\\/2025\\\/07\\\/RAP-Webshop-logo-diap-1.svg\",\"contentUrl\":\"https:\\\/\\\/rap-webshop.nl\\\/wp-content\\\/uploads\\\/2025\\\/07\\\/RAP-Webshop-logo-diap-1.svg\",\"caption\":\"RAP elektrische fietsen\"},\"image\":{\"@id\":\"https:\\\/\\\/rap-webshop.nl\\\/de\\\/#\\\/schema\\\/logo\\\/image\\\/\"}}]}<\/script>\n<meta property=\"product:price:amount\" content=\"52.95\" \/>\n<meta property=\"product:price:currency\" content=\"EUR\" \/>\n<meta property=\"og:availability\" content=\"instock\" \/>\n<meta property=\"product:availability\" content=\"instock\" \/>\n<meta property=\"product:retailer_item_id\" content=\"5482-11\" \/>\n<meta property=\"product:condition\" content=\"new\" \/>\n<!-- \/ Yoast SEO plugin. -->","yoast_head_json":{"title":"Amslod Laadapparaat voor 36V Fietsaccu | RAP elektrische fietsen","description":"Zoek je een Amslod laadapparaat voor je 36V fietsaccu? Dit model is ideaal voor een snelle en veilige oplading. Bestel vandaag nog!","robots":{"index":"index","follow":"follow","max-snippet":"max-snippet:-1","max-image-preview":"max-image-preview:large","max-video-preview":"max-video-preview:-1"},"canonical":"https:\/\/rap-webshop.nl\/de\/produkt\/amslod-batterieladegeraet-fuer-batterien-der-36er-serie-42v-2a-mit-2-poligem-55-x-21-ladestecker\/","og_locale":"de_DE","og_type":"article","og_title":"Amslod Laadapparaat beschikbaar!","og_description":"Krijg je Amslod laadapparaat voor 36V accu's. Perfecte keuze voor jouw e-bike!","og_url":"https:\/\/rap-webshop.nl\/de\/produkt\/amslod-batterieladegeraet-fuer-batterien-der-36er-serie-42v-2a-mit-2-poligem-55-x-21-ladestecker\/","og_site_name":"RAP elektrische fietsen","article_modified_time":"2025-10-08T12:42:05+00:00","og_image":[{"width":1280,"height":720,"url":"https:\/\/rap-webshop.nl\/wp-content\/uploads\/2025\/10\/Amslod-oplader-5.5-x-2.1-DC-42V-2A-2.jpg","type":"image\/jpeg"}],"twitter_card":"summary_large_image","twitter_title":"Amslod Laadapparaat beschikbaar!","twitter_description":"Krijg je Amslod laadapparaat voor 36V accu's. Perfecte keuze voor jouw e-bike!","twitter_misc":{"Preis":"&euro;52,95","Verf\u00fcgbarkeit":"Auf Lager"},"schema":{"@context":"https:\/\/schema.org","@graph":[{"@type":"WebPage","@id":"https:\/\/rap-webshop.nl\/de\/produkt\/amslod-batterieladegeraet-fuer-batterien-der-36er-serie-42v-2a-mit-2-poligem-55-x-21-ladestecker\/","url":"https:\/\/rap-webshop.nl\/de\/produkt\/amslod-batterieladegeraet-fuer-batterien-der-36er-serie-42v-2a-mit-2-poligem-55-x-21-ladestecker\/","name":"Amslod Laadapparaat voor 36V Fietsaccu | RAP elektrische fietsen","isPartOf":{"@id":"https:\/\/rap-webshop.nl\/de\/#website"},"primaryImageOfPage":{"@id":"https:\/\/rap-webshop.nl\/de\/produkt\/amslod-batterieladegeraet-fuer-batterien-der-36er-serie-42v-2a-mit-2-poligem-55-x-21-ladestecker\/#primaryimage"},"image":{"@id":"https:\/\/rap-webshop.nl\/de\/produkt\/amslod-batterieladegeraet-fuer-batterien-der-36er-serie-42v-2a-mit-2-poligem-55-x-21-ladestecker\/#primaryimage"},"thumbnailUrl":"https:\/\/rap-webshop.nl\/wp-content\/uploads\/2025\/10\/Amslod-oplader-5.5-x-2.1-DC-42V-2A-2.jpg","datePublished":"2022-09-06T17:55:37+00:00","dateModified":"2025-10-08T12:42:05+00:00","description":"Zoek je een Amslod laadapparaat voor je 36V fietsaccu? Dit model is ideaal voor een snelle en veilige oplading. Bestel vandaag nog!","breadcrumb":{"@id":"https:\/\/rap-webshop.nl\/de\/produkt\/amslod-batterieladegeraet-fuer-batterien-der-36er-serie-42v-2a-mit-2-poligem-55-x-21-ladestecker\/#breadcrumb"},"inLanguage":"de","potentialAction":[{"@type":"ReadAction","target":["https:\/\/rap-webshop.nl\/de\/produkt\/amslod-batterieladegeraet-fuer-batterien-der-36er-serie-42v-2a-mit-2-poligem-55-x-21-ladestecker\/"]}]},{"@type":"ImageObject","inLanguage":"de","@id":"https:\/\/rap-webshop.nl\/de\/produkt\/amslod-batterieladegeraet-fuer-batterien-der-36er-serie-42v-2a-mit-2-poligem-55-x-21-ladestecker\/#primaryimage","url":"https:\/\/rap-webshop.nl\/wp-content\/uploads\/2025\/10\/Amslod-oplader-5.5-x-2.1-DC-42V-2A-2.jpg","contentUrl":"https:\/\/rap-webshop.nl\/wp-content\/uploads\/2025\/10\/Amslod-oplader-5.5-x-2.1-DC-42V-2A-2.jpg","width":1280,"height":720,"caption":"Amslod-Batterieladeger\u00e4t f\u00fcr Batterien der 36er-Serie (42V, 2A mit 2-poligem 5,5 x 2,1 Ladestecker) - RAP elektrische fietsen"},{"@type":"BreadcrumbList","@id":"https:\/\/rap-webshop.nl\/de\/produkt\/amslod-batterieladegeraet-fuer-batterien-der-36er-serie-42v-2a-mit-2-poligem-55-x-21-ladestecker\/#breadcrumb","itemListElement":[{"@type":"ListItem","position":1,"name":"Home","item":"https:\/\/rap-webshop.nl\/de\/"},{"@type":"ListItem","position":2,"name":"Shop","item":"https:\/\/rap-webshop.nl\/winkel\/"},{"@type":"ListItem","position":3,"name":"Amslod-Batterieladeger\u00e4t f\u00fcr Batterien der 36er-Serie (42V, 2A mit 2-poligem 5,5 x 2,1 Ladestecker)"}]},{"@type":"WebSite","@id":"https:\/\/rap-webshop.nl\/de\/#website","url":"https:\/\/rap-webshop.nl\/de\/","name":"RAP elektrische fietsen","description":"E-bikes, e-bike accu\u2019s, li-ion laders &amp; -accessoires","publisher":{"@id":"https:\/\/rap-webshop.nl\/de\/#organization"},"potentialAction":[{"@type":"SearchAction","target":{"@type":"EntryPoint","urlTemplate":"https:\/\/rap-webshop.nl\/de\/?s={search_term_string}"},"query-input":{"@type":"PropertyValueSpecification","valueRequired":true,"valueName":"search_term_string"}}],"inLanguage":"de"},{"@type":"Organization","@id":"https:\/\/rap-webshop.nl\/de\/#organization","name":"RAP elektrische fietsen","url":"https:\/\/rap-webshop.nl\/de\/","logo":{"@type":"ImageObject","inLanguage":"de","@id":"https:\/\/rap-webshop.nl\/de\/#\/schema\/logo\/image\/","url":"https:\/\/rap-webshop.nl\/wp-content\/uploads\/2025\/07\/RAP-Webshop-logo-diap-1.svg","contentUrl":"https:\/\/rap-webshop.nl\/wp-content\/uploads\/2025\/07\/RAP-Webshop-logo-diap-1.svg","caption":"RAP elektrische fietsen"},"image":{"@id":"https:\/\/rap-webshop.nl\/de\/#\/schema\/logo\/image\/"}}]},"product_price_amount":"52.95","product_price_currency":"EUR","og_availability":"instock","product_availability":"instock","product_retailer_item_id":"5482-11","product_condition":"new"},"_links":{"self":[{"href":"https:\/\/rap-webshop.nl\/de\/wp-json\/wp\/v2\/product\/26184","targetHints":{"allow":["GET"]}}],"collection":[{"href":"https:\/\/rap-webshop.nl\/de\/wp-json\/wp\/v2\/product"}],"about":[{"href":"https:\/\/rap-webshop.nl\/de\/wp-json\/wp\/v2\/types\/product"}],"replies":[{"embeddable":true,"href":"https:\/\/rap-webshop.nl\/de\/wp-json\/wp\/v2\/comments?post=26184"}],"wp:featuredmedia":[{"embeddable":true,"href":"https:\/\/rap-webshop.nl\/de\/wp-json\/wp\/v2\/media\/24620"}],"wp:attachment":[{"href":"https:\/\/rap-webshop.nl\/de\/wp-json\/wp\/v2\/media?parent=26184"}],"wp:term":[{"taxonomy":"product_brand","embeddable":true,"href":"https:\/\/rap-webshop.nl\/de\/wp-json\/wp\/v2\/product_brand?post=26184"},{"taxonomy":"product_cat","embeddable":true,"href":"https:\/\/rap-webshop.nl\/de\/wp-json\/wp\/v2\/product_cat?post=26184"},{"taxonomy":"product_tag","embeddable":true,"href":"https:\/\/rap-webshop.nl\/de\/wp-json\/wp\/v2\/product_tag?post=26184"}],"curies":[{"name":"wp","href":"https:\/\/api.w.org\/{rel}","templated":true}]}}