{"id":26176,"date":"2022-04-01T19:05:17","date_gmt":"2022-04-01T17:05:17","guid":{"rendered":"https:\/\/rap-webshop.nl\/product\/amslod-fahrrad-akku-der-36er-serie-platina-xl-630-wh-36v-175-ah-silbergrau-mit-ruecklicht-u-a-fuer-die-modelle-hamilton-aston-croft-highland-und-hilston\/"},"modified":"2025-10-08T14:42:00","modified_gmt":"2025-10-08T12:42:00","slug":"amslod-fahrrad-akku-der-36er-serie-platina-xl-630-wh-36v-175-ah-silbergrau-mit-ruecklicht-u-a-fuer-die-modelle-hamilton-aston-croft-highland-und-hilston","status":"publish","type":"product","link":"https:\/\/rap-webshop.nl\/de\/produkt\/amslod-fahrrad-akku-der-36er-serie-platina-xl-630-wh-36v-175-ah-silbergrau-mit-ruecklicht-u-a-fuer-die-modelle-hamilton-aston-croft-highland-und-hilston\/","title":{"rendered":"Amslod 36-series Fahrrad-Akku Platina XL, 630 Wh (36V, 17,5 Ah), silbergrau mit LED-R\u00fccklicht. NEUE PRODUKTION. LIEFERUNG AB CA. 3. WOCHE IM APRIL."},"content":{"rendered":"<p>Ben je op zoek naar een Amslod 36-series fietsaccu? Ontdek de Platina XL met 630 Wh!<\/p>\n<h4><strong>Amslod 36-series Li-ION Fahrradakku, 36V\/ 17,5 Ah (630 Wh) f\u00fcr u.a. die Modelle  <\/strong><strong>Hamilton, Aston, Croft, Highland und Hilston. Batterie der Serie 36 mit der gr\u00f6\u00dften Kapazit\u00e4t. Auch in den Ausf\u00fchrungen 522 Wh (14,5 Ah) und 468 Wh (13 Ah) erh\u00e4ltlich.<\/strong><\/h4>\n<p>&nbsp;<\/p>\n<h4><strong>Neue und originale Ersatzbatterie vom Hersteller, der auch die Originalbatterie geliefert hat, mit der das Fahrrad geliefert wurde.  <\/strong><\/h4>\n<p>&nbsp;<\/p>\n<p><strong>Der Akku<br \/>\n<\/strong>Li-ION-Fahrradakku mit LED-R\u00fccklicht (schaltbar \u00fcber Displaysteuerung) und rundem, 2-poligem Anschluss f\u00fcr das Ladeger\u00e4t. Die Fahrradbatterie bietet eine Kapazit\u00e4t von 630 Wh bei 36 Volt (17,5 Ah) und ersetzt die Originalbatterie in den Kapazit\u00e4ten 13, 14,5 und 17,5 Ah, mit der sie zu 100 % kompatibel ist.<\/p>\n<p><strong>Ladeger\u00e4t<\/strong><br \/>\nDas Original-Ladeger\u00e4t funktioniert auch mit dieser neuen Batterie und muss daher nicht ersetzt werden. Wenn Sie noch ein zus\u00e4tzliches oder ein Ersatz-Ladeger\u00e4t ben\u00f6tigen, klicken Sie <strong>hier<\/strong>.<\/p>\n<p><strong>Zubeh\u00f6r<br \/>\n<\/strong>Neben dem Ladeger\u00e4t ist auch der Akkuschieber (mit Schloss) separat erh\u00e4ltlich.<\/p>\n<p><strong>Garantie f\u00fcr Amslod-Batterien der 36er-Serie<\/strong><br \/>\nAuf den Akku wird eine 24-monatige Garantie (Hersteller) gew\u00e4hrt.<\/p>\n<p><strong>Garantie f\u00fcr Amslod-Batterien der 36er-Serie<\/strong><br \/>\nAuf den Akku wird eine 24-monatige Garantie (Hersteller) gew\u00e4hrt.<\/p>\n<p><strong>Verwendung und Aufladen des Akkus<br \/>\n<\/strong>Die richtige Verwendung des Akkus ist entscheidend f\u00fcr seine Lebensdauer und Leistung. Dabei sind die folgenden Grunds\u00e4tze wichtig:<\/p>\n<ul>\n<li>Halten Sie den Akku durch regelm\u00e4\u00dfige Benutzung (Laden und Entladen) in gutem Zustand.<\/li>\n<li>Die beste Leistung erbringt der Akku bei einer Temperatur von 25 &#8211; 30 Grad Celsius, bleibt aber auch bei niedrigeren Temperaturen in bestem Zustand. Lagern Sie den Akku vorzugsweise in einer k\u00fchlen, trockenen Umgebung, wenn er nicht benutzt wird.<\/li>\n<li>Laden Sie eine entladene Batterie sofort auf, um eine Tiefentladung zu vermeiden, bei der die Batteriespannung unter den Wert f\u00e4llt, bei dem die Batterie noch registrieren kann, dass das Ladeger\u00e4t angeschlossen ist.<\/li>\n<\/ul>\n<p>F\u00fcr eine ausf\u00fchrlichere Anleitung zur Verwaltung und Verwendung der Batterie klicken Sie bitte auf die Schaltfl\u00e4che unten:<\/p>\n<p><a href=\"https:\/\/rap-webshop.nl\/gebruik-en-beheer-van-de-li-ion-fietsaccu\/\" target=\"_blank\" rel=\"noopener\"><img decoding=\"async\" class=\"aligncenter wp-image-7375\" src=\"https:\/\/rap-webshop.nl\/wp-content\/uploads\/2025\/10\/tips-voor-een-goed-gebruik-en-beheer-van-de-accu-2-300x41.jpg\" alt=\"Tipps zur Nutzung und Verwaltung von Fahrradbatterien\" width=\"569\" height=\"77\"><\/a><\/p>\n<p>&nbsp;<\/p>\n<p><strong>ALLGEMEINE PRODUKTINFORMATIONEN:<br \/>\n<\/strong>Artikel-Nr.: 10BDP22\/15\/138(13)-001<br \/>\nEAN: 9507858758394<br \/>\nGarantie: 24 Monate<br \/>\nAnwendung: Elektrofahrrad 36 Volt<br \/>\nMarke: RAP BDP<\/p>\n<p>&nbsp;<\/p>\n<p><strong>PRODUKTSPEZIFIKATIONEN:<br \/>\n<\/strong>Typ: Li-ION<br \/>\nModell: EB1005-HM<br \/>\nBatterieverwaltung: Standard BMS<br \/>\nAusgangsspannung: 36 V<br \/>\nKapazit\u00e4t: 630 WH (36V &#8211; 17,5 Ah)<br \/>\nL\u00e4nge: 375 mm<br \/>\nBreite: 140 mm<br \/>\nH\u00f6he: 75 mm<br \/>\nGewicht: 3,5 kg<br \/>\nZustand: Neu<br \/>\nVorgeladen: Ja, teilweise<br \/>\nOptional: Ladeger\u00e4t, Batteriefach und Schloss<\/p>\n<p><strong>LIEFERUNG:<br \/>\n<\/strong>&#8211; Kostenloser Versand<br \/>\n&#8211; Kreditkarte und Nachzahlung m\u00f6glich<\/p>\n","protected":false},"excerpt":{"rendered":"<p>Ben je op zoek naar een Amslod 36-series fietsaccu? Ontdek de Platina XL met 630 Wh! Amslod 36-series Li-ION Fahrradakku, 36V\/ 17,5 Ah (630 Wh) f\u00fcr u.a. die Modelle Hamilton, Aston, Croft, Highland und Hilston. Batterie der Serie 36 mit der gr\u00f6\u00dften Kapazit\u00e4t. Auch in den Ausf\u00fchrungen 522 Wh (14,5 Ah) und 468 Wh (13 [&hellip;]<\/p>\n","protected":false},"featured_media":24603,"comment_status":"closed","ping_status":"open","template":"","meta":{"_acf_changed":false},"product_brand":[],"product_cat":[276,278],"product_tag":[],"class_list":{"0":"post-26176","1":"product","2":"type-product","3":"status-publish","4":"has-post-thumbnail","6":"product_cat-batterien-fuer-fahrraeder","7":"product_cat-amslod-fahrradbatterien","8":"product_shipping_class-standardversand-belgien","10":"first","11":"instock","12":"sale","13":"taxable","14":"shipping-taxable","15":"purchasable","16":"product-type-simple"},"acf":[],"yoast_head":"<!-- This site is optimized with the Yoast SEO plugin v27.3 - https:\/\/yoast.com\/product\/yoast-seo-wordpress\/ -->\n<title>Amslod 36-series Platina XL Fietsaccu | RAP elektrische fietsen<\/title>\n<meta name=\"description\" content=\"Ontdek de Amslod 36-series Platina XL fietsaccu met 630 Wh. Perfect voor jouw elektrische fiets! Bestel nu en geniet van een lange actieradius.\" \/>\n<meta name=\"robots\" content=\"index, follow, max-snippet:-1, max-image-preview:large, max-video-preview:-1\" \/>\n<link rel=\"canonical\" href=\"https:\/\/rap-webshop.nl\/de\/produkt\/amslod-fahrrad-akku-der-36er-serie-platina-xl-630-wh-36v-175-ah-silbergrau-mit-ruecklicht-u-a-fuer-die-modelle-hamilton-aston-croft-highland-und-hilston\/\" \/>\n<meta property=\"og:locale\" content=\"de_DE\" \/>\n<meta property=\"og:type\" content=\"article\" \/>\n<meta property=\"og:title\" content=\"Nieuwe Amslod 36-series Fietsaccu!\" \/>\n<meta property=\"og:description\" content=\"Koop de Amslod Platina XL fietsaccu met 630 Wh. Ideaal voor jouw e-bike!\" \/>\n<meta property=\"og:url\" content=\"https:\/\/rap-webshop.nl\/de\/produkt\/amslod-fahrrad-akku-der-36er-serie-platina-xl-630-wh-36v-175-ah-silbergrau-mit-ruecklicht-u-a-fuer-die-modelle-hamilton-aston-croft-highland-und-hilston\/\" \/>\n<meta property=\"og:site_name\" content=\"RAP elektrische fietsen\" \/>\n<meta property=\"article:modified_time\" content=\"2025-10-08T12:42:00+00:00\" \/>\n<meta property=\"og:image\" content=\"https:\/\/rap-webshop.nl\/wp-content\/uploads\/2025\/10\/Amslod-36-series-fietsaccu-Platina-XL-175-Ah-630-Wh-2.jpg\" \/>\n\t<meta property=\"og:image:width\" content=\"1280\" \/>\n\t<meta property=\"og:image:height\" content=\"720\" \/>\n\t<meta property=\"og:image:type\" content=\"image\/jpeg\" \/>\n<meta name=\"twitter:card\" content=\"summary_large_image\" \/>\n<meta name=\"twitter:title\" content=\"Nieuwe Amslod 36-series Fietsaccu!\" \/>\n<meta name=\"twitter:description\" content=\"Koop de Amslod Platina XL fietsaccu met 630 Wh. Ideaal voor jouw e-bike!\" \/>\n<meta name=\"twitter:label1\" content=\"Preis\" \/>\n\t<meta name=\"twitter:data1\" content=\"&euro;449,00\" \/>\n\t<meta name=\"twitter:label2\" content=\"Verf\u00fcgbarkeit\" \/>\n\t<meta name=\"twitter:data2\" content=\"Auf Lager\" \/>\n<script type=\"application\/ld+json\" class=\"yoast-schema-graph\">{\"@context\":\"https:\\\/\\\/schema.org\",\"@graph\":[{\"@type\":\"WebPage\",\"@id\":\"https:\\\/\\\/rap-webshop.nl\\\/de\\\/produkt\\\/amslod-fahrrad-akku-der-36er-serie-platina-xl-630-wh-36v-175-ah-silbergrau-mit-ruecklicht-u-a-fuer-die-modelle-hamilton-aston-croft-highland-und-hilston\\\/\",\"url\":\"https:\\\/\\\/rap-webshop.nl\\\/de\\\/produkt\\\/amslod-fahrrad-akku-der-36er-serie-platina-xl-630-wh-36v-175-ah-silbergrau-mit-ruecklicht-u-a-fuer-die-modelle-hamilton-aston-croft-highland-und-hilston\\\/\",\"name\":\"Amslod 36-series Platina XL Fietsaccu | RAP elektrische fietsen\",\"isPartOf\":{\"@id\":\"https:\\\/\\\/rap-webshop.nl\\\/de\\\/#website\"},\"primaryImageOfPage\":{\"@id\":\"https:\\\/\\\/rap-webshop.nl\\\/de\\\/produkt\\\/amslod-fahrrad-akku-der-36er-serie-platina-xl-630-wh-36v-175-ah-silbergrau-mit-ruecklicht-u-a-fuer-die-modelle-hamilton-aston-croft-highland-und-hilston\\\/#primaryimage\"},\"image\":{\"@id\":\"https:\\\/\\\/rap-webshop.nl\\\/de\\\/produkt\\\/amslod-fahrrad-akku-der-36er-serie-platina-xl-630-wh-36v-175-ah-silbergrau-mit-ruecklicht-u-a-fuer-die-modelle-hamilton-aston-croft-highland-und-hilston\\\/#primaryimage\"},\"thumbnailUrl\":\"https:\\\/\\\/rap-webshop.nl\\\/wp-content\\\/uploads\\\/2025\\\/10\\\/Amslod-36-series-fietsaccu-Platina-XL-175-Ah-630-Wh-2.jpg\",\"datePublished\":\"2022-04-01T17:05:17+00:00\",\"dateModified\":\"2025-10-08T12:42:00+00:00\",\"description\":\"Ontdek de Amslod 36-series Platina XL fietsaccu met 630 Wh. Perfect voor jouw elektrische fiets! Bestel nu en geniet van een lange actieradius.\",\"breadcrumb\":{\"@id\":\"https:\\\/\\\/rap-webshop.nl\\\/de\\\/produkt\\\/amslod-fahrrad-akku-der-36er-serie-platina-xl-630-wh-36v-175-ah-silbergrau-mit-ruecklicht-u-a-fuer-die-modelle-hamilton-aston-croft-highland-und-hilston\\\/#breadcrumb\"},\"inLanguage\":\"de\",\"potentialAction\":[{\"@type\":\"ReadAction\",\"target\":[\"https:\\\/\\\/rap-webshop.nl\\\/de\\\/produkt\\\/amslod-fahrrad-akku-der-36er-serie-platina-xl-630-wh-36v-175-ah-silbergrau-mit-ruecklicht-u-a-fuer-die-modelle-hamilton-aston-croft-highland-und-hilston\\\/\"]}]},{\"@type\":\"ImageObject\",\"inLanguage\":\"de\",\"@id\":\"https:\\\/\\\/rap-webshop.nl\\\/de\\\/produkt\\\/amslod-fahrrad-akku-der-36er-serie-platina-xl-630-wh-36v-175-ah-silbergrau-mit-ruecklicht-u-a-fuer-die-modelle-hamilton-aston-croft-highland-und-hilston\\\/#primaryimage\",\"url\":\"https:\\\/\\\/rap-webshop.nl\\\/wp-content\\\/uploads\\\/2025\\\/10\\\/Amslod-36-series-fietsaccu-Platina-XL-175-Ah-630-Wh-2.jpg\",\"contentUrl\":\"https:\\\/\\\/rap-webshop.nl\\\/wp-content\\\/uploads\\\/2025\\\/10\\\/Amslod-36-series-fietsaccu-Platina-XL-175-Ah-630-Wh-2.jpg\",\"width\":1280,\"height\":720,\"caption\":\"Amslod 36-series Fahrrad-Akku Platina XL, 630 Wh (36V, 17,5 Ah), silbergrau mit LED-R\u00fccklicht. NEUE PRODUKTION. LIEFERUNG AB CA. 3. WOCHE IM APRIL. - RAP elektrische fietsen\"},{\"@type\":\"BreadcrumbList\",\"@id\":\"https:\\\/\\\/rap-webshop.nl\\\/de\\\/produkt\\\/amslod-fahrrad-akku-der-36er-serie-platina-xl-630-wh-36v-175-ah-silbergrau-mit-ruecklicht-u-a-fuer-die-modelle-hamilton-aston-croft-highland-und-hilston\\\/#breadcrumb\",\"itemListElement\":[{\"@type\":\"ListItem\",\"position\":1,\"name\":\"Home\",\"item\":\"https:\\\/\\\/rap-webshop.nl\\\/de\\\/\"},{\"@type\":\"ListItem\",\"position\":2,\"name\":\"Shop\",\"item\":\"https:\\\/\\\/rap-webshop.nl\\\/winkel\\\/\"},{\"@type\":\"ListItem\",\"position\":3,\"name\":\"Amslod 36-series Fahrrad-Akku Platina XL, 630 Wh (36V, 17,5 Ah), silbergrau mit LED-R\u00fccklicht. NEUE PRODUKTION. LIEFERUNG AB CA. 3. WOCHE IM APRIL.\"}]},{\"@type\":\"WebSite\",\"@id\":\"https:\\\/\\\/rap-webshop.nl\\\/de\\\/#website\",\"url\":\"https:\\\/\\\/rap-webshop.nl\\\/de\\\/\",\"name\":\"RAP elektrische fietsen\",\"description\":\"E-bikes, e-bike accu\u2019s, li-ion laders &amp; -accessoires\",\"publisher\":{\"@id\":\"https:\\\/\\\/rap-webshop.nl\\\/de\\\/#organization\"},\"potentialAction\":[{\"@type\":\"SearchAction\",\"target\":{\"@type\":\"EntryPoint\",\"urlTemplate\":\"https:\\\/\\\/rap-webshop.nl\\\/de\\\/?s={search_term_string}\"},\"query-input\":{\"@type\":\"PropertyValueSpecification\",\"valueRequired\":true,\"valueName\":\"search_term_string\"}}],\"inLanguage\":\"de\"},{\"@type\":\"Organization\",\"@id\":\"https:\\\/\\\/rap-webshop.nl\\\/de\\\/#organization\",\"name\":\"RAP elektrische fietsen\",\"url\":\"https:\\\/\\\/rap-webshop.nl\\\/de\\\/\",\"logo\":{\"@type\":\"ImageObject\",\"inLanguage\":\"de\",\"@id\":\"https:\\\/\\\/rap-webshop.nl\\\/de\\\/#\\\/schema\\\/logo\\\/image\\\/\",\"url\":\"https:\\\/\\\/rap-webshop.nl\\\/wp-content\\\/uploads\\\/2025\\\/07\\\/RAP-Webshop-logo-diap-1.svg\",\"contentUrl\":\"https:\\\/\\\/rap-webshop.nl\\\/wp-content\\\/uploads\\\/2025\\\/07\\\/RAP-Webshop-logo-diap-1.svg\",\"caption\":\"RAP elektrische fietsen\"},\"image\":{\"@id\":\"https:\\\/\\\/rap-webshop.nl\\\/de\\\/#\\\/schema\\\/logo\\\/image\\\/\"}}]}<\/script>\n<meta property=\"product:price:amount\" content=\"449.00\" \/>\n<meta property=\"product:price:currency\" content=\"EUR\" \/>\n<meta property=\"og:availability\" content=\"instock\" \/>\n<meta property=\"product:availability\" content=\"instock\" \/>\n<meta property=\"product:retailer_item_id\" content=\"5109-2\" \/>\n<meta property=\"product:condition\" content=\"new\" \/>\n<!-- \/ Yoast SEO plugin. -->","yoast_head_json":{"title":"Amslod 36-series Platina XL Fietsaccu | RAP elektrische fietsen","description":"Ontdek de Amslod 36-series Platina XL fietsaccu met 630 Wh. Perfect voor jouw elektrische fiets! Bestel nu en geniet van een lange actieradius.","robots":{"index":"index","follow":"follow","max-snippet":"max-snippet:-1","max-image-preview":"max-image-preview:large","max-video-preview":"max-video-preview:-1"},"canonical":"https:\/\/rap-webshop.nl\/de\/produkt\/amslod-fahrrad-akku-der-36er-serie-platina-xl-630-wh-36v-175-ah-silbergrau-mit-ruecklicht-u-a-fuer-die-modelle-hamilton-aston-croft-highland-und-hilston\/","og_locale":"de_DE","og_type":"article","og_title":"Nieuwe Amslod 36-series Fietsaccu!","og_description":"Koop de Amslod Platina XL fietsaccu met 630 Wh. Ideaal voor jouw e-bike!","og_url":"https:\/\/rap-webshop.nl\/de\/produkt\/amslod-fahrrad-akku-der-36er-serie-platina-xl-630-wh-36v-175-ah-silbergrau-mit-ruecklicht-u-a-fuer-die-modelle-hamilton-aston-croft-highland-und-hilston\/","og_site_name":"RAP elektrische fietsen","article_modified_time":"2025-10-08T12:42:00+00:00","og_image":[{"width":1280,"height":720,"url":"https:\/\/rap-webshop.nl\/wp-content\/uploads\/2025\/10\/Amslod-36-series-fietsaccu-Platina-XL-175-Ah-630-Wh-2.jpg","type":"image\/jpeg"}],"twitter_card":"summary_large_image","twitter_title":"Nieuwe Amslod 36-series Fietsaccu!","twitter_description":"Koop de Amslod Platina XL fietsaccu met 630 Wh. Ideaal voor jouw e-bike!","twitter_misc":{"Preis":"&euro;449,00","Verf\u00fcgbarkeit":"Auf Lager"},"schema":{"@context":"https:\/\/schema.org","@graph":[{"@type":"WebPage","@id":"https:\/\/rap-webshop.nl\/de\/produkt\/amslod-fahrrad-akku-der-36er-serie-platina-xl-630-wh-36v-175-ah-silbergrau-mit-ruecklicht-u-a-fuer-die-modelle-hamilton-aston-croft-highland-und-hilston\/","url":"https:\/\/rap-webshop.nl\/de\/produkt\/amslod-fahrrad-akku-der-36er-serie-platina-xl-630-wh-36v-175-ah-silbergrau-mit-ruecklicht-u-a-fuer-die-modelle-hamilton-aston-croft-highland-und-hilston\/","name":"Amslod 36-series Platina XL Fietsaccu | RAP elektrische fietsen","isPartOf":{"@id":"https:\/\/rap-webshop.nl\/de\/#website"},"primaryImageOfPage":{"@id":"https:\/\/rap-webshop.nl\/de\/produkt\/amslod-fahrrad-akku-der-36er-serie-platina-xl-630-wh-36v-175-ah-silbergrau-mit-ruecklicht-u-a-fuer-die-modelle-hamilton-aston-croft-highland-und-hilston\/#primaryimage"},"image":{"@id":"https:\/\/rap-webshop.nl\/de\/produkt\/amslod-fahrrad-akku-der-36er-serie-platina-xl-630-wh-36v-175-ah-silbergrau-mit-ruecklicht-u-a-fuer-die-modelle-hamilton-aston-croft-highland-und-hilston\/#primaryimage"},"thumbnailUrl":"https:\/\/rap-webshop.nl\/wp-content\/uploads\/2025\/10\/Amslod-36-series-fietsaccu-Platina-XL-175-Ah-630-Wh-2.jpg","datePublished":"2022-04-01T17:05:17+00:00","dateModified":"2025-10-08T12:42:00+00:00","description":"Ontdek de Amslod 36-series Platina XL fietsaccu met 630 Wh. Perfect voor jouw elektrische fiets! Bestel nu en geniet van een lange actieradius.","breadcrumb":{"@id":"https:\/\/rap-webshop.nl\/de\/produkt\/amslod-fahrrad-akku-der-36er-serie-platina-xl-630-wh-36v-175-ah-silbergrau-mit-ruecklicht-u-a-fuer-die-modelle-hamilton-aston-croft-highland-und-hilston\/#breadcrumb"},"inLanguage":"de","potentialAction":[{"@type":"ReadAction","target":["https:\/\/rap-webshop.nl\/de\/produkt\/amslod-fahrrad-akku-der-36er-serie-platina-xl-630-wh-36v-175-ah-silbergrau-mit-ruecklicht-u-a-fuer-die-modelle-hamilton-aston-croft-highland-und-hilston\/"]}]},{"@type":"ImageObject","inLanguage":"de","@id":"https:\/\/rap-webshop.nl\/de\/produkt\/amslod-fahrrad-akku-der-36er-serie-platina-xl-630-wh-36v-175-ah-silbergrau-mit-ruecklicht-u-a-fuer-die-modelle-hamilton-aston-croft-highland-und-hilston\/#primaryimage","url":"https:\/\/rap-webshop.nl\/wp-content\/uploads\/2025\/10\/Amslod-36-series-fietsaccu-Platina-XL-175-Ah-630-Wh-2.jpg","contentUrl":"https:\/\/rap-webshop.nl\/wp-content\/uploads\/2025\/10\/Amslod-36-series-fietsaccu-Platina-XL-175-Ah-630-Wh-2.jpg","width":1280,"height":720,"caption":"Amslod 36-series Fahrrad-Akku Platina XL, 630 Wh (36V, 17,5 Ah), silbergrau mit LED-R\u00fccklicht. NEUE PRODUKTION. LIEFERUNG AB CA. 3. WOCHE IM APRIL. - RAP elektrische fietsen"},{"@type":"BreadcrumbList","@id":"https:\/\/rap-webshop.nl\/de\/produkt\/amslod-fahrrad-akku-der-36er-serie-platina-xl-630-wh-36v-175-ah-silbergrau-mit-ruecklicht-u-a-fuer-die-modelle-hamilton-aston-croft-highland-und-hilston\/#breadcrumb","itemListElement":[{"@type":"ListItem","position":1,"name":"Home","item":"https:\/\/rap-webshop.nl\/de\/"},{"@type":"ListItem","position":2,"name":"Shop","item":"https:\/\/rap-webshop.nl\/winkel\/"},{"@type":"ListItem","position":3,"name":"Amslod 36-series Fahrrad-Akku Platina XL, 630 Wh (36V, 17,5 Ah), silbergrau mit LED-R\u00fccklicht. NEUE PRODUKTION. LIEFERUNG AB CA. 3. WOCHE IM APRIL."}]},{"@type":"WebSite","@id":"https:\/\/rap-webshop.nl\/de\/#website","url":"https:\/\/rap-webshop.nl\/de\/","name":"RAP elektrische fietsen","description":"E-bikes, e-bike accu\u2019s, li-ion laders &amp; -accessoires","publisher":{"@id":"https:\/\/rap-webshop.nl\/de\/#organization"},"potentialAction":[{"@type":"SearchAction","target":{"@type":"EntryPoint","urlTemplate":"https:\/\/rap-webshop.nl\/de\/?s={search_term_string}"},"query-input":{"@type":"PropertyValueSpecification","valueRequired":true,"valueName":"search_term_string"}}],"inLanguage":"de"},{"@type":"Organization","@id":"https:\/\/rap-webshop.nl\/de\/#organization","name":"RAP elektrische fietsen","url":"https:\/\/rap-webshop.nl\/de\/","logo":{"@type":"ImageObject","inLanguage":"de","@id":"https:\/\/rap-webshop.nl\/de\/#\/schema\/logo\/image\/","url":"https:\/\/rap-webshop.nl\/wp-content\/uploads\/2025\/07\/RAP-Webshop-logo-diap-1.svg","contentUrl":"https:\/\/rap-webshop.nl\/wp-content\/uploads\/2025\/07\/RAP-Webshop-logo-diap-1.svg","caption":"RAP elektrische fietsen"},"image":{"@id":"https:\/\/rap-webshop.nl\/de\/#\/schema\/logo\/image\/"}}]},"product_price_amount":"449.00","product_price_currency":"EUR","og_availability":"instock","product_availability":"instock","product_retailer_item_id":"5109-2","product_condition":"new"},"_links":{"self":[{"href":"https:\/\/rap-webshop.nl\/de\/wp-json\/wp\/v2\/product\/26176","targetHints":{"allow":["GET"]}}],"collection":[{"href":"https:\/\/rap-webshop.nl\/de\/wp-json\/wp\/v2\/product"}],"about":[{"href":"https:\/\/rap-webshop.nl\/de\/wp-json\/wp\/v2\/types\/product"}],"replies":[{"embeddable":true,"href":"https:\/\/rap-webshop.nl\/de\/wp-json\/wp\/v2\/comments?post=26176"}],"wp:featuredmedia":[{"embeddable":true,"href":"https:\/\/rap-webshop.nl\/de\/wp-json\/wp\/v2\/media\/24603"}],"wp:attachment":[{"href":"https:\/\/rap-webshop.nl\/de\/wp-json\/wp\/v2\/media?parent=26176"}],"wp:term":[{"taxonomy":"product_brand","embeddable":true,"href":"https:\/\/rap-webshop.nl\/de\/wp-json\/wp\/v2\/product_brand?post=26176"},{"taxonomy":"product_cat","embeddable":true,"href":"https:\/\/rap-webshop.nl\/de\/wp-json\/wp\/v2\/product_cat?post=26176"},{"taxonomy":"product_tag","embeddable":true,"href":"https:\/\/rap-webshop.nl\/de\/wp-json\/wp\/v2\/product_tag?post=26176"}],"curies":[{"name":"wp","href":"https:\/\/api.w.org\/{rel}","templated":true}]}}