{"id":26142,"date":"2022-02-10T09:17:25","date_gmt":"2022-02-10T08:17:25","guid":{"rendered":"https:\/\/rap-webshop.nl\/product\/original-phylion-xh370-13j-481-wh-fuer-vogue-veloci-rivel-hollandia-talent-altec-keiler-etc-inkl-led-ruecklicht-diese-batterie-wurde-durch-das-modell-2024-ersetzt-siehe-unten\/"},"modified":"2025-10-08T14:40:55","modified_gmt":"2025-10-08T12:40:55","slug":"original-phylion-xh370-13j-481-wh-fuer-vogue-veloci-rivel-hollandia-talent-altec-keiler-etc-inkl-led-ruecklicht-diese-batterie-wurde-durch-das-modell-2024-ersetzt-siehe-unten","status":"publish","type":"product","link":"https:\/\/rap-webshop.nl\/de\/produkt\/original-phylion-xh370-13j-481-wh-fuer-vogue-veloci-rivel-hollandia-talent-altec-keiler-etc-inkl-led-ruecklicht-diese-batterie-wurde-durch-das-modell-2024-ersetzt-siehe-unten\/","title":{"rendered":"Ab der Ausgabe 2024 wurde der XH370-13J f\u00fcr Vogue durch seinen Nachfolger, den EBG370, ersetzt. Dieses technisch verbesserte Modell ist vollst\u00e4ndig kompatibel mit dem XH370-13J, -12J, -10J und -14J (lesen Sie weiter f\u00fcr Details)."},"content":{"rendered":"<p>De Phylion EBG370 accu is de nieuwe standaard voor jouw Vogue elektrische fiets.<\/p>\n<p>De Phylion EBG370 is de nieuwe standaard voor elektrische fietsen, met verbeterde compatibiliteit.<\/p>\n<h3>Phylion hat die Produktion des XH370-13J bis Ende 2022 eingestellt. Der XH370-13J und sein vorl\u00e4ufiger Nachfolger XH370-14J wurden mit Wirkung ab Ausgabe 2024 (1. Produktion Oktober 2023) durch den verbesserten EBG370-140H1S24 ersetzt. Dieses Modell wurde in vielerlei Hinsicht technisch \u00fcberarbeitet, aber das vertraute Design ist unver\u00e4ndert geblieben. Daher ist der neue EBG370 nahtlos mit den \u00e4lteren XH370-Modellen wie dem XH370-13J (sowie dem 10j, 12J und 14J) austauschbar.<\/h3>\n<p>&nbsp;<\/p>\n<h4><strong>Klicken Sie <a href=\"https:\/\/rap-webshop.nl\/de-nieuwe-xh370-wall-e-s-modeljaar-2024\/\" target=\"_blank\" rel=\"noopener\">hier<\/a>, um die Vorteile des verbesserten EBG370 zu erfahren, oder gehen Sie direkt zu den verf\u00fcgbaren Modellen.<\/strong><\/h4>\n<p>&nbsp;<\/p>\n<p><strong> <a href=\"https:\/\/rap-webshop.nl\/product-categorie\/fietsaccus\/phylion-fietsaccus\/fietsaccu-phylion-xh370-ebg371-140h1s24\/\"><img fetchpriority=\"high\" decoding=\"async\" class=\"alignnone wp-image-14676 size-large\" src=\"https:\/\/rap-webshop.nl\/wp-content\/uploads\/2025\/10\/XH370-13J-doorverwijzing-model-2024-2-1024x156.jpg\" alt=\"Phylion XH370 wird zu EBG370-140H1S24\" width=\"1024\" height=\"156\"><\/a><\/strong><\/p>\n<p>&nbsp;<\/p>\n<p><strong>AB HIER MIT DEN INFORMATIONEN AUS DEM ALTEN XH370-13J:<\/strong><\/p>\n<p>&nbsp;<\/p>\n<p><strong>Der Akku<br \/>\n<\/strong>Hochwertiger und zuverl\u00e4ssiger Li-ION-Fahrradakku von Phylion mit rundem Tulpenstecker zum Laden. Die Fahrradbatterie bietet eine Kapazit\u00e4t von 481 Wh bei 37 Volt (13Ah) und ersetzt die \u00e4lteren Modelle dieser Serie, mit denen diese Batterie zu 100% kompatibel ist.<\/p>\n<p><strong>Ist die Batterie f\u00fcr mein Fahrrad geeignet?<br \/>\n<\/strong><span style=\"font-size: 16px; font-style: normal; font-weight: 400;\">Diese Fahrradbatterie ist f\u00fcr eine breite Palette von Modellen verschiedener Marken geeignet. Die Modell\u00fcbersicht nach Marke finden Sie auf der jeweiligen Markenseite, indem Sie<a href=\"https:\/\/rap-webshop.nl\/fietsaccus\/\"> hier<\/a> klicken.<\/span><\/p>\n<p>In 4 Schritten k\u00f6nnen Sie ganz einfach selbst \u00fcberpr\u00fcfen, ob dieser Akku f\u00fcr Ihr Elektrofahrrad geeignet ist:<\/p>\n<ol>\n<li><span style=\"text-decoration: underline;\">Bauform:<\/span> Die Bauform der aktuellen Batterie sollte der der neuen Batterie entsprechen (siehe Foto). Lesen Sie dazu auch die nachstehenden Informationen.<\/li>\n<li><span style=\"text-decoration: underline;\">Spannung<\/span>: Die aktuelle Batterie sollte 36 oder 37 Volt haben.<\/li>\n<li><span style=\"text-decoration: underline;\">Batteriemanagementsystem<\/span>: Die aktuelle Batterie verf\u00fcgt \u00fcber ein Standard-BMS oder das Fahrrad arbeitet problemlos damit. Eine Batterie mit intelligentem BMS ist teurer und f\u00fcr den Betrieb des Fahrrads in der Regel unn\u00f6tig.<\/li>\n<li><span style=\"text-decoration: underline;\">Steckeranschluss des Ladeger\u00e4ts<\/span>: Das aktuelle Ladeger\u00e4t sollte einen runden Tulpenstecker (sieht aus wie Koax) und eine Ausgangsspannung von 42 Volt haben, um es mit der neuen Fahrradbatterie verwenden zu k\u00f6nnen.<\/li>\n<\/ol>\n<p>Ausf\u00fchrlichere Erl\u00e4uterungen zu diesen 4 Schritten :<\/p>\n<h5 style=\"text-align: center;\"><a href=\"https:\/\/rap-webshop.nl\/de-geschikte-phylion-xh370-fietsaccu\/\" target=\"_blank\" rel=\"noopener\"><img decoding=\"async\" class=\"alignnone wp-image-7377\" src=\"https:\/\/rap-webshop.nl\/wp-content\/uploads\/2025\/10\/Is-deze-accu-geschikt-voor-jouw-fiets-1-2-1024x210.jpg\" alt=\"Ist der Akku f\u00fcr Ihr Elektrofahrrad geeignet?\" width=\"391\" height=\"80\"><\/a><\/h5>\n<p><strong><br \/>\nLive-Demonstration und Recht auf R\u00fcckkehr<\/strong><br \/>\nHaben Sie Fragen? Dann kontaktieren Sie uns (per Post oder Telefon).<br \/>\nVergewissern Sie sich vor dem Kauf, dass die Batterie in Ihr Fahrrad passt und funktioniert? Vereinbaren Sie einen Termin f\u00fcr eine Live-Vorf\u00fchrung in unserem B\u00fcro.<br \/>\nSie haben online eine Batterie bestellt und sind nicht zufrieden? Senden Sie den Akku innerhalb von 14 Tagen zur\u00fcck und erhalten Sie Ihr Geld zur\u00fcck (siehe Gesch\u00e4ftsbedingungen).<\/p>\n<p><strong>Passendes Ladeger\u00e4t, Batterieschlitten und Batterieschloss:<br \/>\n<\/strong>In vielen F\u00e4llen funktioniert das aktuelle Ladeger\u00e4t der alten Batterie auch an dieser neuen Fahrradbatterie. Ben\u00f6tigen Sie noch ein Ersatz- oder Zusatzladeger\u00e4t, dann bestellen Sie es <span style=\"text-decoration: underline;\"><br \/>\n  <span style=\"color: #333399;\"><br \/>\n    <a style=\"color: #333399; text-decoration: underline;\" href=\"https:\/\/rap-webshop.nl\/product\/oplader-phylion-sslc084v42xh-42v-2a-tulpstekker\" target=\"_blank\" rel=\"noopener\">hier<\/a><br \/>\n  <\/span><br \/>\n<\/span>. Sie k\u00f6nnen einen neuen Batterieschlitten bestellen <span style=\"text-decoration: underline;\"><br \/>\n  <span style=\"color: #000080;\"><br \/>\n    <a style=\"color: #000080; text-decoration: underline;\" href=\"https:\/\/rap-webshop.nl\/product\/accuslede-met-controllerbox-voor-phylion-xh370-accu\/\" target=\"_blank\" rel=\"noopener\">hier<\/a><br \/>\n  <\/span><br \/>\n<\/span> und ein neues Batterieschloss <span style=\"color: #333399;\"><br \/>\n  <a style=\"color: #333399;\" href=\"https:\/\/rap-webshop.nl\/product\/accuslot-voor-gebruik-op-slede-phylion-xh370-wall-e-s-accu\/\" target=\"_blank\" rel=\"noopener\"><br \/>\n    <span style=\"text-decoration: underline;\">hier<\/span><br \/>\n  <\/a><br \/>\n<\/span>.<\/p>\n<p><strong>LED-R\u00fccklicht oder nicht?<\/strong><br \/>\nWenn Ihre aktuelle Batterie ein funktionierendes R\u00fccklicht hat, funktioniert es auch mit der neuen Batterie problemlos. Sie k\u00f6nnen das R\u00fccklicht einfach auf die neue Batterie \u00fcbertragen. Entfernen Sie das R\u00fccklicht, indem Sie 2 Daumen auf die Laschen an der Unterseite legen und das R\u00fccklicht mit etwas Kraft nach oben dr\u00fccken. Das R\u00fccklicht wird von den Laschen gel\u00f6st. Umgekehrt setzen Sie das R\u00fccklicht auf die Laschen der neuen Batterie und dr\u00fccken das R\u00fccklicht nach unten. Wenn Sie trotzdem lieber die Batterie mit R\u00fccklicht bestellen m\u00f6chten, klicken Sie <a href=\"https:\/\/rap-webshop.nl\/product\/phylion-xh370-13J-achterlicht\" target=\"_blank\" rel=\"noopener\"><br \/>\n  <span style=\"text-decoration: underline; color: #333399;\">hier<\/span><br \/>\n<\/a>.<\/p>\n<p><strong>Verwendung und Aufladen des Akkus<br \/>\n<\/strong>Die richtige Verwendung des Akkus ist entscheidend f\u00fcr seine Lebensdauer und Leistung. Dabei sind die folgenden Grunds\u00e4tze wichtig:<\/p>\n<ul>\n<li>Halten Sie den Akku durch regelm\u00e4\u00dfige Benutzung (Laden und Entladen) in gutem Zustand.<\/li>\n<li>Die beste Leistung erbringt der Akku bei einer Temperatur von 25 &#8211; 30 Grad Celsius, bleibt aber auch bei niedrigeren Temperaturen in bestem Zustand. Lagern Sie den Akku vorzugsweise in einer k\u00fchlen, trockenen Umgebung, wenn er nicht benutzt wird.<\/li>\n<li>Laden Sie eine entladene Batterie sofort auf, um eine Tiefentladung zu vermeiden, bei der die Batteriespannung unter den Wert f\u00e4llt, bei dem die Batterie noch registrieren kann, dass das Ladeger\u00e4t angeschlossen ist.<\/li>\n<\/ul>\n<p>F\u00fcr eine ausf\u00fchrlichere Anleitung zur Verwaltung und Verwendung der Batterie klicken Sie bitte auf die Schaltfl\u00e4che unten:<\/p>\n<p><a href=\"https:\/\/rap-webshop.nl\/gebruik-en-beheer-van-de-li-ion-fietsaccu\/\" target=\"_blank\" rel=\"noopener\"><img decoding=\"async\" class=\"aligncenter wp-image-7375\" src=\"https:\/\/rap-webshop.nl\/wp-content\/uploads\/2025\/10\/tips-voor-een-goed-gebruik-en-beheer-van-de-accu-2-300x41.jpg\" alt=\"Tipps zur Nutzung und Verwaltung von Fahrradbatterien\" width=\"569\" height=\"77\"><\/a><\/p>\n<p>&nbsp;<\/p>\n<p><strong>ALLGEMEINE PRODUKTINFORMATIONEN:<br \/>\n<\/strong>Artikel-Nr.: 10IMP18\/66\/133(14)-001<br \/>\nHersteller-Nummer: P1036520<br \/>\nEAN: 7422246483493<br \/>\nGarantie: 24 Monate<br \/>\nAnwendung: Elektrofahrrad 36\/ 37 Volt<br \/>\nMarke: Phylion<\/p>\n<p><strong>PRODUKTSPEZIFIKATIONEN:<br \/>\n<\/strong>Typ: Li-ION<br \/>\nModell: XH370-13J (Wand-E-S )<br \/>\nBatterieverwaltung: Phylion Standard<br \/>\nAusgangsspannung: 37 V<br \/>\nKapazit\u00e4t: 481 WH (37V &#8211; 13,0 Ah)<br \/>\nL\u00e4nge: 377 mm<br \/>\nBreite: 150 mm<br \/>\nH\u00f6he: 65 mm<br \/>\nGewicht: 3,5 kg<br \/>\nZustand: Neu<br \/>\nVorgeladen: Ja, teilweise<br \/>\nOptional: LED-R\u00fccklicht, Ladeger\u00e4t, Akkuschieber<\/p>\n<p><strong>LIEFERUNG:<br \/>\n<\/strong>&#8211; Kostenloser Versand<br \/>\n&#8211; Kreditkarte und Nachzahlung m\u00f6glich<\/p>\n","protected":false},"excerpt":{"rendered":"<p>De Phylion EBG370 accu is de nieuwe standaard voor jouw Vogue elektrische fiets. De Phylion EBG370 is de nieuwe standaard voor elektrische fietsen, met verbeterde compatibiliteit. Phylion hat die Produktion des XH370-13J bis Ende 2022 eingestellt. Der XH370-13J und sein vorl\u00e4ufiger Nachfolger XH370-14J wurden mit Wirkung ab Ausgabe 2024 (1. Produktion Oktober 2023) durch den [&hellip;]<\/p>\n","protected":false},"featured_media":24548,"comment_status":"closed","ping_status":"open","template":"","meta":{"_acf_changed":false},"product_brand":[],"product_cat":[276,307],"product_tag":[],"class_list":{"0":"post-26142","1":"product","2":"type-product","3":"status-publish","4":"has-post-thumbnail","6":"product_cat-batterien-fuer-fahrraeder","7":"product_cat-phylion-xh370-13j-fahrrad-akku","8":"product_shipping_class-standardversand-belgien","10":"first","11":"outofstock","12":"sale","13":"taxable","14":"shipping-taxable","15":"purchasable","16":"product-type-simple"},"acf":[],"yoast_head":"<!-- This site is optimized with the Yoast SEO plugin v27.3 - https:\/\/yoast.com\/product\/yoast-seo-wordpress\/ -->\n<title>Phylion EBG370 voor Vogue | RAP elektrische fietsen<\/title>\n<meta name=\"description\" content=\"De nieuwe Phylion EBG370 is volledig compatibel met eerdere modellen. Bestel nu en profiteer van een gratis laadstation!\" \/>\n<meta name=\"robots\" content=\"index, follow, max-snippet:-1, max-image-preview:large, max-video-preview:-1\" \/>\n<link rel=\"canonical\" href=\"https:\/\/rap-webshop.nl\/de\/produkt\/original-phylion-xh370-13j-481-wh-fuer-vogue-veloci-rivel-hollandia-talent-altec-keiler-etc-inkl-led-ruecklicht-diese-batterie-wurde-durch-das-modell-2024-ersetzt-siehe-unten\/\" \/>\n<meta property=\"og:locale\" content=\"de_DE\" \/>\n<meta property=\"og:type\" content=\"article\" \/>\n<meta property=\"og:title\" content=\"Ontdek de Phylion EBG370 voor Vogue!\" \/>\n<meta property=\"og:description\" content=\"Upgrade met de Phylion EBG370 accu. Geschikt voor eerdere modellen. Inclusief gratis laadstation!\" \/>\n<meta property=\"og:url\" content=\"https:\/\/rap-webshop.nl\/de\/produkt\/original-phylion-xh370-13j-481-wh-fuer-vogue-veloci-rivel-hollandia-talent-altec-keiler-etc-inkl-led-ruecklicht-diese-batterie-wurde-durch-das-modell-2024-ersetzt-siehe-unten\/\" \/>\n<meta property=\"og:site_name\" content=\"RAP elektrische fietsen\" \/>\n<meta property=\"article:modified_time\" content=\"2025-10-08T12:40:55+00:00\" \/>\n<meta property=\"og:image\" content=\"https:\/\/rap-webshop.nl\/wp-content\/uploads\/2025\/10\/Phylion-XH370-13J-fietsaccu-zonder-achterlicht-2.jpg\" \/>\n\t<meta property=\"og:image:width\" content=\"1280\" \/>\n\t<meta property=\"og:image:height\" content=\"720\" \/>\n\t<meta property=\"og:image:type\" content=\"image\/jpeg\" \/>\n<meta name=\"twitter:card\" content=\"summary_large_image\" \/>\n<meta name=\"twitter:title\" content=\"Ontdek de Phylion EBG370 voor Vogue!\" \/>\n<meta name=\"twitter:description\" content=\"Upgrade met de Phylion EBG370 accu. Geschikt voor eerdere modellen. Inclusief gratis laadstation!\" \/>\n<meta name=\"twitter:label1\" content=\"Preis\" \/>\n\t<meta name=\"twitter:data1\" content=\"&euro;345,00\" \/>\n\t<meta name=\"twitter:label2\" content=\"Verf\u00fcgbarkeit\" \/>\n\t<meta name=\"twitter:data2\" content=\"ausverkauft\" \/>\n<script type=\"application\/ld+json\" class=\"yoast-schema-graph\">{\"@context\":\"https:\\\/\\\/schema.org\",\"@graph\":[{\"@type\":\"WebPage\",\"@id\":\"https:\\\/\\\/rap-webshop.nl\\\/de\\\/produkt\\\/original-phylion-xh370-13j-481-wh-fuer-vogue-veloci-rivel-hollandia-talent-altec-keiler-etc-inkl-led-ruecklicht-diese-batterie-wurde-durch-das-modell-2024-ersetzt-siehe-unten\\\/\",\"url\":\"https:\\\/\\\/rap-webshop.nl\\\/de\\\/produkt\\\/original-phylion-xh370-13j-481-wh-fuer-vogue-veloci-rivel-hollandia-talent-altec-keiler-etc-inkl-led-ruecklicht-diese-batterie-wurde-durch-das-modell-2024-ersetzt-siehe-unten\\\/\",\"name\":\"Phylion EBG370 voor Vogue | RAP elektrische fietsen\",\"isPartOf\":{\"@id\":\"https:\\\/\\\/rap-webshop.nl\\\/de\\\/#website\"},\"primaryImageOfPage\":{\"@id\":\"https:\\\/\\\/rap-webshop.nl\\\/de\\\/produkt\\\/original-phylion-xh370-13j-481-wh-fuer-vogue-veloci-rivel-hollandia-talent-altec-keiler-etc-inkl-led-ruecklicht-diese-batterie-wurde-durch-das-modell-2024-ersetzt-siehe-unten\\\/#primaryimage\"},\"image\":{\"@id\":\"https:\\\/\\\/rap-webshop.nl\\\/de\\\/produkt\\\/original-phylion-xh370-13j-481-wh-fuer-vogue-veloci-rivel-hollandia-talent-altec-keiler-etc-inkl-led-ruecklicht-diese-batterie-wurde-durch-das-modell-2024-ersetzt-siehe-unten\\\/#primaryimage\"},\"thumbnailUrl\":\"https:\\\/\\\/rap-webshop.nl\\\/wp-content\\\/uploads\\\/2025\\\/10\\\/Phylion-XH370-13J-fietsaccu-zonder-achterlicht-2.jpg\",\"datePublished\":\"2022-02-10T08:17:25+00:00\",\"dateModified\":\"2025-10-08T12:40:55+00:00\",\"description\":\"De nieuwe Phylion EBG370 is volledig compatibel met eerdere modellen. Bestel nu en profiteer van een gratis laadstation!\",\"breadcrumb\":{\"@id\":\"https:\\\/\\\/rap-webshop.nl\\\/de\\\/produkt\\\/original-phylion-xh370-13j-481-wh-fuer-vogue-veloci-rivel-hollandia-talent-altec-keiler-etc-inkl-led-ruecklicht-diese-batterie-wurde-durch-das-modell-2024-ersetzt-siehe-unten\\\/#breadcrumb\"},\"inLanguage\":\"de\",\"potentialAction\":[{\"@type\":\"ReadAction\",\"target\":[\"https:\\\/\\\/rap-webshop.nl\\\/de\\\/produkt\\\/original-phylion-xh370-13j-481-wh-fuer-vogue-veloci-rivel-hollandia-talent-altec-keiler-etc-inkl-led-ruecklicht-diese-batterie-wurde-durch-das-modell-2024-ersetzt-siehe-unten\\\/\"]}]},{\"@type\":\"ImageObject\",\"inLanguage\":\"de\",\"@id\":\"https:\\\/\\\/rap-webshop.nl\\\/de\\\/produkt\\\/original-phylion-xh370-13j-481-wh-fuer-vogue-veloci-rivel-hollandia-talent-altec-keiler-etc-inkl-led-ruecklicht-diese-batterie-wurde-durch-das-modell-2024-ersetzt-siehe-unten\\\/#primaryimage\",\"url\":\"https:\\\/\\\/rap-webshop.nl\\\/wp-content\\\/uploads\\\/2025\\\/10\\\/Phylion-XH370-13J-fietsaccu-zonder-achterlicht-2.jpg\",\"contentUrl\":\"https:\\\/\\\/rap-webshop.nl\\\/wp-content\\\/uploads\\\/2025\\\/10\\\/Phylion-XH370-13J-fietsaccu-zonder-achterlicht-2.jpg\",\"width\":1280,\"height\":720,\"caption\":\"Phylion XH370-13J fietsaccu uit de Wall-E-S serie voor diverse merken elektrische fietsen waaronder Vogue, Hollandia, Pelikaan, Rivel, Talent, Veloci etc.\"},{\"@type\":\"BreadcrumbList\",\"@id\":\"https:\\\/\\\/rap-webshop.nl\\\/de\\\/produkt\\\/original-phylion-xh370-13j-481-wh-fuer-vogue-veloci-rivel-hollandia-talent-altec-keiler-etc-inkl-led-ruecklicht-diese-batterie-wurde-durch-das-modell-2024-ersetzt-siehe-unten\\\/#breadcrumb\",\"itemListElement\":[{\"@type\":\"ListItem\",\"position\":1,\"name\":\"Home\",\"item\":\"https:\\\/\\\/rap-webshop.nl\\\/de\\\/\"},{\"@type\":\"ListItem\",\"position\":2,\"name\":\"Shop\",\"item\":\"https:\\\/\\\/rap-webshop.nl\\\/winkel\\\/\"},{\"@type\":\"ListItem\",\"position\":3,\"name\":\"Ab der Ausgabe 2024 wurde der XH370-13J f\u00fcr Vogue durch seinen Nachfolger, den EBG370, ersetzt. Dieses technisch verbesserte Modell ist vollst\u00e4ndig kompatibel mit dem XH370-13J, -12J, -10J und -14J (lesen Sie weiter f\u00fcr Details).\"}]},{\"@type\":\"WebSite\",\"@id\":\"https:\\\/\\\/rap-webshop.nl\\\/de\\\/#website\",\"url\":\"https:\\\/\\\/rap-webshop.nl\\\/de\\\/\",\"name\":\"RAP elektrische fietsen\",\"description\":\"E-bikes, e-bike accu\u2019s, li-ion laders &amp; -accessoires\",\"publisher\":{\"@id\":\"https:\\\/\\\/rap-webshop.nl\\\/de\\\/#organization\"},\"potentialAction\":[{\"@type\":\"SearchAction\",\"target\":{\"@type\":\"EntryPoint\",\"urlTemplate\":\"https:\\\/\\\/rap-webshop.nl\\\/de\\\/?s={search_term_string}\"},\"query-input\":{\"@type\":\"PropertyValueSpecification\",\"valueRequired\":true,\"valueName\":\"search_term_string\"}}],\"inLanguage\":\"de\"},{\"@type\":\"Organization\",\"@id\":\"https:\\\/\\\/rap-webshop.nl\\\/de\\\/#organization\",\"name\":\"RAP elektrische fietsen\",\"url\":\"https:\\\/\\\/rap-webshop.nl\\\/de\\\/\",\"logo\":{\"@type\":\"ImageObject\",\"inLanguage\":\"de\",\"@id\":\"https:\\\/\\\/rap-webshop.nl\\\/de\\\/#\\\/schema\\\/logo\\\/image\\\/\",\"url\":\"https:\\\/\\\/rap-webshop.nl\\\/wp-content\\\/uploads\\\/2025\\\/07\\\/RAP-Webshop-logo-diap-1.svg\",\"contentUrl\":\"https:\\\/\\\/rap-webshop.nl\\\/wp-content\\\/uploads\\\/2025\\\/07\\\/RAP-Webshop-logo-diap-1.svg\",\"caption\":\"RAP elektrische fietsen\"},\"image\":{\"@id\":\"https:\\\/\\\/rap-webshop.nl\\\/de\\\/#\\\/schema\\\/logo\\\/image\\\/\"}}]}<\/script>\n<meta property=\"product:price:amount\" content=\"345.00\" \/>\n<meta property=\"product:price:currency\" content=\"EUR\" \/>\n<meta property=\"og:availability\" content=\"out of stock\" \/>\n<meta property=\"product:availability\" content=\"out of stock\" \/>\n<meta property=\"product:retailer_item_id\" content=\"5101\" \/>\n<meta property=\"product:condition\" content=\"new\" \/>\n<!-- \/ Yoast SEO plugin. -->","yoast_head_json":{"title":"Phylion EBG370 voor Vogue | RAP elektrische fietsen","description":"De nieuwe Phylion EBG370 is volledig compatibel met eerdere modellen. Bestel nu en profiteer van een gratis laadstation!","robots":{"index":"index","follow":"follow","max-snippet":"max-snippet:-1","max-image-preview":"max-image-preview:large","max-video-preview":"max-video-preview:-1"},"canonical":"https:\/\/rap-webshop.nl\/de\/produkt\/original-phylion-xh370-13j-481-wh-fuer-vogue-veloci-rivel-hollandia-talent-altec-keiler-etc-inkl-led-ruecklicht-diese-batterie-wurde-durch-das-modell-2024-ersetzt-siehe-unten\/","og_locale":"de_DE","og_type":"article","og_title":"Ontdek de Phylion EBG370 voor Vogue!","og_description":"Upgrade met de Phylion EBG370 accu. Geschikt voor eerdere modellen. Inclusief gratis laadstation!","og_url":"https:\/\/rap-webshop.nl\/de\/produkt\/original-phylion-xh370-13j-481-wh-fuer-vogue-veloci-rivel-hollandia-talent-altec-keiler-etc-inkl-led-ruecklicht-diese-batterie-wurde-durch-das-modell-2024-ersetzt-siehe-unten\/","og_site_name":"RAP elektrische fietsen","article_modified_time":"2025-10-08T12:40:55+00:00","og_image":[{"width":1280,"height":720,"url":"https:\/\/rap-webshop.nl\/wp-content\/uploads\/2025\/10\/Phylion-XH370-13J-fietsaccu-zonder-achterlicht-2.jpg","type":"image\/jpeg"}],"twitter_card":"summary_large_image","twitter_title":"Ontdek de Phylion EBG370 voor Vogue!","twitter_description":"Upgrade met de Phylion EBG370 accu. Geschikt voor eerdere modellen. Inclusief gratis laadstation!","twitter_misc":{"Preis":"&euro;345,00","Verf\u00fcgbarkeit":"ausverkauft"},"schema":{"@context":"https:\/\/schema.org","@graph":[{"@type":"WebPage","@id":"https:\/\/rap-webshop.nl\/de\/produkt\/original-phylion-xh370-13j-481-wh-fuer-vogue-veloci-rivel-hollandia-talent-altec-keiler-etc-inkl-led-ruecklicht-diese-batterie-wurde-durch-das-modell-2024-ersetzt-siehe-unten\/","url":"https:\/\/rap-webshop.nl\/de\/produkt\/original-phylion-xh370-13j-481-wh-fuer-vogue-veloci-rivel-hollandia-talent-altec-keiler-etc-inkl-led-ruecklicht-diese-batterie-wurde-durch-das-modell-2024-ersetzt-siehe-unten\/","name":"Phylion EBG370 voor Vogue | RAP elektrische fietsen","isPartOf":{"@id":"https:\/\/rap-webshop.nl\/de\/#website"},"primaryImageOfPage":{"@id":"https:\/\/rap-webshop.nl\/de\/produkt\/original-phylion-xh370-13j-481-wh-fuer-vogue-veloci-rivel-hollandia-talent-altec-keiler-etc-inkl-led-ruecklicht-diese-batterie-wurde-durch-das-modell-2024-ersetzt-siehe-unten\/#primaryimage"},"image":{"@id":"https:\/\/rap-webshop.nl\/de\/produkt\/original-phylion-xh370-13j-481-wh-fuer-vogue-veloci-rivel-hollandia-talent-altec-keiler-etc-inkl-led-ruecklicht-diese-batterie-wurde-durch-das-modell-2024-ersetzt-siehe-unten\/#primaryimage"},"thumbnailUrl":"https:\/\/rap-webshop.nl\/wp-content\/uploads\/2025\/10\/Phylion-XH370-13J-fietsaccu-zonder-achterlicht-2.jpg","datePublished":"2022-02-10T08:17:25+00:00","dateModified":"2025-10-08T12:40:55+00:00","description":"De nieuwe Phylion EBG370 is volledig compatibel met eerdere modellen. Bestel nu en profiteer van een gratis laadstation!","breadcrumb":{"@id":"https:\/\/rap-webshop.nl\/de\/produkt\/original-phylion-xh370-13j-481-wh-fuer-vogue-veloci-rivel-hollandia-talent-altec-keiler-etc-inkl-led-ruecklicht-diese-batterie-wurde-durch-das-modell-2024-ersetzt-siehe-unten\/#breadcrumb"},"inLanguage":"de","potentialAction":[{"@type":"ReadAction","target":["https:\/\/rap-webshop.nl\/de\/produkt\/original-phylion-xh370-13j-481-wh-fuer-vogue-veloci-rivel-hollandia-talent-altec-keiler-etc-inkl-led-ruecklicht-diese-batterie-wurde-durch-das-modell-2024-ersetzt-siehe-unten\/"]}]},{"@type":"ImageObject","inLanguage":"de","@id":"https:\/\/rap-webshop.nl\/de\/produkt\/original-phylion-xh370-13j-481-wh-fuer-vogue-veloci-rivel-hollandia-talent-altec-keiler-etc-inkl-led-ruecklicht-diese-batterie-wurde-durch-das-modell-2024-ersetzt-siehe-unten\/#primaryimage","url":"https:\/\/rap-webshop.nl\/wp-content\/uploads\/2025\/10\/Phylion-XH370-13J-fietsaccu-zonder-achterlicht-2.jpg","contentUrl":"https:\/\/rap-webshop.nl\/wp-content\/uploads\/2025\/10\/Phylion-XH370-13J-fietsaccu-zonder-achterlicht-2.jpg","width":1280,"height":720,"caption":"Phylion XH370-13J fietsaccu uit de Wall-E-S serie voor diverse merken elektrische fietsen waaronder Vogue, Hollandia, Pelikaan, Rivel, Talent, Veloci etc."},{"@type":"BreadcrumbList","@id":"https:\/\/rap-webshop.nl\/de\/produkt\/original-phylion-xh370-13j-481-wh-fuer-vogue-veloci-rivel-hollandia-talent-altec-keiler-etc-inkl-led-ruecklicht-diese-batterie-wurde-durch-das-modell-2024-ersetzt-siehe-unten\/#breadcrumb","itemListElement":[{"@type":"ListItem","position":1,"name":"Home","item":"https:\/\/rap-webshop.nl\/de\/"},{"@type":"ListItem","position":2,"name":"Shop","item":"https:\/\/rap-webshop.nl\/winkel\/"},{"@type":"ListItem","position":3,"name":"Ab der Ausgabe 2024 wurde der XH370-13J f\u00fcr Vogue durch seinen Nachfolger, den EBG370, ersetzt. Dieses technisch verbesserte Modell ist vollst\u00e4ndig kompatibel mit dem XH370-13J, -12J, -10J und -14J (lesen Sie weiter f\u00fcr Details)."}]},{"@type":"WebSite","@id":"https:\/\/rap-webshop.nl\/de\/#website","url":"https:\/\/rap-webshop.nl\/de\/","name":"RAP elektrische fietsen","description":"E-bikes, e-bike accu\u2019s, li-ion laders &amp; -accessoires","publisher":{"@id":"https:\/\/rap-webshop.nl\/de\/#organization"},"potentialAction":[{"@type":"SearchAction","target":{"@type":"EntryPoint","urlTemplate":"https:\/\/rap-webshop.nl\/de\/?s={search_term_string}"},"query-input":{"@type":"PropertyValueSpecification","valueRequired":true,"valueName":"search_term_string"}}],"inLanguage":"de"},{"@type":"Organization","@id":"https:\/\/rap-webshop.nl\/de\/#organization","name":"RAP elektrische fietsen","url":"https:\/\/rap-webshop.nl\/de\/","logo":{"@type":"ImageObject","inLanguage":"de","@id":"https:\/\/rap-webshop.nl\/de\/#\/schema\/logo\/image\/","url":"https:\/\/rap-webshop.nl\/wp-content\/uploads\/2025\/07\/RAP-Webshop-logo-diap-1.svg","contentUrl":"https:\/\/rap-webshop.nl\/wp-content\/uploads\/2025\/07\/RAP-Webshop-logo-diap-1.svg","caption":"RAP elektrische fietsen"},"image":{"@id":"https:\/\/rap-webshop.nl\/de\/#\/schema\/logo\/image\/"}}]},"product_price_amount":"345.00","product_price_currency":"EUR","og_availability":"out of stock","product_availability":"out of stock","product_retailer_item_id":"5101","product_condition":"new"},"_links":{"self":[{"href":"https:\/\/rap-webshop.nl\/de\/wp-json\/wp\/v2\/product\/26142","targetHints":{"allow":["GET"]}}],"collection":[{"href":"https:\/\/rap-webshop.nl\/de\/wp-json\/wp\/v2\/product"}],"about":[{"href":"https:\/\/rap-webshop.nl\/de\/wp-json\/wp\/v2\/types\/product"}],"replies":[{"embeddable":true,"href":"https:\/\/rap-webshop.nl\/de\/wp-json\/wp\/v2\/comments?post=26142"}],"wp:featuredmedia":[{"embeddable":true,"href":"https:\/\/rap-webshop.nl\/de\/wp-json\/wp\/v2\/media\/24548"}],"wp:attachment":[{"href":"https:\/\/rap-webshop.nl\/de\/wp-json\/wp\/v2\/media?parent=26142"}],"wp:term":[{"taxonomy":"product_brand","embeddable":true,"href":"https:\/\/rap-webshop.nl\/de\/wp-json\/wp\/v2\/product_brand?post=26142"},{"taxonomy":"product_cat","embeddable":true,"href":"https:\/\/rap-webshop.nl\/de\/wp-json\/wp\/v2\/product_cat?post=26142"},{"taxonomy":"product_tag","embeddable":true,"href":"https:\/\/rap-webshop.nl\/de\/wp-json\/wp\/v2\/product_tag?post=26142"}],"curies":[{"name":"wp","href":"https:\/\/api.w.org\/{rel}","templated":true}]}}