{"id":6078414,"date":"2025-11-17T12:07:36","date_gmt":"2025-11-17T11:07:36","guid":{"rendered":"https:\/\/rap-webshop.nl\/nutzung-und-verwaltung-der-li-ionen-fahrradbatterie\/"},"modified":"2025-11-17T14:51:35","modified_gmt":"2025-11-17T13:51:35","slug":"nutzung-und-verwaltung-der-li-ionen-fahrradbatterie","status":"publish","type":"page","link":"https:\/\/rap-webshop.nl\/de\/nutzung-und-verwaltung-der-li-ionen-fahrradbatterie\/","title":{"rendered":"Nutzung und Verwaltung der Li-Ionen-Fahrradbatterie"},"content":{"rendered":"\t\t<div data-elementor-type=\"wp-page\" data-elementor-id=\"6078414\" class=\"elementor elementor-6078414 elementor-6078372\" data-elementor-post-type=\"page\">\n\t\t\t\t<div class=\"elementor-element elementor-element-c30412b e-flex e-con-boxed e-con e-parent\" data-id=\"c30412b\" data-element_type=\"container\" data-e-type=\"container\">\n\t\t\t\t\t<div class=\"e-con-inner\">\n\t\t<div class=\"elementor-element elementor-element-52ce62f e-con-full e-flex e-con e-child\" data-id=\"52ce62f\" data-element_type=\"container\" data-e-type=\"container\">\n\t\t\t\t<div class=\"elementor-element elementor-element-aafeb67 elementor-widget elementor-widget-text-editor\" data-id=\"aafeb67\" data-element_type=\"widget\" data-e-type=\"widget\" data-widget_type=\"text-editor.default\">\n\t\t\t\t\t\t\t\t\t<p>Ein ordnungsgem\u00e4\u00dfes Batteriemanagement ist entscheidend f\u00fcr die Batterielebensdauer und -leistung.<\/p><p><img fetchpriority=\"high\" decoding=\"async\" class=\"alignright\" src=\"https:\/\/rap-webshop.nl\/wp-content\/uploads\/2021\/03\/Phylion-XH370-13J-battery-LED-charger-set-kopie-1024x569.jpg\" alt=\"Phylion XH370-13J + Ladeger\u00e4t\" width=\"336\" height=\"187\"><\/p><p><span style=\"text-decoration: underline;\"><strong>Grunds\u00e4tze f\u00fcr ein gutes Batteriemanagement:<\/strong><\/span><\/p><ol><li>Die Batterie bleibt am besten durch regelm\u00e4\u00dfige Nutzung (Laden und Entladen) in gutem Zustand. Unzureichende Nutzung kann zu Problemen (Ungleichgewicht zwischen d<span style=\"font-size: 16px;\">en Batteriezellen oder sogar defekten Zellen) und damit zu Kapazit\u00e4tsverlust f\u00fchren.<\/span> <\/li><li><span style=\"font-size: 16px;\">Die Batterie verschlei\u00dft durch Gebrauch (= Laden\/Entladen)<\/span> <span style=\"font-size: 16px;\">u<\/span><span style=\"font-size: 16px;\">nd durch Alterung (= der chemische Prozess in den Batteriezellen).<\/span><\/li><li>Die Batterie arbeitet am besten bei einer Temperatur von etwa 25 Grad Celsius. Bei dieser Temperatur wird die maximale Batteriekapazit\u00e4t erreicht. <\/li><li>Die Batterie bleibt am besten bei niedrigen Temperaturen (\u00fcber dem Gefrierpunkt) in gutem Zustand, da der chemische Alterungsprozess bei dieser Temperatur am langsamsten abl\u00e4uft.<\/li><li>Ist der Akku leer, muss er umgehend geladen werden, um eine Tiefentladung zu vermeiden. Eine Tiefentladung tritt auf, wenn die Akkuspannung unter den Wert sinkt, bei dem das Batteriemanagementsystem das angeschlossene Ladeger\u00e4t noch erkennt. In diesem Fall ist ein Ladevorgang nicht mehr m\u00f6glich.  <\/li><\/ol>\t\t\t\t\t\t\t\t<\/div>\n\t\t\t\t<\/div>\n\t\t\t\t\t<\/div>\n\t\t\t\t<\/div>\n\t\t<div class=\"elementor-element elementor-element-cb38f4e e-flex e-con-boxed e-con e-parent\" data-id=\"cb38f4e\" data-element_type=\"container\" data-e-type=\"container\">\n\t\t\t\t\t<div class=\"e-con-inner\">\n\t\t<div class=\"elementor-element elementor-element-af8cd4e e-con-full e-flex e-con e-child\" data-id=\"af8cd4e\" data-element_type=\"container\" data-e-type=\"container\">\n\t\t\t\t<div class=\"elementor-element elementor-element-521c446 elementor-widget elementor-widget-text-editor\" data-id=\"521c446\" data-element_type=\"widget\" data-e-type=\"widget\" data-widget_type=\"text-editor.default\">\n\t\t\t\t\t\t\t\t\t<p><u style=\"font-style: inherit; font-weight: bold; font-family: var( --e-global-typography-text-font-family ), Sans-serif;\">Die <span style=\"font-size: 11.25px; line-height: 0; position: relative; top: -0.5em;\">erste<\/span> Verwendung der Batterie<\/u><\/p><p><img decoding=\"async\" class=\"alignleft\" src=\"https:\/\/rap-webshop.nl\/wp-content\/uploads\/2020\/12\/Phylion-Joycube-XH370-tulpstekkeraansluiting-1024x595.jpg\" alt=\"Phylion XH370 Tulpenstecker-Ladekontakt\" width=\"188\" height=\"109\"><\/p><p style=\"font-size: 15px; font-style: normal; font-weight: 400;\"><span style=\"text-decoration: underline;\">Laden Sie den Akku vor der ersten Benutzung vollst\u00e4ndig auf.<\/span><br>Schlie\u00dfen Sie zuerst das Ladeger\u00e4t an den Akku und anschlie\u00dfend an das Stromnetz (110\u2013240 V) an. Das Ladeger\u00e4t schaltet sich mit einem Klick ein, und die rote Kontrollleuchte leuchtet auf. Sobald der Ladevorgang abgeschlossen ist, leuchtet die rote Kontrollleuchte erneut auf, und eine gr\u00fcne Kontrollleuchte leuchtet auf. <span style=\"font-size: 15px; font-style: normal; font-weight: 400;\">D<\/span><span style=\"font-size: 15px; font-style: normal; font-weight: 400;\">er Ladevorgang kann sowohl am als auch abseits des Fahrrads erfolgen.<\/span>   <\/p><p><span style=\"text-decoration: underline;\">Erreichen der vollen Kapazit\u00e4t<\/span><br>Indem Sie den Akku zun\u00e4chst 2-3 Mal teilweise entladen und ihn anschlie\u00dfend 20-24 Stunden lang aufladen, erreichen Sie die maximale Kapazit\u00e4t. Es empfiehlt sich, diesen Vorgang etwa zweimal im Jahr zu wiederholen. <\/p><p><span style=\"text-decoration: underline;\">Akkulaufzeit verl\u00e4ngern<\/span><br>Entladen Sie den Akku m\u00f6glichst nicht vollst\u00e4ndig. Dadurch verl\u00e4ngert sich seine Lebensdauer. <\/p>\t\t\t\t\t\t\t\t<\/div>\n\t\t\t\t<\/div>\n\t\t\t\t\t<\/div>\n\t\t\t\t<\/div>\n\t\t<div class=\"elementor-element elementor-element-f090183 e-flex e-con-boxed e-con e-parent\" data-id=\"f090183\" data-element_type=\"container\" data-e-type=\"container\">\n\t\t\t\t\t<div class=\"e-con-inner\">\n\t\t<div class=\"elementor-element elementor-element-bf7e21e e-con-full e-flex e-con e-child\" data-id=\"bf7e21e\" data-element_type=\"container\" data-e-type=\"container\">\n\t\t\t\t<div class=\"elementor-element elementor-element-7edeae6 elementor-widget elementor-widget-text-editor\" data-id=\"7edeae6\" data-element_type=\"widget\" data-e-type=\"widget\" data-widget_type=\"text-editor.default\">\n\t\t\t\t\t\t\t\t\t<p><u style=\"font-style: inherit; font-weight: inherit;\"><b>Laden und Verwenden des Akkus<\/b><\/u><\/p><ul><li style=\"list-style-type: none;\"><ul><li><span style=\"font-size: 15px; font-family: var( --e-global-typography-text-font-family ), Sans-serif;\">Der Akku kann sowohl auf dem Fahrrad als auch in Innenr\u00e4umen aufgeladen werden.<\/span><\/li><li><span style=\"font-size: 15px; font-family: var( --e-global-typography-text-font-family ), Sans-serif;\">Laden Sie den Akku regelm\u00e4\u00dfig auf, aber nicht \u00f6fter als n\u00f6tig. Unn\u00f6tig h\u00e4ufiges Laden erh\u00f6ht den Akkuverschlei\u00df. <\/span><\/li><li>Unabh\u00e4ngig von der Nutzung sollte der Akku mindestens alle zwei Monate etwa zwei Stunden lang aufgeladen werden. Dies gilt auch dann, wenn das Fahrrad bzw. der Akku nicht benutzt wird! <\/li><li>Eine (nahezu) leere Batterie sollte sofort aufgeladen werden, um Sch\u00e4den durch Tiefentladung zu vermeiden.<\/li><li>Bewahren Sie die Batterie an einem k\u00fchlen, trockenen Ort auf, wenn sie nicht benutzt wird.<\/li><li>Wird eine Batterie \u00fcber einen l\u00e4ngeren Zeitraum nicht benutzt, sollte sie am besten bei einem Ladezustand von etwa 50 % gelagert werden.<\/li><li>Bewahren Sie die Batterie an einem trockenen und frostfreien Ort auf.<\/li><li>Den Akkustand k\u00f6nnen Sie \u00fcber das Display des Fahrrads oder die LED-Anzeigen am Akku \u00fcberpr\u00fcfen. Die letzte Anzeige ist rot und leuchtet nur auf, wenn der Akku fast leer ist. <\/li><li>Die Akkukapazit\u00e4t nimmt mit sinkenden Temperaturen ab. Rechnen Sie mit einer Verringerung von etwa 1 % pro Grad Celsius \u00fcber 25 Grad Celsius. Ab 0 Grad Celsius kann die Verringerung st\u00e4rker ausfallen.  <\/li><li>Betr\u00e4gt die Restkapazit\u00e4t 10 % oder weniger, kann der Motor unter Volllastbedingungen m\u00f6glicherweise nicht mehr die volle Leistung erbringen.<img decoding=\"async\" class=\"alignleft\" src=\"https:\/\/rap-webshop.nl\/wp-content\/uploads\/2021\/12\/RAP-nieuwe-accu.jpg\" alt=\"Phylion XH370 LED-Batteriestatusanzeige\" width=\"237\" height=\"168\"><img loading=\"lazy\" decoding=\"async\" class=\"alignright\" style=\"font-family: -apple-system, BlinkMacSystemFont, 'Segoe UI', Roboto, 'Helvetica Neue', Arial, 'Noto Sans', sans-serif, 'Apple Color Emoji', 'Segoe UI Emoji', 'Segoe UI Symbol', 'Noto Color Emoji';\" src=\"https:\/\/rap-webshop.nl\/wp-content\/uploads\/2016\/06\/Phylion-Li-ION-acculader-5-pins-2-A-onderzijde-2-1024x569.jpg\" alt=\"Batterieladeger\u00e4t Phylion XH370 mit Tulpenstecker\" width=\"274\" height=\"152\"><\/li><\/ul><\/li><\/ul>\t\t\t\t\t\t\t\t<\/div>\n\t\t\t\t<\/div>\n\t\t\t\t\t<\/div>\n\t\t\t\t<\/div>\n\t\t\t\t<section class=\"elementor-section elementor-top-section elementor-element elementor-element-5164414 elementor-section-boxed elementor-section-height-default elementor-section-height-default\" data-id=\"5164414\" data-element_type=\"section\" data-e-type=\"section\">\n\t\t\t\t\t\t<div class=\"elementor-container elementor-column-gap-default\">\n\t\t\t\t\t<div class=\"elementor-column elementor-col-100 elementor-top-column elementor-element elementor-element-f77d821\" data-id=\"f77d821\" data-element_type=\"column\" data-e-type=\"column\">\n\t\t\t<div class=\"elementor-widget-wrap elementor-element-populated\">\n\t\t\t\t\t\t<div class=\"elementor-element elementor-element-6631ad8 elementor-widget elementor-widget-text-editor\" data-id=\"6631ad8\" data-element_type=\"widget\" data-e-type=\"widget\" data-widget_type=\"text-editor.default\">\n\t\t\t\t\t\t\t\t\t<p><u><b>Sicherheitshinweise zum Laden:<\/b><\/u><br><em style=\"font-size: 15px; font-family: var( --e-global-typography-text-font-family ), Sans-serif;\">Sicherheitshinweise zum Laden: Bitte lesen Sie die folgenden Warnhinweise sorgf\u00e4ltig durch. RAP \u00fcbernimmt keine Haftung f\u00fcr Unf\u00e4lle oder Fehlfunktionen, die durch unsachgem\u00e4\u00dfe Verwendung des Ladeger\u00e4ts und\/oder des Akkus verursacht werden.<\/em><\/p>\t\t\t\t\t\t\t\t<\/div>\n\t\t\t\t\t<\/div>\n\t\t<\/div>\n\t\t\t\t\t<\/div>\n\t\t<\/section>\n\t\t\t\t<section class=\"elementor-section elementor-top-section elementor-element elementor-element-9b576a5 elementor-section-boxed elementor-section-height-default elementor-section-height-default\" data-id=\"9b576a5\" data-element_type=\"section\" data-e-type=\"section\">\n\t\t\t\t\t\t<div class=\"elementor-container elementor-column-gap-default\">\n\t\t\t\t\t<div class=\"elementor-column elementor-col-50 elementor-top-column elementor-element elementor-element-30be76f\" data-id=\"30be76f\" data-element_type=\"column\" data-e-type=\"column\">\n\t\t\t<div class=\"elementor-widget-wrap elementor-element-populated\">\n\t\t\t\t\t\t<div class=\"elementor-element elementor-element-3677b73 elementor-widget elementor-widget-image\" data-id=\"3677b73\" data-element_type=\"widget\" data-e-type=\"widget\" data-widget_type=\"image.default\">\n\t\t\t\t\t\t\t\t\t\t\t\t\t\t\t<img loading=\"lazy\" decoding=\"async\" width=\"462\" height=\"413\" src=\"https:\/\/rap-webshop.nl\/wp-content\/uploads\/2025\/11\/Gevaar-elektriciteit-button.jpg\" class=\"attachment-large size-large wp-image-6078415\" alt=\"\" srcset=\"https:\/\/rap-webshop.nl\/wp-content\/uploads\/2025\/11\/Gevaar-elektriciteit-button.jpg 462w, https:\/\/rap-webshop.nl\/wp-content\/uploads\/2025\/11\/Gevaar-elektriciteit-button-300x268.jpg 300w\" sizes=\"(max-width: 462px) 100vw, 462px\" \/>\t\t\t\t\t\t\t\t\t\t\t\t\t\t\t<\/div>\n\t\t\t\t\t<\/div>\n\t\t<\/div>\n\t\t\t\t<div class=\"elementor-column elementor-col-50 elementor-top-column elementor-element elementor-element-73fb94e\" data-id=\"73fb94e\" data-element_type=\"column\" data-e-type=\"column\">\n\t\t\t<div class=\"elementor-widget-wrap elementor-element-populated\">\n\t\t\t\t\t\t<div class=\"elementor-element elementor-element-eb13195 elementor-widget elementor-widget-text-editor\" data-id=\"eb13195\" data-element_type=\"widget\" data-e-type=\"widget\" data-widget_type=\"text-editor.default\">\n\t\t\t\t\t\t\t\t\t<ul><li>Verwenden Sie zum Laden des Akkus ausschlie\u00dflich das Original-Ladeger\u00e4t.<\/li><li>Schlie\u00dfen Sie das Ladeger\u00e4t nicht mit nassen H\u00e4nden an und laden Sie den Akku nicht in einer feuchten Umgebung.<\/li><li>Das Ladeger\u00e4t w\u00e4hrend des Ladevorgangs nicht abdecken.<\/li><li>Der Akku kann bei Temperaturen von -10 bis +40 Grad Celsius sicher verwendet\/geladen werden.<\/li><li>Verhindern Sie eine \u00dcberhitzung der Batterie durch Sonneneinstrahlung oder eine externe W\u00e4rmequelle.<\/li><li>Verwenden Sie den Akku oder das Ladeger\u00e4t nicht f\u00fcr andere Zwecke.<\/li><li>Vermeiden Sie Kurzschl\u00fcsse beim Anschlie\u00dfen der Batterie.<\/li><li>Vermeiden Sie Besch\u00e4digungen am Ladeger\u00e4t oder Akku durch Fallenlassen oder andere Besch\u00e4digungen.<\/li><li>\u00d6ffnen Sie die Batterie nicht ohne Erlaubnis.<\/li><li>Schlie\u00dfen Sie das Ladeger\u00e4t nicht an das Stromnetz an, wenn es nicht in Gebrauch ist.<\/li><li>Lassen Sie den Akku niemals l\u00e4nger als 48 Stunden am Ladeger\u00e4t angeschlossen.<\/li><\/ul>\t\t\t\t\t\t\t\t<\/div>\n\t\t\t\t\t<\/div>\n\t\t<\/div>\n\t\t\t\t\t<\/div>\n\t\t<\/section>\n\t\t\t\t<\/div>\n\t\t","protected":false},"excerpt":{"rendered":"<p>Op deze pagina vindt u meer informatie over Nutzung und Verwaltung der Li-Ionen-Fahrradbatterie. Ein ordnungsgem\u00e4\u00dfes Batteriemanagement ist entscheidend f\u00fcr die Batterielebensdauer und -leistung. Grunds\u00e4tze f\u00fcr ein gutes Batteriemanagement: Die Batterie bleibt am besten durch regelm\u00e4\u00dfige Nutzung (Laden und Entladen) in gutem Zustand. Unzureichende Nutzung kann zu Problemen (Ungleichgewicht zwischen den Batteriezellen oder sogar defekten Zellen) [&hellip;]<\/p>\n","protected":false},"author":1,"featured_media":0,"parent":0,"menu_order":0,"comment_status":"closed","ping_status":"closed","template":"","meta":{"_acf_changed":false,"footnotes":""},"class_list":["post-6078414","page","type-page","status-publish","hentry"],"acf":[],"yoast_head":"<!-- This site is optimized with the Yoast SEO plugin v27.3 - https:\/\/yoast.com\/product\/yoast-seo-wordpress\/ -->\n<title>Nutzung und Verwaltung der... | RAP elektrische fietsen<\/title>\n<meta name=\"description\" content=\"Nutzung und Verwaltung der Li-Ionen-Fahrradbatterie bij RAP elektrische fietsen.\" \/>\n<meta name=\"robots\" content=\"index, follow, max-snippet:-1, max-image-preview:large, max-video-preview:-1\" \/>\n<link rel=\"canonical\" href=\"https:\/\/rap-webshop.nl\/de\/nutzung-und-verwaltung-der-li-ionen-fahrradbatterie\/\" \/>\n<meta property=\"og:locale\" content=\"de_DE\" \/>\n<meta property=\"og:type\" content=\"article\" \/>\n<meta property=\"og:title\" content=\"Nutzung und Verwaltung der Li-Ionen-Fahrradbatterie - RAP...\" \/>\n<meta property=\"og:description\" content=\"Nutzung und Verwaltung der Li-Ionen-Fahrradbatterie - Alle informatie bij RAP elektrische fietsen.\" \/>\n<meta property=\"og:url\" content=\"https:\/\/rap-webshop.nl\/de\/nutzung-und-verwaltung-der-li-ionen-fahrradbatterie\/\" \/>\n<meta property=\"og:site_name\" content=\"RAP elektrische fietsen\" \/>\n<meta property=\"article:modified_time\" content=\"2025-11-17T13:51:35+00:00\" \/>\n<meta property=\"og:image\" content=\"https:\/\/rap.awdev.nl\/wp-content\/uploads\/2021\/03\/Phylion-XH370-13J-battery-LED-charger-set-kopie-1024x569.jpg\" \/>\n<meta name=\"twitter:card\" content=\"summary_large_image\" \/>\n<meta name=\"twitter:title\" content=\"Nutzung und Verwaltung der Li-Ionen-Fahrradbatterie - RAP...\" \/>\n<meta name=\"twitter:description\" content=\"Nutzung und Verwaltung der Li-Ionen-Fahrradbatterie - Alle informatie bij RAP elektrische fietsen.\" \/>\n<meta name=\"twitter:label1\" content=\"Gesch\u00e4tzte Lesezeit\" \/>\n\t<meta name=\"twitter:data1\" content=\"4\u00a0Minuten\" \/>\n<script type=\"application\/ld+json\" class=\"yoast-schema-graph\">{\"@context\":\"https:\\\/\\\/schema.org\",\"@graph\":[{\"@type\":\"WebPage\",\"@id\":\"https:\\\/\\\/rap-webshop.nl\\\/de\\\/nutzung-und-verwaltung-der-li-ionen-fahrradbatterie\\\/\",\"url\":\"https:\\\/\\\/rap-webshop.nl\\\/de\\\/nutzung-und-verwaltung-der-li-ionen-fahrradbatterie\\\/\",\"name\":\"Nutzung und Verwaltung der... | RAP elektrische fietsen\",\"isPartOf\":{\"@id\":\"https:\\\/\\\/rap-webshop.nl\\\/de\\\/#website\"},\"primaryImageOfPage\":{\"@id\":\"https:\\\/\\\/rap-webshop.nl\\\/de\\\/nutzung-und-verwaltung-der-li-ionen-fahrradbatterie\\\/#primaryimage\"},\"image\":{\"@id\":\"https:\\\/\\\/rap-webshop.nl\\\/de\\\/nutzung-und-verwaltung-der-li-ionen-fahrradbatterie\\\/#primaryimage\"},\"thumbnailUrl\":\"https:\\\/\\\/rap.awdev.nl\\\/wp-content\\\/uploads\\\/2021\\\/03\\\/Phylion-XH370-13J-battery-LED-charger-set-kopie-1024x569.jpg\",\"datePublished\":\"2025-11-17T11:07:36+00:00\",\"dateModified\":\"2025-11-17T13:51:35+00:00\",\"description\":\"Nutzung und Verwaltung der Li-Ionen-Fahrradbatterie bij RAP elektrische fietsen.\",\"breadcrumb\":{\"@id\":\"https:\\\/\\\/rap-webshop.nl\\\/de\\\/nutzung-und-verwaltung-der-li-ionen-fahrradbatterie\\\/#breadcrumb\"},\"inLanguage\":\"de\",\"potentialAction\":[{\"@type\":\"ReadAction\",\"target\":[\"https:\\\/\\\/rap-webshop.nl\\\/de\\\/nutzung-und-verwaltung-der-li-ionen-fahrradbatterie\\\/\"]}]},{\"@type\":\"ImageObject\",\"inLanguage\":\"de\",\"@id\":\"https:\\\/\\\/rap-webshop.nl\\\/de\\\/nutzung-und-verwaltung-der-li-ionen-fahrradbatterie\\\/#primaryimage\",\"url\":\"https:\\\/\\\/rap.awdev.nl\\\/wp-content\\\/uploads\\\/2021\\\/03\\\/Phylion-XH370-13J-battery-LED-charger-set-kopie-1024x569.jpg\",\"contentUrl\":\"https:\\\/\\\/rap.awdev.nl\\\/wp-content\\\/uploads\\\/2021\\\/03\\\/Phylion-XH370-13J-battery-LED-charger-set-kopie-1024x569.jpg\"},{\"@type\":\"BreadcrumbList\",\"@id\":\"https:\\\/\\\/rap-webshop.nl\\\/de\\\/nutzung-und-verwaltung-der-li-ionen-fahrradbatterie\\\/#breadcrumb\",\"itemListElement\":[{\"@type\":\"ListItem\",\"position\":1,\"name\":\"Home\",\"item\":\"https:\\\/\\\/rap-webshop.nl\\\/de\\\/\"},{\"@type\":\"ListItem\",\"position\":2,\"name\":\"Nutzung und Verwaltung der Li-Ionen-Fahrradbatterie\"}]},{\"@type\":\"WebSite\",\"@id\":\"https:\\\/\\\/rap-webshop.nl\\\/de\\\/#website\",\"url\":\"https:\\\/\\\/rap-webshop.nl\\\/de\\\/\",\"name\":\"RAP elektrische fietsen\",\"description\":\"E-bikes, e-bike accu\u2019s, li-ion laders &amp; -accessoires\",\"publisher\":{\"@id\":\"https:\\\/\\\/rap-webshop.nl\\\/de\\\/#organization\"},\"potentialAction\":[{\"@type\":\"SearchAction\",\"target\":{\"@type\":\"EntryPoint\",\"urlTemplate\":\"https:\\\/\\\/rap-webshop.nl\\\/de\\\/?s={search_term_string}\"},\"query-input\":{\"@type\":\"PropertyValueSpecification\",\"valueRequired\":true,\"valueName\":\"search_term_string\"}}],\"inLanguage\":\"de\"},{\"@type\":\"Organization\",\"@id\":\"https:\\\/\\\/rap-webshop.nl\\\/de\\\/#organization\",\"name\":\"RAP elektrische fietsen\",\"url\":\"https:\\\/\\\/rap-webshop.nl\\\/de\\\/\",\"logo\":{\"@type\":\"ImageObject\",\"inLanguage\":\"de\",\"@id\":\"https:\\\/\\\/rap-webshop.nl\\\/de\\\/#\\\/schema\\\/logo\\\/image\\\/\",\"url\":\"https:\\\/\\\/rap-webshop.nl\\\/wp-content\\\/uploads\\\/2025\\\/07\\\/RAP-Webshop-logo-diap-1.svg\",\"contentUrl\":\"https:\\\/\\\/rap-webshop.nl\\\/wp-content\\\/uploads\\\/2025\\\/07\\\/RAP-Webshop-logo-diap-1.svg\",\"caption\":\"RAP elektrische fietsen\"},\"image\":{\"@id\":\"https:\\\/\\\/rap-webshop.nl\\\/de\\\/#\\\/schema\\\/logo\\\/image\\\/\"}}]}<\/script>\n<!-- \/ Yoast SEO plugin. -->","yoast_head_json":{"title":"Nutzung und Verwaltung der... | RAP elektrische fietsen","description":"Nutzung und Verwaltung der Li-Ionen-Fahrradbatterie bij RAP elektrische fietsen.","robots":{"index":"index","follow":"follow","max-snippet":"max-snippet:-1","max-image-preview":"max-image-preview:large","max-video-preview":"max-video-preview:-1"},"canonical":"https:\/\/rap-webshop.nl\/de\/nutzung-und-verwaltung-der-li-ionen-fahrradbatterie\/","og_locale":"de_DE","og_type":"article","og_title":"Nutzung und Verwaltung der Li-Ionen-Fahrradbatterie - RAP...","og_description":"Nutzung und Verwaltung der Li-Ionen-Fahrradbatterie - Alle informatie bij RAP elektrische fietsen.","og_url":"https:\/\/rap-webshop.nl\/de\/nutzung-und-verwaltung-der-li-ionen-fahrradbatterie\/","og_site_name":"RAP elektrische fietsen","article_modified_time":"2025-11-17T13:51:35+00:00","og_image":[{"url":"https:\/\/rap.awdev.nl\/wp-content\/uploads\/2021\/03\/Phylion-XH370-13J-battery-LED-charger-set-kopie-1024x569.jpg","type":"","width":"","height":""}],"twitter_card":"summary_large_image","twitter_title":"Nutzung und Verwaltung der Li-Ionen-Fahrradbatterie - RAP...","twitter_description":"Nutzung und Verwaltung der Li-Ionen-Fahrradbatterie - Alle informatie bij RAP elektrische fietsen.","twitter_misc":{"Gesch\u00e4tzte Lesezeit":"4\u00a0Minuten"},"schema":{"@context":"https:\/\/schema.org","@graph":[{"@type":"WebPage","@id":"https:\/\/rap-webshop.nl\/de\/nutzung-und-verwaltung-der-li-ionen-fahrradbatterie\/","url":"https:\/\/rap-webshop.nl\/de\/nutzung-und-verwaltung-der-li-ionen-fahrradbatterie\/","name":"Nutzung und Verwaltung der... | RAP elektrische fietsen","isPartOf":{"@id":"https:\/\/rap-webshop.nl\/de\/#website"},"primaryImageOfPage":{"@id":"https:\/\/rap-webshop.nl\/de\/nutzung-und-verwaltung-der-li-ionen-fahrradbatterie\/#primaryimage"},"image":{"@id":"https:\/\/rap-webshop.nl\/de\/nutzung-und-verwaltung-der-li-ionen-fahrradbatterie\/#primaryimage"},"thumbnailUrl":"https:\/\/rap.awdev.nl\/wp-content\/uploads\/2021\/03\/Phylion-XH370-13J-battery-LED-charger-set-kopie-1024x569.jpg","datePublished":"2025-11-17T11:07:36+00:00","dateModified":"2025-11-17T13:51:35+00:00","description":"Nutzung und Verwaltung der Li-Ionen-Fahrradbatterie bij RAP elektrische fietsen.","breadcrumb":{"@id":"https:\/\/rap-webshop.nl\/de\/nutzung-und-verwaltung-der-li-ionen-fahrradbatterie\/#breadcrumb"},"inLanguage":"de","potentialAction":[{"@type":"ReadAction","target":["https:\/\/rap-webshop.nl\/de\/nutzung-und-verwaltung-der-li-ionen-fahrradbatterie\/"]}]},{"@type":"ImageObject","inLanguage":"de","@id":"https:\/\/rap-webshop.nl\/de\/nutzung-und-verwaltung-der-li-ionen-fahrradbatterie\/#primaryimage","url":"https:\/\/rap.awdev.nl\/wp-content\/uploads\/2021\/03\/Phylion-XH370-13J-battery-LED-charger-set-kopie-1024x569.jpg","contentUrl":"https:\/\/rap.awdev.nl\/wp-content\/uploads\/2021\/03\/Phylion-XH370-13J-battery-LED-charger-set-kopie-1024x569.jpg"},{"@type":"BreadcrumbList","@id":"https:\/\/rap-webshop.nl\/de\/nutzung-und-verwaltung-der-li-ionen-fahrradbatterie\/#breadcrumb","itemListElement":[{"@type":"ListItem","position":1,"name":"Home","item":"https:\/\/rap-webshop.nl\/de\/"},{"@type":"ListItem","position":2,"name":"Nutzung und Verwaltung der Li-Ionen-Fahrradbatterie"}]},{"@type":"WebSite","@id":"https:\/\/rap-webshop.nl\/de\/#website","url":"https:\/\/rap-webshop.nl\/de\/","name":"RAP elektrische fietsen","description":"E-bikes, e-bike accu\u2019s, li-ion laders &amp; -accessoires","publisher":{"@id":"https:\/\/rap-webshop.nl\/de\/#organization"},"potentialAction":[{"@type":"SearchAction","target":{"@type":"EntryPoint","urlTemplate":"https:\/\/rap-webshop.nl\/de\/?s={search_term_string}"},"query-input":{"@type":"PropertyValueSpecification","valueRequired":true,"valueName":"search_term_string"}}],"inLanguage":"de"},{"@type":"Organization","@id":"https:\/\/rap-webshop.nl\/de\/#organization","name":"RAP elektrische fietsen","url":"https:\/\/rap-webshop.nl\/de\/","logo":{"@type":"ImageObject","inLanguage":"de","@id":"https:\/\/rap-webshop.nl\/de\/#\/schema\/logo\/image\/","url":"https:\/\/rap-webshop.nl\/wp-content\/uploads\/2025\/07\/RAP-Webshop-logo-diap-1.svg","contentUrl":"https:\/\/rap-webshop.nl\/wp-content\/uploads\/2025\/07\/RAP-Webshop-logo-diap-1.svg","caption":"RAP elektrische fietsen"},"image":{"@id":"https:\/\/rap-webshop.nl\/de\/#\/schema\/logo\/image\/"}}]}},"_links":{"self":[{"href":"https:\/\/rap-webshop.nl\/de\/wp-json\/wp\/v2\/pages\/6078414","targetHints":{"allow":["GET"]}}],"collection":[{"href":"https:\/\/rap-webshop.nl\/de\/wp-json\/wp\/v2\/pages"}],"about":[{"href":"https:\/\/rap-webshop.nl\/de\/wp-json\/wp\/v2\/types\/page"}],"author":[{"embeddable":true,"href":"https:\/\/rap-webshop.nl\/de\/wp-json\/wp\/v2\/users\/1"}],"replies":[{"embeddable":true,"href":"https:\/\/rap-webshop.nl\/de\/wp-json\/wp\/v2\/comments?post=6078414"}],"version-history":[{"count":0,"href":"https:\/\/rap-webshop.nl\/de\/wp-json\/wp\/v2\/pages\/6078414\/revisions"}],"wp:attachment":[{"href":"https:\/\/rap-webshop.nl\/de\/wp-json\/wp\/v2\/media?parent=6078414"}],"curies":[{"name":"wp","href":"https:\/\/api.w.org\/{rel}","templated":true}]}}