{"id":6078404,"date":"2025-10-17T11:47:20","date_gmt":"2025-10-17T09:47:20","guid":{"rendered":"https:\/\/rap-webshop.nl\/ueber-uns\/"},"modified":"2025-11-17T14:09:49","modified_gmt":"2025-11-17T13:09:49","slug":"ueber-uns","status":"publish","type":"page","link":"https:\/\/rap-webshop.nl\/de\/ueber-uns\/","title":{"rendered":"\u00dcber uns"},"content":{"rendered":"\t\t<div data-elementor-type=\"wp-page\" data-elementor-id=\"6078404\" class=\"elementor elementor-6078404 elementor-26554\" data-elementor-post-type=\"page\">\n\t\t\t\t<div class=\"elementor-element elementor-element-858a463 e-flex e-con-boxed e-con e-parent\" data-id=\"858a463\" data-element_type=\"container\" data-e-type=\"container\">\n\t\t\t\t\t<div class=\"e-con-inner\">\n\t\t\t\t<div class=\"elementor-element elementor-element-6617f5f elementor-widget elementor-widget-heading\" data-id=\"6617f5f\" data-element_type=\"widget\" data-e-type=\"widget\" data-widget_type=\"heading.default\">\n\t\t\t\t\t<h2 class=\"elementor-heading-title elementor-size-default\">\u00dcber uns<\/h2>\t\t\t\t<\/div>\n\t\t\t\t\t<\/div>\n\t\t\t\t<\/div>\n\t\t<div class=\"elementor-element elementor-element-abdeba5 e-flex e-con-boxed e-con e-parent\" data-id=\"abdeba5\" data-element_type=\"container\" data-e-type=\"container\">\n\t\t\t\t\t<div class=\"e-con-inner\">\n\t\t<div class=\"elementor-element elementor-element-13df4fa e-con-full e-flex e-con e-child\" data-id=\"13df4fa\" data-element_type=\"container\" data-e-type=\"container\">\n\t\t\t\t<div class=\"elementor-element elementor-element-24ffc93 elementor-widget elementor-widget-text-editor\" data-id=\"24ffc93\" data-element_type=\"widget\" data-e-type=\"widget\" data-widget_type=\"text-editor.default\">\n\t\t\t\t\t\t\t\t\t<p><strong>Der RAP-Webshop<\/strong> basiert auf mehr als <strong>15 Jahren praktischer<\/strong> Erfahrung mit Elektrofahrr\u00e4dern. Mit unserer eigenen Marke <strong>RAP<\/strong> haben wir jahrelang selbst an der Werkbank gearbeitet \u2013 an Batterien, Ladeger\u00e4ten und kompletten E-Bike-Systemen. Dieses technische Know-how macht den entscheidenden Unterschied: Wir \u00fcbersetzen komplexe Entscheidungen (Kapazit\u00e4t, BMS, Passform, Ladeger\u00e4tkompatibilit\u00e4t) in klare <strong>Beratung<\/strong> und <strong>zuverl\u00e4ssige L\u00f6sungen.<\/strong><\/p><p><strong>Wer wir sind<\/strong><\/p><ul><li><strong>Seit 2010<\/strong> im Bereich Elektromobilit\u00e4t aktiv und <strong>Phylion-Partner <\/strong>(inkl. Zugang zum <strong>Kundendienst von Phylion<\/strong>).<\/li><li> &gt;<strong>6.000 zufriedene Kunden,<\/strong> die uns f\u00fcr unser Fachwissen, unsere Schnelligkeit und unsere ehrliche Beratung sch\u00e4tzen.<\/li><li><strong>Gr\u00f6\u00dfter Phylion-Distributor im Bereich After-Sales<\/strong>: umfangreiches Sortiment, aktuelles Fachwissen und schneller Service.<\/li><li><strong>Selektives Programm<\/strong>: Wir w\u00e4hlen bewusst ein<strong> kompaktes, bew\u00e4hrtes Sortiment,<\/strong> das es uns erm\u00f6glicht, unsere Kunden optimal und ger\u00e4uschlos zu bedienen.<\/li><\/ul><p><strong>So arbeiten wir<\/strong><\/p><ul><li><strong>Direkt vom Hersteller<\/strong><br>Wir kaufen <strong>direkt beim Hersteller <\/strong>und arbeiten ausschlie\u00dflich mit <strong>erfahrenen, professionellen Herstellern zusammen.<\/strong><br>\u2192 Ergebnis: <strong>Immer neu und aktuell produziert <\/strong>\u2013 <strong>keine<\/strong> veraltete Lagerware.<\/li><li><strong>Spezialist f\u00fcr Akkus, Ladeger\u00e4te und E-Bike-Zubeh\u00f6r<\/strong><br>Seit \u00fcber <strong>5 Jahren<\/strong> konzentrieren wir uns voll und ganz auf den <strong>Verkauf und die Lieferung<\/strong> von E-Bike-Akkus, Ladeger\u00e4ten und speziellem Zubeh\u00f6r.<\/li><li><strong>Pers\u00f6nlicher Service<\/strong><br>Sie erhalten eine <strong>schnelle, ehrliche und pr\u00e4zise Beratung<\/strong>, die Ihnen hilft, die <strong>beste Wahl f\u00fcr <\/strong>Ihr Motorsystem zu treffen (z. B. Phylion\/Joycube, Bosch, Shimano, Bafang).<\/li><\/ul><p><strong>Service, der aktiv wird<\/strong><\/p><ul><li><strong>Schnelle Lieferung<\/strong>: <em>Heute bestellen, morgen erhalten\u00b9<\/em><\/li><li><strong>Retouren<\/strong>: Ziel ist es, <strong>95 % innerhalb von 2 Tagen zu bearbeiten.<\/strong><\/li><li><strong>Europaweit<\/strong>: Lieferung in <strong>alle L\u00e4nder der Eurozone<\/strong> und auf <strong>Anfrage auch dar\u00fcber hinaus.<\/strong><\/li><\/ul><p><strong>Unser Versprechen<\/strong><\/p><p>Wir vereinen <strong>praktische Erfahrung<\/strong>, <strong>Direkteinkauf<\/strong> und <strong>optimierte Logistik<\/strong> zu einem Ganzen: <strong>unbeschwertem Fahrvergn\u00fcgen.<\/strong> Im RAP-Webshop erhalten <strong>Sie eine klare Beratung<\/strong>, <strong>ein stets aktuelles Sortiment <\/strong>und <strong>einen Service<\/strong>, den Sie bemerken werden \u2013 damit Ihr E-Bike einfach nur das tut, was es soll.<\/p><h3><strong>Haben Sie noch Fragen? Sie k\u00f6nnen uns jederzeit kontaktieren. Wir helfen Ihnen gerne!<\/strong><\/h3><p><a href=\"https:\/\/rap-webshop.nl\/de\/kontaktieren-sie-uns\/\"><strong>Kontaktieren Sie uns<\/strong><\/a><\/p>\t\t\t\t\t\t\t\t<\/div>\n\t\t\t\t<\/div>\n\t\t<div class=\"elementor-element elementor-element-c1a8bde e-con-full e-flex e-con e-child\" data-id=\"c1a8bde\" data-element_type=\"container\" data-e-type=\"container\">\n\t\t\t\t<div class=\"elementor-element elementor-element-ec90021 elementor-widget elementor-widget-image\" data-id=\"ec90021\" data-element_type=\"widget\" data-e-type=\"widget\" data-widget_type=\"image.default\">\n\t\t\t\t\t\t\t\t\t\t\t\t\t\t\t<img fetchpriority=\"high\" decoding=\"async\" width=\"800\" height=\"450\" src=\"https:\/\/rap-webshop.nl\/wp-content\/uploads\/2025\/10\/RAP-elektrische-fietsen-productie-scaled-1-1024x576.jpg\" class=\"attachment-large size-large wp-image-6078405\" alt=\"\" srcset=\"https:\/\/rap-webshop.nl\/wp-content\/uploads\/2025\/10\/RAP-elektrische-fietsen-productie-scaled-1-1024x576.jpg 1024w, https:\/\/rap-webshop.nl\/wp-content\/uploads\/2025\/10\/RAP-elektrische-fietsen-productie-scaled-1-600x338.jpg 600w, https:\/\/rap-webshop.nl\/wp-content\/uploads\/2025\/10\/RAP-elektrische-fietsen-productie-scaled-1-300x169.jpg 300w, https:\/\/rap-webshop.nl\/wp-content\/uploads\/2025\/10\/RAP-elektrische-fietsen-productie-scaled-1-768x432.jpg 768w, https:\/\/rap-webshop.nl\/wp-content\/uploads\/2025\/10\/RAP-elektrische-fietsen-productie-scaled-1-1536x864.jpg 1536w, https:\/\/rap-webshop.nl\/wp-content\/uploads\/2025\/10\/RAP-elektrische-fietsen-productie-scaled-1-2048x1152.jpg 2048w\" sizes=\"(max-width: 800px) 100vw, 800px\" \/>\t\t\t\t\t\t\t\t\t\t\t\t\t\t\t<\/div>\n\t\t\t\t<\/div>\n\t\t\t\t\t<\/div>\n\t\t\t\t<\/div>\n\t\t\t\t<\/div>\n\t\t","protected":false},"excerpt":{"rendered":"<p>Op deze pagina vindt u meer informatie over \u00dcber uns. \u00dcber uns Der RAP-Webshop basiert auf mehr als 15 Jahren praktischer Erfahrung mit Elektrofahrr\u00e4dern. Mit unserer eigenen Marke RAP haben wir jahrelang selbst an der Werkbank gearbeitet \u2013 an Batterien, Ladeger\u00e4ten und kompletten E-Bike-Systemen. Dieses technische Know-how macht den entscheidenden Unterschied: Wir \u00fcbersetzen komplexe Entscheidungen [&hellip;]<\/p>\n","protected":false},"author":1,"featured_media":0,"parent":0,"menu_order":0,"comment_status":"closed","ping_status":"closed","template":"","meta":{"_acf_changed":false,"footnotes":""},"class_list":["post-6078404","page","type-page","status-publish","hentry"],"acf":[],"yoast_head":"<!-- This site is optimized with the Yoast SEO plugin v27.5 - https:\/\/yoast.com\/product\/yoast-seo-wordpress\/ -->\n<title>\u00dcber uns | RAP elektrische fietsen<\/title>\n<meta name=\"description\" content=\"\u00dcber uns Der RAP-Webshop basiert auf mehr als 15 Jahren praktischer Erfahrung mit Elektrofahrr\u00e4dern. Bekijk het bij RAP elektrische fietsen.\" \/>\n<meta name=\"robots\" content=\"index, follow, max-snippet:-1, max-image-preview:large, max-video-preview:-1\" \/>\n<link rel=\"canonical\" href=\"https:\/\/rap-webshop.nl\/de\/ueber-uns\/\" \/>\n<meta property=\"og:locale\" content=\"de_DE\" \/>\n<meta property=\"og:type\" content=\"article\" \/>\n<meta property=\"og:title\" content=\"\u00dcber uns - RAP elektrische fietsen\" \/>\n<meta property=\"og:description\" content=\"\u00dcber uns - Alle informatie bij RAP elektrische fietsen.\" \/>\n<meta property=\"og:url\" content=\"https:\/\/rap-webshop.nl\/de\/ueber-uns\/\" \/>\n<meta property=\"og:site_name\" content=\"RAP elektrische fietsen\" \/>\n<meta property=\"article:modified_time\" content=\"2025-11-17T13:09:49+00:00\" \/>\n<meta property=\"og:image\" content=\"https:\/\/rap-webshop.nl\/wp-content\/uploads\/2025\/10\/RAP-elektrische-fietsen-productie-scaled-1.jpg\" \/>\n\t<meta property=\"og:image:width\" content=\"2560\" \/>\n\t<meta property=\"og:image:height\" content=\"1440\" \/>\n\t<meta property=\"og:image:type\" content=\"image\/jpeg\" \/>\n<meta name=\"twitter:card\" content=\"summary_large_image\" \/>\n<meta name=\"twitter:title\" content=\"\u00dcber uns - RAP elektrische fietsen\" \/>\n<meta name=\"twitter:description\" content=\"\u00dcber uns - Alle informatie bij RAP elektrische fietsen.\" \/>\n<meta name=\"twitter:label1\" content=\"Gesch\u00e4tzte Lesezeit\" \/>\n\t<meta name=\"twitter:data1\" content=\"2\u00a0Minuten\" \/>\n<script type=\"application\/ld+json\" class=\"yoast-schema-graph\">{\"@context\":\"https:\\\/\\\/schema.org\",\"@graph\":[{\"@type\":\"WebPage\",\"@id\":\"https:\\\/\\\/rap-webshop.nl\\\/de\\\/ueber-uns\\\/\",\"url\":\"https:\\\/\\\/rap-webshop.nl\\\/de\\\/ueber-uns\\\/\",\"name\":\"\u00dcber uns | RAP elektrische fietsen\",\"isPartOf\":{\"@id\":\"https:\\\/\\\/rap-webshop.nl\\\/de\\\/#website\"},\"primaryImageOfPage\":{\"@id\":\"https:\\\/\\\/rap-webshop.nl\\\/de\\\/ueber-uns\\\/#primaryimage\"},\"image\":{\"@id\":\"https:\\\/\\\/rap-webshop.nl\\\/de\\\/ueber-uns\\\/#primaryimage\"},\"thumbnailUrl\":\"https:\\\/\\\/rap-webshop.nl\\\/wp-content\\\/uploads\\\/2025\\\/10\\\/RAP-elektrische-fietsen-productie-scaled-1-1024x576.jpg\",\"datePublished\":\"2025-10-17T09:47:20+00:00\",\"dateModified\":\"2025-11-17T13:09:49+00:00\",\"description\":\"\u00dcber uns Der RAP-Webshop basiert auf mehr als 15 Jahren praktischer Erfahrung mit Elektrofahrr\u00e4dern. Bekijk het bij RAP elektrische fietsen.\",\"breadcrumb\":{\"@id\":\"https:\\\/\\\/rap-webshop.nl\\\/de\\\/ueber-uns\\\/#breadcrumb\"},\"inLanguage\":\"de\",\"potentialAction\":[{\"@type\":\"ReadAction\",\"target\":[\"https:\\\/\\\/rap-webshop.nl\\\/de\\\/ueber-uns\\\/\"]}]},{\"@type\":\"ImageObject\",\"inLanguage\":\"de\",\"@id\":\"https:\\\/\\\/rap-webshop.nl\\\/de\\\/ueber-uns\\\/#primaryimage\",\"url\":\"https:\\\/\\\/rap-webshop.nl\\\/wp-content\\\/uploads\\\/2025\\\/10\\\/RAP-elektrische-fietsen-productie-scaled-1-1024x576.jpg\",\"contentUrl\":\"https:\\\/\\\/rap-webshop.nl\\\/wp-content\\\/uploads\\\/2025\\\/10\\\/RAP-elektrische-fietsen-productie-scaled-1-1024x576.jpg\"},{\"@type\":\"BreadcrumbList\",\"@id\":\"https:\\\/\\\/rap-webshop.nl\\\/de\\\/ueber-uns\\\/#breadcrumb\",\"itemListElement\":[{\"@type\":\"ListItem\",\"position\":1,\"name\":\"Home\",\"item\":\"https:\\\/\\\/rap-webshop.nl\\\/de\\\/\"},{\"@type\":\"ListItem\",\"position\":2,\"name\":\"\u00dcber uns\"}]},{\"@type\":\"WebSite\",\"@id\":\"https:\\\/\\\/rap-webshop.nl\\\/de\\\/#website\",\"url\":\"https:\\\/\\\/rap-webshop.nl\\\/de\\\/\",\"name\":\"RAP elektrische fietsen\",\"description\":\"E-bikes, e-bike accu\u2019s, li-ion laders &amp; -accessoires\",\"publisher\":{\"@id\":\"https:\\\/\\\/rap-webshop.nl\\\/de\\\/#organization\"},\"potentialAction\":[{\"@type\":\"SearchAction\",\"target\":{\"@type\":\"EntryPoint\",\"urlTemplate\":\"https:\\\/\\\/rap-webshop.nl\\\/de\\\/?s={search_term_string}\"},\"query-input\":{\"@type\":\"PropertyValueSpecification\",\"valueRequired\":true,\"valueName\":\"search_term_string\"}}],\"inLanguage\":\"de\"},{\"@type\":\"Organization\",\"@id\":\"https:\\\/\\\/rap-webshop.nl\\\/de\\\/#organization\",\"name\":\"RAP elektrische fietsen\",\"url\":\"https:\\\/\\\/rap-webshop.nl\\\/de\\\/\",\"logo\":{\"@type\":\"ImageObject\",\"inLanguage\":\"de\",\"@id\":\"https:\\\/\\\/rap-webshop.nl\\\/de\\\/#\\\/schema\\\/logo\\\/image\\\/\",\"url\":\"https:\\\/\\\/rap-webshop.nl\\\/wp-content\\\/uploads\\\/2025\\\/07\\\/RAP-Webshop-logo-diap-1.svg\",\"contentUrl\":\"https:\\\/\\\/rap-webshop.nl\\\/wp-content\\\/uploads\\\/2025\\\/07\\\/RAP-Webshop-logo-diap-1.svg\",\"caption\":\"RAP elektrische fietsen\"},\"image\":{\"@id\":\"https:\\\/\\\/rap-webshop.nl\\\/de\\\/#\\\/schema\\\/logo\\\/image\\\/\"}}]}<\/script>\n<!-- \/ Yoast SEO plugin. -->","yoast_head_json":{"title":"\u00dcber uns | RAP elektrische fietsen","description":"\u00dcber uns Der RAP-Webshop basiert auf mehr als 15 Jahren praktischer Erfahrung mit Elektrofahrr\u00e4dern. Bekijk het bij RAP elektrische fietsen.","robots":{"index":"index","follow":"follow","max-snippet":"max-snippet:-1","max-image-preview":"max-image-preview:large","max-video-preview":"max-video-preview:-1"},"canonical":"https:\/\/rap-webshop.nl\/de\/ueber-uns\/","og_locale":"de_DE","og_type":"article","og_title":"\u00dcber uns - RAP elektrische fietsen","og_description":"\u00dcber uns - Alle informatie bij RAP elektrische fietsen.","og_url":"https:\/\/rap-webshop.nl\/de\/ueber-uns\/","og_site_name":"RAP elektrische fietsen","article_modified_time":"2025-11-17T13:09:49+00:00","og_image":[{"width":2560,"height":1440,"url":"https:\/\/rap-webshop.nl\/wp-content\/uploads\/2025\/10\/RAP-elektrische-fietsen-productie-scaled-1.jpg","type":"image\/jpeg"}],"twitter_card":"summary_large_image","twitter_title":"\u00dcber uns - RAP elektrische fietsen","twitter_description":"\u00dcber uns - Alle informatie bij RAP elektrische fietsen.","twitter_misc":{"Gesch\u00e4tzte Lesezeit":"2\u00a0Minuten"},"schema":{"@context":"https:\/\/schema.org","@graph":[{"@type":"WebPage","@id":"https:\/\/rap-webshop.nl\/de\/ueber-uns\/","url":"https:\/\/rap-webshop.nl\/de\/ueber-uns\/","name":"\u00dcber uns | RAP elektrische fietsen","isPartOf":{"@id":"https:\/\/rap-webshop.nl\/de\/#website"},"primaryImageOfPage":{"@id":"https:\/\/rap-webshop.nl\/de\/ueber-uns\/#primaryimage"},"image":{"@id":"https:\/\/rap-webshop.nl\/de\/ueber-uns\/#primaryimage"},"thumbnailUrl":"https:\/\/rap-webshop.nl\/wp-content\/uploads\/2025\/10\/RAP-elektrische-fietsen-productie-scaled-1-1024x576.jpg","datePublished":"2025-10-17T09:47:20+00:00","dateModified":"2025-11-17T13:09:49+00:00","description":"\u00dcber uns Der RAP-Webshop basiert auf mehr als 15 Jahren praktischer Erfahrung mit Elektrofahrr\u00e4dern. Bekijk het bij RAP elektrische fietsen.","breadcrumb":{"@id":"https:\/\/rap-webshop.nl\/de\/ueber-uns\/#breadcrumb"},"inLanguage":"de","potentialAction":[{"@type":"ReadAction","target":["https:\/\/rap-webshop.nl\/de\/ueber-uns\/"]}]},{"@type":"ImageObject","inLanguage":"de","@id":"https:\/\/rap-webshop.nl\/de\/ueber-uns\/#primaryimage","url":"https:\/\/rap-webshop.nl\/wp-content\/uploads\/2025\/10\/RAP-elektrische-fietsen-productie-scaled-1-1024x576.jpg","contentUrl":"https:\/\/rap-webshop.nl\/wp-content\/uploads\/2025\/10\/RAP-elektrische-fietsen-productie-scaled-1-1024x576.jpg"},{"@type":"BreadcrumbList","@id":"https:\/\/rap-webshop.nl\/de\/ueber-uns\/#breadcrumb","itemListElement":[{"@type":"ListItem","position":1,"name":"Home","item":"https:\/\/rap-webshop.nl\/de\/"},{"@type":"ListItem","position":2,"name":"\u00dcber uns"}]},{"@type":"WebSite","@id":"https:\/\/rap-webshop.nl\/de\/#website","url":"https:\/\/rap-webshop.nl\/de\/","name":"RAP elektrische fietsen","description":"E-bikes, e-bike accu\u2019s, li-ion laders &amp; -accessoires","publisher":{"@id":"https:\/\/rap-webshop.nl\/de\/#organization"},"potentialAction":[{"@type":"SearchAction","target":{"@type":"EntryPoint","urlTemplate":"https:\/\/rap-webshop.nl\/de\/?s={search_term_string}"},"query-input":{"@type":"PropertyValueSpecification","valueRequired":true,"valueName":"search_term_string"}}],"inLanguage":"de"},{"@type":"Organization","@id":"https:\/\/rap-webshop.nl\/de\/#organization","name":"RAP elektrische fietsen","url":"https:\/\/rap-webshop.nl\/de\/","logo":{"@type":"ImageObject","inLanguage":"de","@id":"https:\/\/rap-webshop.nl\/de\/#\/schema\/logo\/image\/","url":"https:\/\/rap-webshop.nl\/wp-content\/uploads\/2025\/07\/RAP-Webshop-logo-diap-1.svg","contentUrl":"https:\/\/rap-webshop.nl\/wp-content\/uploads\/2025\/07\/RAP-Webshop-logo-diap-1.svg","caption":"RAP elektrische fietsen"},"image":{"@id":"https:\/\/rap-webshop.nl\/de\/#\/schema\/logo\/image\/"}}]}},"_links":{"self":[{"href":"https:\/\/rap-webshop.nl\/de\/wp-json\/wp\/v2\/pages\/6078404","targetHints":{"allow":["GET"]}}],"collection":[{"href":"https:\/\/rap-webshop.nl\/de\/wp-json\/wp\/v2\/pages"}],"about":[{"href":"https:\/\/rap-webshop.nl\/de\/wp-json\/wp\/v2\/types\/page"}],"author":[{"embeddable":true,"href":"https:\/\/rap-webshop.nl\/de\/wp-json\/wp\/v2\/users\/1"}],"replies":[{"embeddable":true,"href":"https:\/\/rap-webshop.nl\/de\/wp-json\/wp\/v2\/comments?post=6078404"}],"version-history":[{"count":0,"href":"https:\/\/rap-webshop.nl\/de\/wp-json\/wp\/v2\/pages\/6078404\/revisions"}],"wp:attachment":[{"href":"https:\/\/rap-webshop.nl\/de\/wp-json\/wp\/v2\/media?parent=6078404"}],"curies":[{"name":"wp","href":"https:\/\/api.w.org\/{rel}","templated":true}]}}