{"id":6078304,"date":"2025-11-06T13:24:39","date_gmt":"2025-11-06T12:24:39","guid":{"rendered":"https:\/\/rap-webshop.nl\/kontaktieren-sie-uns\/"},"modified":"2025-11-17T16:05:55","modified_gmt":"2025-11-17T15:05:55","slug":"kontaktieren-sie-uns","status":"publish","type":"page","link":"https:\/\/rap-webshop.nl\/de\/kontaktieren-sie-uns\/","title":{"rendered":"Kontaktieren Sie uns."},"content":{"rendered":"\t\t<div data-elementor-type=\"wp-page\" data-elementor-id=\"6078304\" class=\"elementor elementor-6078304 elementor-26879\" data-elementor-post-type=\"page\">\n\t\t\t\t<div class=\"elementor-element elementor-element-60980bc4 e-flex e-con-boxed e-con e-parent\" data-id=\"60980bc4\" data-element_type=\"container\" data-e-type=\"container\">\n\t\t\t\t\t<div class=\"e-con-inner\">\n\t\t\t\t<div class=\"elementor-element elementor-element-362217c8 elementor-widget elementor-widget-text-editor\" data-id=\"362217c8\" data-element_type=\"widget\" data-e-type=\"widget\" data-widget_type=\"text-editor.default\">\n\t\t\t\t\t\t\t\t\t<h3 class=\"wp-block-quote\"><strong>Kontaktieren Sie unseren Kundenservice.<\/strong><\/h3><h4>per E-Mail, WhatsApp oder Telefon<\/h4><h5> <\/h5><h5 class=\"wp-block-heading\">Ben\u00f6tigen Sie Hilfe mit Ihrem E-Bike-Akku oder Ladeger\u00e4t?<\/h5><p>Haben Sie Fragen zu einem neuen Akku oder Ladeger\u00e4t, oder funktioniert Ihr aktueller Akku oder Ihr Ladeger\u00e4t nicht mehr richtig? Wir helfen Ihnen gerne!<\/p><p>Sie k\u00f6nnen uns auf drei Wegen kontaktieren:<\/p><h4 class=\"wp-block-heading\">\ud83d\udce9 Kontaktformular (empfohlen)<\/h4><p>W\u00e4hlen Sie diese Option, wenn Sie schnelle und umfassende Hilfe w\u00fcnschen. Im Formular stellen wir Ihnen alle relevanten Fragen und Sie k\u00f6nnen Fotos direkt hochladen. Auf diese Weise k\u00f6nnen wir Ihre Frage schnell und pr\u00e4zise beantworten.<\/p><blockquote class=\"wp-block-quote\"><p>Tipp: Dies ist die beste Wahl, wenn Sie nicht sicher sind, welchen Akku oder welches Ladeger\u00e4t Sie ben\u00f6tigen.<\/p><\/blockquote><p><a href=\"https:\/\/rap-webshop.nl\/de\/kontaktformular\/\"><strong>Zum Kontaktformular<\/strong><\/a><\/p><h4 class=\"wp-block-heading\">\ud83d\udcac WhatsApp<\/h4><p>M\u00f6chten Sie uns lieber \u00fcber WhatsApp kontaktieren? Das ist m\u00f6glich! Bitte senden Sie uns eine Nachricht und f\u00fcgen Sie nach M\u00f6glichkeit die folgenden Fotos bei:<\/p><ul class=\"wp-block-list\"><li>Der gesamte Akku oder das Ladeger\u00e4t<\/li><li>Das Etikett mit Spezifikationen(inkl.. Stromspannung, Stromst\u00e4rke, Barcode)<\/li><li>Die Stecker- oder Anschlusspunkte<\/li><\/ul><p>Ohne diese Informationen k\u00f6nnen wir Ihnen m\u00f6glicherweise nicht so schnell oder vollst\u00e4ndig helfen.<\/p><p><a href=\"https:\/\/wa.me\/31132032048\"><strong>Whatsapp<\/strong><\/a><\/p><h4 class=\"wp-block-heading\">\u260e\ufe0fZum Anrufen<\/h4><p>M\u00f6chten Sie sofort mit jemandem sprechen? Rufen Sie uns gerne an. Wir bitten Sie dann gegebenenfalls, uns Fotos per E-Mail oder WhatsApp zu senden, damit wir Sie bestm\u00f6glich beraten k\u00f6nnen. Telefon: <strong>013-2032048<\/strong><\/p><hr class=\"wp-block-separator has-alpha-channel-opacity\"><p><strong>Kundenzufriedenheit steht bei uns an erster Stelle.<br>Wenn Sie uns umgehend die relevanten Informationen zukommen lassen, k\u00f6nnen wir Ihnen schneller gezielte Beratung und eine passende L\u00f6sung anbieten.<\/strong><\/p><hr class=\"wp-block-separator has-alpha-channel-opacity\">\t\t\t\t\t\t\t\t<\/div>\n\t\t\t\t\t<\/div>\n\t\t\t\t<\/div>\n\t\t\t\t<\/div>\n\t\t","protected":false},"excerpt":{"rendered":"<p>Op deze pagina vindt u meer informatie over Kontaktieren Sie uns.. Kontaktieren Sie unseren Kundenservice. per E-Mail, WhatsApp oder Telefon Ben\u00f6tigen Sie Hilfe mit Ihrem E-Bike-Akku oder Ladeger\u00e4t? Haben Sie Fragen zu einem neuen Akku oder Ladeger\u00e4t, oder funktioniert Ihr aktueller Akku oder Ihr Ladeger\u00e4t nicht mehr richtig? Wir helfen Ihnen gerne! Sie k\u00f6nnen uns [&hellip;]<\/p>\n","protected":false},"author":2,"featured_media":0,"parent":0,"menu_order":0,"comment_status":"closed","ping_status":"closed","template":"","meta":{"_acf_changed":false,"footnotes":""},"class_list":["post-6078304","page","type-page","status-publish","hentry"],"acf":[],"yoast_head":"<!-- This site is optimized with the Yoast SEO plugin v27.5 - https:\/\/yoast.com\/product\/yoast-seo-wordpress\/ -->\n<title>Kontaktieren Sie uns. | RAP elektrische fietsen<\/title>\n<meta name=\"description\" content=\"Kontaktieren Sie uns. bij RAP elektrische fietsen. Bekijk alle informatie, veelgestelde vragen en neem vandaag nog contact met ons op voor persoonlijk...\" \/>\n<meta name=\"robots\" content=\"index, follow, max-snippet:-1, max-image-preview:large, max-video-preview:-1\" \/>\n<link rel=\"canonical\" href=\"https:\/\/rap-webshop.nl\/de\/kontaktieren-sie-uns\/\" \/>\n<meta property=\"og:locale\" content=\"de_DE\" \/>\n<meta property=\"og:type\" content=\"article\" \/>\n<meta property=\"og:title\" content=\"Kontaktieren Sie uns. - RAP elektrische fietsen\" \/>\n<meta property=\"og:description\" content=\"Kontaktieren Sie uns. - Alle informatie bij RAP elektrische fietsen.\" \/>\n<meta property=\"og:url\" content=\"https:\/\/rap-webshop.nl\/de\/kontaktieren-sie-uns\/\" \/>\n<meta property=\"og:site_name\" content=\"RAP elektrische fietsen\" \/>\n<meta property=\"article:modified_time\" content=\"2025-11-17T15:05:55+00:00\" \/>\n<meta name=\"twitter:card\" content=\"summary_large_image\" \/>\n<meta name=\"twitter:title\" content=\"Kontaktieren Sie uns. - RAP elektrische fietsen\" \/>\n<meta name=\"twitter:description\" content=\"Kontaktieren Sie uns. - Alle informatie bij RAP elektrische fietsen.\" \/>\n<meta name=\"twitter:label1\" content=\"Gesch\u00e4tzte Lesezeit\" \/>\n\t<meta name=\"twitter:data1\" content=\"1\u00a0Minute\" \/>\n<script type=\"application\/ld+json\" class=\"yoast-schema-graph\">{\"@context\":\"https:\\\/\\\/schema.org\",\"@graph\":[{\"@type\":\"WebPage\",\"@id\":\"https:\\\/\\\/rap-webshop.nl\\\/de\\\/kontaktieren-sie-uns\\\/\",\"url\":\"https:\\\/\\\/rap-webshop.nl\\\/de\\\/kontaktieren-sie-uns\\\/\",\"name\":\"Kontaktieren Sie uns. | RAP elektrische fietsen\",\"isPartOf\":{\"@id\":\"https:\\\/\\\/rap-webshop.nl\\\/de\\\/#website\"},\"datePublished\":\"2025-11-06T12:24:39+00:00\",\"dateModified\":\"2025-11-17T15:05:55+00:00\",\"description\":\"Kontaktieren Sie uns. bij RAP elektrische fietsen. Bekijk alle informatie, veelgestelde vragen en neem vandaag nog contact met ons op voor persoonlijk...\",\"breadcrumb\":{\"@id\":\"https:\\\/\\\/rap-webshop.nl\\\/de\\\/kontaktieren-sie-uns\\\/#breadcrumb\"},\"inLanguage\":\"de\",\"potentialAction\":[{\"@type\":\"ReadAction\",\"target\":[\"https:\\\/\\\/rap-webshop.nl\\\/de\\\/kontaktieren-sie-uns\\\/\"]}]},{\"@type\":\"BreadcrumbList\",\"@id\":\"https:\\\/\\\/rap-webshop.nl\\\/de\\\/kontaktieren-sie-uns\\\/#breadcrumb\",\"itemListElement\":[{\"@type\":\"ListItem\",\"position\":1,\"name\":\"Home\",\"item\":\"https:\\\/\\\/rap-webshop.nl\\\/de\\\/\"},{\"@type\":\"ListItem\",\"position\":2,\"name\":\"Kontaktieren Sie uns.\"}]},{\"@type\":\"WebSite\",\"@id\":\"https:\\\/\\\/rap-webshop.nl\\\/de\\\/#website\",\"url\":\"https:\\\/\\\/rap-webshop.nl\\\/de\\\/\",\"name\":\"RAP elektrische fietsen\",\"description\":\"E-bikes, e-bike accu\u2019s, li-ion laders &amp; -accessoires\",\"publisher\":{\"@id\":\"https:\\\/\\\/rap-webshop.nl\\\/de\\\/#organization\"},\"potentialAction\":[{\"@type\":\"SearchAction\",\"target\":{\"@type\":\"EntryPoint\",\"urlTemplate\":\"https:\\\/\\\/rap-webshop.nl\\\/de\\\/?s={search_term_string}\"},\"query-input\":{\"@type\":\"PropertyValueSpecification\",\"valueRequired\":true,\"valueName\":\"search_term_string\"}}],\"inLanguage\":\"de\"},{\"@type\":\"Organization\",\"@id\":\"https:\\\/\\\/rap-webshop.nl\\\/de\\\/#organization\",\"name\":\"RAP elektrische fietsen\",\"url\":\"https:\\\/\\\/rap-webshop.nl\\\/de\\\/\",\"logo\":{\"@type\":\"ImageObject\",\"inLanguage\":\"de\",\"@id\":\"https:\\\/\\\/rap-webshop.nl\\\/de\\\/#\\\/schema\\\/logo\\\/image\\\/\",\"url\":\"https:\\\/\\\/rap-webshop.nl\\\/wp-content\\\/uploads\\\/2025\\\/07\\\/RAP-Webshop-logo-diap-1.svg\",\"contentUrl\":\"https:\\\/\\\/rap-webshop.nl\\\/wp-content\\\/uploads\\\/2025\\\/07\\\/RAP-Webshop-logo-diap-1.svg\",\"caption\":\"RAP elektrische fietsen\"},\"image\":{\"@id\":\"https:\\\/\\\/rap-webshop.nl\\\/de\\\/#\\\/schema\\\/logo\\\/image\\\/\"}}]}<\/script>\n<!-- \/ Yoast SEO plugin. -->","yoast_head_json":{"title":"Kontaktieren Sie uns. | RAP elektrische fietsen","description":"Kontaktieren Sie uns. bij RAP elektrische fietsen. Bekijk alle informatie, veelgestelde vragen en neem vandaag nog contact met ons op voor persoonlijk...","robots":{"index":"index","follow":"follow","max-snippet":"max-snippet:-1","max-image-preview":"max-image-preview:large","max-video-preview":"max-video-preview:-1"},"canonical":"https:\/\/rap-webshop.nl\/de\/kontaktieren-sie-uns\/","og_locale":"de_DE","og_type":"article","og_title":"Kontaktieren Sie uns. - RAP elektrische fietsen","og_description":"Kontaktieren Sie uns. - Alle informatie bij RAP elektrische fietsen.","og_url":"https:\/\/rap-webshop.nl\/de\/kontaktieren-sie-uns\/","og_site_name":"RAP elektrische fietsen","article_modified_time":"2025-11-17T15:05:55+00:00","twitter_card":"summary_large_image","twitter_title":"Kontaktieren Sie uns. - RAP elektrische fietsen","twitter_description":"Kontaktieren Sie uns. - Alle informatie bij RAP elektrische fietsen.","twitter_misc":{"Gesch\u00e4tzte Lesezeit":"1\u00a0Minute"},"schema":{"@context":"https:\/\/schema.org","@graph":[{"@type":"WebPage","@id":"https:\/\/rap-webshop.nl\/de\/kontaktieren-sie-uns\/","url":"https:\/\/rap-webshop.nl\/de\/kontaktieren-sie-uns\/","name":"Kontaktieren Sie uns. | RAP elektrische fietsen","isPartOf":{"@id":"https:\/\/rap-webshop.nl\/de\/#website"},"datePublished":"2025-11-06T12:24:39+00:00","dateModified":"2025-11-17T15:05:55+00:00","description":"Kontaktieren Sie uns. bij RAP elektrische fietsen. Bekijk alle informatie, veelgestelde vragen en neem vandaag nog contact met ons op voor persoonlijk...","breadcrumb":{"@id":"https:\/\/rap-webshop.nl\/de\/kontaktieren-sie-uns\/#breadcrumb"},"inLanguage":"de","potentialAction":[{"@type":"ReadAction","target":["https:\/\/rap-webshop.nl\/de\/kontaktieren-sie-uns\/"]}]},{"@type":"BreadcrumbList","@id":"https:\/\/rap-webshop.nl\/de\/kontaktieren-sie-uns\/#breadcrumb","itemListElement":[{"@type":"ListItem","position":1,"name":"Home","item":"https:\/\/rap-webshop.nl\/de\/"},{"@type":"ListItem","position":2,"name":"Kontaktieren Sie uns."}]},{"@type":"WebSite","@id":"https:\/\/rap-webshop.nl\/de\/#website","url":"https:\/\/rap-webshop.nl\/de\/","name":"RAP elektrische fietsen","description":"E-bikes, e-bike accu\u2019s, li-ion laders &amp; -accessoires","publisher":{"@id":"https:\/\/rap-webshop.nl\/de\/#organization"},"potentialAction":[{"@type":"SearchAction","target":{"@type":"EntryPoint","urlTemplate":"https:\/\/rap-webshop.nl\/de\/?s={search_term_string}"},"query-input":{"@type":"PropertyValueSpecification","valueRequired":true,"valueName":"search_term_string"}}],"inLanguage":"de"},{"@type":"Organization","@id":"https:\/\/rap-webshop.nl\/de\/#organization","name":"RAP elektrische fietsen","url":"https:\/\/rap-webshop.nl\/de\/","logo":{"@type":"ImageObject","inLanguage":"de","@id":"https:\/\/rap-webshop.nl\/de\/#\/schema\/logo\/image\/","url":"https:\/\/rap-webshop.nl\/wp-content\/uploads\/2025\/07\/RAP-Webshop-logo-diap-1.svg","contentUrl":"https:\/\/rap-webshop.nl\/wp-content\/uploads\/2025\/07\/RAP-Webshop-logo-diap-1.svg","caption":"RAP elektrische fietsen"},"image":{"@id":"https:\/\/rap-webshop.nl\/de\/#\/schema\/logo\/image\/"}}]}},"_links":{"self":[{"href":"https:\/\/rap-webshop.nl\/de\/wp-json\/wp\/v2\/pages\/6078304","targetHints":{"allow":["GET"]}}],"collection":[{"href":"https:\/\/rap-webshop.nl\/de\/wp-json\/wp\/v2\/pages"}],"about":[{"href":"https:\/\/rap-webshop.nl\/de\/wp-json\/wp\/v2\/types\/page"}],"author":[{"embeddable":true,"href":"https:\/\/rap-webshop.nl\/de\/wp-json\/wp\/v2\/users\/2"}],"replies":[{"embeddable":true,"href":"https:\/\/rap-webshop.nl\/de\/wp-json\/wp\/v2\/comments?post=6078304"}],"version-history":[{"count":0,"href":"https:\/\/rap-webshop.nl\/de\/wp-json\/wp\/v2\/pages\/6078304\/revisions"}],"wp:attachment":[{"href":"https:\/\/rap-webshop.nl\/de\/wp-json\/wp\/v2\/media?parent=6078304"}],"curies":[{"name":"wp","href":"https:\/\/api.w.org\/{rel}","templated":true}]}}